{"id":5417,"date":"2024-12-02T10:29:25","date_gmt":"2024-12-02T09:29:25","guid":{"rendered":"https:\/\/insight.yoga\/?page_id=5417"},"modified":"2025-05-20T06:20:11","modified_gmt":"2025-05-20T05:20:11","slug":"open-floor","status":"publish","type":"page","link":"https:\/\/insight.yoga\/de\/open-floor\/?lang=de","title":{"rendered":"Open Floor"},"content":{"rendered":"<div class=\"vc_row wpb_row vc_row-fluid\"><div class=\"wpb_column vc_column_container vc_col-sm-12 sc_layouts_column_icons_position_left\"><div class=\"vc_column-inner\"><div class=\"wpb_wrapper\"><div id=\"sc_title_1590503134\"\n\t\tclass=\"sc_title sc_title_default\"><h3 class=\"sc_item_title sc_title_title sc_align_left sc_item_title_style_default\">Open Floor<\/h3><h6 class=\"sc_item_subtitle sc_title_subtitle sc_align_left sc_item_title_style_default\">Insight Yoga<\/h6><\/div><!-- \/.sc_title --><div class=\"vc_empty_space  height_tiny\"   style=\"height: 32px\"><span class=\"vc_empty_space_inner\"><\/span><\/div><div class=\"vc_empty_space  height_tiny\"   style=\"height: 32px\"><span class=\"vc_empty_space_inner\"><\/span><\/div>\n\t<div  class=\"wpb_single_image wpb_content_element vc_align_center\">\n\t\t\n\t\t<figure class=\"wpb_wrapper vc_figure\">\n\t\t\t<div class=\"vc_single_image-wrapper   vc_box_border_grey\"><img loading=\"lazy\" decoding=\"async\" width=\"1600\" height=\"646\" src=\"https:\/\/insight.yoga\/wp-content\/uploads\/2024\/12\/dancing-group-silhouette.jpeg\" class=\"vc_single_image-img attachment-full\" alt=\"\" srcset=\"https:\/\/insight.yoga\/wp-content\/uploads\/2024\/12\/dancing-group-silhouette.jpeg 1600w, https:\/\/insight.yoga\/wp-content\/uploads\/2024\/12\/dancing-group-silhouette-300x121.jpeg 300w, https:\/\/insight.yoga\/wp-content\/uploads\/2024\/12\/dancing-group-silhouette-1024x413.jpeg 1024w, https:\/\/insight.yoga\/wp-content\/uploads\/2024\/12\/dancing-group-silhouette-768x310.jpeg 768w, https:\/\/insight.yoga\/wp-content\/uploads\/2024\/12\/dancing-group-silhouette-1536x620.jpeg 1536w, https:\/\/insight.yoga\/wp-content\/uploads\/2024\/12\/dancing-group-silhouette-18x7.jpeg 18w, https:\/\/insight.yoga\/wp-content\/uploads\/2024\/12\/dancing-group-silhouette-370x149.jpeg 370w, https:\/\/insight.yoga\/wp-content\/uploads\/2024\/12\/dancing-group-silhouette-760x307.jpeg 760w\" sizes=\"auto, (max-width: 1600px) 100vw, 1600px\" \/><\/div>\n\t\t<\/figure>\n\t<\/div>\n<div class=\"vc_empty_space  height_tiny\"   style=\"height: 32px\"><span class=\"vc_empty_space_inner\"><\/span><\/div><div class=\"vc_empty_space  height_tiny\"   style=\"height: 32px\"><span class=\"vc_empty_space_inner\"><\/span><\/div>\n\t<div class=\"wpb_text_column wpb_content_element\" >\n\t\t<div class=\"wpb_wrapper\">\n\t\t\t<p><strong>Was ist Open Floor?<\/strong><\/p>\n<p>Open Floor ist Meditation in Bewegung \u2013 achtsam, k\u00f6rperlich, geerdet, sinnlich und reich an Erkenntnissen. Der Name ist Programm: Der Raum, der hier auf dem Tanzboden er\u00f6ffnet wird, bietet die Gelegenheit bei sich anzukommen, mit anderen in <strong>Verbindung<\/strong> zu sein, <strong>psychologische<\/strong> <strong>Ressourcen<\/strong> <strong>und Emotionale Intelligenz<\/strong> aufzubauen und unsere Lebensthemen in Bewegung zu erkunden.<\/p>\n<p>Nachdem ich 25 Jahre in der Yoga- und Meditationswelt unterwegs gewesen war, hatte ich nach einem Weg gesucht, emotionale Arbeit verk\u00f6rpert in meinen Unterricht einflie\u00dfen zu lassen und bin im Open Floor vor etwa zehn Jahren f\u00fcndig geworden.<\/p>\n<p>Die Praxis auf der Yogamatte und auf dem Meditationskissen ist wichtig und hat seinen Platz, doch ist man auf beiden eher ein Einzelk\u00e4mpfer in fest-vorgegeben Formaten \u2013 und das Leben besteht haupts\u00e4chlich aus vielschichtiger und oft unordentlicher, manchmal sogar \u00fcberfordernder Interaktion.<\/p>\n<p>Au\u00dferdem hatte ich erkannt, dass wir im modernen Yoga-Unterricht st\u00e4ndig gesagt bekommen, wie wir uns zu bewegen h\u00e4tten. Auch dies ist sinnvoll, da es gezielt Muskeln aufbauen und dehnbar machen kann. Auf diese Weise kann die geleitete \u0100sana-Praxis vorbeugend eine gewisse Resilienz gegen Verletzungen aufbauen und den Regenerationsprozess von bestehenden Verletzungen unterst\u00fctzen.<\/p>\n<p>Der Nachteil ist, dass wir bestimmte Bewegungsmuster st\u00e4ndig wiederholen und fast keinen <strong>kreativen Impuls<\/strong> bekommen. Und, wie gesagt, das Leben ist voller unordentlicher Bewegung und erfordert oft, dass wir auf Situationen erfinderisch eingehen k\u00f6nnen. Der achtsame Tanz war hier f\u00fcr mich eine regelrechte Befreiung und mein <strong>Bewegungsvokabular<\/strong> \u2013 also meine F\u00e4higkeit mich auf fast unbegrenzte Art und Weise zu bewegen und auszudr\u00fccken \u2013 hat sich enorm erweitert.<\/p>\n<p>Dies Alles kann man auf der Tanzfl\u00e4che mit gezielten \u00dcbungen, die gleichzeitig extrem viel kreativen Freiraum lassen, erkunden. Wir lernen uns im Tanz, in dieser bewegten Begegnung mit uns selbst, der Musik und anderen, besser kennen und erarbeiten gezielt <strong>psychologische Ressourcen.<\/strong><\/p>\n<p class=\"three-img-outer\"><img loading=\"lazy\" decoding=\"async\" class=\"alignnone size-medium wp-image-5411\" src=\"\/wp-content\/uploads\/2024\/12\/kangaroo-166x300.jpg\" alt=\"\" width=\"166\" height=\"300\" srcset=\"https:\/\/insight.yoga\/wp-content\/uploads\/2024\/12\/kangaroo-166x300.jpg 166w, https:\/\/insight.yoga\/wp-content\/uploads\/2024\/12\/kangaroo-7x12.jpg 7w, https:\/\/insight.yoga\/wp-content\/uploads\/2024\/12\/kangaroo-370x667.jpg 370w, https:\/\/insight.yoga\/wp-content\/uploads\/2024\/12\/kangaroo.jpg 480w\" sizes=\"auto, (max-width: 166px) 100vw, 166px\" \/><img loading=\"lazy\" decoding=\"async\" class=\"alignnone size-medium wp-image-5405\" src=\"\/wp-content\/uploads\/2024\/12\/open-flooer-dance-300x225.jpeg\" alt=\"\" width=\"300\" height=\"225\" srcset=\"https:\/\/insight.yoga\/wp-content\/uploads\/2024\/12\/open-flooer-dance-300x225.jpeg 300w, https:\/\/insight.yoga\/wp-content\/uploads\/2024\/12\/open-flooer-dance-1024x768.jpeg 1024w, https:\/\/insight.yoga\/wp-content\/uploads\/2024\/12\/open-flooer-dance-768x576.jpeg 768w, https:\/\/insight.yoga\/wp-content\/uploads\/2024\/12\/open-flooer-dance-1536x1152.jpeg 1536w, https:\/\/insight.yoga\/wp-content\/uploads\/2024\/12\/open-flooer-dance-16x12.jpeg 16w, https:\/\/insight.yoga\/wp-content\/uploads\/2024\/12\/open-flooer-dance-370x278.jpeg 370w, https:\/\/insight.yoga\/wp-content\/uploads\/2024\/12\/open-flooer-dance-760x570.jpeg 760w, https:\/\/insight.yoga\/wp-content\/uploads\/2024\/12\/open-flooer-dance.jpeg 1600w\" sizes=\"auto, (max-width: 300px) 100vw, 300px\" \/><img loading=\"lazy\" decoding=\"async\" class=\"alignnone size-medium wp-image-5403\" src=\"\/wp-content\/uploads\/2024\/12\/polar-bear-200x300.jpeg\" alt=\"\" width=\"200\" height=\"300\" srcset=\"https:\/\/insight.yoga\/wp-content\/uploads\/2024\/12\/polar-bear-200x300.jpeg 200w, https:\/\/insight.yoga\/wp-content\/uploads\/2024\/12\/polar-bear-8x12.jpeg 8w, https:\/\/insight.yoga\/wp-content\/uploads\/2024\/12\/polar-bear-370x555.jpeg 370w, https:\/\/insight.yoga\/wp-content\/uploads\/2024\/12\/polar-bear.jpeg 640w\" sizes=\"auto, (max-width: 200px) 100vw, 200px\" \/><\/p>\n<p>Einige der Grunds\u00e4tze von Open Floor sind:<\/p>\n<ul class=\"floor-list\">\n<li><strong>Bewege &amp; Integriere:<\/strong> Bewege Dich und erlaube, dass das, was du mitbringst, und das, was sich zeigt, Teil deines Tanzes sein darf \u2013 und lass dich \u00fcberraschen<\/li>\n<li><strong>Abwesenheit \u2013 Pr\u00e4senz:<\/strong> Geistige Abwesenheit oder Pr\u00e4senz wird in diesem Kontinuum beleuchtet. Was lenkt uns ab? Was wollen bewusst oder unbewusst ausblenden? Was bringt uns n\u00e4her ans \u201eHier &amp; Jetzt\u201c<\/li>\n<li><strong>Festgefahren \u2013 Im Flow:<\/strong> Taube, festgefahrene Bereiche unseres K\u00f6rpers und unseres Lebens d\u00fcrfen in Bewegung kommen und dadurch geschmeidiger und leichter werden.<\/li>\n<\/ul>\n<p>Die Koordinaten, die den Rahmen f\u00fcr diese \u201espielerischen Erkundungen\u201c schaffen, sind die Vier Ebenen von Beziehung (mit sich selbst, in Zweisamkeit, als Teil einer Gruppe, mit seiner Verbindung zu etwas H\u00f6herem) und die Vier Ebenen des Seins (k\u00f6rperlich, emotional, mental, seelisch). Jeder Tanz wird durch einen <strong>Anker im K\u00f6rper<\/strong> geerdet. Hier nutzen wir verschiedene K\u00f6rperbereiche, die wir als Hauptgrundlage unserer Achtsamkeit und Ressource zum Selbst-Regulieren zur Verf\u00fcgung haben. Damit sind wir selbst in intensiven, wilden T\u00e4nzen noch bei uns und im Thema.<\/p>\n<p>Obendrein laden die <strong>Psychologische Bewegungsressourcen<\/strong> dazu ein, verschiedene Perspektiven einzunehmen. Mit ihnen lenken wir den Fokus auf unterschiedliche Dynamiken von Bewegung und erlauben zugleich R\u00fcckschl\u00fcsse und Erkenntnisse in Bezug auf unsere Leben und helfen dabei, sich wieder anzubinden an die eigene Kraft und den individuellen Ausdruck. Wir lernen die Gedanken, Geschichten und Muster kennen, welche uns oft im Leben ausbremsen und verwandeln sie in kreative Energie.<\/p>\n<p><strong>Hilfreiche Links<\/strong><\/p>\n<p>Webseite des internationalen Verbandes: <a href=\"https:\/\/openfloor.org\/\">https:\/\/openfloor.org\/<\/a><\/p>\n<p>Open Floor Video (5 Minuten lang): <a href=\"https:\/\/www.youtube.com\/watch?v=H-aH4UFV-U4\"><br \/>\nhttps:\/\/www.youtube.com\/watch?v=H-aH4UFV-U4 <\/a><\/p>\n<p><img loading=\"lazy\" decoding=\"async\" class=\"size-medium wp-image-5382 aligncenter\" src=\"\/wp-content\/uploads\/2024\/12\/unnamed-1-212x300.jpeg\" alt=\"\" width=\"139\" height=\"130\" \/><\/p>\n\n\t\t<\/div>\n\t<\/div>\n<\/div><\/div><\/div><\/div>","protected":false},"excerpt":{"rendered":"Open FloorInsight Yoga Was ist Open Floor? Open Floor ist Meditation in Bewegung \u2013 achtsam, k\u00f6rperlich, geerdet, sinnlich und reich an Erkenntnissen. Der Name ist Programm: Der Raum, der hier&hellip;","protected":false},"author":990006,"featured_media":0,"parent":0,"menu_order":0,"comment_status":"closed","ping_status":"closed","template":"","meta":{"footnotes":""},"class_list":["post-5417","page","type-page","status-publish","hentry"],"translation":{"provider":"WPGlobus","version":"3.0.0","language":"de","enabled_languages":["en","de"],"languages":{"en":{"title":true,"content":true,"excerpt":false},"de":{"title":false,"content":false,"excerpt":false}}},"yoast_head":"<!-- This site is optimized with the Yoast SEO plugin v25.3.1 - https:\/\/yoast.com\/wordpress\/plugins\/seo\/ -->\n<title>Open Floor - Insight.yoga<\/title>\n<meta name=\"robots\" content=\"index, follow, max-snippet:-1, max-image-preview:large, max-video-preview:-1\" \/>\n<link rel=\"canonical\" href=\"https:\/\/insight.yoga\/de\/open-floor\/\" \/>\n<meta property=\"og:locale\" content=\"de_DE\" \/>\n<meta property=\"og:type\" content=\"article\" \/>\n<meta property=\"og:title\" content=\"Open Floor - Insight.yoga\" \/>\n<meta property=\"og:url\" content=\"https:\/\/insight.yoga\/de\/open-floor\/\" \/>\n<meta property=\"og:site_name\" content=\"Insight.yoga\" \/>\n<meta property=\"article:modified_time\" content=\"2025-05-20T05:20:11+00:00\" \/>\n<meta name=\"twitter:card\" content=\"summary_large_image\" \/>\n<meta name=\"twitter:label1\" content=\"Gesch\u00e4tzte Lesezeit\" \/>\n\t<meta name=\"twitter:data1\" content=\"3\u00a0Minuten\" \/>\n<script type=\"application\/ld+json\" class=\"yoast-schema-graph\">{\"@context\":\"https:\/\/schema.org\",\"@graph\":[{\"@type\":\"WebPage\",\"@id\":\"https:\/\/insight.yoga\/open-floor\/\",\"url\":\"https:\/\/insight.yoga\/open-floor\/\",\"name\":\"Open Floor - Insight.yoga\",\"isPartOf\":{\"@id\":\"https:\/\/insight.yoga\/#website\"},\"datePublished\":\"2024-12-02T09:29:25+00:00\",\"dateModified\":\"2025-05-20T05:20:11+00:00\",\"breadcrumb\":{\"@id\":\"https:\/\/insight.yoga\/open-floor\/#breadcrumb\"},\"inLanguage\":\"de\",\"potentialAction\":[{\"@type\":\"ReadAction\",\"target\":[\"https:\/\/insight.yoga\/open-floor\/\"]}]},{\"@type\":\"BreadcrumbList\",\"@id\":\"https:\/\/insight.yoga\/open-floor\/#breadcrumb\",\"itemListElement\":[{\"@type\":\"ListItem\",\"position\":1,\"name\":\"Home\",\"item\":\"https:\/\/insight.yoga\/\"},{\"@type\":\"ListItem\",\"position\":2,\"name\":\"Open Floor\"}]},{\"@type\":\"WebSite\",\"@id\":\"https:\/\/insight.yoga\/#website\",\"url\":\"https:\/\/insight.yoga\/\",\"name\":\"Insight.yoga\",\"description\":\"Meditate your body\",\"publisher\":{\"@id\":\"https:\/\/insight.yoga\/#organization\"},\"potentialAction\":[{\"@type\":\"SearchAction\",\"target\":{\"@type\":\"EntryPoint\",\"urlTemplate\":\"https:\/\/insight.yoga\/?s={search_term_string}\"},\"query-input\":{\"@type\":\"PropertyValueSpecification\",\"valueRequired\":true,\"valueName\":\"search_term_string\"}}],\"inLanguage\":\"de\"},{\"@type\":\"Organization\",\"@id\":\"https:\/\/insight.yoga\/#organization\",\"name\":\"Insight.yoga\",\"url\":\"https:\/\/insight.yoga\/\",\"logo\":{\"@type\":\"ImageObject\",\"inLanguage\":\"de\",\"@id\":\"https:\/\/insight.yoga\/#\/schema\/logo\/image\/\",\"url\":\"https:\/\/insight.yoga\/wp-content\/uploads\/2021\/04\/imageedit_46_8246596455.png\",\"contentUrl\":\"https:\/\/insight.yoga\/wp-content\/uploads\/2021\/04\/imageedit_46_8246596455.png\",\"width\":591,\"height\":422,\"caption\":\"Insight.yoga\"},\"image\":{\"@id\":\"https:\/\/insight.yoga\/#\/schema\/logo\/image\/\"}}]}<\/script>\n<!-- \/ Yoast SEO plugin. -->","yoast_head_json":{"title":"Open Floor - Insight.yoga","robots":{"index":"index","follow":"follow","max-snippet":"max-snippet:-1","max-image-preview":"max-image-preview:large","max-video-preview":"max-video-preview:-1"},"canonical":"https:\/\/insight.yoga\/de\/open-floor\/","og_locale":"de_DE","og_type":"article","og_title":"Open Floor - Insight.yoga","og_url":"https:\/\/insight.yoga\/de\/open-floor\/","og_site_name":"Insight.yoga","article_modified_time":"2025-05-20T05:20:11+00:00","twitter_card":"summary_large_image","twitter_misc":{"Gesch\u00e4tzte Lesezeit":"3\u00a0Minuten"},"schema":{"@context":"https:\/\/schema.org","@graph":[{"@type":"WebPage","@id":"https:\/\/insight.yoga\/open-floor\/","url":"https:\/\/insight.yoga\/open-floor\/","name":"Open Floor - Insight.yoga","isPartOf":{"@id":"https:\/\/insight.yoga\/#website"},"datePublished":"2024-12-02T09:29:25+00:00","dateModified":"2025-05-20T05:20:11+00:00","breadcrumb":{"@id":"https:\/\/insight.yoga\/open-floor\/#breadcrumb"},"inLanguage":"de","potentialAction":[{"@type":"ReadAction","target":["https:\/\/insight.yoga\/open-floor\/"]}]},{"@type":"BreadcrumbList","@id":"https:\/\/insight.yoga\/open-floor\/#breadcrumb","itemListElement":[{"@type":"ListItem","position":1,"name":"Home","item":"https:\/\/insight.yoga\/"},{"@type":"ListItem","position":2,"name":"Open Floor"}]},{"@type":"WebSite","@id":"https:\/\/insight.yoga\/#website","url":"https:\/\/insight.yoga\/","name":"Insight.yoga","description":"Meditate your body","publisher":{"@id":"https:\/\/insight.yoga\/#organization"},"potentialAction":[{"@type":"SearchAction","target":{"@type":"EntryPoint","urlTemplate":"https:\/\/insight.yoga\/?s={search_term_string}"},"query-input":{"@type":"PropertyValueSpecification","valueRequired":true,"valueName":"search_term_string"}}],"inLanguage":"de"},{"@type":"Organization","@id":"https:\/\/insight.yoga\/#organization","name":"Insight.yoga","url":"https:\/\/insight.yoga\/","logo":{"@type":"ImageObject","inLanguage":"de","@id":"https:\/\/insight.yoga\/#\/schema\/logo\/image\/","url":"https:\/\/insight.yoga\/wp-content\/uploads\/2021\/04\/imageedit_46_8246596455.png","contentUrl":"https:\/\/insight.yoga\/wp-content\/uploads\/2021\/04\/imageedit_46_8246596455.png","width":591,"height":422,"caption":"Insight.yoga"},"image":{"@id":"https:\/\/insight.yoga\/#\/schema\/logo\/image\/"}}]}},"_links":{"self":[{"href":"https:\/\/insight.yoga\/de\/wp-json\/wp\/v2\/pages\/5417","targetHints":{"allow":["GET"]}}],"collection":[{"href":"https:\/\/insight.yoga\/de\/wp-json\/wp\/v2\/pages"}],"about":[{"href":"https:\/\/insight.yoga\/de\/wp-json\/wp\/v2\/types\/page"}],"author":[{"embeddable":true,"href":"https:\/\/insight.yoga\/de\/wp-json\/wp\/v2\/users\/990006"}],"replies":[{"embeddable":true,"href":"https:\/\/insight.yoga\/de\/wp-json\/wp\/v2\/comments?post=5417"}],"version-history":[{"count":6,"href":"https:\/\/insight.yoga\/de\/wp-json\/wp\/v2\/pages\/5417\/revisions"}],"predecessor-version":[{"id":5420,"href":"https:\/\/insight.yoga\/de\/wp-json\/wp\/v2\/pages\/5417\/revisions\/5420"}],"wp:attachment":[{"href":"https:\/\/insight.yoga\/de\/wp-json\/wp\/v2\/media?parent=5417"}],"curies":[{"name":"wp","href":"https:\/\/api.w.org\/{rel}","templated":true}]}}