{"id":2350,"date":"2021-04-12T06:23:05","date_gmt":"2021-04-12T06:23:05","guid":{"rendered":"https:\/\/insight.yoga\/Insight\/my-mission\/"},"modified":"2025-05-20T06:24:37","modified_gmt":"2025-05-20T05:24:37","slug":"my-mission","status":"publish","type":"page","link":"https:\/\/insight.yoga\/de\/my-mission\/?lang=de","title":{"rendered":"Vision &amp; Mission"},"content":{"rendered":"<div class=\"vc_row wpb_row vc_row-fluid\"><div class=\"wpb_column vc_column_container vc_col-sm-12 sc_layouts_column_icons_position_left\"><div class=\"vc_column-inner\"><div class=\"wpb_wrapper\"><div id=\"sc_title_1017335116\"\n\t\tclass=\"sc_title sc_title_default\"><h3 class=\"sc_item_title sc_title_title sc_align_left sc_item_title_style_default\">Vision & Mission<\/h3><h6 class=\"sc_item_subtitle sc_title_subtitle sc_align_left sc_item_title_style_default\">Insight Yoga<\/h6><\/div><!-- \/.sc_title --><div class=\"vc_empty_space  height_tiny\"   style=\"height: 32px\"><span class=\"vc_empty_space_inner\"><\/span><\/div><div class=\"vc_empty_space  height_tiny\"   style=\"height: 32px\"><span class=\"vc_empty_space_inner\"><\/span><\/div><div class=\"vc_empty_space  height_tiny\"   style=\"height: 32px\"><span class=\"vc_empty_space_inner\"><\/span><\/div><div class=\"vc_empty_space  height_tiny\"   style=\"height: 32px\"><span class=\"vc_empty_space_inner\"><\/span><\/div><div class=\"vc_empty_space  height_tiny\"   style=\"height: 32px\"><span class=\"vc_empty_space_inner\"><\/span><\/div>\n\t<div class=\"wpb_text_column wpb_content_element\" >\n\t\t<div class=\"wpb_wrapper\">\n\t\t\t<h6 style=\"text-align: left; font-size: 17px; color: #0e0d12;\">\nM\u00f6ge ich immer wieder geboren werden,<br \/>\nUnd tausende von Leiden durchleben,<br \/>\nDamit ich den einzigen Gott anbeten kann, der existiert,<br \/>\nDer einzige Gott, an den ich glaube: die Summe aller Seelen.<br \/>\nUnd vor allem mein Gott der Profane, mein Gott der Elende,<br \/>\nMein Gott der Geschundenen aller Lebewesen:<br \/>\nDieser ist das Ziel meiner Hingabe.<br \/>\n<em style=\"font-size: 16px; color: #00c4ff;\">Swami Vivekananda<\/em><\/h6>\n<p>&nbsp;<\/p>\n\n\t\t<\/div>\n\t<\/div>\n\n\t<div class=\"wpb_text_column wpb_content_element\" >\n\t\t<div class=\"wpb_wrapper\">\n\t\t\t<h6 style=\"text-align: left;\"><\/h6>\n<p style=\"text-align: left; font-size: 17px;\">Yoga-Praxis kritisch zu hinterfragen und Wege zu finden, sie zu vertiefen:<br \/>\nDas ist das Anliegen von meinem<\/p>\n<p style=\"text-align: left; font-size: 17px;\">Das Ziel aller traditionellen Yogaformen ist es, unser Bewusstsein nachhaltig zu ver\u00e4ndern.<br \/>\nUm dieser Zielsetzung gerecht zu werden, ist es notwendig, tief in authentische Yoga Praxis<br \/>\nund unsere Psyche einzutauchen.<\/p>\n<p style=\"text-align: left; font-size: 17px;\">Die Einsichten (praj\u00f1\u0101), zu denen man durch solch ein bewusstes \u00dcben kommen kann,<br \/>\ngelten in vielen Yoga Traditionen als Grundvoraussetzung, um unser Bewusstsein von den<br \/>\nBegrenzungen des Egos (\u0101vidya) zu befreien.<\/p>\n<p style=\"text-align: left; font-size: 17px;\">Hinterfragen (vic\u0101ra) ist zu Beginn ein intellektueller Prozess, der dann durch bewusste und<br \/>\nzielgerichtete Aus\u00fcbung der verschiedenen Techniken in die Praxis integriert wird.<\/p>\n<p style=\"text-align: left; font-size: 17px;\">Ohne diesen vertiefenden Prozess l\u00e4uft das Moderne K\u00f6rperhaltungsbezogene Yoga Gefahr,<br \/>\nsich lediglich auf den K\u00f6rper und Ego-Konsum zu reduzieren; und die wirklich<br \/>\ntransformierende Bewusstseinsdimension des Yoga geht verloren.<\/p>\n<p>Der Yoga Unterricht von Insight Yoga hat deshalb folgende Schwerpunkte:<br \/>\n1. Ein besseres Verst\u00e4ndnis der Geschichte, den Werten, der Philosophie und der<br \/>\nPsychologie des Yoga zu geben<br \/>\n2. Das Ego mit seiner begrenzten Wahrnehmungsf\u00e4higkeit (avidy\u0101) zu durchleuchten<br \/>\nund Yoga auf diese Weise ins t\u00e4gliche Leben zu integrieren<br \/>\n3. Achtsamkeit und klare Intention zu schulen<br \/>\n4. Die Ans\u00e4tze und Wirkungsweisen von verschiedenen Yoga-Formen zu verstehen und<br \/>\nintegrieren zu k\u00f6nnen<br \/>\n5. Die Yoga-Praxis zu vertiefen, auch die Unterrichtspraxis<br \/>\n6. Neue Erkenntnisbereiche zu erschlie\u00dfen, sich st\u00e4ndig weiterzuentwickeln und von<br \/>\njeder Begegnung, jedem Moment zu lernen.<\/p>\n\n\t\t<\/div>\n\t<\/div>\n<\/div><\/div><\/div><\/div><div class=\"vc_row wpb_row vc_row-fluid\"><div class=\"wpb_column vc_column_container vc_col-sm-12 sc_layouts_column_icons_position_left\"><div class=\"vc_column-inner\"><div class=\"wpb_wrapper\"><\/div><\/div><\/div><\/div><script src='' type='text\/javascript'><\/script><\/p>","protected":false},"excerpt":{"rendered":"Vision & MissionInsight Yoga M\u00f6ge ich immer wieder geboren werden, Und tausende von Leiden durchleben, Damit ich den einzigen Gott anbeten kann, der existiert, Der einzige Gott, an den ich&hellip;","protected":false},"author":1,"featured_media":0,"parent":0,"menu_order":0,"comment_status":"closed","ping_status":"closed","template":"","meta":{"footnotes":""},"class_list":["post-2350","page","type-page","status-publish","hentry"],"translation":{"provider":"WPGlobus","version":"3.0.0","language":"de","enabled_languages":["en","de"],"languages":{"en":{"title":true,"content":true,"excerpt":false},"de":{"title":false,"content":false,"excerpt":false}}},"yoast_head":"<!-- This site is optimized with the Yoast SEO plugin v25.3.1 - https:\/\/yoast.com\/wordpress\/plugins\/seo\/ -->\n<title>Vision &amp; Mission - Insight.yoga<\/title>\n<meta name=\"robots\" content=\"index, follow, max-snippet:-1, max-image-preview:large, max-video-preview:-1\" \/>\n<link rel=\"canonical\" href=\"https:\/\/insight.yoga\/de\/?page_id=1196\" \/>\n<meta property=\"og:locale\" content=\"de_DE\" \/>\n<meta property=\"og:type\" content=\"article\" \/>\n<meta property=\"og:title\" content=\"Vision &amp; Mission - Insight.yoga\" \/>\n<meta property=\"og:url\" content=\"https:\/\/insight.yoga\/de\/?page_id=1196\" \/>\n<meta property=\"og:site_name\" content=\"Insight.yoga\" \/>\n<meta property=\"article:modified_time\" content=\"2025-05-20T05:24:37+00:00\" \/>\n<meta name=\"twitter:card\" content=\"summary_large_image\" \/>\n<meta name=\"twitter:label1\" content=\"Gesch\u00e4tzte Lesezeit\" \/>\n\t<meta name=\"twitter:data1\" content=\"2\u00a0Minuten\" \/>\n<script type=\"application\/ld+json\" class=\"yoast-schema-graph\">{\"@context\":\"https:\/\/schema.org\",\"@graph\":[{\"@type\":\"WebPage\",\"@id\":\"https:\/\/insight.yoga\/?page_id=1196\",\"url\":\"https:\/\/insight.yoga\/?page_id=1196\",\"name\":\"Vision & Mission - Insight.yoga\",\"isPartOf\":{\"@id\":\"https:\/\/insight.yoga\/#website\"},\"datePublished\":\"2021-04-12T06:23:05+00:00\",\"dateModified\":\"2025-05-20T05:24:37+00:00\",\"breadcrumb\":{\"@id\":\"https:\/\/insight.yoga\/?page_id=1196#breadcrumb\"},\"inLanguage\":\"de\",\"potentialAction\":[{\"@type\":\"ReadAction\",\"target\":[\"https:\/\/insight.yoga\/?page_id=1196\"]}]},{\"@type\":\"BreadcrumbList\",\"@id\":\"https:\/\/insight.yoga\/?page_id=1196#breadcrumb\",\"itemListElement\":[{\"@type\":\"ListItem\",\"position\":1,\"name\":\"Home\",\"item\":\"https:\/\/insight.yoga\/\"},{\"@type\":\"ListItem\",\"position\":2,\"name\":\"Vision &#038; Mission\"}]},{\"@type\":\"WebSite\",\"@id\":\"https:\/\/insight.yoga\/#website\",\"url\":\"https:\/\/insight.yoga\/\",\"name\":\"Insight.yoga\",\"description\":\"Meditate your body\",\"publisher\":{\"@id\":\"https:\/\/insight.yoga\/#organization\"},\"potentialAction\":[{\"@type\":\"SearchAction\",\"target\":{\"@type\":\"EntryPoint\",\"urlTemplate\":\"https:\/\/insight.yoga\/?s={search_term_string}\"},\"query-input\":{\"@type\":\"PropertyValueSpecification\",\"valueRequired\":true,\"valueName\":\"search_term_string\"}}],\"inLanguage\":\"de\"},{\"@type\":\"Organization\",\"@id\":\"https:\/\/insight.yoga\/#organization\",\"name\":\"Insight.yoga\",\"url\":\"https:\/\/insight.yoga\/\",\"logo\":{\"@type\":\"ImageObject\",\"inLanguage\":\"de\",\"@id\":\"https:\/\/insight.yoga\/#\/schema\/logo\/image\/\",\"url\":\"https:\/\/insight.yoga\/wp-content\/uploads\/2021\/04\/imageedit_46_8246596455.png\",\"contentUrl\":\"https:\/\/insight.yoga\/wp-content\/uploads\/2021\/04\/imageedit_46_8246596455.png\",\"width\":591,\"height\":422,\"caption\":\"Insight.yoga\"},\"image\":{\"@id\":\"https:\/\/insight.yoga\/#\/schema\/logo\/image\/\"}}]}<\/script>\n<!-- \/ Yoast SEO plugin. -->","yoast_head_json":{"title":"Vision & Mission - Insight.yoga","robots":{"index":"index","follow":"follow","max-snippet":"max-snippet:-1","max-image-preview":"max-image-preview:large","max-video-preview":"max-video-preview:-1"},"canonical":"https:\/\/insight.yoga\/de\/?page_id=1196","og_locale":"de_DE","og_type":"article","og_title":"Vision & Mission - Insight.yoga","og_url":"https:\/\/insight.yoga\/de\/?page_id=1196","og_site_name":"Insight.yoga","article_modified_time":"2025-05-20T05:24:37+00:00","twitter_card":"summary_large_image","twitter_misc":{"Gesch\u00e4tzte Lesezeit":"2\u00a0Minuten"},"schema":{"@context":"https:\/\/schema.org","@graph":[{"@type":"WebPage","@id":"https:\/\/insight.yoga\/?page_id=1196","url":"https:\/\/insight.yoga\/?page_id=1196","name":"Vision & Mission - Insight.yoga","isPartOf":{"@id":"https:\/\/insight.yoga\/#website"},"datePublished":"2021-04-12T06:23:05+00:00","dateModified":"2025-05-20T05:24:37+00:00","breadcrumb":{"@id":"https:\/\/insight.yoga\/?page_id=1196#breadcrumb"},"inLanguage":"de","potentialAction":[{"@type":"ReadAction","target":["https:\/\/insight.yoga\/?page_id=1196"]}]},{"@type":"BreadcrumbList","@id":"https:\/\/insight.yoga\/?page_id=1196#breadcrumb","itemListElement":[{"@type":"ListItem","position":1,"name":"Home","item":"https:\/\/insight.yoga\/"},{"@type":"ListItem","position":2,"name":"Vision &#038; Mission"}]},{"@type":"WebSite","@id":"https:\/\/insight.yoga\/#website","url":"https:\/\/insight.yoga\/","name":"Insight.yoga","description":"Meditate your body","publisher":{"@id":"https:\/\/insight.yoga\/#organization"},"potentialAction":[{"@type":"SearchAction","target":{"@type":"EntryPoint","urlTemplate":"https:\/\/insight.yoga\/?s={search_term_string}"},"query-input":{"@type":"PropertyValueSpecification","valueRequired":true,"valueName":"search_term_string"}}],"inLanguage":"de"},{"@type":"Organization","@id":"https:\/\/insight.yoga\/#organization","name":"Insight.yoga","url":"https:\/\/insight.yoga\/","logo":{"@type":"ImageObject","inLanguage":"de","@id":"https:\/\/insight.yoga\/#\/schema\/logo\/image\/","url":"https:\/\/insight.yoga\/wp-content\/uploads\/2021\/04\/imageedit_46_8246596455.png","contentUrl":"https:\/\/insight.yoga\/wp-content\/uploads\/2021\/04\/imageedit_46_8246596455.png","width":591,"height":422,"caption":"Insight.yoga"},"image":{"@id":"https:\/\/insight.yoga\/#\/schema\/logo\/image\/"}}]}},"_links":{"self":[{"href":"https:\/\/insight.yoga\/de\/wp-json\/wp\/v2\/pages\/2350","targetHints":{"allow":["GET"]}}],"collection":[{"href":"https:\/\/insight.yoga\/de\/wp-json\/wp\/v2\/pages"}],"about":[{"href":"https:\/\/insight.yoga\/de\/wp-json\/wp\/v2\/types\/page"}],"author":[{"embeddable":true,"href":"https:\/\/insight.yoga\/de\/wp-json\/wp\/v2\/users\/1"}],"replies":[{"embeddable":true,"href":"https:\/\/insight.yoga\/de\/wp-json\/wp\/v2\/comments?post=2350"}],"version-history":[{"count":12,"href":"https:\/\/insight.yoga\/de\/wp-json\/wp\/v2\/pages\/2350\/revisions"}],"predecessor-version":[{"id":2664,"href":"https:\/\/insight.yoga\/de\/wp-json\/wp\/v2\/pages\/2350\/revisions\/2664"}],"wp:attachment":[{"href":"https:\/\/insight.yoga\/de\/wp-json\/wp\/v2\/media?parent=2350"}],"curies":[{"name":"wp","href":"https:\/\/api.w.org\/{rel}","templated":true}]}}