{"id":2348,"date":"2021-04-14T05:04:55","date_gmt":"2021-04-14T05:04:55","guid":{"rendered":"https:\/\/insight.yoga\/Insight\/teaching-skills\/"},"modified":"2025-05-20T06:23:12","modified_gmt":"2025-05-20T05:23:12","slug":"teaching-skills","status":"publish","type":"page","link":"https:\/\/insight.yoga\/de\/teaching-skills\/?lang=de","title":{"rendered":"Verbessern Sie Ihre Lehrf\u00e4higkeiten"},"content":{"rendered":"<div class=\"vc_row wpb_row vc_row-fluid\"><div class=\"wpb_column vc_column_container vc_col-sm-12 sc_layouts_column_icons_position_left\"><div class=\"vc_column-inner\"><div class=\"wpb_wrapper\"><div id=\"sc_title_310782898\"\n\t\tclass=\"sc_title sc_title_default\"><h3 class=\"sc_item_title sc_title_title sc_align_left sc_item_title_style_default\">Verbessern Sie Ihre Lehrf\u00e4higkeiten<\/h3><h6 class=\"sc_item_subtitle sc_title_subtitle sc_align_left sc_item_title_style_default\">Insight Yoga<\/h6><\/div><!-- \/.sc_title --><div class=\"vc_row wpb_row vc_inner vc_row-fluid\"><div class=\"wpb_column vc_column_container vc_col-sm-12 sc_layouts_column_icons_position_left\"><div class=\"vc_column-inner\"><div class=\"wpb_wrapper\"><div class=\"vc_empty_space  height_tiny\"   style=\"height: 32px\"><span class=\"vc_empty_space_inner\"><\/span><\/div><div class=\"vc_empty_space  height_tiny\"   style=\"height: 32px\"><span class=\"vc_empty_space_inner\"><\/span><\/div><\/div><\/div><\/div><\/div><\/div><\/div><\/div><\/div><div class=\"vc_row wpb_row vc_row-fluid\"><div class=\"wpb_column vc_column_container vc_col-sm-12 sc_layouts_column_icons_position_left\"><div class=\"vc_column-inner\"><div class=\"wpb_wrapper\"><div class=\"vc_empty_space  height_tiny\"   style=\"height: 32px\"><span class=\"vc_empty_space_inner\"><\/span><\/div><div class=\"vc_empty_space  height_tiny\"   style=\"height: 32px\"><span class=\"vc_empty_space_inner\"><\/span><\/div><div class=\"vc_empty_space  height_tiny\"   style=\"height: 32px\"><span class=\"vc_empty_space_inner\"><\/span><\/div><div class=\"vc_empty_space  height_tiny\"   style=\"height: 32px\"><span class=\"vc_empty_space_inner\"><\/span><\/div>\n\t<div class=\"wpb_text_column wpb_content_element\" >\n\t\t<div class=\"wpb_wrapper\">\n\t\t\t<p>In einem effektiven Klassenzimmer sollten die Sch\u00fcler nicht nur wissen, was sie tun, sondern auch wissen, warum und wie.<br \/>\n<em style=\"font-size: 16px;\">Harry Wong<\/em><\/p>\n<p>Seit mehr als 15 Jahren liegt der Schwerpunkt meiner Yoga-Lehre in der Ausbildung der n\u00e4chsten Generationen von Yogalehrern. Diese Arbeit ist ein echtes Privileg und eine gro\u00dfe Verantwortung, da die Lehrer die Tradition verk\u00f6rpern und die Lehren verbreiten. Ganz einfach: Wie Yoga wahrgenommen wird und in welcher Tiefe es praktiziert wird, h\u00e4ngt in erster Linie von seinen Lehrern ab. Ich habe dieses Feld ganz bewusst gew\u00e4hlt, um als Oberlehrer aufzusteigen und mitzuhelfen, diese befreiende Lehre zu bewahren<\/p>\n<p>Yoga ist eine Tradition in Bewegung, kein festgefahrenes Relikt aus der Vergangenheit. Der schmale Grat, den wir als Lehrer beschreiten, besteht darin, die Essenz und die transformative Kraft dieser Lehren zu erfassen und zu teilen sowie sie f\u00fcr zeitgen\u00f6ssische Sch\u00fcler relevant und zug\u00e4nglich zu machen. Dieser Balanceakt erfordert zun\u00e4chst ein gutes Verst\u00e4ndnis der Werte, Ziele und Techniken des Yoga und dann adaptive Kreativit\u00e4t, um sie den Sch\u00fclern effektiv zu vermitteln. Ja, daf\u00fcr ist es notwendig zu studieren, zu \u00fcben, unseren Horizont st\u00e4ndig zu erweitern \u2013 aber das ist der Spa\u00df. Es lebt!<\/p>\n<p style=\"text-align: left; font-size: 17px;\"><img loading=\"lazy\" decoding=\"async\" class=\"size-medium wp-image-1027 alignright\" src=\"https:\/\/insight.yoga\/Insight\/Insight\/wp-content\/uploads\/2021\/04\/E-RYT-500-AROUND-BLACK-300x300.jpg\" alt=\"\" width=\"300\" height=\"300\" srcset=\"https:\/\/insight.yoga\/wp-content\/uploads\/2021\/04\/E-RYT-500-AROUND-BLACK-300x300.jpg 300w, https:\/\/insight.yoga\/wp-content\/uploads\/2021\/04\/E-RYT-500-AROUND-BLACK-150x150.jpg 150w, https:\/\/insight.yoga\/wp-content\/uploads\/2021\/04\/E-RYT-500-AROUND-BLACK-768x768.jpg 768w, https:\/\/insight.yoga\/wp-content\/uploads\/2021\/04\/E-RYT-500-AROUND-BLACK-370x370.jpg 370w, https:\/\/insight.yoga\/wp-content\/uploads\/2021\/04\/E-RYT-500-AROUND-BLACK-254x254.jpg 254w, https:\/\/insight.yoga\/wp-content\/uploads\/2021\/04\/E-RYT-500-AROUND-BLACK-760x760.jpg 760w, https:\/\/insight.yoga\/wp-content\/uploads\/2021\/04\/E-RYT-500-AROUND-BLACK-470x470.jpg 470w, https:\/\/insight.yoga\/wp-content\/uploads\/2021\/04\/E-RYT-500-AROUND-BLACK-100x100.jpg 100w, https:\/\/insight.yoga\/wp-content\/uploads\/2021\/04\/E-RYT-500-AROUND-BLACK.jpg 850w\" sizes=\"auto, (max-width: 300px) 100vw, 300px\" \/><br \/>\nEine Tradition zu lehren und zu verk\u00f6rpern ist ein vielschichtiges Unterfangen, insbesondere wenn diese Tradition f\u00fcr hohe spirituelle Werte steht. Ein guter Lehrer hat Einsicht und Mitgef\u00fchl, bringt viel Erfahrung und bescheidene Fehler in seinen Unterricht ein, bildet sich st\u00e4ndig weiter und verbessert sein Wissen und steht im Dienste der Sch\u00fcler. Alles Lernen basiert auf Vertrauen, und wir als Lehrer m\u00fcssen dieses Vertrauen jeden Moment verdienen. Mein lieber Freund und Kollege Lance Schuler nennt das: \u201ePresenting Excellence\u201c.<br \/>\nIn den letzten 30 Jahren habe ich Hunderte von Lehrern auf der ganzen Welt unterrichtet. In meinem<br \/>\nMentoring-Arbeit f\u00fcr Lehrerfortbildungsprogramme, ich war buchst\u00e4blich Teil von Tausenden von<br \/>\nLehr-Tutorials, den Sch\u00fclern beim Unterrichten zuzusehen und mitf\u00fchlende, erm\u00e4chtigende und<br \/>\nkonstruktive Kritik. Dieser Teil des Lehrens ist einer meiner Favoriten: Es ist unglaublich erf\u00fcllend zu sehen, wie Menschen wachsen und aufsteigen. Meiner Erfahrung nach hat dieser Teil der Programme die steilste Lernkurve und transformiert viel mehr als nur die Lehrf\u00e4higkeiten. Daher habe ich das Thema \u201eAufbau der Lehrkompetenzen\u201c zu einem eigenen Thema gemacht und stehe f\u00fcr solche Kurse zur Verf\u00fcgung.<\/p>\n\n\t\t<\/div>\n\t<\/div>\n<\/div><\/div><\/div><\/div>\n<p><script src='' type='text\/javascript'><\/script><\/p>","protected":false},"excerpt":{"rendered":"Verbessern Sie Ihre Lehrf\u00e4higkeitenInsight Yoga In einem effektiven Klassenzimmer sollten die Sch\u00fcler nicht nur wissen, was sie tun, sondern auch wissen, warum und wie. Harry Wong Seit mehr als 15&hellip;","protected":false},"author":1,"featured_media":0,"parent":0,"menu_order":0,"comment_status":"closed","ping_status":"closed","template":"","meta":{"footnotes":""},"class_list":["post-2348","page","type-page","status-publish","hentry"],"translation":{"provider":"WPGlobus","version":"3.0.0","language":"de","enabled_languages":["en","de"],"languages":{"en":{"title":true,"content":true,"excerpt":false},"de":{"title":false,"content":false,"excerpt":false}}},"yoast_head":"<!-- This site is optimized with the Yoast SEO plugin v25.3.1 - https:\/\/yoast.com\/wordpress\/plugins\/seo\/ -->\n<title>Verbessern Sie Ihre Lehrf\u00e4higkeiten - Insight.yoga<\/title>\n<meta name=\"robots\" content=\"index, follow, max-snippet:-1, max-image-preview:large, max-video-preview:-1\" \/>\n<link rel=\"canonical\" href=\"https:\/\/insight.yoga\/de\/?page_id=1266\" \/>\n<meta property=\"og:locale\" content=\"de_DE\" \/>\n<meta property=\"og:type\" content=\"article\" \/>\n<meta property=\"og:title\" content=\"Verbessern Sie Ihre Lehrf\u00e4higkeiten - Insight.yoga\" \/>\n<meta property=\"og:url\" content=\"https:\/\/insight.yoga\/de\/?page_id=1266\" \/>\n<meta property=\"og:site_name\" content=\"Insight.yoga\" \/>\n<meta property=\"article:modified_time\" content=\"2025-05-20T05:23:12+00:00\" \/>\n<meta property=\"og:image\" content=\"https:\/\/insight.yoga\/Insight\/Insight\/wp-content\/uploads\/2021\/04\/E-RYT-500-AROUND-BLACK-300x300.jpg\" \/>\n<meta name=\"twitter:card\" content=\"summary_large_image\" \/>\n<meta name=\"twitter:label1\" content=\"Gesch\u00e4tzte Lesezeit\" \/>\n\t<meta name=\"twitter:data1\" content=\"2\u00a0Minuten\" \/>\n<script type=\"application\/ld+json\" class=\"yoast-schema-graph\">{\"@context\":\"https:\/\/schema.org\",\"@graph\":[{\"@type\":\"WebPage\",\"@id\":\"https:\/\/insight.yoga\/?page_id=1266\",\"url\":\"https:\/\/insight.yoga\/?page_id=1266\",\"name\":\"Verbessern Sie Ihre Lehrf\u00e4higkeiten - Insight.yoga\",\"isPartOf\":{\"@id\":\"https:\/\/insight.yoga\/#website\"},\"primaryImageOfPage\":{\"@id\":\"https:\/\/insight.yoga\/?page_id=1266#primaryimage\"},\"image\":{\"@id\":\"https:\/\/insight.yoga\/?page_id=1266#primaryimage\"},\"thumbnailUrl\":\"https:\/\/insight.yoga\/Insight\/Insight\/wp-content\/uploads\/2021\/04\/E-RYT-500-AROUND-BLACK-300x300.jpg\",\"datePublished\":\"2021-04-14T05:04:55+00:00\",\"dateModified\":\"2025-05-20T05:23:12+00:00\",\"breadcrumb\":{\"@id\":\"https:\/\/insight.yoga\/?page_id=1266#breadcrumb\"},\"inLanguage\":\"de\",\"potentialAction\":[{\"@type\":\"ReadAction\",\"target\":[\"https:\/\/insight.yoga\/?page_id=1266\"]}]},{\"@type\":\"ImageObject\",\"inLanguage\":\"de\",\"@id\":\"https:\/\/insight.yoga\/?page_id=1266#primaryimage\",\"url\":\"https:\/\/insight.yoga\/Insight\/Insight\/wp-content\/uploads\/2021\/04\/E-RYT-500-AROUND-BLACK-300x300.jpg\",\"contentUrl\":\"https:\/\/insight.yoga\/Insight\/Insight\/wp-content\/uploads\/2021\/04\/E-RYT-500-AROUND-BLACK-300x300.jpg\"},{\"@type\":\"BreadcrumbList\",\"@id\":\"https:\/\/insight.yoga\/?page_id=1266#breadcrumb\",\"itemListElement\":[{\"@type\":\"ListItem\",\"position\":1,\"name\":\"Home\",\"item\":\"https:\/\/insight.yoga\/\"},{\"@type\":\"ListItem\",\"position\":2,\"name\":\"Verbessern Sie Ihre Lehrf\u00e4higkeiten\"}]},{\"@type\":\"WebSite\",\"@id\":\"https:\/\/insight.yoga\/#website\",\"url\":\"https:\/\/insight.yoga\/\",\"name\":\"Insight.yoga\",\"description\":\"Meditate your body\",\"publisher\":{\"@id\":\"https:\/\/insight.yoga\/#organization\"},\"potentialAction\":[{\"@type\":\"SearchAction\",\"target\":{\"@type\":\"EntryPoint\",\"urlTemplate\":\"https:\/\/insight.yoga\/?s={search_term_string}\"},\"query-input\":{\"@type\":\"PropertyValueSpecification\",\"valueRequired\":true,\"valueName\":\"search_term_string\"}}],\"inLanguage\":\"de\"},{\"@type\":\"Organization\",\"@id\":\"https:\/\/insight.yoga\/#organization\",\"name\":\"Insight.yoga\",\"url\":\"https:\/\/insight.yoga\/\",\"logo\":{\"@type\":\"ImageObject\",\"inLanguage\":\"de\",\"@id\":\"https:\/\/insight.yoga\/#\/schema\/logo\/image\/\",\"url\":\"https:\/\/insight.yoga\/wp-content\/uploads\/2021\/04\/imageedit_46_8246596455.png\",\"contentUrl\":\"https:\/\/insight.yoga\/wp-content\/uploads\/2021\/04\/imageedit_46_8246596455.png\",\"width\":591,\"height\":422,\"caption\":\"Insight.yoga\"},\"image\":{\"@id\":\"https:\/\/insight.yoga\/#\/schema\/logo\/image\/\"}}]}<\/script>\n<!-- \/ Yoast SEO plugin. -->","yoast_head_json":{"title":"Verbessern Sie Ihre Lehrf\u00e4higkeiten - Insight.yoga","robots":{"index":"index","follow":"follow","max-snippet":"max-snippet:-1","max-image-preview":"max-image-preview:large","max-video-preview":"max-video-preview:-1"},"canonical":"https:\/\/insight.yoga\/de\/?page_id=1266","og_locale":"de_DE","og_type":"article","og_title":"Verbessern Sie Ihre Lehrf\u00e4higkeiten - Insight.yoga","og_url":"https:\/\/insight.yoga\/de\/?page_id=1266","og_site_name":"Insight.yoga","article_modified_time":"2025-05-20T05:23:12+00:00","og_image":[{"url":"https:\/\/insight.yoga\/Insight\/Insight\/wp-content\/uploads\/2021\/04\/E-RYT-500-AROUND-BLACK-300x300.jpg","type":"","width":"","height":""}],"twitter_card":"summary_large_image","twitter_misc":{"Gesch\u00e4tzte Lesezeit":"2\u00a0Minuten"},"schema":{"@context":"https:\/\/schema.org","@graph":[{"@type":"WebPage","@id":"https:\/\/insight.yoga\/?page_id=1266","url":"https:\/\/insight.yoga\/?page_id=1266","name":"Verbessern Sie Ihre Lehrf\u00e4higkeiten - Insight.yoga","isPartOf":{"@id":"https:\/\/insight.yoga\/#website"},"primaryImageOfPage":{"@id":"https:\/\/insight.yoga\/?page_id=1266#primaryimage"},"image":{"@id":"https:\/\/insight.yoga\/?page_id=1266#primaryimage"},"thumbnailUrl":"https:\/\/insight.yoga\/Insight\/Insight\/wp-content\/uploads\/2021\/04\/E-RYT-500-AROUND-BLACK-300x300.jpg","datePublished":"2021-04-14T05:04:55+00:00","dateModified":"2025-05-20T05:23:12+00:00","breadcrumb":{"@id":"https:\/\/insight.yoga\/?page_id=1266#breadcrumb"},"inLanguage":"de","potentialAction":[{"@type":"ReadAction","target":["https:\/\/insight.yoga\/?page_id=1266"]}]},{"@type":"ImageObject","inLanguage":"de","@id":"https:\/\/insight.yoga\/?page_id=1266#primaryimage","url":"https:\/\/insight.yoga\/Insight\/Insight\/wp-content\/uploads\/2021\/04\/E-RYT-500-AROUND-BLACK-300x300.jpg","contentUrl":"https:\/\/insight.yoga\/Insight\/Insight\/wp-content\/uploads\/2021\/04\/E-RYT-500-AROUND-BLACK-300x300.jpg"},{"@type":"BreadcrumbList","@id":"https:\/\/insight.yoga\/?page_id=1266#breadcrumb","itemListElement":[{"@type":"ListItem","position":1,"name":"Home","item":"https:\/\/insight.yoga\/"},{"@type":"ListItem","position":2,"name":"Verbessern Sie Ihre Lehrf\u00e4higkeiten"}]},{"@type":"WebSite","@id":"https:\/\/insight.yoga\/#website","url":"https:\/\/insight.yoga\/","name":"Insight.yoga","description":"Meditate your body","publisher":{"@id":"https:\/\/insight.yoga\/#organization"},"potentialAction":[{"@type":"SearchAction","target":{"@type":"EntryPoint","urlTemplate":"https:\/\/insight.yoga\/?s={search_term_string}"},"query-input":{"@type":"PropertyValueSpecification","valueRequired":true,"valueName":"search_term_string"}}],"inLanguage":"de"},{"@type":"Organization","@id":"https:\/\/insight.yoga\/#organization","name":"Insight.yoga","url":"https:\/\/insight.yoga\/","logo":{"@type":"ImageObject","inLanguage":"de","@id":"https:\/\/insight.yoga\/#\/schema\/logo\/image\/","url":"https:\/\/insight.yoga\/wp-content\/uploads\/2021\/04\/imageedit_46_8246596455.png","contentUrl":"https:\/\/insight.yoga\/wp-content\/uploads\/2021\/04\/imageedit_46_8246596455.png","width":591,"height":422,"caption":"Insight.yoga"},"image":{"@id":"https:\/\/insight.yoga\/#\/schema\/logo\/image\/"}}]}},"_links":{"self":[{"href":"https:\/\/insight.yoga\/de\/wp-json\/wp\/v2\/pages\/2348","targetHints":{"allow":["GET"]}}],"collection":[{"href":"https:\/\/insight.yoga\/de\/wp-json\/wp\/v2\/pages"}],"about":[{"href":"https:\/\/insight.yoga\/de\/wp-json\/wp\/v2\/types\/page"}],"author":[{"embeddable":true,"href":"https:\/\/insight.yoga\/de\/wp-json\/wp\/v2\/users\/1"}],"replies":[{"embeddable":true,"href":"https:\/\/insight.yoga\/de\/wp-json\/wp\/v2\/comments?post=2348"}],"version-history":[{"count":2,"href":"https:\/\/insight.yoga\/de\/wp-json\/wp\/v2\/pages\/2348\/revisions"}],"predecessor-version":[{"id":2689,"href":"https:\/\/insight.yoga\/de\/wp-json\/wp\/v2\/pages\/2348\/revisions\/2689"}],"wp:attachment":[{"href":"https:\/\/insight.yoga\/de\/wp-json\/wp\/v2\/media?parent=2348"}],"curies":[{"name":"wp","href":"https:\/\/api.w.org\/{rel}","templated":true}]}}