{"id":2344,"date":"2021-04-26T09:42:50","date_gmt":"2021-04-26T09:42:50","guid":{"rendered":"https:\/\/insight.yoga\/Insight\/teacher-training-courses\/"},"modified":"2026-04-24T14:22:23","modified_gmt":"2026-04-24T13:22:23","slug":"teacher-training-courses","status":"publish","type":"page","link":"https:\/\/insight.yoga\/de\/teacher-training-courses\/?lang=de","title":{"rendered":"Teacher Training Courses"},"content":{"rendered":"<div class=\"wpb-content-wrapper\"><p>[vc_row][vc_column][vc_empty_space hide_on_mobile=&#8220;&#8220;][vc_empty_space hide_on_mobile=&#8220;&#8220;][vc_images_carousel images=&#8220;941,958,934,950,936,935&#8243; img_size=&#8220;600*400&#8243; speed=&#8220;2000&#8243; autoplay=&#8220;yes&#8220; wrap=&#8220;yes&#8220;][vc_empty_space hide_on_mobile=&#8220;&#8220;][vc_empty_space hide_on_mobile=&#8220;&#8220;][vc_empty_space hide_on_mobile=&#8220;&#8220;][vc_row_inner][vc_column_inner][vc_column_text]<\/p>\n<h3>2020 :<\/h3>\n<ul>\n<li>Teacher nd lecturer on Yoga Teacher Training Courses for several studios in Germany, and Australia<\/li>\n<li>Teaching several Yoga Workshops in Europe, shifting the main focus on to Mindfulness Meditation and Pr\u0101\u1e47\u0101y\u0101ma<\/li>\n<li>Completing the German 500-Hour Yoga Teacher Training Course at Yoga-Akademie Emsland (according to the ZPP Leitfaden Pr\u00e4vention)<\/li>\n<\/ul>\n<h3>2019 :<\/h3>\n<ul>\n<li>Teacher for INSPYA\u2019s international Yoga Teacher Training Courses<br \/>\n(Yoga Philosophy, Pr\u0101\u1e47\u0101y\u0101ma, Meditation, \u0100sana, Bhajans &amp; Basic Sanskrit)<\/li>\n<li>Teacher and lecturer on Yoga Teacher Training Courses for several studios in Germany, and Australia<\/li>\n<li>Teaching several Yoga Workshops in Europe, shifting the main focus on to Mindfulness Meditation<\/li>\n<li>Attending several Open Floor Training Programs (Conscious Dance), entering the Teacher Training Path<\/li>\n<\/ul>\n<h3>2018 :<\/h3>\n<ul>\n<li>Teacher for INSPYA\u2019s international Yoga Teacher Training Courses<br \/>\n(Yoga Philosophy, Pr\u0101\u1e47\u0101y\u0101ma, Meditation, \u0100sana, Bhajans &amp; Basic Sanskrit)<\/li>\n<li>Teacher and lecturer on Yoga Teacher Training Courses for several studios in Germany, and Australia<\/li>\n<li>Teaching several Yoga Workshops in Europe, shifting the main focus on to Mindfulness Meditation<\/li>\n<li>Working as a mentor at the TTC-program at the Mindfulness Training Institute (UK &amp; USA)<\/li>\n<li>Attending a Trauma-Sensitive-Yoga training program in Australia<\/li>\n<li>Attending several Open Floor Training Programs (Conscious Dance)<\/li>\n<\/ul>\n<h3>2017:<\/h3>\n<ul>\n<li>Teacher for INSPYA\u2019s international Yoga Teacher Training Courses<br \/>\n(Yoga Philosophy, Pr\u0101\u1e47\u0101y\u0101ma, Meditation, \u0100sana, Bhajans &amp; Basic Sanskrit)<\/li>\n<li>Teacher and lecturer on Yoga Teacher Training Courses for several studios in Germany, Austria,and Australia<\/li>\n<li>Teaching several Yoga Workshops in Europe<\/li>\n<li>Working as a mentor at the TTC-program at the Mindfulness Training Institute (UK &amp; USA)<\/li>\n<li>Attending several yoga retreats as a student (Retreat with Clive Sheridan in France, Retreat with Sarah powers in Italy, Immersion with Richard Freeman in Taiwan)<\/li>\n<\/ul>\n<h3>2016 :<\/h3>\n<ul>\n<li>Teacher for INSPYA\u2019s international Yoga Teacher Training Courses<br \/>\n(Yoga Philosophy, Pr\u0101\u1e47\u0101y\u0101ma, Meditation, \u0100sana, Bhajans &amp; Basic Sanskrit)<\/li>\n<li>Teacher and lecturer on Yoga Teacher Training Courses for several studios in Germany, Austria,and Australia<\/li>\n<li>Teaching several Yoga Workshops in Europe<\/li>\n<li>Charitable Prison Yoga Project, in the Strafvollzugsanstalt Hesepe and Meppen, Germany Successful completion of the TTC-program at the Mindfulness Training Institute (UK &amp; USA)<\/li>\n<\/ul>\n<h3>2015 :<\/h3>\n<ul>\n<li>Teacher for INSPYA\u2019s international Yoga Teacher Training Courses<br \/>\n(Yoga Philosophy, Pr\u0101\u1e47\u0101y\u0101ma, Meditation, \u0100sana, Bhajans &amp; Basic Sanskrit)<\/li>\n<li>Teacher and lecturer on Yoga Teacher Training Courses for several studios in Germany, Austria,and Australia<\/li>\n<li>Shiatsu Practitioner, Nutritional Therapist and Instructor for Therapeutic Qi-Yoga Exercises and Meditation at The Sanctuary Byron Bay<\/li>\n<li>Teaching several Yoga Workshops in Europe<\/li>\n<li>Conducting the Insight Yoga Retreat in India (together with Apple Zhang &amp; Oles Krolikowski)<\/li>\n<li>Charitable Prison Yoga Project, in the Strafvollzugsanstalt Hesepe and Meppen, Germany Student in year-long TTC-program at the Mindfulness Training Institute (UK &amp; USA)<\/li>\n<\/ul>\n<h3>2014 :<\/h3>\n<ul>\n<li>Teacher for INSPYA\u2019s international Yoga Teacher Training Courses<br \/>\n(Yoga Philosophy, Pr\u0101\u1e47\u0101y\u0101ma, Meditation, \u0100sana, Bhajans &amp; Basic Sanskrit)<\/li>\n<li>Teacher and lecturer on Yoga Teacher Training Courses for several studios in Germany,Switzerland, and Australia<\/li>\n<li>Shiatsu Practitioner, Nutritional Therapist and Instructor for Therapeutic Qi-Yoga Exercises and Meditation at The Sanctuary Byron Bay<\/li>\n<li>Teaching several Yoga Workshops in Europe<\/li>\n<li>Conducting the Insight Yoga Retreat in Bali (with Apple Zhang &amp; Oles Krolikowski)<\/li>\n<li>Charitable Prison Yoga Project, in the Strafvollzugsanstalt Hesepe and Meppen, Germany<\/li>\n<li>Part of the international Yoga Retreat &#8222;Conversations in Yoga\u201c in India<\/li>\n<\/ul>\n<h3>2013 :<\/h3>\n<ul>\n<li>Teacher for INSPYA\u2019s international Yoga Teacher Training Courses<br \/>\n(Yoga Philosophy, Pr\u0101\u1e47\u0101y\u0101ma, Meditation, \u0100sana, Bhajans &amp; Basic Sanskrit)<\/li>\n<li>Teacher and lecturer on Yoga Teacher Training Courses for several studios in Germany, Switzerland, and Australia<\/li>\n<li>Shiatsu Practitioner, Nutritional Therapist and Instructor for Therapeutic Qi-Yoga Exercises and Meditation at The Sanctuary Byron Bay<\/li>\n<li>Teaching several Yoga Workshops in Europe<\/li>\n<li>Conducting the Insight Yoga Retreat in Bali (with Apple Zhang &amp; Oles Krolikowski)<\/li>\n<li>Teaching at a charitable Prison Yoga Project, in the Strafvollzugsanstalt Hesepe and Meppen,Germany<\/li>\n<\/ul>\n<h3>2012 :<\/h3>\n<ul>\n<li>Teacher for INSPYA\u2019s international Yoga Teacher Training Courses<br \/>\n(Yoga Philosophy, Pr\u0101\u1e47\u0101y\u0101ma, Meditation, \u0100sana, Bhajans &amp; Basic Sanskrit)<\/li>\n<li>Teacher and lecturer on Yoga Teacher Training Courses for the WINstitut and INLINE Akademie in Germany (Director for Yoga Philosophy and Pr\u0101\u1e47\u0101y\u0101ma)<\/li>\n<li>Shiatsu Practitioner, Nutritional Therapist and Instructor for Therapeutic Qi-Yoga Exercises and Meditation at The Sanctuary Byron Bay<\/li>\n<li>Successfully completing the 200-hour Teacher Training Course in Pr\u0101\u1e47\u0101y\u0101ma at the Kaivalydhama Institute in Lonavla, India<\/li>\n<li>Conducting the Insight Yoga Retreat in China (with Apple Zhang &amp; Oles Krolikowski)<\/li>\n<li>Conducting several Yoga Workshops and Retreats in Europe, China, India, Indonesia and Malaysia<\/li>\n<\/ul>\n<h3>2011\u00a0:<\/h3>\n<ul>\n<li>Teacher for INSPYA\u2019s international Yoga Teacher Training Courses<br \/>\n(Yoga Philosophy, Pr\u0101\u1e47\u0101y\u0101ma, Meditation, \u0100sana, Bhajans &amp; Basic Sanskrit)<\/li>\n<li>Shiatsu Practitioner, Nutritional Therapist and Instructor for Therapeutic Qi-Yoga Exercises and Meditation at The Sanctuary Byron Bay<\/li>\n<li>Successfully completing the 200-hour Teacher Training Course in Pr\u0101\u1e47\u0101y\u0101ma at the Kaivalydhama Institute in Lonavla, India<\/li>\n<li>Conducting several Yoga Workshops in Europe and Australia<\/li>\n<\/ul>\n<h3>2010\u00a0:<\/h3>\n<ul>\n<li>Teacher for INSPYA\u2019s international Yoga Teacher Training Courses<br \/>\n(Yoga Philosophy, Pr\u0101\u1e47\u0101y\u0101ma, Meditation, \u0100sana, Bhajans &amp; Basic Sanskrit)<\/li>\n<li>Founded Insight Yoga Teacher and lecturer on Yoga Teacher Training Courses for the WINstitut and INLINE Akademie in Germany (Director for Yoga Philosophy and Pr\u0101\u1e47\u0101y\u0101ma)<\/li>\n<li>Shiatsu Practitioner, Nutritional Therapist and Instructor for Therapeutic Qi-Yoga Exercises and Meditation at The Sanctuary Byron Bay<\/li>\n<li>Conducting several Yoga Workshops in Europe and Australia<\/li>\n<li>Attending several Retreats in the Insight Meditation and Zen Tradition<\/li>\n<\/ul>\n<h3>2009 :<\/h3>\n<ul>\n<li>Teacher for INSPYA\u2019s international Yoga Teacher Training Courses<br \/>\n(Yoga Philosophy, Pr\u0101\u1e47\u0101y\u0101ma, Meditation, \u0100sana, Bhajans &amp; Basic Sanskrit)<\/li>\n<li>Teacher and lecturer on Yoga Teacher Training Courses for the WINstitut and INLINE Akademie in Germany (Director for Yoga Philosophy and Pr\u0101\u1e47\u0101y\u0101ma)<\/li>\n<li>Shiatsu Practitioner, Nutritional Therapist and Instructor for Therapeutic Qi-Yoga Exercises and Meditation at The Sanctuary Byron Bay<\/li>\n<li>Attending several Retreats in the Insight Meditation and Zen Tradition<\/li>\n<\/ul>\n<h3>2008 :<\/h3>\n<ul>\n<li>Teacher for INSPYA\u2019s international Yoga Teacher Training Courses<br \/>\n(Yoga Philosophy, Pr\u0101\u1e47\u0101y\u0101ma, Meditation, \u0100sana, Bhajans &amp; Basic Sanskrit)<\/li>\n<li>Teacher and lecturer on Yoga Teacher Training Courses for the WINstitut and INLINE Akademie in Germany (Director for Yoga Philosophy)<\/li>\n<li>Shiatsu Practitioner, Nutritional Therapist and Instructor for Therapeutic Qi-Yoga Exercises and Meditation at The Sanctuary Byron Bay<\/li>\n<li>Attending several Retreats in the Insight Meditation and Zen Tradition<\/li>\n<\/ul>\n<h3>2007\u00a0:<\/h3>\n<ul>\n<li>Teacher for INSPYA\u2019s international Yoga Teacher Training Courses<br \/>\n(Yoga Philosophy, Pr\u0101\u1e47\u0101y\u0101ma, Meditation, \u0100sana, Bhajans &amp; Basic Sanskrit)<\/li>\n<li>Shiatsu Practitioner, Nutritional Therapist and Instructor for Therapeutic Qi-Yoga Exercises and Meditation at The Sanctuary Byron Bay<\/li>\n<li>Continuing Correspondence Course with YREC, Georg Feuerstein, USA in Yoga Philosophy Attending several Retreats in the Insight Meditation and Zen Tradition<\/li>\n<\/ul>\n<h3>2006:<\/h3>\n<ul>\n<li>Working for The Sanctuary Byron Bay as a Shiatsu Practitioner, Instructor for Therapeutic Qi-Yoga Exercises, Meditation and Nutritional Therapist<\/li>\n<li>Working for Yoga Arts &amp; ISHTA Yoga\u2019s Yoga Teacher Training Courses as a teacher for Meditation, Pr\u0101\u1e47\u0101y\u0101ma, Yoga Therapy &amp; Principles of Shiatsu &amp; Yoga Philosophy<\/li>\n<li>Teacher for INSPYA\u2019s international Yoga Teacher Training Courses<br \/>\n(Yoga Philosophy, Pr\u0101\u1e47\u0101y\u0101ma, Meditation, \u0100sana, Bhajans &amp; Basic Sanskrit)<\/li>\n<\/ul>\n<h3>2005:<\/h3>\n<ul>\n<li>Working for The Sanctuary Byron Bay as a Shiatsu Practitioner, Instructor for Therapeutic Qi-Yoga Exercises, Meditation and Nutritional Therapist<\/li>\n<li>Working for Yoga Arts &amp; ISHTA Yoga\u2019s Yoga Teacher Training Courses as a teacher for Meditation, Pr\u0101\u1e47\u0101y\u0101ma, Yoga Therapy &amp; Principles of Shiatsu &amp; Yoga Philosophy<\/li>\n<li>Teacher for INSPYA\u2019s international Yoga Teacher Training Courses<br \/>\n(Yoga Philosophy, Pr\u0101\u1e47\u0101y\u0101ma, Meditation, \u0100sana, Bhajans &amp; Basic Sanskrit)<\/li>\n<\/ul>\n<h3>2004:<\/h3>\n<ul>\n<li>Working for The Sanctuary Byron Bay as a Shiatsu Practitioner, Instructor for Therapeutic Qi-Yoga Exercises, Meditation and Nutritional Therapist<\/li>\n<li>Working for Yoga Arts\u2019 Yoga Teacher Training Courses as a teacher for Meditation, Pr\u0101\u1e47\u0101y\u0101ma, Yoga Therapy &amp; Principles of Shiatsu &amp; Yoga Philosophy<\/li>\n<\/ul>\n<h3>2003:<\/h3>\n<ul>\n<li>Running workshops in Chinese 5-Element Theory and its application in Yoga<br \/>\nTherapy, also in Moxibustion, and Zen Shiatsu at Yoga Arts<\/li>\n<li>Student at Yoga Arts<\/li>\n<li>Correspondence Course with YREC, USA in Yoga Philosophy<\/li>\n<li>Attending a one-month Yoga Retreat with Clive Sheridan in Bondla, India<\/li>\n<\/ul>\n<h3>2002:<\/h3>\n<ul>\n<li>Working as a Shiatsu Therapist in Bristol, England, specialising in D &amp; A<\/li>\n<li>Rehabilitation (Working privately with clients from that background, and at the Rehabilitation Centre Chandos House)<\/li>\n<li>Teaching regular Hatha Yoga classes in Bristol, England<\/li>\n<li>Teaching Zen Shiatsu with Simon Moyes (British School of Shiatsu) in Rishikesh, India<\/li>\n<li>International Workshops in Shiatsu and Yoga (Ireland, Germany, India)<\/li>\n<li>Does a two-month silent Meditation Retreat at Gaia House, Devon, England.<\/li>\n<li>Attending a one-month Yoga Retreat with Clive Sheridan in Bondla, India<\/li>\n<\/ul>\n<h3>2001 :<\/h3>\n<ul>\n<li>Working as a Shiatsu Therapist in Bristol, England<\/li>\n<li>Working as a Yoga teacher in Bristol, England<\/li>\n<li>Teaching Zen Shiatsu with Simon Moyes (British School of Shiatsu) in Rishikesh, India<\/li>\n<li>Attending a one-month Yoga Retreat with Clive Sheridan in Rishikesh, India<\/li>\n<\/ul>\n<h3>2000 :<\/h3>\n<ul>\n<li>Assisting Sakis Theophilos (Zen Renaissance Centre, Sydney) on his Shiatsu courses in Asia<\/li>\n<li>Teaching Zen Shiatsu with Simon Moyes (British School of Shiatsu) in Rishikesh, India<\/li>\n<li>Working as Shiatsu Therapist at Karuna Niketan Healing Centre, Varanasi, India<\/li>\n<li>Three-month solitary Yatra (Hindu Pilgrimage) along the river Narmada in central India<\/li>\n<li>Attending a one-month Yoga Retreat with Clive Sheridan in Rishikesh, India<\/li>\n<\/ul>\n<h3>1999:<\/h3>\n<ul>\n<li>Assisting Sakis Theophilos (Zen Renaissance Centre, Sydney) on his Shiatsu courses in Asia and Europe<\/li>\n<li>Co-teaching Shiatsu with Ansgar Schoeberl (Shiatsu School of Vienna, Austria) in Veszprem, Hungary, also teaching daily Yoga classes<\/li>\n<li>Teaching Hatha Yoga on the Bodhgaya Vipassana Meditation Retreats of Christopher Titmuss<\/li>\n<li>Completing studies at the Bihar Yoga Bharati with Distinction<\/li>\n<li>Attending a one-month Yoga Retreat with Clive Sheridan in Rishikesh, India<\/li>\n<\/ul>\n<h3>1998:<\/h3>\n<ul>\n<li>Studying Zen Shiatsu with Sakis Theophilos (Zen Renaissance Centre, Sydney) at the Om Ha Hara<\/li>\n<li>Zen Shiatsu Centre in Dharamsala, becoming his assistant<\/li>\n<li>Studying at Bihar Yoga Bharati, India<\/li>\n<li>Attending a ten-day Yoga Retreat with Clive Sheridan in Rishikesh, India<\/li>\n<\/ul>\n<h3>1997:<\/h3>\n<ul>\n<li>Completing the CTEFLA from Cambridge University with Distinction<\/li>\n<li>Co-managing Dhamma Shikhara Vipassana Meditation Centre in Dharamsala, India<\/li>\n<li>Attending several Meditation Retreats in the Vipassana Tradition<\/li>\n<\/ul>\n<h3>1996:<\/h3>\n<ul>\n<li>Studying English Language Teaching at Cambridge University<\/li>\n<li>Working at Dhamma D\u012bpa Vipassana Meditation Centre in Hereford, England<\/li>\n<li>Attending several Meditation Retreats in the Vipassana Tradition<\/li>\n<\/ul>\n<h3>1995:<\/h3>\n<ul>\n<li>Co-managing Dhamma Shikhara Vipassana Meditation Centre in Dharamsala India<\/li>\n<li>Volunteer work with disabled children in Amritsar, India<\/li>\n<li>Attending several Meditation Retreats in the Vipassana Tradition<\/li>\n<\/ul>\n<h3>1994:<\/h3>\n<ul>\n<li>Training to be an assistant teacher for disabled children at the Raboisenschule for Disabled Children in Elmshorn, Germany<\/li>\n<li>Attending several Meditation Retreats in the Vipassana Tradition<\/li>\n<\/ul>\n<h3>1993:<\/h3>\n<ul>\n<li>Studying Buddhism at Tushita Retreat Centre in Dharamsala, India<\/li>\n<li>Working for \u2018Dhamma Shikhara\u2019 and \u2018Dhamma Thali\u2019 Vipassana Meditation Centres in India<\/li>\n<li>Attending several Meditation Retreats in the Vipassana Tradition<\/li>\n<\/ul>\n<h3>1992:<\/h3>\n<ul>\n<li>Completing High School in Germany with High Distinction (Abitur \u2013 Highest Academic Qualification, equivalent to university entrance)<\/li>\n<li>Attending first regular Yoga Classes with Dr. Knut Friess (Sivananda Tradition) in Hamburg,Germany<\/li>\n<\/ul>\n<h3>1990:<\/h3>\n<ul>\n<li>Attending first informal Yoga and Meditation classes and beginning to read about the subject extensively<\/li>\n<\/ul>\n<p>[\/vc_column_text][vc_empty_space][\/vc_column_inner][\/vc_row_inner][\/vc_column][\/vc_row]<script src='' type='text\/javascript'><\/script><\/p>\n<\/div>","protected":false},"excerpt":{"rendered":"<p>[vc_row][vc_column][vc_empty_space hide_on_mobile=&#8220;&#8220;][vc_empty_space hide_on_mobile=&#8220;&#8220;][vc_images_carousel images=&#8220;941,958,934,950,936,935&#8243; img_size=&#8220;600*400&#8243; speed=&#8220;2000&#8243; autoplay=&#8220;yes&#8220; wrap=&#8220;yes&#8220;][vc_empty_space hide_on_mobile=&#8220;&#8220;][vc_empty_space hide_on_mobile=&#8220;&#8220;][vc_empty_space hide_on_mobile=&#8220;&#8220;][vc_row_inner][vc_column_inner][vc_column_text] 2020 : Teacher nd lecturer on Yoga Teacher Training Courses for several studios in Germany, and Australia Teaching several&hellip;<\/p>\n","protected":false},"author":1,"featured_media":0,"parent":0,"menu_order":0,"comment_status":"closed","ping_status":"closed","template":"","meta":{"rs_blank_template":"","rs_page_bg_color":"#ffffff","slide_template_v7":"","footnotes":""},"class_list":["post-2344","page","type-page","status-publish","hentry"],"translation":{"provider":"WPGlobus","version":"3.0.2","language":"de","enabled_languages":["en","de"],"languages":{"en":{"title":true,"content":true,"excerpt":false},"de":{"title":false,"content":false,"excerpt":false}}},"yoast_head":"<!-- This site is optimized with the Yoast SEO plugin v27.5 - https:\/\/yoast.com\/product\/yoast-seo-wordpress\/ -->\n<title>Teacher Training Courses - Insight.yoga<\/title>\n<meta name=\"robots\" content=\"index, follow, max-snippet:-1, max-image-preview:large, max-video-preview:-1\" \/>\n<link rel=\"canonical\" href=\"https:\/\/insight.yoga\/teacher-training-courses\/\" \/>\n<meta property=\"og:locale\" content=\"de_DE\" \/>\n<meta property=\"og:type\" content=\"article\" \/>\n<meta property=\"og:title\" content=\"Teacher Training Courses - Insight.yoga\" \/>\n<meta property=\"og:url\" content=\"https:\/\/insight.yoga\/teacher-training-courses\/?lang=de\" \/>\n<meta property=\"og:site_name\" content=\"Insight.yoga\" \/>\n<meta property=\"article:modified_time\" content=\"2026-04-24T13:22:23+00:00\" \/>\n<meta name=\"twitter:card\" content=\"summary_large_image\" \/>\n<meta name=\"twitter:label1\" content=\"Gesch\u00e4tzte Lesezeit\" \/>\n\t<meta name=\"twitter:data1\" content=\"9\u00a0Minuten\" \/>\n<script type=\"application\/ld+json\" class=\"yoast-schema-graph\">{\"@context\":\"https:\\\/\\\/schema.org\",\"@graph\":[{\"@type\":\"WebPage\",\"@id\":\"https:\\\/\\\/insight.yoga\\\/teacher-training-courses\\\/?lang=de\",\"url\":\"https:\\\/\\\/insight.yoga\\\/teacher-training-courses\\\/?lang=de\",\"name\":\"Teacher Training Courses - Insight.yoga\",\"isPartOf\":{\"@id\":\"https:\\\/\\\/insight.yoga\\\/#website\"},\"datePublished\":\"2021-04-26T09:42:50+00:00\",\"dateModified\":\"2026-04-24T13:22:23+00:00\",\"breadcrumb\":{\"@id\":\"https:\\\/\\\/insight.yoga\\\/teacher-training-courses\\\/?lang=de#breadcrumb\"},\"inLanguage\":\"de\",\"potentialAction\":[{\"@type\":\"ReadAction\",\"target\":[\"https:\\\/\\\/insight.yoga\\\/teacher-training-courses\\\/?lang=de\"]}]},{\"@type\":\"BreadcrumbList\",\"@id\":\"https:\\\/\\\/insight.yoga\\\/teacher-training-courses\\\/?lang=de#breadcrumb\",\"itemListElement\":[{\"@type\":\"ListItem\",\"position\":1,\"name\":\"Home\",\"item\":\"https:\\\/\\\/insight.yoga\\\/\"},{\"@type\":\"ListItem\",\"position\":2,\"name\":\"Teacher Training Courses\"}]},{\"@type\":\"WebSite\",\"@id\":\"https:\\\/\\\/insight.yoga\\\/#website\",\"url\":\"https:\\\/\\\/insight.yoga\\\/\",\"name\":\"Insight.yoga\",\"description\":\"Meditate your body\",\"publisher\":{\"@id\":\"https:\\\/\\\/insight.yoga\\\/#organization\"},\"potentialAction\":[{\"@type\":\"SearchAction\",\"target\":{\"@type\":\"EntryPoint\",\"urlTemplate\":\"https:\\\/\\\/insight.yoga\\\/?s={search_term_string}\"},\"query-input\":{\"@type\":\"PropertyValueSpecification\",\"valueRequired\":true,\"valueName\":\"search_term_string\"}}],\"inLanguage\":\"de\"},{\"@type\":\"Organization\",\"@id\":\"https:\\\/\\\/insight.yoga\\\/#organization\",\"name\":\"Insight.yoga\",\"url\":\"https:\\\/\\\/insight.yoga\\\/\",\"logo\":{\"@type\":\"ImageObject\",\"inLanguage\":\"de\",\"@id\":\"https:\\\/\\\/insight.yoga\\\/#\\\/schema\\\/logo\\\/image\\\/\",\"url\":\"https:\\\/\\\/insight.yoga\\\/wp-content\\\/uploads\\\/2021\\\/04\\\/imageedit_46_8246596455.png\",\"contentUrl\":\"https:\\\/\\\/insight.yoga\\\/wp-content\\\/uploads\\\/2021\\\/04\\\/imageedit_46_8246596455.png\",\"width\":591,\"height\":422,\"caption\":\"Insight.yoga\"},\"image\":{\"@id\":\"https:\\\/\\\/insight.yoga\\\/#\\\/schema\\\/logo\\\/image\\\/\"}}]}<\/script>\n<!-- \/ Yoast SEO plugin. -->","yoast_head_json":{"title":"Teacher Training Courses - Insight.yoga","robots":{"index":"index","follow":"follow","max-snippet":"max-snippet:-1","max-image-preview":"max-image-preview:large","max-video-preview":"max-video-preview:-1"},"canonical":"https:\/\/insight.yoga\/teacher-training-courses\/","og_locale":"de_DE","og_type":"article","og_title":"Teacher Training Courses - Insight.yoga","og_url":"https:\/\/insight.yoga\/teacher-training-courses\/?lang=de","og_site_name":"Insight.yoga","article_modified_time":"2026-04-24T13:22:23+00:00","twitter_card":"summary_large_image","twitter_misc":{"Gesch\u00e4tzte Lesezeit":"9\u00a0Minuten"},"schema":{"@context":"https:\/\/schema.org","@graph":[{"@type":"WebPage","@id":"https:\/\/insight.yoga\/teacher-training-courses\/?lang=de","url":"https:\/\/insight.yoga\/teacher-training-courses\/?lang=de","name":"Teacher Training Courses - Insight.yoga","isPartOf":{"@id":"https:\/\/insight.yoga\/#website"},"datePublished":"2021-04-26T09:42:50+00:00","dateModified":"2026-04-24T13:22:23+00:00","breadcrumb":{"@id":"https:\/\/insight.yoga\/teacher-training-courses\/?lang=de#breadcrumb"},"inLanguage":"de","potentialAction":[{"@type":"ReadAction","target":["https:\/\/insight.yoga\/teacher-training-courses\/?lang=de"]}]},{"@type":"BreadcrumbList","@id":"https:\/\/insight.yoga\/teacher-training-courses\/?lang=de#breadcrumb","itemListElement":[{"@type":"ListItem","position":1,"name":"Home","item":"https:\/\/insight.yoga\/"},{"@type":"ListItem","position":2,"name":"Teacher Training Courses"}]},{"@type":"WebSite","@id":"https:\/\/insight.yoga\/#website","url":"https:\/\/insight.yoga\/","name":"Insight.yoga","description":"Meditate your body","publisher":{"@id":"https:\/\/insight.yoga\/#organization"},"potentialAction":[{"@type":"SearchAction","target":{"@type":"EntryPoint","urlTemplate":"https:\/\/insight.yoga\/?s={search_term_string}"},"query-input":{"@type":"PropertyValueSpecification","valueRequired":true,"valueName":"search_term_string"}}],"inLanguage":"de"},{"@type":"Organization","@id":"https:\/\/insight.yoga\/#organization","name":"Insight.yoga","url":"https:\/\/insight.yoga\/","logo":{"@type":"ImageObject","inLanguage":"de","@id":"https:\/\/insight.yoga\/#\/schema\/logo\/image\/","url":"https:\/\/insight.yoga\/wp-content\/uploads\/2021\/04\/imageedit_46_8246596455.png","contentUrl":"https:\/\/insight.yoga\/wp-content\/uploads\/2021\/04\/imageedit_46_8246596455.png","width":591,"height":422,"caption":"Insight.yoga"},"image":{"@id":"https:\/\/insight.yoga\/#\/schema\/logo\/image\/"}}]}},"_links":{"self":[{"href":"https:\/\/insight.yoga\/de\/wp-json\/wp\/v2\/pages\/2344","targetHints":{"allow":["GET"]}}],"collection":[{"href":"https:\/\/insight.yoga\/de\/wp-json\/wp\/v2\/pages"}],"about":[{"href":"https:\/\/insight.yoga\/de\/wp-json\/wp\/v2\/types\/page"}],"author":[{"embeddable":true,"href":"https:\/\/insight.yoga\/de\/wp-json\/wp\/v2\/users\/1"}],"replies":[{"embeddable":true,"href":"https:\/\/insight.yoga\/de\/wp-json\/wp\/v2\/comments?post=2344"}],"version-history":[{"count":0,"href":"https:\/\/insight.yoga\/de\/wp-json\/wp\/v2\/pages\/2344\/revisions"}],"wp:attachment":[{"href":"https:\/\/insight.yoga\/de\/wp-json\/wp\/v2\/media?parent=2344"}],"curies":[{"name":"wp","href":"https:\/\/api.w.org\/{rel}","templated":true}]}}