{"id":2340,"date":"2021-04-20T10:17:35","date_gmt":"2021-04-20T10:17:35","guid":{"rendered":"https:\/\/insight.yoga\/Insight\/short-bio\/"},"modified":"2025-05-20T06:22:43","modified_gmt":"2025-05-20T05:22:43","slug":"s","status":"publish","type":"page","link":"https:\/\/insight.yoga\/de\/s\/?lang=de","title":{"rendered":"Yoga-Reise"},"content":{"rendered":"<section class=\"vc_section\"><div class=\"vc_row wpb_row vc_row-fluid\"><div class=\"wpb_column vc_column_container vc_col-sm-12 sc_layouts_column_icons_position_left\"><div class=\"vc_column-inner\"><div class=\"wpb_wrapper\"><div id=\"sc_title_759513513\"\n\t\tclass=\"sc_title sc_title_default\"><h3 class=\"sc_item_title sc_title_title sc_align_center sc_item_title_style_default\">Mein Yoga-Weg<\/h3><h6 class=\"sc_item_subtitle sc_title_subtitle sc_align_center sc_item_title_style_default\">Insight yoga<\/h6><\/div><!-- \/.sc_title --><\/div><\/div><\/div><\/div><\/section><div class=\"vc_row wpb_row vc_row-fluid\"><div class=\"wpb_column vc_column_container vc_col-sm-12 sc_layouts_column_icons_position_left\"><div class=\"vc_column-inner\"><div class=\"wpb_wrapper\">\n\t<div class=\"wpb_text_column wpb_content_element  center_custom\" >\n\t\t<div class=\"wpb_wrapper\">\n\t\t\t<p style=\"text-align: center !important;\">\u0950 \u0938\u0939 \u0928\u093e\u0935\u0935\u0924\u0941 \/ \u0950 saha n\u0101vavatu \/<br \/>\n\u0938\u0939 \u0928\u094c \u092d\u0941\u0928\u0915\u094d\u0924\u0941 \/ saha nau bhunaktu \/<br \/>\n\u0938\u0939 \u0935\u0940\u0930\u094d\u092f\u0902 \u0915\u0930\u0935\u093e\u0935\u0939\u0948 \/ saha v\u012brya\u1e43 karav\u0101vahai \/<br \/>\n\u0924\u0947\u091c\u0938\u094d\u0935\u093f \u0928\u093e\u0935\u0927\u0940\u0924\u092e\u0938\u094d\u0924\u0941 \u092e\u093e \u0935\u093f\u0926\u094d\u0935\u093f\u0937\u093e\u0935\u0939\u0948 \/ tejasvi n\u0101vadh\u012btamastu m\u0101 vidvi\u1e63\u0101vahai \/<br \/>\n\u0950 \u0936\u093e\u0928\u094d\u0924\u093f\u0903 \u0936\u093e\u0928\u094d\u0924\u093f\u0903 \u0936\u093e\u0928\u094d\u0924\u093f\u0903 \/\/ \u0950 \u015b\u0101nti\u1e25 \u015b\u0101nti\u1e25 \u015b\u0101nti\u1e25 \/\/<\/p>\n\n\t\t<\/div>\n\t<\/div>\n<div class=\"vc_empty_space  height_tiny\"   style=\"height: 40px\"><span class=\"vc_empty_space_inner\"><\/span><\/div><\/div><\/div><\/div><\/div><div class=\"vc_row wpb_row vc_row-fluid\"><div class=\"wpb_column vc_column_container vc_col-sm-12 sc_layouts_column_icons_position_left\"><div class=\"vc_column-inner\"><div class=\"wpb_wrapper\">\n\t<div class=\"wpb_text_column wpb_content_element\" >\n\t\t<div class=\"wpb_wrapper\">\n\t\t\t<p>Ich wurde 1973 in Deutschland geboren, wo ich im Alter von 16 Jahren Yoga und Meditation entdeckte ging zur Universit\u00e4t und ging 1993 nach Nepal und Indien.<\/p>\n<p>Eine Zeit als Volont\u00e4r im Fl\u00fcchtlingslager &#8216;Jampaling&#8217; in Nepal inspirierte mich dazu, nach Dharamsala, Indien zu gehen, das bis 2001 meine Basis blieb. Neben dem Besuch von Hatha-Yoga-Kursen und ausf\u00fchrlichen Yoga-Lesen besuchte ich viele Kurse in buddhistischer Meditation und Philosophie.<\/p>\n<p>Nach dem Kontakt mit der Vipassana-Meditationstradition, wie sie von S.N. Goenka-ji, mein Hauptaugenmerk f\u00fcr die folgenden sechs Jahre lag darin, diesen Meditationsstil zu praktizieren und die Lehren als freiwilliger Mitarbeiter zu unterst\u00fctzen. Ich pflegte eine regelm\u00e4\u00dfige Ha Yogaha-Yoga-Praxis und besuchte mehrere Intensivkurse, haupts\u00e4chlich in der Sivananda-Tradition.<\/p>\n<p>1997 begann ich mich f\u00fcr alternative Heiltechniken zu interessieren und begann Shiatsu zu studieren. Nach einem Erstkurs bei Sakis Theophilos (Om Ha Hara Shiatsu Center) war ich bis 2001 Assistent und Lehrling von Sakis. Mein Studium schloss ich 2002 mit dem Diplom f\u00fcr Shiatsu am Bristol College of Shiatsu ab Schulung inklusive TCM, Qi Gong und chinesische Lebensmittelenergetik.<\/p>\n<p>1998 beschloss ich, mein Studium der Ha\u1e6dha Yoga Tradition zu intensivieren und hatte das Gl\u00fcck, Clive Sheridan zu treffen, der seither einer meiner wichtigsten Lehrer und Mentoren ist. Clive f\u00fchrte mich in die tantrischen und advaitischen Lehren ein und ich vertiefte meine Erforschung, indem ich im selben Jahr den 4-monatigen Yoga-Zertifikatskurs im Bihar Yoga Bharati besuchte.<\/p>\n<p>Im Januar 1999 begann ich meinen ersten Yoga-Lehrauftrag und unterrichtete auf Christopher Titmuss\u2019 Insight Meditation Retreats in Bodhgaya und Sarnath. Danach unternahm ich meine erste l\u00e4ngere Pilgerreise entlang des alten \u201eParikrama\u201c-Pfades in Zentralindien. Als Bettler monatelang entlang des Narmada-Flusses zu wandern, offenbarte eine ganz neue Dimension uralter Yoga-Traditionen. Seitdem habe ich mehrere \u00e4hnliche Pilgerreisen unternommen.<\/p>\n<p>Im selben Jahr verletzte ich mich am Knie. Ich war entschlossen, den Heilungsprozess mit Yogatherapie zu unterst\u00fctzen und konzentrierte mich in den n\u00e4chsten vier Jahren auf Iyengar Yoga-Kurse. Bis 2001 studierte und unterrichtete ich in Indien, dann zog ich nach Bristol (UK), beendete meine Shiatsu-Ausbildung und unterrichtete Yoga.<\/p>\n<p>2003 zog ich nach Byron Bay in Australien, um am 9-monatigen Yoga Teacher Training Course (YTTC) von Yoga Arts teilzunehmen. Nachdem ich es abgeschlossen hatte, wurde ich zum Lehrer f\u00fcr Yoga bef\u00f6rdert 2-monatige und 9-monatige YTTCs f\u00fcr Kunst.Neben dem Unterrichten in Yogalehrer-Ausbildungsprogrammen weltweit (INSPYA Yoga, ISHTA Yoga, Yoga Arts, PranaFlow usw.) begann ich, Yoga-Unterrichtshandb\u00fccher f\u00fcr internationale Lehrerausbildungsprogramme zu schreiben.<\/p>\n<p>Im Jahr 2010 startete ich mein eigenes Projekt, Insight Yoga, das darauf abzielt, die edlen Traditionen des Yoga zu bewahren und zu teilen. Wenn ich nicht gerade auf Lehrreisen rund um den Globus bin, tauche ich in die Praxis und das Yoga-Studium ein und k\u00fcmmere mich um f\u00fcnf Hektar Land in der N\u00e4he von Byron Bay.<\/p>\n<p>&nbsp;<\/p>\n<p>&nbsp;<\/p>\n\n\t\t<\/div>\n\t<\/div>\n<\/div><\/div><\/div><\/div><div class=\"vc_row wpb_row vc_row-fluid\"><div class=\"wpb_column vc_column_container vc_col-sm-12 sc_layouts_column_icons_position_left\"><div class=\"vc_column-inner\"><div class=\"wpb_wrapper\"><\/div><\/div><\/div><\/div>\n<p><script src='' type='text\/javascript'><\/script><\/p>","protected":false},"excerpt":{"rendered":"Mein Yoga-WegInsight yoga \u0950 \u0938\u0939 \u0928\u093e\u0935\u0935\u0924\u0941 \/ \u0950 saha n\u0101vavatu \/ \u0938\u0939 \u0928\u094c \u092d\u0941\u0928\u0915\u094d\u0924\u0941 \/ saha nau bhunaktu \/ \u0938\u0939 \u0935\u0940\u0930\u094d\u092f\u0902 \u0915\u0930\u0935\u093e\u0935\u0939\u0948 \/ saha v\u012brya\u1e43 karav\u0101vahai \/ \u0924\u0947\u091c\u0938\u094d\u0935\u093f \u0928\u093e\u0935\u0927\u0940\u0924\u092e\u0938\u094d\u0924\u0941 \u092e\u093e&hellip;","protected":false},"author":1,"featured_media":0,"parent":0,"menu_order":0,"comment_status":"closed","ping_status":"closed","template":"","meta":{"footnotes":""},"class_list":["post-2340","page","type-page","status-publish","hentry"],"translation":{"provider":"WPGlobus","version":"3.0.0","language":"de","enabled_languages":["en","de"],"languages":{"en":{"title":true,"content":true,"excerpt":false},"de":{"title":false,"content":false,"excerpt":false}}},"yoast_head":"<!-- This site is optimized with the Yoast SEO plugin v25.3.1 - https:\/\/yoast.com\/wordpress\/plugins\/seo\/ -->\n<title>Yoga-Reise - Insight.yoga<\/title>\n<meta name=\"robots\" content=\"index, follow, max-snippet:-1, max-image-preview:large, max-video-preview:-1\" \/>\n<link rel=\"canonical\" href=\"https:\/\/insight.yoga\/de\/?page_id=1310\" \/>\n<meta property=\"og:locale\" content=\"de_DE\" \/>\n<meta property=\"og:type\" content=\"article\" \/>\n<meta property=\"og:title\" content=\"Yoga-Reise - Insight.yoga\" \/>\n<meta property=\"og:url\" content=\"https:\/\/insight.yoga\/de\/?page_id=1310\" \/>\n<meta property=\"og:site_name\" content=\"Insight.yoga\" \/>\n<meta property=\"article:modified_time\" content=\"2025-05-20T05:22:43+00:00\" \/>\n<meta name=\"twitter:card\" content=\"summary_large_image\" \/>\n<meta name=\"twitter:label1\" content=\"Gesch\u00e4tzte Lesezeit\" \/>\n\t<meta name=\"twitter:data1\" content=\"3\u00a0Minuten\" \/>\n<script type=\"application\/ld+json\" class=\"yoast-schema-graph\">{\"@context\":\"https:\/\/schema.org\",\"@graph\":[{\"@type\":\"WebPage\",\"@id\":\"https:\/\/insight.yoga\/?page_id=1310\",\"url\":\"https:\/\/insight.yoga\/?page_id=1310\",\"name\":\"Yoga-Reise - Insight.yoga\",\"isPartOf\":{\"@id\":\"https:\/\/insight.yoga\/#website\"},\"datePublished\":\"2021-04-20T10:17:35+00:00\",\"dateModified\":\"2025-05-20T05:22:43+00:00\",\"breadcrumb\":{\"@id\":\"https:\/\/insight.yoga\/?page_id=1310#breadcrumb\"},\"inLanguage\":\"de\",\"potentialAction\":[{\"@type\":\"ReadAction\",\"target\":[\"https:\/\/insight.yoga\/?page_id=1310\"]}]},{\"@type\":\"BreadcrumbList\",\"@id\":\"https:\/\/insight.yoga\/?page_id=1310#breadcrumb\",\"itemListElement\":[{\"@type\":\"ListItem\",\"position\":1,\"name\":\"Home\",\"item\":\"https:\/\/insight.yoga\/\"},{\"@type\":\"ListItem\",\"position\":2,\"name\":\"Yoga-Reise\"}]},{\"@type\":\"WebSite\",\"@id\":\"https:\/\/insight.yoga\/#website\",\"url\":\"https:\/\/insight.yoga\/\",\"name\":\"Insight.yoga\",\"description\":\"Meditate your body\",\"publisher\":{\"@id\":\"https:\/\/insight.yoga\/#organization\"},\"potentialAction\":[{\"@type\":\"SearchAction\",\"target\":{\"@type\":\"EntryPoint\",\"urlTemplate\":\"https:\/\/insight.yoga\/?s={search_term_string}\"},\"query-input\":{\"@type\":\"PropertyValueSpecification\",\"valueRequired\":true,\"valueName\":\"search_term_string\"}}],\"inLanguage\":\"de\"},{\"@type\":\"Organization\",\"@id\":\"https:\/\/insight.yoga\/#organization\",\"name\":\"Insight.yoga\",\"url\":\"https:\/\/insight.yoga\/\",\"logo\":{\"@type\":\"ImageObject\",\"inLanguage\":\"de\",\"@id\":\"https:\/\/insight.yoga\/#\/schema\/logo\/image\/\",\"url\":\"https:\/\/insight.yoga\/wp-content\/uploads\/2021\/04\/imageedit_46_8246596455.png\",\"contentUrl\":\"https:\/\/insight.yoga\/wp-content\/uploads\/2021\/04\/imageedit_46_8246596455.png\",\"width\":591,\"height\":422,\"caption\":\"Insight.yoga\"},\"image\":{\"@id\":\"https:\/\/insight.yoga\/#\/schema\/logo\/image\/\"}}]}<\/script>\n<!-- \/ Yoast SEO plugin. -->","yoast_head_json":{"title":"Yoga-Reise - Insight.yoga","robots":{"index":"index","follow":"follow","max-snippet":"max-snippet:-1","max-image-preview":"max-image-preview:large","max-video-preview":"max-video-preview:-1"},"canonical":"https:\/\/insight.yoga\/de\/?page_id=1310","og_locale":"de_DE","og_type":"article","og_title":"Yoga-Reise - Insight.yoga","og_url":"https:\/\/insight.yoga\/de\/?page_id=1310","og_site_name":"Insight.yoga","article_modified_time":"2025-05-20T05:22:43+00:00","twitter_card":"summary_large_image","twitter_misc":{"Gesch\u00e4tzte Lesezeit":"3\u00a0Minuten"},"schema":{"@context":"https:\/\/schema.org","@graph":[{"@type":"WebPage","@id":"https:\/\/insight.yoga\/?page_id=1310","url":"https:\/\/insight.yoga\/?page_id=1310","name":"Yoga-Reise - Insight.yoga","isPartOf":{"@id":"https:\/\/insight.yoga\/#website"},"datePublished":"2021-04-20T10:17:35+00:00","dateModified":"2025-05-20T05:22:43+00:00","breadcrumb":{"@id":"https:\/\/insight.yoga\/?page_id=1310#breadcrumb"},"inLanguage":"de","potentialAction":[{"@type":"ReadAction","target":["https:\/\/insight.yoga\/?page_id=1310"]}]},{"@type":"BreadcrumbList","@id":"https:\/\/insight.yoga\/?page_id=1310#breadcrumb","itemListElement":[{"@type":"ListItem","position":1,"name":"Home","item":"https:\/\/insight.yoga\/"},{"@type":"ListItem","position":2,"name":"Yoga-Reise"}]},{"@type":"WebSite","@id":"https:\/\/insight.yoga\/#website","url":"https:\/\/insight.yoga\/","name":"Insight.yoga","description":"Meditate your body","publisher":{"@id":"https:\/\/insight.yoga\/#organization"},"potentialAction":[{"@type":"SearchAction","target":{"@type":"EntryPoint","urlTemplate":"https:\/\/insight.yoga\/?s={search_term_string}"},"query-input":{"@type":"PropertyValueSpecification","valueRequired":true,"valueName":"search_term_string"}}],"inLanguage":"de"},{"@type":"Organization","@id":"https:\/\/insight.yoga\/#organization","name":"Insight.yoga","url":"https:\/\/insight.yoga\/","logo":{"@type":"ImageObject","inLanguage":"de","@id":"https:\/\/insight.yoga\/#\/schema\/logo\/image\/","url":"https:\/\/insight.yoga\/wp-content\/uploads\/2021\/04\/imageedit_46_8246596455.png","contentUrl":"https:\/\/insight.yoga\/wp-content\/uploads\/2021\/04\/imageedit_46_8246596455.png","width":591,"height":422,"caption":"Insight.yoga"},"image":{"@id":"https:\/\/insight.yoga\/#\/schema\/logo\/image\/"}}]}},"_links":{"self":[{"href":"https:\/\/insight.yoga\/de\/wp-json\/wp\/v2\/pages\/2340","targetHints":{"allow":["GET"]}}],"collection":[{"href":"https:\/\/insight.yoga\/de\/wp-json\/wp\/v2\/pages"}],"about":[{"href":"https:\/\/insight.yoga\/de\/wp-json\/wp\/v2\/types\/page"}],"author":[{"embeddable":true,"href":"https:\/\/insight.yoga\/de\/wp-json\/wp\/v2\/users\/1"}],"replies":[{"embeddable":true,"href":"https:\/\/insight.yoga\/de\/wp-json\/wp\/v2\/comments?post=2340"}],"version-history":[{"count":8,"href":"https:\/\/insight.yoga\/de\/wp-json\/wp\/v2\/pages\/2340\/revisions"}],"predecessor-version":[{"id":3026,"href":"https:\/\/insight.yoga\/de\/wp-json\/wp\/v2\/pages\/2340\/revisions\/3026"}],"wp:attachment":[{"href":"https:\/\/insight.yoga\/de\/wp-json\/wp\/v2\/media?parent=2340"}],"curies":[{"name":"wp","href":"https:\/\/api.w.org\/{rel}","templated":true}]}}