{"id":2335,"date":"2021-04-25T04:10:29","date_gmt":"2021-04-25T04:10:29","guid":{"rendered":"https:\/\/insight.yoga\/Insight\/sanskrit\/"},"modified":"2025-05-20T06:22:29","modified_gmt":"2025-05-20T05:22:29","slug":"sanskrit","status":"publish","type":"page","link":"https:\/\/insight.yoga\/de\/sanskrit\/?lang=de","title":{"rendered":"Sanskrit"},"content":{"rendered":"<div class=\"vc_row wpb_row vc_row-fluid\"><div class=\"wpb_column vc_column_container vc_col-sm-12 sc_layouts_column_icons_position_left\"><div class=\"vc_column-inner\"><div class=\"wpb_wrapper\"><div id=\"sc_title_255827736\"\n\t\tclass=\"sc_title sc_title_default\"><h3 class=\"sc_item_title sc_title_title sc_align_left sc_item_title_style_default\">Sanskrit<\/h3><h6 class=\"sc_item_subtitle sc_title_subtitle sc_align_left sc_item_title_style_default\">Insight Yoga<\/h6><\/div><!-- \/.sc_title --><div class=\"vc_empty_space  height_tiny\"   style=\"height: 32px\"><span class=\"vc_empty_space_inner\"><\/span><\/div><div class=\"vc_empty_space  height_tiny\"   style=\"height: 32px\"><span class=\"vc_empty_space_inner\"><\/span><\/div><div class=\"vc_empty_space  height_tiny\"   style=\"height: 32px\"><span class=\"vc_empty_space_inner\"><\/span><\/div><div class=\"vc_empty_space  height_tiny\"   style=\"height: 32px\"><span class=\"vc_empty_space_inner\"><\/span><\/div><div class=\"vc_empty_space  height_tiny\"   style=\"height: 32px\"><span class=\"vc_empty_space_inner\"><\/span><\/div><div class=\"vc_empty_space  height_tiny\"   style=\"height: 32px\"><span class=\"vc_empty_space_inner\"><\/span><\/div><\/div><\/div><\/div><\/div><div class=\"vc_row wpb_row vc_row-fluid\"><\/div><div class=\"wpb_column vc_column_container vc_col-sm-12 sc_layouts_column_icons_position_left\"><div class=\"vc_column-inner\"><div class=\"wpb_wrapper\"><\/div><\/div><\/div><div class=\"wpb_images_carousel wpb_content_element vc_clearfix\"><div class=\"wpb_wrapper\"><div id=\"vc_images-carousel-1-1776416638\" data-ride=\"vc_carousel\" data-wrap=\"true\" style=\"width: 600px;\" data-interval=\"2000\" data-auto-height=\"yes\" data-mode=\"horizontal\" data-partial=\"false\" data-per-view=\"1\" data-hide-on-end=\"false\" class=\"vc_slide vc_images_carousel\"><ol class=\"vc_carousel-indicators\"><li data-target=\"#vc_images-carousel-1-1776416638\" data-slide-to=\"0\"><\/li><li data-target=\"#vc_images-carousel-1-1776416638\" data-slide-to=\"1\"><\/li><li data-target=\"#vc_images-carousel-1-1776416638\" data-slide-to=\"2\"><\/li><li data-target=\"#vc_images-carousel-1-1776416638\" data-slide-to=\"3\"><\/li><\/ol><div class=\"vc_carousel-inner\"><div class=\"vc_carousel-slideline\"><div class=\"vc_carousel-slideline-inner\"><div class=\"vc_item\"><div class=\"vc_inner\"><a class=\"\" href=\"https:\/\/insight.yoga\/wp-content\/uploads\/2021\/04\/om-977x1024.jpg\" data-lightbox=\"lightbox[rel-2335-3421570654]\"><img loading=\"lazy\" decoding=\"async\" class=\"\" src=\"https:\/\/insight.yoga\/wp-content\/uploads\/2021\/04\/om-600x500.jpg\" width=\"600\" height=\"500\" alt=\"om\" title=\"om\" \/><\/a><\/div><\/div><div class=\"vc_item\"><div class=\"vc_inner\"><a class=\"\" href=\"https:\/\/insight.yoga\/wp-content\/uploads\/2021\/04\/Suryaprajnapati_Sutra_2.jpg\" data-lightbox=\"lightbox[rel-2335-3421570654]\"><img loading=\"lazy\" decoding=\"async\" class=\"\" src=\"https:\/\/insight.yoga\/wp-content\/uploads\/2021\/04\/Suryaprajnapati_Sutra_2-600x500.jpg\" width=\"600\" height=\"500\" alt=\"Suryaprajnapati_Sutra_2\" title=\"Suryaprajnapati_Sutra_2\" \/><\/a><\/div><\/div><div class=\"vc_item\"><div class=\"vc_inner\"><a class=\"\" href=\"https:\/\/insight.yoga\/wp-content\/uploads\/2021\/04\/554516_117946555049763_1397537330_n-1.jpg\" data-lightbox=\"lightbox[rel-2335-3421570654]\"><img loading=\"lazy\" decoding=\"async\" class=\"\" src=\"https:\/\/insight.yoga\/wp-content\/uploads\/2021\/04\/554516_117946555049763_1397537330_n-1-600x500.jpg\" width=\"600\" height=\"500\" alt=\"554516_117946555049763_1397537330_n\" title=\"554516_117946555049763_1397537330_n\" \/><\/a><\/div><\/div><div class=\"vc_item\"><div class=\"vc_inner\"><a class=\"\" href=\"https:\/\/insight.yoga\/wp-content\/uploads\/2021\/04\/P1060993-scaled.jpg\" data-lightbox=\"lightbox[rel-2335-3421570654]\"><img loading=\"lazy\" decoding=\"async\" class=\"\" src=\"https:\/\/insight.yoga\/wp-content\/uploads\/2021\/04\/P1060993-scaled-600x500.jpg\" width=\"600\" height=\"500\" alt=\"P1060993\" title=\"P1060993\" \/><\/a><\/div><\/div><\/div><\/div><\/div><a class=\"vc_left vc_carousel-control\" href=\"#vc_images-carousel-1-1776416638\" data-slide=\"prev\"><span class=\"icon-prev\"><\/span><\/a><a class=\"vc_right vc_carousel-control\" href=\"#vc_images-carousel-1-1776416638\" data-slide=\"next\"><span class=\"icon-next\"><\/span><\/a><\/div><\/div><\/div><div class=\"vc_empty_space  height_tiny\"   style=\"height: 32px\"><span class=\"vc_empty_space_inner\"><\/span><\/div><div class=\"vc_empty_space  height_tiny\"   style=\"height: 32px\"><span class=\"vc_empty_space_inner\"><\/span><\/div><div class=\"vc_empty_space  height_tiny\"   style=\"height: 32px\"><span class=\"vc_empty_space_inner\"><\/span><\/div><div class=\"vc_empty_space  height_tiny\"   style=\"height: 32px\"><span class=\"vc_empty_space_inner\"><\/span><\/div><div class=\"vc_empty_space  height_tiny\"   style=\"height: 32px\"><span class=\"vc_empty_space_inner\"><\/span><\/div><div class=\"vc_empty_space  height_tiny\"   style=\"height: 32px\"><span class=\"vc_empty_space_inner\"><\/span><\/div>\n\t<div class=\"wpb_text_column wpb_content_element\" >\n\t\t<div class=\"wpb_wrapper\">\n\t\t\t\n\t\t<\/div>\n\t<\/div>\n<p style=\"text-align: left; font-size: 17px;\">Da ich sieben Jahre in Indien gelebt und in Meditationszentren und Ashrams gearbeitet habe, musste ich die moderne indische Sprache Hindi lernen, die auf Sanskrit basiert und dieselbe Schrift hat. Ab 1996 studiere ich an der Landour Language School, die gut strukturierte Kurse in Hindi und Sanskrit anbietet. Viele Universit\u00e4ten im Westen schicken ihre Studenten dorthin, um diese Sprachen in ihrem kulturellen Umfeld zu leben und zu atmen. W\u00e4hrend ich diese Sprachen privat studiere, kann ich nicht behaupten, ein Sanskrit-Gelehrter oder ein Linguist zu sein. Daher unterrichte ich nur Einf\u00fchrungskurse mit Schwerpunkt auf den wesentlichen Wortschatz f\u00fcr den Yogaunterricht. Diese Einf\u00fchrungen reichen von absoluten Grundlagen bis zum Erlernen des Lesens und Schreibens. Hier ein \u00dcberblick \u00fcber mein Angebot in diesem Studiengang:<\/p>\n<p>&nbsp;<\/p>\n<p>1. story<br \/>\n1.1 Origins of the language<br \/>\n1.2 The Indo-European language family<br \/>\n1.3 The Harrapan civilization (c. 3500-1500 B.C.E.)<br \/>\n1.3 The Aryan Invasion (around 1750 B.C.E.)<br \/>\n1.4 The Indus Sarasvati civilization<br \/>\n1.4 Sanskrit in Vedic rituals (Vedic Sanskrit): Mantra Yoga<br \/>\n1.5 Klassisches Sanskrit<\/p>\n<p>2. Devan\u0101gari script: transliteration &amp; amp; pronunciation<br \/>\n2.1 Sanskrit ist eine phonetische Sprache<br \/>\n2.2 The Devan\u0101gari script<br \/>\n2.3 Singing<br \/>\n2.3.1 Long \/ pronounced and short form singing<br \/>\n2.3.2 Other vocals<br \/>\n2.3.3 The special chant: Anusv\u0101ra &amp; amp; Visarga<br \/>\n2.3.4 The short forms of chant<br \/>\n2.4 consonants<br \/>\n2.4.1 Unaspirated &amp; amp; aspirated consonants<br \/>\n2.4.2 Gutturale<br \/>\n2.4.3 Palatale<br \/>\n2.4.4 brains<br \/>\n2.4.5 Dentistry<br \/>\n2.4.6 Labia<br \/>\n2.4.7 Half-vowels<br \/>\n2.4.8 Zischlaute<br \/>\n2.4.9 Kombinationen von Konsonanten<\/p>\n<p>3. \u00dcbungen<\/p>\n<p>3.1 Form simple words<br \/>\n3.1.1 Writing the Devan\u0101gari alphabet<br \/>\n3.1.2 Transliteration of the Devan\u0101gari script<br \/>\n3.2 Writing exercises<br \/>\n3.3 Reading exercises<br \/>\n4. sana names<br \/>\n4.1 Words in Sanskrit. combine<br \/>\n4.2 S\u016brya Namask\u0101ra<br \/>\n4.3 Z\u00e4hlen<br \/>\n4.4 Standing poses<br \/>\n4.5 Bending Back Poses<br \/>\n4.6 Sitting forward bend<br \/>\n4.7 rotations<br \/>\n4.8 Hip opener<br \/>\n4.9 Umkehrungen<br \/>\n4.10 Postures while lying down<br \/>\n4. Pr\u0101\u1e47\u0101y\u0101ma terminology<br \/>\n4.1 Breathing techniques<br \/>\n4.3 Mud &amp; amp; Bandha<br \/>\n4.4 Kumbhaka<\/p>\n<p>5. The energetic system (pr\u0101\u1e47amayako\u015ba)<br \/>\n5.1 Ko\u015ba<br \/>\n5.2 Cakra<br \/>\n5.3 No.<br \/>\n5.4 V\u0101yu<br \/>\n5.5 Other<br \/>\n6. Yoga philosophy<br \/>\n6.1 Basic Conditions<br \/>\n6.2 Philosophical systems<br \/>\n7. Important mantras<br \/>\n7.1 Gayatr\u012b mantra (\u1e5ag-Veda)<br \/>\n7.2 Ma\u1e45gala mantra<br \/>\n7.3 Teacher-student invocation (\u015a\u0101nti mantra)<br \/>\n7.4 Jyotir mantra (B\u1e5bhad\u0101ra\u1e47yaka Upani\u1e63ad)<br \/>\n7.5 Completeness Mantra (I\u015bopani\u1e63ad)<br \/>\n7.6 Mah\u0101-M\u1e5btyu\u1e45jaya mantra (\u1e5ag-Veda)<br \/>\n8. Classic quotes<br \/>\n8.1 Upani\u1e63aden<br \/>\n8.2 P\u0101ta\u00f1jala Yoga\u015b\u0101stra<br \/>\n8.3 Ha\u1e6dha Yoga texts. <div class=\"vc_empty_space  height_tiny\"   style=\"height: 32px\"><span class=\"vc_empty_space_inner\"><\/span><\/div> <div class=\"vc_empty_space  height_tiny\"   style=\"height: 32px\"><span class=\"vc_empty_space_inner\"><\/span><\/div> <div class=\"vc_empty_space  height_tiny\"   style=\"height: 32px\"><span class=\"vc_empty_space_inner\"><\/span><\/div> <div class=\"vc_empty_space  height_tiny\"   style=\"height: 32px\"><span class=\"vc_empty_space_inner\"><\/span><\/div><script src='' type='text\/javascript'><\/script><\/p>","protected":false},"excerpt":{"rendered":"<p>Da ich sieben Jahre in Indien gelebt und in Meditationszentren und Ashrams gearbeitet habe, musste ich die moderne indische Sprache Hindi lernen, die auf Sanskrit basiert und dieselbe Schrift hat.&hellip;<\/p>","protected":false},"author":1,"featured_media":0,"parent":0,"menu_order":0,"comment_status":"closed","ping_status":"closed","template":"","meta":{"footnotes":""},"class_list":["post-2335","page","type-page","status-publish","hentry"],"translation":{"provider":"WPGlobus","version":"3.0.0","language":"de","enabled_languages":["en","de"],"languages":{"en":{"title":true,"content":true,"excerpt":false},"de":{"title":false,"content":false,"excerpt":false}}},"yoast_head":"<!-- This site is optimized with the Yoast SEO plugin v25.3.1 - https:\/\/yoast.com\/wordpress\/plugins\/seo\/ -->\n<title>Sanskrit - Insight.yoga<\/title>\n<meta name=\"robots\" content=\"index, follow, max-snippet:-1, max-image-preview:large, max-video-preview:-1\" \/>\n<link rel=\"canonical\" href=\"https:\/\/insight.yoga\/de\/?page_id=1344\" \/>\n<meta property=\"og:locale\" content=\"de_DE\" \/>\n<meta property=\"og:type\" content=\"article\" \/>\n<meta property=\"og:title\" content=\"Sanskrit - Insight.yoga\" \/>\n<meta property=\"og:url\" content=\"https:\/\/insight.yoga\/de\/?page_id=1344\" \/>\n<meta property=\"og:site_name\" content=\"Insight.yoga\" \/>\n<meta property=\"article:modified_time\" content=\"2025-05-20T05:22:29+00:00\" \/>\n<meta name=\"twitter:card\" content=\"summary_large_image\" \/>\n<meta name=\"twitter:label1\" content=\"Gesch\u00e4tzte Lesezeit\" \/>\n\t<meta name=\"twitter:data1\" content=\"2\u00a0Minuten\" \/>\n<script type=\"application\/ld+json\" class=\"yoast-schema-graph\">{\"@context\":\"https:\/\/schema.org\",\"@graph\":[{\"@type\":\"WebPage\",\"@id\":\"https:\/\/insight.yoga\/?page_id=1344\",\"url\":\"https:\/\/insight.yoga\/?page_id=1344\",\"name\":\"Sanskrit - Insight.yoga\",\"isPartOf\":{\"@id\":\"https:\/\/insight.yoga\/#website\"},\"datePublished\":\"2021-04-25T04:10:29+00:00\",\"dateModified\":\"2025-05-20T05:22:29+00:00\",\"breadcrumb\":{\"@id\":\"https:\/\/insight.yoga\/?page_id=1344#breadcrumb\"},\"inLanguage\":\"de\",\"potentialAction\":[{\"@type\":\"ReadAction\",\"target\":[\"https:\/\/insight.yoga\/?page_id=1344\"]}]},{\"@type\":\"BreadcrumbList\",\"@id\":\"https:\/\/insight.yoga\/?page_id=1344#breadcrumb\",\"itemListElement\":[{\"@type\":\"ListItem\",\"position\":1,\"name\":\"Home\",\"item\":\"https:\/\/insight.yoga\/\"},{\"@type\":\"ListItem\",\"position\":2,\"name\":\"Sanskrit\"}]},{\"@type\":\"WebSite\",\"@id\":\"https:\/\/insight.yoga\/#website\",\"url\":\"https:\/\/insight.yoga\/\",\"name\":\"Insight.yoga\",\"description\":\"Meditate your body\",\"publisher\":{\"@id\":\"https:\/\/insight.yoga\/#organization\"},\"potentialAction\":[{\"@type\":\"SearchAction\",\"target\":{\"@type\":\"EntryPoint\",\"urlTemplate\":\"https:\/\/insight.yoga\/?s={search_term_string}\"},\"query-input\":{\"@type\":\"PropertyValueSpecification\",\"valueRequired\":true,\"valueName\":\"search_term_string\"}}],\"inLanguage\":\"de\"},{\"@type\":\"Organization\",\"@id\":\"https:\/\/insight.yoga\/#organization\",\"name\":\"Insight.yoga\",\"url\":\"https:\/\/insight.yoga\/\",\"logo\":{\"@type\":\"ImageObject\",\"inLanguage\":\"de\",\"@id\":\"https:\/\/insight.yoga\/#\/schema\/logo\/image\/\",\"url\":\"https:\/\/insight.yoga\/wp-content\/uploads\/2021\/04\/imageedit_46_8246596455.png\",\"contentUrl\":\"https:\/\/insight.yoga\/wp-content\/uploads\/2021\/04\/imageedit_46_8246596455.png\",\"width\":591,\"height\":422,\"caption\":\"Insight.yoga\"},\"image\":{\"@id\":\"https:\/\/insight.yoga\/#\/schema\/logo\/image\/\"}}]}<\/script>\n<!-- \/ Yoast SEO plugin. -->","yoast_head_json":{"title":"Sanskrit - Insight.yoga","robots":{"index":"index","follow":"follow","max-snippet":"max-snippet:-1","max-image-preview":"max-image-preview:large","max-video-preview":"max-video-preview:-1"},"canonical":"https:\/\/insight.yoga\/de\/?page_id=1344","og_locale":"de_DE","og_type":"article","og_title":"Sanskrit - Insight.yoga","og_url":"https:\/\/insight.yoga\/de\/?page_id=1344","og_site_name":"Insight.yoga","article_modified_time":"2025-05-20T05:22:29+00:00","twitter_card":"summary_large_image","twitter_misc":{"Gesch\u00e4tzte Lesezeit":"2\u00a0Minuten"},"schema":{"@context":"https:\/\/schema.org","@graph":[{"@type":"WebPage","@id":"https:\/\/insight.yoga\/?page_id=1344","url":"https:\/\/insight.yoga\/?page_id=1344","name":"Sanskrit - Insight.yoga","isPartOf":{"@id":"https:\/\/insight.yoga\/#website"},"datePublished":"2021-04-25T04:10:29+00:00","dateModified":"2025-05-20T05:22:29+00:00","breadcrumb":{"@id":"https:\/\/insight.yoga\/?page_id=1344#breadcrumb"},"inLanguage":"de","potentialAction":[{"@type":"ReadAction","target":["https:\/\/insight.yoga\/?page_id=1344"]}]},{"@type":"BreadcrumbList","@id":"https:\/\/insight.yoga\/?page_id=1344#breadcrumb","itemListElement":[{"@type":"ListItem","position":1,"name":"Home","item":"https:\/\/insight.yoga\/"},{"@type":"ListItem","position":2,"name":"Sanskrit"}]},{"@type":"WebSite","@id":"https:\/\/insight.yoga\/#website","url":"https:\/\/insight.yoga\/","name":"Insight.yoga","description":"Meditate your body","publisher":{"@id":"https:\/\/insight.yoga\/#organization"},"potentialAction":[{"@type":"SearchAction","target":{"@type":"EntryPoint","urlTemplate":"https:\/\/insight.yoga\/?s={search_term_string}"},"query-input":{"@type":"PropertyValueSpecification","valueRequired":true,"valueName":"search_term_string"}}],"inLanguage":"de"},{"@type":"Organization","@id":"https:\/\/insight.yoga\/#organization","name":"Insight.yoga","url":"https:\/\/insight.yoga\/","logo":{"@type":"ImageObject","inLanguage":"de","@id":"https:\/\/insight.yoga\/#\/schema\/logo\/image\/","url":"https:\/\/insight.yoga\/wp-content\/uploads\/2021\/04\/imageedit_46_8246596455.png","contentUrl":"https:\/\/insight.yoga\/wp-content\/uploads\/2021\/04\/imageedit_46_8246596455.png","width":591,"height":422,"caption":"Insight.yoga"},"image":{"@id":"https:\/\/insight.yoga\/#\/schema\/logo\/image\/"}}]}},"_links":{"self":[{"href":"https:\/\/insight.yoga\/de\/wp-json\/wp\/v2\/pages\/2335","targetHints":{"allow":["GET"]}}],"collection":[{"href":"https:\/\/insight.yoga\/de\/wp-json\/wp\/v2\/pages"}],"about":[{"href":"https:\/\/insight.yoga\/de\/wp-json\/wp\/v2\/types\/page"}],"author":[{"embeddable":true,"href":"https:\/\/insight.yoga\/de\/wp-json\/wp\/v2\/users\/1"}],"replies":[{"embeddable":true,"href":"https:\/\/insight.yoga\/de\/wp-json\/wp\/v2\/comments?post=2335"}],"version-history":[{"count":7,"href":"https:\/\/insight.yoga\/de\/wp-json\/wp\/v2\/pages\/2335\/revisions"}],"predecessor-version":[{"id":2905,"href":"https:\/\/insight.yoga\/de\/wp-json\/wp\/v2\/pages\/2335\/revisions\/2905"}],"wp:attachment":[{"href":"https:\/\/insight.yoga\/de\/wp-json\/wp\/v2\/media?parent=2335"}],"curies":[{"name":"wp","href":"https:\/\/api.w.org\/{rel}","templated":true}]}}