{"id":2330,"date":"2021-04-20T11:07:55","date_gmt":"2021-04-20T11:07:55","guid":{"rendered":"https:\/\/insight.yoga\/Insight\/publications\/"},"modified":"2025-05-20T06:22:37","modified_gmt":"2025-05-20T05:22:37","slug":"publications","status":"publish","type":"page","link":"https:\/\/insight.yoga\/de\/publications\/?lang=de","title":{"rendered":"Ver\u00f6ffentlichungen"},"content":{"rendered":"<div class=\"vc_row wpb_row vc_row-fluid\"><div class=\"wpb_column vc_column_container vc_col-sm-12 sc_layouts_column_icons_position_left\"><div class=\"vc_column-inner\"><div class=\"wpb_wrapper\"><div id=\"sc_title_1738601196\"\n\t\tclass=\"sc_title sc_title_default\"><h3 class=\"sc_item_title sc_title_title sc_align_left sc_item_title_style_default\">Ver\u00f6ffentlichungen<\/h3><h6 class=\"sc_item_subtitle sc_title_subtitle sc_align_left sc_item_title_style_default\">Insight yoga<\/h6><\/div><!-- \/.sc_title --><div class=\"vc_empty_space  height_tiny\"   style=\"height: 32px\"><span class=\"vc_empty_space_inner\"><\/span><\/div><div class=\"vc_empty_space  height_tiny\"   style=\"height: 32px\"><span class=\"vc_empty_space_inner\"><\/span><\/div><div class=\"vc_empty_space  height_tiny\"   style=\"height: 32px\"><span class=\"vc_empty_space_inner\"><\/span><\/div><\/div><\/div><\/div><\/div><div class=\"vc_row wpb_row vc_row-fluid\"><div class=\"wpb_column vc_column_container vc_col-sm-12 sc_layouts_column_icons_position_left\"><div class=\"vc_column-inner\"><div class=\"wpb_wrapper\"><div class=\"vc_empty_space  height_tiny\"   style=\"height: 32px\"><span class=\"vc_empty_space_inner\"><\/span><\/div><div class=\"vc_empty_space  height_tiny\"   style=\"height: 32px\"><span class=\"vc_empty_space_inner\"><\/span><\/div><div class=\"vc_empty_space  height_tiny\"   style=\"height: 32px\"><span class=\"vc_empty_space_inner\"><\/span><\/div><div class=\"vc_empty_space  height_tiny\"   style=\"height: 32px\"><span class=\"vc_empty_space_inner\"><\/span><\/div>\n\t<div class=\"wpb_text_column wpb_content_element\" >\n\t\t<div class=\"wpb_wrapper\">\n\t\t\t<p><strong>Unterrichten ist der gr\u00f6\u00dfte Optimismus.<\/strong><br \/>\n<em><strong>\u201cColleen Wilcox\u201d<\/strong><\/em><\/p>\n<p><strong>2020<\/strong> Deutschsprachiges Handbuch f\u00fcr die Weiterbildung in Pr\u0101\u1e47\u0101y\u0101ma<\/p>\n<p><strong>2018<\/strong> Deutschsprachiges Handbuch zur Weiterbildung in Achtsamkeitsmeditation<\/p>\n<p><strong>2016<\/strong> Handbuch in deutscher Sprache f\u00fcr Einf\u00fchrungskurse in die Achtsamkeitsmeditation<\/p>\n<p><strong>2015<\/strong> Aktualisierte und \u00fcberarbeitete Handb\u00fccher zu Pr\u0101\u1e47\u0101yMedima\/Meditation und Yoga Philosophie (Englisch)<br \/>\n&Ampere; Deutsche Versionen)<\/p>\n<p><strong>2014<\/strong> Einf\u00fchrung in die Achtsamkeit f\u00fcr meine Workshops in Australien und Asien<\/p>\n<p><strong>2013<\/strong> Deutschsprachiges Handbuch f\u00fcr Fortgeschrittene Yogaphilosophie (500-YTTC-Niveau)<\/p>\n<p><strong>2012<\/strong> Aktualisiertes und \u00fcberarbeitetes Ausbildungshandbuch f\u00fcr Philosophielehrer, Teil 2 f\u00fcr registriertes Yoga<br \/>\nAllianz 500 Stunden Trainings<\/p>\n<p>Grundlagen der Yoga Philosophie, Teil 2<\/p>\n<p>Eine Einf\u00fchrung in das Lehren von Pr\u0101\u1e47\u0101y\u0101ma und Meditation, Teil 1 &amp;amp; Teil 2<\/p>\n<p><strong>2010<\/strong> Einf\u00fchrung in das Pr\u0101\u1e47\u0101y\u0101ma, vertrieben durch das WINstitut, Deutschland<\/p>\n<p>Pr\u0101\u1e47\u0101y\u0101ma &amp;amp; Meditationslehrer-Ausbildungshandbuch f\u00fcr Level 3, f\u00fcr registriertes Yoga<br \/>\nAlliance 500-Stunden-Trainings verteilt \u00fcber INSPYA Yoga, Australien<\/p>\n<p><strong>2008<\/strong> Aktualisiertes und \u00fcberarbeitetes Ausbildungshandbuch f\u00fcr Philosophielehrer f\u00fcr registriertes Yoga<br \/>\nAlliance 200-Stunden-Training, verteilt durch INSPYA Yoga, Australien<\/p>\n<p>Grundlagen der Yoga Philosophie 1, vertrieben durch das WINstitut, Deutschland<\/p>\n<p><strong>2007<\/strong> Philosophielehrer-Ausbildungshandbuch II f\u00fcr eine registrierte 500-Stunden-Yoga-Allianz<br \/>\nTraining, vertrieben durch INSPYA Yoga, Australien<\/p>\n<p>Pr\u0101\u1e47\u0101y\u0101ma &amp;amp; Meditationslehrer-Ausbildungshandbuch f\u00fcr Level 3, f\u00fcr registriertes Yoga<br \/>\nAlliance 500-Stunden-Training, verteilt durch INSPYA Yoga, Australien<\/p>\n<p><strong>2005<\/strong> Arbeitsbuch zur Einf\u00fchrung in die Yogalehrerausbildung Stufe 2, verteilt \u00fcber Yoga<br \/>\nKunst, Australien<\/p>\n<p>Philosophischer Teil f\u00fcr das Lehrerausbildungshandbuch, verteilt \u00fcber INSPYA Yoga,<br \/>\nAustralien<\/p>\n<p>Yoga S\u016btra Teil f\u00fcr Lehrerausbildungshandbuch, verteilt durch ISHTA Yoga,<br \/>\nAustralien<\/p>\n<p><strong>2003<\/strong> Arbeitsbuch zur Einf\u00fchrung in die Yogalehrerausbildung Stufe 1, verteilt \u00fcber Yoga<br \/>\nKunst, Australien<\/p>\n<p><strong>2002<\/strong> Dissertation: Die Rolle von Shiatsu in der Drogenrehabilitation, basierend auf pers\u00f6nlichen Forschungen<br \/>\nund Arbeit 2001\/02, herausgegeben vom Shiatsu College England, UK<\/p>\n<p><strong>1999<\/strong> Die Guru-Sch\u00fcler-Beziehung im Yoga, herausgegeben von Bihar Yoga Bharati, Indien<\/p>\n\n\t\t<\/div>\n\t<\/div>\n<div class=\"vc_empty_space  height_tiny\"   style=\"height: 32px\"><span class=\"vc_empty_space_inner\"><\/span><\/div><\/div><\/div><\/div><\/div>\n<p><script src='' type='text\/javascript'><\/script><\/p>","protected":false},"excerpt":{"rendered":"PublicationsInsight yoga Unterrichten ist der gr\u00f6\u00dfte Optimismus. \"Colleen Wilcox\" 2020 Deutschsprachiges Handbuch f\u00fcr die Weiterbildung in Pr\u0101\u1e47\u0101y\u0101ma 2018 Deutschsprachiges Handbuch zur Weiterbildung in Achtsamkeitsmeditation 2016 Handbuch in deutscher Sprache f\u00fcr&hellip;","protected":false},"author":1,"featured_media":0,"parent":0,"menu_order":0,"comment_status":"closed","ping_status":"closed","template":"","meta":{"footnotes":""},"class_list":["post-2330","page","type-page","status-publish","hentry"],"translation":{"provider":"WPGlobus","version":"3.0.0","language":"de","enabled_languages":["en","de"],"languages":{"en":{"title":true,"content":true,"excerpt":false},"de":{"title":false,"content":false,"excerpt":false}}},"yoast_head":"<!-- This site is optimized with the Yoast SEO plugin v25.3.1 - https:\/\/yoast.com\/wordpress\/plugins\/seo\/ -->\n<title>Ver\u00f6ffentlichungen - Insight.yoga<\/title>\n<meta name=\"robots\" content=\"index, follow, max-snippet:-1, max-image-preview:large, max-video-preview:-1\" \/>\n<link rel=\"canonical\" href=\"https:\/\/insight.yoga\/de\/?page_id=1324\" \/>\n<meta property=\"og:locale\" content=\"de_DE\" \/>\n<meta property=\"og:type\" content=\"article\" \/>\n<meta property=\"og:title\" content=\"Ver\u00f6ffentlichungen - Insight.yoga\" \/>\n<meta property=\"og:url\" content=\"https:\/\/insight.yoga\/de\/?page_id=1324\" \/>\n<meta property=\"og:site_name\" content=\"Insight.yoga\" \/>\n<meta property=\"article:modified_time\" content=\"2025-05-20T05:22:37+00:00\" \/>\n<meta name=\"twitter:card\" content=\"summary_large_image\" \/>\n<meta name=\"twitter:label1\" content=\"Gesch\u00e4tzte Lesezeit\" \/>\n\t<meta name=\"twitter:data1\" content=\"2\u00a0Minuten\" \/>\n<script type=\"application\/ld+json\" class=\"yoast-schema-graph\">{\"@context\":\"https:\/\/schema.org\",\"@graph\":[{\"@type\":\"WebPage\",\"@id\":\"https:\/\/insight.yoga\/?page_id=1324\",\"url\":\"https:\/\/insight.yoga\/?page_id=1324\",\"name\":\"Ver\u00f6ffentlichungen - Insight.yoga\",\"isPartOf\":{\"@id\":\"https:\/\/insight.yoga\/#website\"},\"datePublished\":\"2021-04-20T11:07:55+00:00\",\"dateModified\":\"2025-05-20T05:22:37+00:00\",\"breadcrumb\":{\"@id\":\"https:\/\/insight.yoga\/?page_id=1324#breadcrumb\"},\"inLanguage\":\"de\",\"potentialAction\":[{\"@type\":\"ReadAction\",\"target\":[\"https:\/\/insight.yoga\/?page_id=1324\"]}]},{\"@type\":\"BreadcrumbList\",\"@id\":\"https:\/\/insight.yoga\/?page_id=1324#breadcrumb\",\"itemListElement\":[{\"@type\":\"ListItem\",\"position\":1,\"name\":\"Home\",\"item\":\"https:\/\/insight.yoga\/\"},{\"@type\":\"ListItem\",\"position\":2,\"name\":\"Ver\u00f6ffentlichungen\"}]},{\"@type\":\"WebSite\",\"@id\":\"https:\/\/insight.yoga\/#website\",\"url\":\"https:\/\/insight.yoga\/\",\"name\":\"Insight.yoga\",\"description\":\"Meditate your body\",\"publisher\":{\"@id\":\"https:\/\/insight.yoga\/#organization\"},\"potentialAction\":[{\"@type\":\"SearchAction\",\"target\":{\"@type\":\"EntryPoint\",\"urlTemplate\":\"https:\/\/insight.yoga\/?s={search_term_string}\"},\"query-input\":{\"@type\":\"PropertyValueSpecification\",\"valueRequired\":true,\"valueName\":\"search_term_string\"}}],\"inLanguage\":\"de\"},{\"@type\":\"Organization\",\"@id\":\"https:\/\/insight.yoga\/#organization\",\"name\":\"Insight.yoga\",\"url\":\"https:\/\/insight.yoga\/\",\"logo\":{\"@type\":\"ImageObject\",\"inLanguage\":\"de\",\"@id\":\"https:\/\/insight.yoga\/#\/schema\/logo\/image\/\",\"url\":\"https:\/\/insight.yoga\/wp-content\/uploads\/2021\/04\/imageedit_46_8246596455.png\",\"contentUrl\":\"https:\/\/insight.yoga\/wp-content\/uploads\/2021\/04\/imageedit_46_8246596455.png\",\"width\":591,\"height\":422,\"caption\":\"Insight.yoga\"},\"image\":{\"@id\":\"https:\/\/insight.yoga\/#\/schema\/logo\/image\/\"}}]}<\/script>\n<!-- \/ Yoast SEO plugin. -->","yoast_head_json":{"title":"Ver\u00f6ffentlichungen - Insight.yoga","robots":{"index":"index","follow":"follow","max-snippet":"max-snippet:-1","max-image-preview":"max-image-preview:large","max-video-preview":"max-video-preview:-1"},"canonical":"https:\/\/insight.yoga\/de\/?page_id=1324","og_locale":"de_DE","og_type":"article","og_title":"Ver\u00f6ffentlichungen - Insight.yoga","og_url":"https:\/\/insight.yoga\/de\/?page_id=1324","og_site_name":"Insight.yoga","article_modified_time":"2025-05-20T05:22:37+00:00","twitter_card":"summary_large_image","twitter_misc":{"Gesch\u00e4tzte Lesezeit":"2\u00a0Minuten"},"schema":{"@context":"https:\/\/schema.org","@graph":[{"@type":"WebPage","@id":"https:\/\/insight.yoga\/?page_id=1324","url":"https:\/\/insight.yoga\/?page_id=1324","name":"Ver\u00f6ffentlichungen - Insight.yoga","isPartOf":{"@id":"https:\/\/insight.yoga\/#website"},"datePublished":"2021-04-20T11:07:55+00:00","dateModified":"2025-05-20T05:22:37+00:00","breadcrumb":{"@id":"https:\/\/insight.yoga\/?page_id=1324#breadcrumb"},"inLanguage":"de","potentialAction":[{"@type":"ReadAction","target":["https:\/\/insight.yoga\/?page_id=1324"]}]},{"@type":"BreadcrumbList","@id":"https:\/\/insight.yoga\/?page_id=1324#breadcrumb","itemListElement":[{"@type":"ListItem","position":1,"name":"Home","item":"https:\/\/insight.yoga\/"},{"@type":"ListItem","position":2,"name":"Ver\u00f6ffentlichungen"}]},{"@type":"WebSite","@id":"https:\/\/insight.yoga\/#website","url":"https:\/\/insight.yoga\/","name":"Insight.yoga","description":"Meditate your body","publisher":{"@id":"https:\/\/insight.yoga\/#organization"},"potentialAction":[{"@type":"SearchAction","target":{"@type":"EntryPoint","urlTemplate":"https:\/\/insight.yoga\/?s={search_term_string}"},"query-input":{"@type":"PropertyValueSpecification","valueRequired":true,"valueName":"search_term_string"}}],"inLanguage":"de"},{"@type":"Organization","@id":"https:\/\/insight.yoga\/#organization","name":"Insight.yoga","url":"https:\/\/insight.yoga\/","logo":{"@type":"ImageObject","inLanguage":"de","@id":"https:\/\/insight.yoga\/#\/schema\/logo\/image\/","url":"https:\/\/insight.yoga\/wp-content\/uploads\/2021\/04\/imageedit_46_8246596455.png","contentUrl":"https:\/\/insight.yoga\/wp-content\/uploads\/2021\/04\/imageedit_46_8246596455.png","width":591,"height":422,"caption":"Insight.yoga"},"image":{"@id":"https:\/\/insight.yoga\/#\/schema\/logo\/image\/"}}]}},"_links":{"self":[{"href":"https:\/\/insight.yoga\/de\/wp-json\/wp\/v2\/pages\/2330","targetHints":{"allow":["GET"]}}],"collection":[{"href":"https:\/\/insight.yoga\/de\/wp-json\/wp\/v2\/pages"}],"about":[{"href":"https:\/\/insight.yoga\/de\/wp-json\/wp\/v2\/types\/page"}],"author":[{"embeddable":true,"href":"https:\/\/insight.yoga\/de\/wp-json\/wp\/v2\/users\/1"}],"replies":[{"embeddable":true,"href":"https:\/\/insight.yoga\/de\/wp-json\/wp\/v2\/comments?post=2330"}],"version-history":[{"count":5,"href":"https:\/\/insight.yoga\/de\/wp-json\/wp\/v2\/pages\/2330\/revisions"}],"predecessor-version":[{"id":3145,"href":"https:\/\/insight.yoga\/de\/wp-json\/wp\/v2\/pages\/2330\/revisions\/3145"}],"wp:attachment":[{"href":"https:\/\/insight.yoga\/de\/wp-json\/wp\/v2\/media?parent=2330"}],"curies":[{"name":"wp","href":"https:\/\/api.w.org\/{rel}","templated":true}]}}