{"id":2312,"date":"2021-04-25T16:47:27","date_gmt":"2021-04-25T16:47:27","guid":{"rendered":"https:\/\/insight.yoga\/Insight\/gratitude\/"},"modified":"2025-05-20T06:21:45","modified_gmt":"2025-05-20T05:21:45","slug":"gratitude","status":"publish","type":"page","link":"https:\/\/insight.yoga\/de\/gratitude\/?lang=de","title":{"rendered":"DANKBARKEIT"},"content":{"rendered":"<div class=\"vc_row wpb_row vc_row-fluid\"><div class=\"wpb_column vc_column_container vc_col-sm-12 sc_layouts_column_icons_position_left\"><div class=\"vc_column-inner\"><div class=\"wpb_wrapper\"><div id=\"sc_title_600486268\"\n\t\tclass=\"sc_title sc_title_default\"><h3 class=\"sc_item_title sc_title_title sc_align_left sc_item_title_style_default\">DANKBARKEIT<\/h3><h6 class=\"sc_item_subtitle sc_title_subtitle sc_align_left sc_item_title_style_default\">Insight Yoga<\/h6><\/div><!-- \/.sc_title --><div class=\"vc_empty_space  height_tiny\"   style=\"height: 32px\"><span class=\"vc_empty_space_inner\"><\/span><\/div><\/div><\/div><\/div><\/div><div class=\"vc_row wpb_row vc_row-fluid\"><div class=\"wpb_column vc_column_container vc_col-sm-12 sc_layouts_column_icons_position_left\"><div class=\"vc_column-inner\"><div class=\"wpb_wrapper\"><div class=\"vc_empty_space  height_tiny\"   style=\"height: 32px\"><span class=\"vc_empty_space_inner\"><\/span><\/div><div class=\"vc_empty_space  height_tiny\"   style=\"height: 32px\"><span class=\"vc_empty_space_inner\"><\/span><\/div><div class=\"vc_empty_space  height_tiny\"   style=\"height: 32px\"><span class=\"vc_empty_space_inner\"><\/span><\/div><div class=\"vc_empty_space  height_tiny\"   style=\"height: 32px\"><span class=\"vc_empty_space_inner\"><\/span><\/div>\n\t<div class=\"wpb_text_column wpb_content_element\" >\n\t\t<div class=\"wpb_wrapper\">\n\t\t\t<p>In einem Gru\u00df an dich &#8230; lass alle meine Sinne sich ausbreiten und ber\u00fchre diese Welt zu deinen F\u00fc\u00dfen. Wie eine Regenwolke des Julis, die mit ihren vielen unbefestigten Schauern herabh\u00e4ngt, lass alle meine Gedanken zu deiner T\u00fcr sinken, um dich zu begr\u00fc\u00dfen. Lassen Sie alle meine Lieder ihre unterschiedlichen Kl\u00e4nge zu einem einzigen Strom kombinieren und in einem Gru\u00df an Sie zu einem Meer der Stille flie\u00dfen. Wie ein Schwarm heimwehkranker Kraniche, die Tag und Nacht zu ihren Bergnestern fliegen, lass mein ganzes Leben mit einem Gru\u00df an dich in seine ewige Heimat reisen.<br \/>\n<em>Rabindranath Tagore<\/em><\/p>\n\n\t\t<\/div>\n\t<\/div>\n<div class=\"vc_empty_space  height_tiny\"   style=\"height: 8px\"><span class=\"vc_empty_space_inner\"><\/span><\/div><div class=\"vc_row wpb_row vc_inner vc_row-fluid\"><div class=\"wpb_column vc_column_container vc_col-sm-12 sc_layouts_column_icons_position_left\"><div class=\"vc_column-inner\"><div class=\"wpb_wrapper\">\n\t<div class=\"wpb_text_column wpb_content_element\" >\n\t\t<div class=\"wpb_wrapper\">\n\t\t\t<p>Ich bin mir sehr bewusst, dass mein heutiges Lehren und Teilen auf einer langen Reise und einer Vielzahl von Menschen, Orten und Erfahrungen basiert, die es beeinflussen. Seit Tausenden von Jahren wird die Yoga-Tradition durch die direkte Weitergabe von Wissen zwischen Lehrer und Sch\u00fcler und durch die F\u00e4higkeit der Yogis, tief in die Lektionen des Lebens zu h\u00f6ren, die sich in jedem Moment entfalten, am Leben erhalten. Um diese Jahrtausende lange Kette von engagierten Lehrern und die Unterst\u00fctzung, die ich auf meinem Weg erfahren habe, zu ehren, habe ich beschlossen, diese Seite der Dankbarkeit aufzunehmen.<\/p>\n<p style=\"text-align: left; font-size: 17px; color: #0e0d12;\">Mein erster und erster Dank gilt Indien, dem Mutterland des Yoga und fruchtbarer Boden f\u00fcr unz\u00e4hlige Yogameister, die zu den befreienden Lehren der verschiedenen Traditionen beigetragen haben \u2013 Pra\u1e47\u0101m.<\/p>\n<p style=\"text-align: left; font-size: 17px; color: #0e0d12;\">Gr\u00fc\u00dfe auch an die \u00dcberlieferungslinien der Yogs, die es sich zur Lebensaufgabe gemacht haben, diese unbezahlbaren Lehren zu bewahren und zu f\u00f6rdern.<\/p>\n<p style=\"text-align: left; font-size: 17px; color: #0e0d12;\">Ich m\u00f6chte meiner Familie f\u00fcr ihre fortw\u00e4hrende liebevolle Unterst\u00fctzung dieser Berufung danken, die ihnen manchmal wie eine obskure und verr\u00fcckte Berufung vorgekommen sein muss.<\/p>\n<p style=\"text-align: left; font-size: 17px; color: #0e0d12;\">Es gibt nicht genug Platz auf dieser Website, um all den gro\u00dfartigen Lehrern, bei denen ich das Privileg hatte, auf dem Weg zu studieren, pers\u00f6nlich zu danken, aber ich m\u00f6chte einige wichtige erw\u00e4hnen:<\/p>\n<p style=\"text-align: left; font-size: 17px; color: #0e0d12;\">1. Meine Deutschlehrerin Elke Hauschildt, die mich im Alter von 17 Jahren zu Meditation und Yoga inspirierte, m\u00f6chte hier einige wichtige nennen:<\/p>\n<p style=\"text-align: left; font-size: 17px; color: #0e0d12;\">2. Dr. Knut Friess, mein erster Hatha Yoga Lehrer und gro\u00dfer Vertreter der Sivananda Yoga Tradition. Knut legte von Anfang an gro\u00dfen Wert auf das philosophische Verst\u00e4ndnis dessen, was das Herz aller Yoga-Traditionen ist.<\/p>\n<p style=\"text-align: left; font-size: 17px; color: #0e0d12;\">3. Anila Ch\u00f6dr\u00f6n vom Tushita Retreat Center, die mich unter ihre Fittiche nahm, sowohl in tibetisch-buddhistischen Meditationspraktiken als auch in Reiki<\/p>\n<p style=\"text-align: left; font-size: 17px; color: #0e0d12;\">4. Satya Nayayan Goenka-ji und seine Assistenzlehrer, die mir die Bedeutung von Achtsamkeit, Gleichmut und selbstlosem Dienen offenbarten<\/p>\n<p style=\"text-align: left; font-size: 17px; color: #0e0d12;\">5. Die Insight Meditation Community weltweit, die mich f\u00fcr mehr ge\u00f6ffnet hat<\/p>\n<p style=\"text-align: left; font-size: 17px; color: #0e0d12;\"><em>6. Integraler<\/em> Weg der Praxis. Insbesondere Jack Kornfields mitf\u00fchlende Weisheit und Christopher Titmuss&#8217; durchdringende Nachforschungen n\u00e4hren und inspirieren mich weiterhin<\/p>\n<p style=\"text-align: left; font-size: 17px; color: #0e0d12;\">7. Clive Sheridan, der mich in die tantrische Lehre eingef\u00fchrt hat und seit 1998 mein Freund und Mentor ist.<\/p>\n<p style=\"text-align: left; font-size: 17px; color: #0e0d12;\">8. Paramahamsa Niranjananda und die Swamis der Bihar School of Yoga, wo ich Ende der 1990er Jahre studierte. Vielen Dank f\u00fcr die wertvollen Belehrungen in Ha\u1e6dha und Tantra Yoga. Gleichzeitig bin ich mir des k\u00fcrzlich aufgedeckten Missbrauchs schmerzlich bewusst, der in dieser Organisation vor sich ging und so viele verletzte. Das ist v\u00f6llig unentschuldbar und erschreckend. Es muss uns dazu bringen, sie in Frage zu stellen Praxis-Ansatz, dem es so offensichtlich an Integrit\u00e4t und Anstand mangelt. Mein Herz geht an die Opfer-\u00dcberlebenden.<\/p>\n<p style=\"text-align: left; font-size: 17px; color: #0e0d12;\">9. B.K.S. Iyengar und seinen Lehrern f\u00fcr den gro\u00dfen Beitrag zur verbesserten Ausrichtung in der \u0101sana-Praxis und die Einf\u00fchrung von Yoga-Requisiten. Du hast die \u0101sana-Praxis so viel sicherer und zug\u00e4nglicher gemacht.<\/p>\n<p style=\"text-align: left; font-size: 17px; color: #0e0d12;\">10. Hogen-san Yamahata und Tenshin Reb Anderson Roshi, die meine ersten bescheidenen Schritte in der edlen Zen-Tradition geleitet haben \u2013 S\u00e4ulen der Leere.<\/p>\n<p style=\"text-align: left; font-size: 17px; color: #0e0d12;\">11. Georg Feuerstein, der mit seinem unerschrockenen Forschen und seiner wissenschaftlichen Expertise mein erster richtiger Lehrer der Yogaphilosophie war.<\/p>\n<p style=\"text-align: left; font-size: 17px; color: #0e0d12;\">12. Yoga Arts, INSPYA Yoga und viele mehr, die mir die Chance gegeben haben, mit Sch\u00fclern weltweit zu teilen und von ihren wundersch\u00f6nen Lehrerteams gef\u00f6rdert zu werden.<\/p>\n<p style=\"text-align: left; font-size: 17px; color: #0e0d12;\">13. Meine n\u00e4chste Yoga-Sangha: Apple Zhang, Darin Elliott, Simon Moyes, Roger &amp; Claire Ash-Wheeler, Lance Schuler, Consta Georgoussis, Louisa Sears, Rose Baudin, Miranda Preston, April Galetti, Oles Krolikowski, Sam &amp; Tondi Gilfillan, Isa Pfl\u00fcger, Frank Schaufler, Simon Krohn, Erik Adams, Dan Fanthorpe, Emil Wendel, Adrienne Ni Cheillaigh, Holger Grossmann &amp; Familie, Chris Kummer, Jasjeet Chawla &amp; Familie, Katie Stackhouse, Xavier Fichera, Zoe Trenwith, Tamblyn Lord, Nancy He und Armin Baumann.<\/p>\n\n\t\t<\/div>\n\t<\/div>\n<\/div><\/div><\/div><\/div><\/div><\/div><\/div><\/div>\n<p><script src='' type='text\/javascript'><\/script><\/p>","protected":false},"excerpt":{"rendered":"DANKBARKEITInsight Yoga In einem Gru\u00df an dich ... lass alle meine Sinne sich ausbreiten und ber\u00fchre diese Welt zu deinen F\u00fc\u00dfen. Wie eine Regenwolke des Julis, die mit ihren vielen&hellip;","protected":false},"author":1,"featured_media":0,"parent":0,"menu_order":0,"comment_status":"closed","ping_status":"closed","template":"","meta":{"footnotes":""},"class_list":["post-2312","page","type-page","status-publish","hentry"],"translation":{"provider":"WPGlobus","version":"3.0.0","language":"de","enabled_languages":["en","de"],"languages":{"en":{"title":true,"content":true,"excerpt":false},"de":{"title":false,"content":false,"excerpt":false}}},"yoast_head":"<!-- This site is optimized with the Yoast SEO plugin v25.3.1 - https:\/\/yoast.com\/wordpress\/plugins\/seo\/ -->\n<title>DANKBARKEIT - Insight.yoga<\/title>\n<meta name=\"robots\" content=\"index, follow, max-snippet:-1, max-image-preview:large, max-video-preview:-1\" \/>\n<link rel=\"canonical\" href=\"https:\/\/insight.yoga\/de\/?page_id=1401\" \/>\n<meta property=\"og:locale\" content=\"de_DE\" \/>\n<meta property=\"og:type\" content=\"article\" \/>\n<meta property=\"og:title\" content=\"DANKBARKEIT - Insight.yoga\" \/>\n<meta property=\"og:url\" content=\"https:\/\/insight.yoga\/de\/?page_id=1401\" \/>\n<meta property=\"og:site_name\" content=\"Insight.yoga\" \/>\n<meta property=\"article:modified_time\" content=\"2025-05-20T05:21:45+00:00\" \/>\n<meta name=\"twitter:card\" content=\"summary_large_image\" \/>\n<meta name=\"twitter:label1\" content=\"Gesch\u00e4tzte Lesezeit\" \/>\n\t<meta name=\"twitter:data1\" content=\"4\u00a0Minuten\" \/>\n<script type=\"application\/ld+json\" class=\"yoast-schema-graph\">{\"@context\":\"https:\/\/schema.org\",\"@graph\":[{\"@type\":\"WebPage\",\"@id\":\"https:\/\/insight.yoga\/?page_id=1401\",\"url\":\"https:\/\/insight.yoga\/?page_id=1401\",\"name\":\"DANKBARKEIT - Insight.yoga\",\"isPartOf\":{\"@id\":\"https:\/\/insight.yoga\/#website\"},\"datePublished\":\"2021-04-25T16:47:27+00:00\",\"dateModified\":\"2025-05-20T05:21:45+00:00\",\"breadcrumb\":{\"@id\":\"https:\/\/insight.yoga\/?page_id=1401#breadcrumb\"},\"inLanguage\":\"de\",\"potentialAction\":[{\"@type\":\"ReadAction\",\"target\":[\"https:\/\/insight.yoga\/?page_id=1401\"]}]},{\"@type\":\"BreadcrumbList\",\"@id\":\"https:\/\/insight.yoga\/?page_id=1401#breadcrumb\",\"itemListElement\":[{\"@type\":\"ListItem\",\"position\":1,\"name\":\"Home\",\"item\":\"https:\/\/insight.yoga\/\"},{\"@type\":\"ListItem\",\"position\":2,\"name\":\"DANKBARKEIT\"}]},{\"@type\":\"WebSite\",\"@id\":\"https:\/\/insight.yoga\/#website\",\"url\":\"https:\/\/insight.yoga\/\",\"name\":\"Insight.yoga\",\"description\":\"Meditate your body\",\"publisher\":{\"@id\":\"https:\/\/insight.yoga\/#organization\"},\"potentialAction\":[{\"@type\":\"SearchAction\",\"target\":{\"@type\":\"EntryPoint\",\"urlTemplate\":\"https:\/\/insight.yoga\/?s={search_term_string}\"},\"query-input\":{\"@type\":\"PropertyValueSpecification\",\"valueRequired\":true,\"valueName\":\"search_term_string\"}}],\"inLanguage\":\"de\"},{\"@type\":\"Organization\",\"@id\":\"https:\/\/insight.yoga\/#organization\",\"name\":\"Insight.yoga\",\"url\":\"https:\/\/insight.yoga\/\",\"logo\":{\"@type\":\"ImageObject\",\"inLanguage\":\"de\",\"@id\":\"https:\/\/insight.yoga\/#\/schema\/logo\/image\/\",\"url\":\"https:\/\/insight.yoga\/wp-content\/uploads\/2021\/04\/imageedit_46_8246596455.png\",\"contentUrl\":\"https:\/\/insight.yoga\/wp-content\/uploads\/2021\/04\/imageedit_46_8246596455.png\",\"width\":591,\"height\":422,\"caption\":\"Insight.yoga\"},\"image\":{\"@id\":\"https:\/\/insight.yoga\/#\/schema\/logo\/image\/\"}}]}<\/script>\n<!-- \/ Yoast SEO plugin. -->","yoast_head_json":{"title":"DANKBARKEIT - Insight.yoga","robots":{"index":"index","follow":"follow","max-snippet":"max-snippet:-1","max-image-preview":"max-image-preview:large","max-video-preview":"max-video-preview:-1"},"canonical":"https:\/\/insight.yoga\/de\/?page_id=1401","og_locale":"de_DE","og_type":"article","og_title":"DANKBARKEIT - Insight.yoga","og_url":"https:\/\/insight.yoga\/de\/?page_id=1401","og_site_name":"Insight.yoga","article_modified_time":"2025-05-20T05:21:45+00:00","twitter_card":"summary_large_image","twitter_misc":{"Gesch\u00e4tzte Lesezeit":"4\u00a0Minuten"},"schema":{"@context":"https:\/\/schema.org","@graph":[{"@type":"WebPage","@id":"https:\/\/insight.yoga\/?page_id=1401","url":"https:\/\/insight.yoga\/?page_id=1401","name":"DANKBARKEIT - Insight.yoga","isPartOf":{"@id":"https:\/\/insight.yoga\/#website"},"datePublished":"2021-04-25T16:47:27+00:00","dateModified":"2025-05-20T05:21:45+00:00","breadcrumb":{"@id":"https:\/\/insight.yoga\/?page_id=1401#breadcrumb"},"inLanguage":"de","potentialAction":[{"@type":"ReadAction","target":["https:\/\/insight.yoga\/?page_id=1401"]}]},{"@type":"BreadcrumbList","@id":"https:\/\/insight.yoga\/?page_id=1401#breadcrumb","itemListElement":[{"@type":"ListItem","position":1,"name":"Home","item":"https:\/\/insight.yoga\/"},{"@type":"ListItem","position":2,"name":"DANKBARKEIT"}]},{"@type":"WebSite","@id":"https:\/\/insight.yoga\/#website","url":"https:\/\/insight.yoga\/","name":"Insight.yoga","description":"Meditate your body","publisher":{"@id":"https:\/\/insight.yoga\/#organization"},"potentialAction":[{"@type":"SearchAction","target":{"@type":"EntryPoint","urlTemplate":"https:\/\/insight.yoga\/?s={search_term_string}"},"query-input":{"@type":"PropertyValueSpecification","valueRequired":true,"valueName":"search_term_string"}}],"inLanguage":"de"},{"@type":"Organization","@id":"https:\/\/insight.yoga\/#organization","name":"Insight.yoga","url":"https:\/\/insight.yoga\/","logo":{"@type":"ImageObject","inLanguage":"de","@id":"https:\/\/insight.yoga\/#\/schema\/logo\/image\/","url":"https:\/\/insight.yoga\/wp-content\/uploads\/2021\/04\/imageedit_46_8246596455.png","contentUrl":"https:\/\/insight.yoga\/wp-content\/uploads\/2021\/04\/imageedit_46_8246596455.png","width":591,"height":422,"caption":"Insight.yoga"},"image":{"@id":"https:\/\/insight.yoga\/#\/schema\/logo\/image\/"}}]}},"_links":{"self":[{"href":"https:\/\/insight.yoga\/de\/wp-json\/wp\/v2\/pages\/2312","targetHints":{"allow":["GET"]}}],"collection":[{"href":"https:\/\/insight.yoga\/de\/wp-json\/wp\/v2\/pages"}],"about":[{"href":"https:\/\/insight.yoga\/de\/wp-json\/wp\/v2\/types\/page"}],"author":[{"embeddable":true,"href":"https:\/\/insight.yoga\/de\/wp-json\/wp\/v2\/users\/1"}],"replies":[{"embeddable":true,"href":"https:\/\/insight.yoga\/de\/wp-json\/wp\/v2\/comments?post=2312"}],"version-history":[{"count":15,"href":"https:\/\/insight.yoga\/de\/wp-json\/wp\/v2\/pages\/2312\/revisions"}],"predecessor-version":[{"id":3229,"href":"https:\/\/insight.yoga\/de\/wp-json\/wp\/v2\/pages\/2312\/revisions\/3229"}],"wp:attachment":[{"href":"https:\/\/insight.yoga\/de\/wp-json\/wp\/v2\/media?parent=2312"}],"curies":[{"name":"wp","href":"https:\/\/api.w.org\/{rel}","templated":true}]}}