{"id":2297,"date":"2017-03-13T14:49:06","date_gmt":"2017-03-13T14:49:06","guid":{"rendered":"https:\/\/insight.yoga\/Insight\/about-iy\/"},"modified":"2025-05-20T06:30:05","modified_gmt":"2025-05-20T05:30:05","slug":"about-iy","status":"publish","type":"page","link":"https:\/\/insight.yoga\/de\/about-iy\/?lang=de","title":{"rendered":"\u00dcBER UNS"},"content":{"rendered":"<div data-vc-full-width=\"true\" data-vc-full-width-init=\"false\" data-vc-stretch-content=\"true\" class=\"vc_row wpb_row vc_row-fluid vc_row-no-padding vc_row-o-equal-height vc_row-o-content-middle vc_row-flex\"><div class=\"wpb_column vc_column_container vc_col-sm-8 vc_col-md-offset-0 vc_col-md-6 vc_col-sm-offset-2 sc_layouts_column_icons_position_left\"><div class=\"vc_column-inner\"><div class=\"wpb_wrapper\"><div class=\"vc_empty_space  height_medium\"   style=\"height: 32px\"><span class=\"vc_empty_space_inner\"><\/span><\/div><div class=\"vc_empty_space  height_medium\"   style=\"height: 32px\"><span class=\"vc_empty_space_inner\"><\/span><\/div><div class=\"vc_empty_space  height_medium\"   style=\"height: 32px\"><span class=\"vc_empty_space_inner\"><\/span><\/div><div class=\"vc_row wpb_row vc_inner vc_row-fluid\"><div class=\"wpb_column vc_column_container vc_col-sm-8 vc_col-sm-offset-2 sc_layouts_column_icons_position_left\"><div class=\"vc_column-inner\"><div class=\"wpb_wrapper\"><div class=\"vc_empty_space  vc_custom_1490451430207 height_small\"   style=\"height: 32px\"><span class=\"vc_empty_space_inner\"><\/span><\/div><div id=\"sc_title_1200235132\"\n\t\tclass=\"sc_title sc_title_default\"><h3 class=\"sc_item_title sc_title_title sc_align_center sc_item_title_style_default\">Willkommen bei uns<\/h3><h6 class=\"sc_item_subtitle sc_title_subtitle sc_align_center sc_item_title_style_default\">Insight Yoga<\/h6><\/div><!-- \/.sc_title --><div class=\"vc_empty_space  vc_custom_1490451430207 height_small\"   style=\"height: 32px\"><span class=\"vc_empty_space_inner\"><\/span><\/div><\/div><\/div><\/div><\/div><div class=\"vc_row wpb_row vc_inner vc_row-fluid\"><div class=\"wpb_column vc_column_container vc_col-sm-12 sc_layouts_column_icons_position_left\"><div class=\"vc_column-inner\"><div class=\"wpb_wrapper\">\n\t<div class=\"wpb_text_column wpb_content_element\" >\n\t\t<div class=\"wpb_wrapper\">\n\t\t\t<div class=\"about\">\n<p>Ich habe den Namen Insight Yoga gew\u00e4hlt, um hervorzuheben, was in meinem Verst\u00e4ndnis die befreiende Essenz aller Yoga-Traditionen ist: Einsicht in unsere wahre Natur zu gewinnen. Die Yoga-Traditionen sind klar, dass Einsicht unweigerlich zu Mitgef\u00fchl f\u00fchrt, da das, was offenbart wird, die Verbundenheit aller Wesen ist.<\/p>\n<p>Die Einsicht, die durch eine forschungsorientierte Praxis entstehen kann, ist eines der befreienden Kernmerkmale in vielen Yoga-Traditionen. Deshalb hebt Insight Yoga diesen investigativen Ansatz in seinen Kursen hervor und verwandelt sie in interaktive Erkundungen, sei es in Yog sana, Pr\u0101\u1e47\u0101y\u0101ma, Meditation oder Yoga-Philosophie.<\/p>\n<p>Im weiteren Sinne zielt meine Lehre auch auf einen tieferen Einblick in unsere Yogapraxis und<br \/>\nwie wir diese Praxis in unser Leben integrieren. Es ist sehr leicht, in eine Komfortzone zu gelangen und sich von alten Gewohnheitsmustern beherrschen zu lassen, die Frische und Bereitschaft zu verlieren, sich st\u00e4ndig selbst herauszufordern. Diese fortw\u00e4hrende aufrichtige und furchtlose Neubewertung liegt einer authentischen Yoga-Existenz zugrunde.<\/p>\n<p>Viele verschiedene Kr\u00e4fte und Einfl\u00fcsse haben das zeitgen\u00f6ssische Yoga beeinflusst, und obwohl es notwendig ist, Yoga in unsere moderne Welt zu integrieren, besteht die Gefahr, w\u00e4hrend dieses Prozesses die Essenz dieser alten Befreiungslehre aus den Augen zu verlieren.<\/p>\n<p>Es ist wichtig, unsere gegenw\u00e4rtigen Definitionen und unsere Beziehung zu unserer Spirituellen Praxis zu betrachten. Drei Dinge, die uns helfen k\u00f6nnen, diese Authentizit\u00e4t und Klarheit zu bewahren, sind:<\/p>\n<ul>\n<li>Ein besseres Verst\u00e4ndnis der Geschichte und Philosophie der Yoga-Traditionen<\/li>\n<li>Aufrichtige Selbsterforschung<\/li>\n<li>Informierte und achtsame Praxis<\/li>\n<\/ul>\n<p>All dies ist meiner Meinung nach ein wesentlicher Bestandteil der Yogapraxis und kein separater intellektueller Prozess. Tats\u00e4chlich besteht die Gefahr, dass zwei zentrale Bestandteile des Yoga vergessen werden: eine klare Absicht und ein klares Verst\u00e4ndnis, ohne die unserer Praxis die Kraft zum Erwachen fehlt. Durch Nachfragen und Klarheit k\u00f6nnen wir von einer \u201eblinden Wiederholung einer Routine\u201c zu einer vertrauten, aufschlussreichen und daher wirklich transformativen Disziplin gelangen.<\/p>\n<p>Das Ziel von <strong>Insight Yoga<\/strong> ist es, Achtsamkeit zu erm\u00f6glichen und zu dieser ehrlichen Erkundung der Yogapraxis und des Yogalebens zu ermutigen, sowohl intellektuell als auch praktisch \u2013 und so die Herzen eines jeden zu \u00f6ffnen.<\/p>\n<\/div>\n\n\t\t<\/div>\n\t<\/div>\n<div class=\"vc_empty_space  height_medium\"   style=\"height: 32px\"><span class=\"vc_empty_space_inner\"><\/span><\/div><div class=\"vc_empty_space  height_medium\"   style=\"height: 32px\"><span class=\"vc_empty_space_inner\"><\/span><\/div><div class=\"vc_empty_space  height_medium\"   style=\"height: 32px\"><span class=\"vc_empty_space_inner\"><\/span><\/div><\/div><\/div><\/div><\/div><\/div><\/div><\/div><div class=\"wpb_column vc_column_container vc_col-sm-8 vc_col-md-offset-0 vc_col-md-6 vc_col-sm-offset-2 sc_layouts_column_icons_position_left\"><div class=\"vc_column-inner\"><div class=\"wpb_wrapper\"><div class=\"vc_empty_space  vc_custom_1490452531497 height_large\"   style=\"height: 32px\"><span class=\"vc_empty_space_inner\"><\/span><\/div>\n\t<div  class=\"wpb_single_image wpb_content_element vc_align_right\">\n\t\t\n\t\t<figure class=\"wpb_wrapper vc_figure\">\n\t\t\t<div class=\"vc_single_image-wrapper   vc_box_border_grey\"><img loading=\"lazy\" decoding=\"async\" width=\"558\" height=\"784\" src=\"https:\/\/insight.yoga\/wp-content\/uploads\/2021\/04\/7SL_0433web.jpg\" class=\"vc_single_image-img attachment-full\" alt=\"\" srcset=\"https:\/\/insight.yoga\/wp-content\/uploads\/2021\/04\/7SL_0433web.jpg 558w, https:\/\/insight.yoga\/wp-content\/uploads\/2021\/04\/7SL_0433web-214x300.jpg 214w, https:\/\/insight.yoga\/wp-content\/uploads\/2021\/04\/7SL_0433web-370x520.jpg 370w, https:\/\/insight.yoga\/wp-content\/uploads\/2021\/04\/7SL_0433web-470x660.jpg 470w\" sizes=\"auto, (max-width: 558px) 100vw, 558px\" \/><\/div>\n\t\t<\/figure>\n\t<\/div>\n<div class=\"vc_row wpb_row vc_inner vc_row-fluid\"><div class=\"wpb_column vc_column_container vc_col-sm-12 vc_hidden-lg vc_hidden-md sc_layouts_column_icons_position_left\"><div class=\"vc_column-inner\"><div class=\"wpb_wrapper\"><div class=\"vc_empty_space  vc_custom_1490452531497 height_large\"   style=\"height: 32px\"><span class=\"vc_empty_space_inner\"><\/span><\/div><div class=\"vc_empty_space  vc_custom_1490452531497 height_large\"   style=\"height: 32px\"><span class=\"vc_empty_space_inner\"><\/span><\/div><div class=\"vc_empty_space  vc_custom_1490452531497 height_large\"   style=\"height: 32px\"><span class=\"vc_empty_space_inner\"><\/span><\/div><div class=\"vc_empty_space  height_large\"   style=\"height: 32px\"><span class=\"vc_empty_space_inner\"><\/span><\/div><div class=\"vc_empty_space  height_large\"   style=\"height: 32px\"><span class=\"vc_empty_space_inner\"><\/span><\/div><div class=\"vc_empty_space  height_large\"   style=\"height: 32px\"><span class=\"vc_empty_space_inner\"><\/span><\/div><div class=\"vc_empty_space  vc_custom_1490452531497 height_large\"   style=\"height: 32px\"><span class=\"vc_empty_space_inner\"><\/span><\/div><\/div><\/div><\/div><\/div><\/div><\/div><\/div><\/div><div class=\"vc_row-full-width vc_clearfix\"><\/div><script src='' type='text\/javascript'><\/script><\/p>","protected":false},"excerpt":{"rendered":"Willkommen bei unsInsight Yoga Ich habe den Namen Insight Yoga gew\u00e4hlt, um hervorzuheben, was in meinem Verst\u00e4ndnis die befreiende Essenz aller Yoga-Traditionen ist: Einsicht in unsere wahre Natur zu gewinnen.&hellip;","protected":false},"author":1,"featured_media":0,"parent":0,"menu_order":0,"comment_status":"closed","ping_status":"closed","template":"","meta":{"footnotes":""},"class_list":["post-2297","page","type-page","status-publish","hentry"],"translation":{"provider":"WPGlobus","version":"3.0.0","language":"de","enabled_languages":["en","de"],"languages":{"en":{"title":true,"content":true,"excerpt":false},"de":{"title":false,"content":false,"excerpt":false}}},"yoast_head":"<!-- This site is optimized with the Yoast SEO plugin v25.3.1 - https:\/\/yoast.com\/wordpress\/plugins\/seo\/ -->\n<title>\u00dcBER UNS - Insight.yoga<\/title>\n<meta name=\"robots\" content=\"index, follow, max-snippet:-1, max-image-preview:large, max-video-preview:-1\" \/>\n<link rel=\"canonical\" href=\"https:\/\/insight.yoga\/de\/?page_id=84\" \/>\n<meta property=\"og:locale\" content=\"de_DE\" \/>\n<meta property=\"og:type\" content=\"article\" \/>\n<meta property=\"og:title\" content=\"\u00dcBER UNS - Insight.yoga\" \/>\n<meta property=\"og:url\" content=\"https:\/\/insight.yoga\/de\/?page_id=84\" \/>\n<meta property=\"og:site_name\" content=\"Insight.yoga\" \/>\n<meta property=\"article:modified_time\" content=\"2025-05-20T05:30:05+00:00\" \/>\n<meta name=\"twitter:card\" content=\"summary_large_image\" \/>\n<meta name=\"twitter:label1\" content=\"Gesch\u00e4tzte Lesezeit\" \/>\n\t<meta name=\"twitter:data1\" content=\"3\u00a0Minuten\" \/>\n<script type=\"application\/ld+json\" class=\"yoast-schema-graph\">{\"@context\":\"https:\/\/schema.org\",\"@graph\":[{\"@type\":\"WebPage\",\"@id\":\"https:\/\/insight.yoga\/?page_id=84\",\"url\":\"https:\/\/insight.yoga\/?page_id=84\",\"name\":\"\u00dcBER UNS - Insight.yoga\",\"isPartOf\":{\"@id\":\"https:\/\/insight.yoga\/#website\"},\"datePublished\":\"2017-03-13T14:49:06+00:00\",\"dateModified\":\"2025-05-20T05:30:05+00:00\",\"breadcrumb\":{\"@id\":\"https:\/\/insight.yoga\/?page_id=84#breadcrumb\"},\"inLanguage\":\"de\",\"potentialAction\":[{\"@type\":\"ReadAction\",\"target\":[\"https:\/\/insight.yoga\/?page_id=84\"]}]},{\"@type\":\"BreadcrumbList\",\"@id\":\"https:\/\/insight.yoga\/?page_id=84#breadcrumb\",\"itemListElement\":[{\"@type\":\"ListItem\",\"position\":1,\"name\":\"Home\",\"item\":\"https:\/\/insight.yoga\/\"},{\"@type\":\"ListItem\",\"position\":2,\"name\":\"\u00dcBER UNS\"}]},{\"@type\":\"WebSite\",\"@id\":\"https:\/\/insight.yoga\/#website\",\"url\":\"https:\/\/insight.yoga\/\",\"name\":\"Insight.yoga\",\"description\":\"Meditate your body\",\"publisher\":{\"@id\":\"https:\/\/insight.yoga\/#organization\"},\"potentialAction\":[{\"@type\":\"SearchAction\",\"target\":{\"@type\":\"EntryPoint\",\"urlTemplate\":\"https:\/\/insight.yoga\/?s={search_term_string}\"},\"query-input\":{\"@type\":\"PropertyValueSpecification\",\"valueRequired\":true,\"valueName\":\"search_term_string\"}}],\"inLanguage\":\"de\"},{\"@type\":\"Organization\",\"@id\":\"https:\/\/insight.yoga\/#organization\",\"name\":\"Insight.yoga\",\"url\":\"https:\/\/insight.yoga\/\",\"logo\":{\"@type\":\"ImageObject\",\"inLanguage\":\"de\",\"@id\":\"https:\/\/insight.yoga\/#\/schema\/logo\/image\/\",\"url\":\"https:\/\/insight.yoga\/wp-content\/uploads\/2021\/04\/imageedit_46_8246596455.png\",\"contentUrl\":\"https:\/\/insight.yoga\/wp-content\/uploads\/2021\/04\/imageedit_46_8246596455.png\",\"width\":591,\"height\":422,\"caption\":\"Insight.yoga\"},\"image\":{\"@id\":\"https:\/\/insight.yoga\/#\/schema\/logo\/image\/\"}}]}<\/script>\n<!-- \/ Yoast SEO plugin. -->","yoast_head_json":{"title":"\u00dcBER UNS - Insight.yoga","robots":{"index":"index","follow":"follow","max-snippet":"max-snippet:-1","max-image-preview":"max-image-preview:large","max-video-preview":"max-video-preview:-1"},"canonical":"https:\/\/insight.yoga\/de\/?page_id=84","og_locale":"de_DE","og_type":"article","og_title":"\u00dcBER UNS - Insight.yoga","og_url":"https:\/\/insight.yoga\/de\/?page_id=84","og_site_name":"Insight.yoga","article_modified_time":"2025-05-20T05:30:05+00:00","twitter_card":"summary_large_image","twitter_misc":{"Gesch\u00e4tzte Lesezeit":"3\u00a0Minuten"},"schema":{"@context":"https:\/\/schema.org","@graph":[{"@type":"WebPage","@id":"https:\/\/insight.yoga\/?page_id=84","url":"https:\/\/insight.yoga\/?page_id=84","name":"\u00dcBER UNS - Insight.yoga","isPartOf":{"@id":"https:\/\/insight.yoga\/#website"},"datePublished":"2017-03-13T14:49:06+00:00","dateModified":"2025-05-20T05:30:05+00:00","breadcrumb":{"@id":"https:\/\/insight.yoga\/?page_id=84#breadcrumb"},"inLanguage":"de","potentialAction":[{"@type":"ReadAction","target":["https:\/\/insight.yoga\/?page_id=84"]}]},{"@type":"BreadcrumbList","@id":"https:\/\/insight.yoga\/?page_id=84#breadcrumb","itemListElement":[{"@type":"ListItem","position":1,"name":"Home","item":"https:\/\/insight.yoga\/"},{"@type":"ListItem","position":2,"name":"\u00dcBER UNS"}]},{"@type":"WebSite","@id":"https:\/\/insight.yoga\/#website","url":"https:\/\/insight.yoga\/","name":"Insight.yoga","description":"Meditate your body","publisher":{"@id":"https:\/\/insight.yoga\/#organization"},"potentialAction":[{"@type":"SearchAction","target":{"@type":"EntryPoint","urlTemplate":"https:\/\/insight.yoga\/?s={search_term_string}"},"query-input":{"@type":"PropertyValueSpecification","valueRequired":true,"valueName":"search_term_string"}}],"inLanguage":"de"},{"@type":"Organization","@id":"https:\/\/insight.yoga\/#organization","name":"Insight.yoga","url":"https:\/\/insight.yoga\/","logo":{"@type":"ImageObject","inLanguage":"de","@id":"https:\/\/insight.yoga\/#\/schema\/logo\/image\/","url":"https:\/\/insight.yoga\/wp-content\/uploads\/2021\/04\/imageedit_46_8246596455.png","contentUrl":"https:\/\/insight.yoga\/wp-content\/uploads\/2021\/04\/imageedit_46_8246596455.png","width":591,"height":422,"caption":"Insight.yoga"},"image":{"@id":"https:\/\/insight.yoga\/#\/schema\/logo\/image\/"}}]}},"_links":{"self":[{"href":"https:\/\/insight.yoga\/de\/wp-json\/wp\/v2\/pages\/2297","targetHints":{"allow":["GET"]}}],"collection":[{"href":"https:\/\/insight.yoga\/de\/wp-json\/wp\/v2\/pages"}],"about":[{"href":"https:\/\/insight.yoga\/de\/wp-json\/wp\/v2\/types\/page"}],"author":[{"embeddable":true,"href":"https:\/\/insight.yoga\/de\/wp-json\/wp\/v2\/users\/1"}],"replies":[{"embeddable":true,"href":"https:\/\/insight.yoga\/de\/wp-json\/wp\/v2\/comments?post=2297"}],"version-history":[{"count":6,"href":"https:\/\/insight.yoga\/de\/wp-json\/wp\/v2\/pages\/2297\/revisions"}],"predecessor-version":[{"id":2977,"href":"https:\/\/insight.yoga\/de\/wp-json\/wp\/v2\/pages\/2297\/revisions\/2977"}],"wp:attachment":[{"href":"https:\/\/insight.yoga\/de\/wp-json\/wp\/v2\/media?parent=2297"}],"curies":[{"name":"wp","href":"https:\/\/api.w.org\/{rel}","templated":true}]}}