{"id":2154,"date":"2021-07-15T07:14:23","date_gmt":"2021-07-15T06:14:23","guid":{"rendered":"https:\/\/insight.yoga\/Insight\/?page_id=2154"},"modified":"2025-05-20T06:20:45","modified_gmt":"2025-05-20T05:20:45","slug":"2021-schedule-2","status":"publish","type":"page","link":"https:\/\/insight.yoga\/de\/2021-schedule-2\/","title":{"rendered":"Spielplan 2021"},"content":{"rendered":"<div class=\"vc_row wpb_row vc_row-fluid\"><div class=\"wpb_column vc_column_container vc_col-sm-12 sc_layouts_column_icons_position_left\"><div class=\"vc_column-inner\"><div class=\"wpb_wrapper\"><div id=\"sc_title_2090871354\"\n\t\tclass=\"sc_title sc_title_default\"><h3 class=\"sc_item_title sc_title_title sc_align_left sc_item_title_style_default\">Insight\u200c \u200cYoga\u200c \u200cTermine<\/h3><h6 class=\"sc_item_subtitle sc_title_subtitle sc_align_left sc_item_title_style_default\">2021<\/h6><\/div><!-- \/.sc_title --><div class=\"vc_empty_space  height_tiny\"   style=\"height: 32px\"><span class=\"vc_empty_space_inner\"><\/span><\/div><div class=\"vc_empty_space  height_tiny\"   style=\"height: 32px\"><span class=\"vc_empty_space_inner\"><\/span><\/div><div class=\"vc_empty_space  height_tiny\"   style=\"height: 32px\"><span class=\"vc_empty_space_inner\"><\/span><\/div><div class=\"vc_empty_space  height_tiny\"   style=\"height: 32px\"><span class=\"vc_empty_space_inner\"><\/span><\/div><div class=\"vc_empty_space  height_tiny\"   style=\"height: 32px\"><span class=\"vc_empty_space_inner\"><\/span><\/div><\/div><\/div><\/div><\/div><div class=\"vc_row wpb_row vc_row-fluid\"><div class=\"wpb_column vc_column_container vc_col-sm-12 sc_layouts_column_icons_position_left\"><div class=\"vc_column-inner\"><div class=\"wpb_wrapper\">\n\t<div class=\"wpb_text_column wpb_content_element\" >\n\t\t<div class=\"wpb_wrapper\">\n\t\t\t\n\t\t<\/div>\n\t<\/div>\n<\/div><\/div><\/div><\/div><div class=\"vc_row wpb_row vc_row-fluid\"><div class=\"wpb_column vc_column_container vc_col-sm-12 sc_layouts_column_icons_position_left\"><div class=\"vc_column-inner\"><div class=\"wpb_wrapper\">\n\t<div class=\"wpb_text_column wpb_content_element\" >\n\t\t<div class=\"wpb_wrapper\">\n\t\t\t<p><strong>ONLINE<\/strong><br \/>\nApr 01 \u2013 Apr 16<br \/>\n200-TTC Online Philosophie, PranaFlow Deutschland<br \/>\n<a href=\"https:\/\/www.inspyayoga.com\/\" target=\"_blank\" rel=\"noopener\">www.inspyayoga.com<\/a><br \/>\n<a href=\"https:\/\/christinemay.de\/\" target=\"_blank\" rel=\"noopener\">www.christinemay.de<\/a><\/p>\n<p>Apr 17 \u2013 Apr 18<br \/>\n200-TTC Online Philosophie \u2013 MoveoRespiro Stuttgart<br \/>\n<a href=\"https:\/\/www.wohlfuehlbereich.de\/\" target=\"_blank\" rel=\"noopener\">www.wohlfuehlbereich.de<\/a><\/p>\n<p><strong>EUROPA<\/strong><br \/>\nMay 10 \u2013 May 12<br \/>\n200-TTC \u2013 Yoga Karma, Lingen<br \/>\n<a href=\"https:\/\/www.yogakarma.de\/\" target=\"_blank\" rel=\"noopener\">www.yogakarma.de<\/a><\/p>\n<p>May 13 \u2013 May 16<br \/>\nWeiterbildung Pr\u0101n\u0101y\u0101ma \u2013 Vishnu\u2019s Vibes, D\u00fcsseldorf<br \/>\n<a href=\"https:\/\/www.vishnusvibes.de\/\" target=\"_blank\" rel=\"noopener\">www.vishnusvibes.de<\/a>(Himmelfahrt)<\/p>\n<p>May 21 \u2013 May 24<br \/>\nWeiterbildung Achtsamkeit \u2013 Yoga Karma, Lingen<br \/>\n<a href=\"https:\/\/www.yogakarma.de\/\" target=\"_blank\" rel=\"noopener\">www.yogakarma.de<\/a>(Pfingsten)<\/p>\n<p>Jun 12 \u2013 Jun 13<br \/>\nWorkshop: Achtsamkeit \u2013 Vishnu\u2019s Vibes, D\u00fcsseldorf<br \/>\n<a href=\"https:\/\/www.vishnusvibes.de\/\" target=\"_blank\" rel=\"noopener\">www.vishnusvibes.de<\/a><\/p>\n<p>Jun 19 \u2013 Jun 20<br \/>\n200-TTC \u2013 MoveoRespiro, Stuttgart<br \/>\n<a href=\"https:\/\/www.wohlfuehlbereich.de\/\" target=\"_blank\" rel=\"noopener\">www.wohlfuehlbereich.de<\/a><\/p>\n<p>Jun 24 \u2013 Jun 27<br \/>\nWeiterbildung Achtsamkeit, Chi Yoga Regensburg<br \/>\n<a href=\"https:\/\/www.chi-yoga-regensburg.de\/\" target=\"_blank\" rel=\"noopener\">www.chi-yoga-regensburg.de<\/a><\/p>\n<p>Jul 02 \u2013 Jul 04<br \/>\n200-TTC Yogamood, Innsbruck<br \/>\n<a href=\"https:\/\/www.yogamood.at\/\" target=\"_blank\" rel=\"noopener\">www.yogamood.at<\/a><\/p>\n<p><strong>ONLINE<\/strong><br \/>\nJuly 08 \u2013 July 23 2nd Half 200<br \/>\n2nd Half 200-TTC \u2013 Shanghai Y+ (Full Course: Jun 27 \u2013 Jul 23)<br \/>\n<a href=\"https:\/\/www.inspyayoga.com\" target=\"_blank\" rel=\"noopener\">www.inspyayoga.com<\/a><br \/>\n<a href=\"http:\/\/www.yplus.com.cn\/\" target=\"_blank\" rel=\"noopener\">www.christinemay.de<\/a><\/p>\n<p><strong>EUROPA<\/strong><br \/>\nAug 14 \u2013 Aug 26 200<br \/>\n200-TTC \u2013 Yogaraum Hamburg<br \/>\n<a href=\"https:\/\/www.yogaraum-hamburg.de\/\" target=\"_blank\" rel=\"noopener\">www.yogaraum-hamburg.de<\/a><\/p>\n<p>Aug 22<br \/>\n200-TTC Inspire Yoga \u2013 Walsrode<br \/>\n<a href=\"https:\/\/www.inspire-yoga-walsrode.de\/\" target=\"_blank\" rel=\"noopener\">www.inspire-yoga-walsrode.de<\/a><\/p>\n<p>Sep 02 \u2013 Sep 05<br \/>\nWeiterbildung Achtsamkeitsmeditation 1 \u2013 Yogaraum-HH<br \/>\nWeiterer Teil vom 5.-8. Mai 2022<br \/>\n<a href=\"https:\/\/www.yogaraum-hamburg.de\/\" target=\"_blank\" rel=\"noopener\">www.yogaraum-hamburg.de<\/a><\/p>\n<p>Sep 09 \u2013 Sep 12<br \/>\n200-TTC \u2013 Vinya Loft Bremen<br \/>\n<a href=\"https:\/\/www.vinyaloft.de\/\" target=\"_blank\" rel=\"noopener\">www.vinyaloft.de<\/a><\/p>\n<p>Sep 18 \u2013 Sep 19<br \/>\nAchtsamkeit Einf\u00fchrung \u2013 MoveoRespiro Stuttgart<br \/>\n<a href=\"https:\/\/www.wohlfuehlbereich.de\/\" target=\"_blank\" rel=\"noopener\">www.wohlfuehlbereich.de<\/a><\/p>\n<p>Sep 22 \u2013 Sep 26<br \/>\nWorkshop: Einf\u00fchrung Achtsamkeit \u2013 MoveoRespiro Stuttgart<br \/>\n<a href=\"https:\/\/www.vishnusvibes.de\/\" target=\"_blank\" rel=\"noopener\">www.vishnusvibes.de<\/a><\/p>\n<p>Okt 02 \u2013 Okt 03<br \/>\nWeiterbildung Pr\u0101n\u0101y\u0101ma \u2013 Vishnu\u2019s Vibes, D\u00fcsseldorf<br \/>\n<a href=\"https:\/\/www.wohlfuehlbereich.de\/\" target=\"_blank\" rel=\"noopener\">www.wohlfuehlbereich.de<\/a>(Deutsche Einheit)<\/p>\n<p>Oct 09 \u2013 Oct 10<br \/>\nNoch Buchbar<\/p>\n<p>Oct 16 \u2013 Oct 17<br \/>\nWeiterbildung Pr\u0101n\u0101y\u0101ma \u2013 Vishnu\u2019s Vibes, D\u00fcsseldorf<br \/>\n<a href=\"https:\/\/www.wohlfuehlbereich.de\/\" target=\"_blank\" rel=\"noopener\">www.wohlfuehlbereich.de<\/a>(Deutsche Einheit)<\/p>\n<p>Oct 23 \u2013 Oct 24<br \/>\nNoch Buchbar<\/p>\n<p><strong>ONLINE<\/strong><br \/>\nNov 20 \u2013 Nov 21<br \/>\n300-TTC Philo-Online - MoveoRespiro, Stuttgart<br \/>\n<a href=\"https:\/\/www.wohlfuehlbereich.de\/\" target=\"_blank\" rel=\"noopener\">www.wohlfuehlbereich.de<\/a><\/p>\n<p>Nov 27 \u2013 Nov 28<br \/>\n300-TTC Philo-Online \u2013 MoveoRespiro, Stuttgart<br \/>\n<a href=\"https:\/\/www.wohlfuehlbereich.de\/\" target=\"_blank\" rel=\"noopener\">www.wohlfuehlbereich.de<\/a><\/p>\n\n\t\t<\/div>\n\t<\/div>\n<\/div><\/div><\/div><\/div><div class=\"vc_row wpb_row vc_row-fluid\"><div class=\"wpb_column vc_column_container vc_col-sm-12 sc_layouts_column_icons_position_left\"><div class=\"vc_column-inner\"><div class=\"wpb_wrapper\">\n\t<div class=\"wpb_text_column wpb_content_element\" >\n\t\t<div class=\"wpb_wrapper\">\n\t\t\t<p><script src='' type='text\/javascript'><\/script><\/p>\n\n\t\t<\/div>\n\t<\/div>\n<\/div><\/div><\/div><\/div>","protected":false},"excerpt":{"rendered":"Insight Yoga Schedule2021 ONLINE Apr 01 \u2013 Apr 16 200-TTC Online Philosophie, PranaFlow Deutschland www.inspyayoga.com www.christinemay.de Apr 17 \u2013 Apr 18 200-TTC Online Philosophie \u2013 MoveoRespiro Stuttgart www.wohlfuehlbereich.de EUROPA May&hellip;","protected":false},"author":1,"featured_media":0,"parent":0,"menu_order":0,"comment_status":"closed","ping_status":"closed","template":"","meta":{"footnotes":""},"class_list":["post-2154","page","type-page","status-publish","hentry"],"translation":{"provider":"WPGlobus","version":"3.0.0","language":"de","enabled_languages":["en","de"],"languages":{"en":{"title":true,"content":true,"excerpt":false},"de":{"title":false,"content":false,"excerpt":false}}},"yoast_head":"<!-- This site is optimized with the Yoast SEO plugin v25.3.1 - https:\/\/yoast.com\/wordpress\/plugins\/seo\/ -->\n<title>2021 Schedule - Insight.yoga<\/title>\n<meta name=\"robots\" content=\"index, follow, max-snippet:-1, max-image-preview:large, max-video-preview:-1\" \/>\n<link rel=\"canonical\" href=\"https:\/\/insight.yoga\/de\/?page_id=2154\" \/>\n<meta property=\"og:locale\" content=\"de_DE\" \/>\n<meta property=\"og:type\" content=\"article\" \/>\n<meta property=\"og:title\" content=\"2021 Schedule - Insight.yoga\" \/>\n<meta property=\"og:url\" content=\"https:\/\/insight.yoga\/de\/?page_id=2154\" \/>\n<meta property=\"og:site_name\" content=\"Insight.yoga\" \/>\n<meta property=\"article:modified_time\" content=\"2025-05-20T05:20:45+00:00\" \/>\n<meta name=\"twitter:card\" content=\"summary_large_image\" \/>\n<meta name=\"twitter:label1\" content=\"Gesch\u00e4tzte Lesezeit\" \/>\n\t<meta name=\"twitter:data1\" content=\"2\u00a0Minuten\" \/>\n<script type=\"application\/ld+json\" class=\"yoast-schema-graph\">{\"@context\":\"https:\/\/schema.org\",\"@graph\":[{\"@type\":\"WebPage\",\"@id\":\"https:\/\/insight.yoga\/?page_id=2154\",\"url\":\"https:\/\/insight.yoga\/?page_id=2154\",\"name\":\"2021 Schedule - Insight.yoga\",\"isPartOf\":{\"@id\":\"https:\/\/insight.yoga\/#website\"},\"datePublished\":\"2021-07-15T06:14:23+00:00\",\"dateModified\":\"2025-05-20T05:20:45+00:00\",\"breadcrumb\":{\"@id\":\"https:\/\/insight.yoga\/?page_id=2154#breadcrumb\"},\"inLanguage\":\"de\",\"potentialAction\":[{\"@type\":\"ReadAction\",\"target\":[\"https:\/\/insight.yoga\/?page_id=2154\"]}]},{\"@type\":\"BreadcrumbList\",\"@id\":\"https:\/\/insight.yoga\/?page_id=2154#breadcrumb\",\"itemListElement\":[{\"@type\":\"ListItem\",\"position\":1,\"name\":\"Home\",\"item\":\"https:\/\/insight.yoga\/\"},{\"@type\":\"ListItem\",\"position\":2,\"name\":\"2021 Schedule\"}]},{\"@type\":\"WebSite\",\"@id\":\"https:\/\/insight.yoga\/#website\",\"url\":\"https:\/\/insight.yoga\/\",\"name\":\"Insight.yoga\",\"description\":\"Meditate your body\",\"publisher\":{\"@id\":\"https:\/\/insight.yoga\/#organization\"},\"potentialAction\":[{\"@type\":\"SearchAction\",\"target\":{\"@type\":\"EntryPoint\",\"urlTemplate\":\"https:\/\/insight.yoga\/?s={search_term_string}\"},\"query-input\":{\"@type\":\"PropertyValueSpecification\",\"valueRequired\":true,\"valueName\":\"search_term_string\"}}],\"inLanguage\":\"de\"},{\"@type\":\"Organization\",\"@id\":\"https:\/\/insight.yoga\/#organization\",\"name\":\"Insight.yoga\",\"url\":\"https:\/\/insight.yoga\/\",\"logo\":{\"@type\":\"ImageObject\",\"inLanguage\":\"de\",\"@id\":\"https:\/\/insight.yoga\/#\/schema\/logo\/image\/\",\"url\":\"https:\/\/insight.yoga\/wp-content\/uploads\/2021\/04\/imageedit_46_8246596455.png\",\"contentUrl\":\"https:\/\/insight.yoga\/wp-content\/uploads\/2021\/04\/imageedit_46_8246596455.png\",\"width\":591,\"height\":422,\"caption\":\"Insight.yoga\"},\"image\":{\"@id\":\"https:\/\/insight.yoga\/#\/schema\/logo\/image\/\"}}]}<\/script>\n<!-- \/ Yoast SEO plugin. -->","yoast_head_json":{"title":"2021 Schedule - Insight.yoga","robots":{"index":"index","follow":"follow","max-snippet":"max-snippet:-1","max-image-preview":"max-image-preview:large","max-video-preview":"max-video-preview:-1"},"canonical":"https:\/\/insight.yoga\/de\/?page_id=2154","og_locale":"de_DE","og_type":"article","og_title":"2021 Schedule - Insight.yoga","og_url":"https:\/\/insight.yoga\/de\/?page_id=2154","og_site_name":"Insight.yoga","article_modified_time":"2025-05-20T05:20:45+00:00","twitter_card":"summary_large_image","twitter_misc":{"Gesch\u00e4tzte Lesezeit":"2\u00a0Minuten"},"schema":{"@context":"https:\/\/schema.org","@graph":[{"@type":"WebPage","@id":"https:\/\/insight.yoga\/?page_id=2154","url":"https:\/\/insight.yoga\/?page_id=2154","name":"2021 Schedule - Insight.yoga","isPartOf":{"@id":"https:\/\/insight.yoga\/#website"},"datePublished":"2021-07-15T06:14:23+00:00","dateModified":"2025-05-20T05:20:45+00:00","breadcrumb":{"@id":"https:\/\/insight.yoga\/?page_id=2154#breadcrumb"},"inLanguage":"de","potentialAction":[{"@type":"ReadAction","target":["https:\/\/insight.yoga\/?page_id=2154"]}]},{"@type":"BreadcrumbList","@id":"https:\/\/insight.yoga\/?page_id=2154#breadcrumb","itemListElement":[{"@type":"ListItem","position":1,"name":"Home","item":"https:\/\/insight.yoga\/"},{"@type":"ListItem","position":2,"name":"2021 Schedule"}]},{"@type":"WebSite","@id":"https:\/\/insight.yoga\/#website","url":"https:\/\/insight.yoga\/","name":"Insight.yoga","description":"Meditate your body","publisher":{"@id":"https:\/\/insight.yoga\/#organization"},"potentialAction":[{"@type":"SearchAction","target":{"@type":"EntryPoint","urlTemplate":"https:\/\/insight.yoga\/?s={search_term_string}"},"query-input":{"@type":"PropertyValueSpecification","valueRequired":true,"valueName":"search_term_string"}}],"inLanguage":"de"},{"@type":"Organization","@id":"https:\/\/insight.yoga\/#organization","name":"Insight.yoga","url":"https:\/\/insight.yoga\/","logo":{"@type":"ImageObject","inLanguage":"de","@id":"https:\/\/insight.yoga\/#\/schema\/logo\/image\/","url":"https:\/\/insight.yoga\/wp-content\/uploads\/2021\/04\/imageedit_46_8246596455.png","contentUrl":"https:\/\/insight.yoga\/wp-content\/uploads\/2021\/04\/imageedit_46_8246596455.png","width":591,"height":422,"caption":"Insight.yoga"},"image":{"@id":"https:\/\/insight.yoga\/#\/schema\/logo\/image\/"}}]}},"_links":{"self":[{"href":"https:\/\/insight.yoga\/de\/wp-json\/wp\/v2\/pages\/2154","targetHints":{"allow":["GET"]}}],"collection":[{"href":"https:\/\/insight.yoga\/de\/wp-json\/wp\/v2\/pages"}],"about":[{"href":"https:\/\/insight.yoga\/de\/wp-json\/wp\/v2\/types\/page"}],"author":[{"embeddable":true,"href":"https:\/\/insight.yoga\/de\/wp-json\/wp\/v2\/users\/1"}],"replies":[{"embeddable":true,"href":"https:\/\/insight.yoga\/de\/wp-json\/wp\/v2\/comments?post=2154"}],"version-history":[{"count":4,"href":"https:\/\/insight.yoga\/de\/wp-json\/wp\/v2\/pages\/2154\/revisions"}],"predecessor-version":[{"id":5448,"href":"https:\/\/insight.yoga\/de\/wp-json\/wp\/v2\/pages\/2154\/revisions\/5448"}],"wp:attachment":[{"href":"https:\/\/insight.yoga\/de\/wp-json\/wp\/v2\/media?parent=2154"}],"curies":[{"name":"wp","href":"https:\/\/api.w.org\/{rel}","templated":true}]}}