{"id":2058,"date":"2021-06-21T12:50:38","date_gmt":"2021-06-21T11:50:38","guid":{"rendered":"https:\/\/insight.yoga\/Insight\/?page_id=2058"},"modified":"2025-05-20T06:20:59","modified_gmt":"2025-05-20T05:20:59","slug":"yoga-journey-2","status":"publish","type":"page","link":"https:\/\/insight.yoga\/de\/yoga-journey-2\/","title":{"rendered":"Yoga Journey"},"content":{"rendered":"<section class=\"vc_section\"><div class=\"vc_row wpb_row vc_row-fluid\"><div class=\"wpb_column vc_column_container vc_col-sm-12 sc_layouts_column_icons_position_left\"><div class=\"vc_column-inner\"><div class=\"wpb_wrapper\"><div id=\"sc_title_1355033362\"\n\t\tclass=\"sc_title sc_title_default\"><h3 class=\"sc_item_title sc_title_title sc_align_center sc_item_title_style_default\">Mein Yoga-Weg<\/h3><h6 class=\"sc_item_subtitle sc_title_subtitle sc_align_center sc_item_title_style_default\">Insight yoga<\/h6><\/div><!-- \/.sc_title --><\/div><\/div><\/div><\/div><\/section><div class=\"vc_row wpb_row vc_row-fluid\"><div class=\"wpb_column vc_column_container vc_col-sm-12 sc_layouts_column_icons_position_left\"><div class=\"vc_column-inner\"><div class=\"wpb_wrapper\">\n\t<div class=\"wpb_text_column wpb_content_element  center_custom\" >\n\t\t<div class=\"wpb_wrapper\">\n\t\t\t<p style=\"text-align: center !important;\">\u0950 \u0938\u0939 \u0928\u093e\u0935\u0935\u0924\u0941 \/ \u0950 saha n\u0101vavatu \/<br \/>\n\u0938\u0939 \u0928\u094c \u092d\u0941\u0928\u0915\u094d\u0924\u0941 \/ saha nau bhunaktu \/<br \/>\n\u0938\u0939 \u0935\u0940\u0930\u094d\u092f\u0902 \u0915\u0930\u0935\u093e\u0935\u0939\u0948 \/ saha v\u012brya\u1e43 karav\u0101vahai \/<br \/>\n\u0924\u0947\u091c\u0938\u094d\u0935\u093f \u0928\u093e\u0935\u0927\u0940\u0924\u092e\u0938\u094d\u0924\u0941 \u092e\u093e \u0935\u093f\u0926\u094d\u0935\u093f\u0937\u093e\u0935\u0939\u0948 \/ tejasvi n\u0101vadh\u012btamastu m\u0101 vidvi\u1e63\u0101vahai \/<br \/>\n\u0950 \u0936\u093e\u0928\u094d\u0924\u093f\u0903 \u0936\u093e\u0928\u094d\u0924\u093f\u0903 \u0936\u093e\u0928\u094d\u0924\u093f\u0903 \/\/ \u0950 \u015b\u0101nti\u1e25 \u015b\u0101nti\u1e25 \u015b\u0101nti\u1e25 \/\/<\/p>\n\n\t\t<\/div>\n\t<\/div>\n<div class=\"vc_empty_space  height_tiny\"   style=\"height: 40px\"><span class=\"vc_empty_space_inner\"><\/span><\/div><\/div><\/div><\/div><\/div><div class=\"vc_row wpb_row vc_row-fluid\"><div class=\"wpb_column vc_column_container vc_col-sm-12 sc_layouts_column_icons_position_left\"><div class=\"vc_column-inner\"><div class=\"wpb_wrapper\">\n\t<div class=\"wpb_text_column wpb_content_element\" >\n\t\t<div class=\"wpb_wrapper\">\n\t\t\t<p>Ich wurde 1973 in der N\u00e4he von Hamburg geboren, wo ich im Alter von 17 Jahren Yoga und Meditation entdeckte. Ein Jahr sp\u00e4ter machte ich Abitur. Yoga war bereits ein so wichtiger Bestandteil meines Lebens, dass ich mich sich dazu entschloss, nach Indien zu reisen, anstatt eine Universit\u00e4t zu besuchen.<\/p>\n<p>Dort war Dharamsala von 1993 bis 2001 mein Basislager, von dem ich zu verschiedenen Ashrams, buddhistischen Kl\u00f6stern und Meditationszentren in Indien reiste, um Yoga, Meditation und Philosophie zu studieren. Mein Hauptanliegen in den ersten f\u00fcnf Jahren in Indien war, neben Yogapraxis (Anfangs in der Sivananda Tradition), die Vipassana Meditation. Ich verbrachte einen Gro\u00dfteil meiner Zeit als Sch\u00fcler und Helfer in Goenka-Meditationszentren.<\/p>\n<p>Ende der 90er Jahre richtete ich mein Augenmerk verst\u00e4rkt auf Energie- und therapeutische Arbeit. Ich studierte Shiatsu (als Assistent von Sakis Theophilos), Tantra (mit Clive Sheridan) und Ha\u1e6dha Yoga (in der Satyananda Tradition).<\/p>\n<p>In 1997, I became interested in alternative healing techniques and began studying Shiatsu. After an initial course with Sakis Theophilos (Om Ha Hara Shiatsu Centre), I became Sakis\u2019 assistant and apprentice until 2001. I concluded my studies by obtaining the Diploma of Shiatsu from the Bristol College of Shiatsu in 2002. Next to Zen Shiatsu, my training included TCM, Qi Gong and Chinese Food Energetics.<\/p>\n<p>Ende desselben Jahres machte ich eine Hindu Pilgerfahrt und lebte f\u00fcr drei Monate wie ein Bettelm\u00f6nch auf dem \u2018Narmad\u0101 Parikrama\u2019 Pfad. Mit dieser traditionellen Pilgererfahrung er\u00f6ffnete sich mir eine neue Dimension der Yoga Tradition und ich beschloss, mich mehr mit der Geschichte und Philosophie des Yoga zu befassen.<\/p>\n<p>Durch eine Yogaverletzung im Mai 2000 wurde mir die Wichtigkeit von korrekter Ausrichtung und therapeutischen \u0100sana-Arbeit bewusst. Ich besch\u00e4ftigte mich deshalb sich in den n\u00e4chsten Jahren eingehend mit Iyengar Yoga (haupts\u00e4chlich mit Dharmavir Mahida in Pune und Gerry Chambers &amp; Linda Purvis in Bristol).<\/p>\n<p>Mitte 2001 zog ich nach Bristol (England), um dort am Shiatsu College meine therapeutische Ausbildung abzuschlie\u00dfen. Der Schwerpunkt meiner Arbeit und das Thema meiner Diplomarbeit war die Drogenrehabilitation.<\/p>\n<p>In 2003, I moved to Byron Bay in Australia to attend Yoga Arts\u2019 9-Month Yoga Teacher Training Course (YTTC). After completing it, I was promoted to the teaching role on Yoga Arts\u2019 2-Months and 9-Months YTTCs.<\/p>\n<p>Lehrer f\u00fcr Yogalehrerausbildungen und als Therapeut in der Sanctuary Byron Bay, einem Rehabilitationszentrum f\u00fcr Drogen- und Alkohols\u00fcchtige, zu arbeiten.<\/p>\n<p>Seit 2009 habe ich mich fast ausschlie\u00dflich auf Yoga konzentriert und reise normalerweise f\u00fcr sieben bis acht Monate im Jahr um die Welt, um Yogalehrer auszubilden und Workshops zu geben. In dieser Zeit wurde auch mein eigenes Yoga-Projekt geboren: Insight Yoga.<\/p>\n<p>&nbsp;<\/p>\n<p>&nbsp;<\/p>\n\n\t\t<\/div>\n\t<\/div>\n<\/div><\/div><\/div><\/div><div class=\"vc_row wpb_row vc_row-fluid\"><div class=\"wpb_column vc_column_container vc_col-sm-12 sc_layouts_column_icons_position_left\"><div class=\"vc_column-inner\"><div class=\"wpb_wrapper\"><\/div><\/div><\/div><\/div>\n<p><script src='' type='text\/javascript'><\/script><\/p>","protected":false},"excerpt":{"rendered":"My Yoga PathInsight yoga \u0950 \u0938\u0939 \u0928\u093e\u0935\u0935\u0924\u0941 \/ \u0950 saha n\u0101vavatu \/ \u0938\u0939 \u0928\u094c \u092d\u0941\u0928\u0915\u094d\u0924\u0941 \/ saha nau bhunaktu \/ \u0938\u0939 \u0935\u0940\u0930\u094d\u092f\u0902 \u0915\u0930\u0935\u093e\u0935\u0939\u0948 \/ saha v\u012brya\u1e43 karav\u0101vahai \/ \u0924\u0947\u091c\u0938\u094d\u0935\u093f \u0928\u093e\u0935\u0927\u0940\u0924\u092e\u0938\u094d\u0924\u0941&hellip;","protected":false},"author":1,"featured_media":0,"parent":0,"menu_order":0,"comment_status":"closed","ping_status":"closed","template":"","meta":{"footnotes":""},"class_list":["post-2058","page","type-page","status-publish","hentry"],"translation":{"provider":"WPGlobus","version":"3.0.0","language":"de","enabled_languages":["en","de"],"languages":{"en":{"title":true,"content":true,"excerpt":false},"de":{"title":false,"content":false,"excerpt":false}}},"yoast_head":"<!-- This site is optimized with the Yoast SEO plugin v25.3.1 - https:\/\/yoast.com\/wordpress\/plugins\/seo\/ -->\n<title>Yoga Journey - Insight.yoga<\/title>\n<meta name=\"robots\" content=\"index, follow, max-snippet:-1, max-image-preview:large, max-video-preview:-1\" \/>\n<link rel=\"canonical\" href=\"https:\/\/insight.yoga\/de\/?page_id=2058\" \/>\n<meta property=\"og:locale\" content=\"de_DE\" \/>\n<meta property=\"og:type\" content=\"article\" \/>\n<meta property=\"og:title\" content=\"Yoga Journey - Insight.yoga\" \/>\n<meta property=\"og:url\" content=\"https:\/\/insight.yoga\/de\/?page_id=2058\" \/>\n<meta property=\"og:site_name\" content=\"Insight.yoga\" \/>\n<meta property=\"article:modified_time\" content=\"2025-05-20T05:20:59+00:00\" \/>\n<meta name=\"twitter:card\" content=\"summary_large_image\" \/>\n<meta name=\"twitter:label1\" content=\"Gesch\u00e4tzte Lesezeit\" \/>\n\t<meta name=\"twitter:data1\" content=\"3\u00a0Minuten\" \/>\n<script type=\"application\/ld+json\" class=\"yoast-schema-graph\">{\"@context\":\"https:\/\/schema.org\",\"@graph\":[{\"@type\":\"WebPage\",\"@id\":\"https:\/\/insight.yoga\/?page_id=2058\",\"url\":\"https:\/\/insight.yoga\/?page_id=2058\",\"name\":\"Yoga Journey - Insight.yoga\",\"isPartOf\":{\"@id\":\"https:\/\/insight.yoga\/#website\"},\"datePublished\":\"2021-06-21T11:50:38+00:00\",\"dateModified\":\"2025-05-20T05:20:59+00:00\",\"breadcrumb\":{\"@id\":\"https:\/\/insight.yoga\/?page_id=2058#breadcrumb\"},\"inLanguage\":\"de\",\"potentialAction\":[{\"@type\":\"ReadAction\",\"target\":[\"https:\/\/insight.yoga\/?page_id=2058\"]}]},{\"@type\":\"BreadcrumbList\",\"@id\":\"https:\/\/insight.yoga\/?page_id=2058#breadcrumb\",\"itemListElement\":[{\"@type\":\"ListItem\",\"position\":1,\"name\":\"Home\",\"item\":\"https:\/\/insight.yoga\/\"},{\"@type\":\"ListItem\",\"position\":2,\"name\":\"Yoga Journey\"}]},{\"@type\":\"WebSite\",\"@id\":\"https:\/\/insight.yoga\/#website\",\"url\":\"https:\/\/insight.yoga\/\",\"name\":\"Insight.yoga\",\"description\":\"Meditate your body\",\"publisher\":{\"@id\":\"https:\/\/insight.yoga\/#organization\"},\"potentialAction\":[{\"@type\":\"SearchAction\",\"target\":{\"@type\":\"EntryPoint\",\"urlTemplate\":\"https:\/\/insight.yoga\/?s={search_term_string}\"},\"query-input\":{\"@type\":\"PropertyValueSpecification\",\"valueRequired\":true,\"valueName\":\"search_term_string\"}}],\"inLanguage\":\"de\"},{\"@type\":\"Organization\",\"@id\":\"https:\/\/insight.yoga\/#organization\",\"name\":\"Insight.yoga\",\"url\":\"https:\/\/insight.yoga\/\",\"logo\":{\"@type\":\"ImageObject\",\"inLanguage\":\"de\",\"@id\":\"https:\/\/insight.yoga\/#\/schema\/logo\/image\/\",\"url\":\"https:\/\/insight.yoga\/wp-content\/uploads\/2021\/04\/imageedit_46_8246596455.png\",\"contentUrl\":\"https:\/\/insight.yoga\/wp-content\/uploads\/2021\/04\/imageedit_46_8246596455.png\",\"width\":591,\"height\":422,\"caption\":\"Insight.yoga\"},\"image\":{\"@id\":\"https:\/\/insight.yoga\/#\/schema\/logo\/image\/\"}}]}<\/script>\n<!-- \/ Yoast SEO plugin. -->","yoast_head_json":{"title":"Yoga Journey - Insight.yoga","robots":{"index":"index","follow":"follow","max-snippet":"max-snippet:-1","max-image-preview":"max-image-preview:large","max-video-preview":"max-video-preview:-1"},"canonical":"https:\/\/insight.yoga\/de\/?page_id=2058","og_locale":"de_DE","og_type":"article","og_title":"Yoga Journey - Insight.yoga","og_url":"https:\/\/insight.yoga\/de\/?page_id=2058","og_site_name":"Insight.yoga","article_modified_time":"2025-05-20T05:20:59+00:00","twitter_card":"summary_large_image","twitter_misc":{"Gesch\u00e4tzte Lesezeit":"3\u00a0Minuten"},"schema":{"@context":"https:\/\/schema.org","@graph":[{"@type":"WebPage","@id":"https:\/\/insight.yoga\/?page_id=2058","url":"https:\/\/insight.yoga\/?page_id=2058","name":"Yoga Journey - Insight.yoga","isPartOf":{"@id":"https:\/\/insight.yoga\/#website"},"datePublished":"2021-06-21T11:50:38+00:00","dateModified":"2025-05-20T05:20:59+00:00","breadcrumb":{"@id":"https:\/\/insight.yoga\/?page_id=2058#breadcrumb"},"inLanguage":"de","potentialAction":[{"@type":"ReadAction","target":["https:\/\/insight.yoga\/?page_id=2058"]}]},{"@type":"BreadcrumbList","@id":"https:\/\/insight.yoga\/?page_id=2058#breadcrumb","itemListElement":[{"@type":"ListItem","position":1,"name":"Home","item":"https:\/\/insight.yoga\/"},{"@type":"ListItem","position":2,"name":"Yoga Journey"}]},{"@type":"WebSite","@id":"https:\/\/insight.yoga\/#website","url":"https:\/\/insight.yoga\/","name":"Insight.yoga","description":"Meditate your body","publisher":{"@id":"https:\/\/insight.yoga\/#organization"},"potentialAction":[{"@type":"SearchAction","target":{"@type":"EntryPoint","urlTemplate":"https:\/\/insight.yoga\/?s={search_term_string}"},"query-input":{"@type":"PropertyValueSpecification","valueRequired":true,"valueName":"search_term_string"}}],"inLanguage":"de"},{"@type":"Organization","@id":"https:\/\/insight.yoga\/#organization","name":"Insight.yoga","url":"https:\/\/insight.yoga\/","logo":{"@type":"ImageObject","inLanguage":"de","@id":"https:\/\/insight.yoga\/#\/schema\/logo\/image\/","url":"https:\/\/insight.yoga\/wp-content\/uploads\/2021\/04\/imageedit_46_8246596455.png","contentUrl":"https:\/\/insight.yoga\/wp-content\/uploads\/2021\/04\/imageedit_46_8246596455.png","width":591,"height":422,"caption":"Insight.yoga"},"image":{"@id":"https:\/\/insight.yoga\/#\/schema\/logo\/image\/"}}]}},"_links":{"self":[{"href":"https:\/\/insight.yoga\/de\/wp-json\/wp\/v2\/pages\/2058","targetHints":{"allow":["GET"]}}],"collection":[{"href":"https:\/\/insight.yoga\/de\/wp-json\/wp\/v2\/pages"}],"about":[{"href":"https:\/\/insight.yoga\/de\/wp-json\/wp\/v2\/types\/page"}],"author":[{"embeddable":true,"href":"https:\/\/insight.yoga\/de\/wp-json\/wp\/v2\/users\/1"}],"replies":[{"embeddable":true,"href":"https:\/\/insight.yoga\/de\/wp-json\/wp\/v2\/comments?post=2058"}],"version-history":[{"count":17,"href":"https:\/\/insight.yoga\/de\/wp-json\/wp\/v2\/pages\/2058\/revisions"}],"predecessor-version":[{"id":3018,"href":"https:\/\/insight.yoga\/de\/wp-json\/wp\/v2\/pages\/2058\/revisions\/3018"}],"wp:attachment":[{"href":"https:\/\/insight.yoga\/de\/wp-json\/wp\/v2\/media?parent=2058"}],"curies":[{"name":"wp","href":"https:\/\/api.w.org\/{rel}","templated":true}]}}