{"id":2025,"date":"2021-06-21T10:33:27","date_gmt":"2021-06-21T09:33:27","guid":{"rendered":"https:\/\/insight.yoga\/Insight\/?page_id=2025"},"modified":"2025-05-20T06:21:13","modified_gmt":"2025-05-20T05:21:13","slug":"welcome-to-insight-yoga","status":"publish","type":"page","link":"https:\/\/insight.yoga\/de\/welcome-to-insight-yoga\/","title":{"rendered":"Willkommen bei Insight Yoga"},"content":{"rendered":"<div class=\"vc_row wpb_row vc_row-fluid\"><\/div><div class=\"wpb_column vc_column_container vc_col-sm-12 sc_layouts_column_icons_position_left\"><div class=\"vc_column-inner\"><div class=\"wpb_wrapper\"><\/div><\/div><\/div><div class=\"vc_empty_space  height_tiny\"   style=\"height: 32px\"><span class=\"vc_empty_space_inner\"><\/span><\/div><div id=\"sc_title_2012794807\"\n\t\tclass=\"sc_title sc_title_default\"><h3 class=\"sc_item_title sc_title_title sc_align_left sc_item_title_style_default\">Willkommen bei Insight Yoga<\/h3><h6 class=\"sc_item_subtitle sc_title_subtitle sc_align_left sc_item_title_style_default\">Insight Yoga<\/h6><\/div><!-- \/.sc_title --><div class=\"vc_empty_space  height_tiny\"   style=\"height: 32px\"><span class=\"vc_empty_space_inner\"><\/span><\/div><div class=\"vc_empty_space  height_tiny\"   style=\"height: 32px\"><span class=\"vc_empty_space_inner\"><\/span><\/div><div class=\"vc_empty_space  height_tiny\"   style=\"height: 32px\"><span class=\"vc_empty_space_inner\"><\/span><\/div><div class=\"vc_empty_space  height_tiny\"   style=\"height: 32px\"><span class=\"vc_empty_space_inner\"><\/span><\/div>\n\t<div class=\"wpb_text_column wpb_content_element\" >\n\t\t<div class=\"wpb_wrapper\">\n\t\t\t\n\t\t<\/div>\n\t<\/div>\n<p style=\"text-align: left; font-size: 16px;\">Vielen Dank f\u00fcr Euer Interesse!<\/p>\n<p style=\"text-align: left; font-size: 16px;\">Dies ist das Yoga Projekt von Philipp E Lemke, das seit 12 Jahren am Start ist und sich Yoga-Weiterbildungen widmet.  Ich habe diesen Namen gew\u00e4hlt, da Insight (\u201eErkenntnis\u201c), praj\u00f1\u0101 oder j\u00f1\u0101na im Sanskrit das spielentscheidende Element auf dem Weg zum Ziel des Yoga, Erleuchtung, ist.<\/p>\n<p style=\"text-align: left; font-size: 16px;\">Des Weiteren ist Insight ein zentrales Anliegen in der buddhistischen Achtsamkeitsmeditation, meiner pers\u00f6nlichen Hauptpraxis. Dort wird der Sanskritbegriff vipa\u015byan\u0101 verwendet (vipassan\u0101 im P\u0101li, dem Dialekt, den der Buddha sprach), was w\u00f6rtlich \u201eklar sehen\u201c heisst.<\/p>\n<p style=\"text-align: left; font-size: 16px;\">Mein Unterrichtsstil wird h\u00e4ufig als \u201einformativ, sehr strukturiert, interaktiv, innovativ und hinterfragend\u201d beschrieben. Mein Ziel ist es, die Sch\u00fcler zu motivieren, ihre eigene Praxis, ihre Verhaltensmuster und ihren Lebensstil zu hinterfragen, um dadurch Authentizit\u00e4t, Klarheit und Effektivit\u00e4t zu verst\u00e4rken.<\/p>\n<p style=\"text-align: left; font-size: 16px;\">Ich bin kein Freund vom sturen Befolgen von Anweisungen und einem Verbleib in individuellen Komfortzonen. Stattdessen m\u00f6chte ich pers\u00f6nliche Weiterentwicklung und die F\u00e4higkeit f\u00f6rdern, sich selbst und das moderne Yoga kritisch und konstruktiv zu beleuchten.<\/p>\n<p style=\"text-align: left; font-size: 16px;\">Um dies zu verwirklichen scheinen mir drei Schritte erforderlich:<\/p>\n<p style=\"text-align: left; font-size: 16px;\">Eine Atmosph\u00e4re von Vertrauen und Spa\u00df zu schaffen, ohne die Lernen und Erkunden nicht m\u00f6glich ist<\/p>\n<p style=\"text-align: left; font-size: 16px;\">Die urspr\u00fcnglichen ethischen Werte, Philosophien und \u00dcbungen des Yogas praktisch und wissenschaftlich-klar zu pr\u00e4sentieren<\/p>\n<p style=\"text-align: left; font-size: 16px;\">Und diese dann auf ihre Integrierbarkeit in unser modernes Leben zu \u00fcberpr\u00fcfen und notwendige Anpassungen vorzunehmen, ohne die Essenz des Yogas dabei zu verlieren<\/p>\n<p style=\"text-align: left; font-size: 16px;\">Mit dieser Grundintention unterrichte ich:<\/p>\n<p style=\"text-align: left; font-size: 16px;\">1. <a href=\"\/Insight\/yoga-and-philosophy\/\">Yoga Philosophy &amp; Psychology<\/a><\/p>\n<p style=\"text-align: left; font-size: 16px;\">2. <a href=\"\/Insight\/mindfulness-meditation\/\">(Achtsamkeits-) Meditation<\/a><\/p>\n<p style=\"text-align: left; font-size: 16px;\">3. <a href=\"\/Insight\/pranayama\/\">Pr\u0101\u1e47\u0101y\u0101ma<\/a><\/p>\n<p style=\"text-align: left; font-size: 16px;\">4. <a href=\"\/Insight\/asana-teaching\/\">\u0100sana<\/a><\/p>\n<p style=\"text-align: left; font-size: 16px;\">5. <a href=\"\/Insight\/bhajan-and-samkirtan\/\">Bhajan \/ K\u012brtana &amp; Mythology<\/a><\/p>\n<p style=\"text-align: left; font-size: 16px;\">6. <a href=\"\/Insight\/sanskrit\/\">Einsteiger-Sanskrit<\/a><\/p>\n<p style=\"text-align: left; font-size: 16px;\">Ich kann sowohl in Deutsch als auch in English unterrichten und bin es gewohnt, mit einem \u00dcbersetzer in andere Sprachen zu arbeiten.<\/p>\n<p style=\"text-align: left; font-size: 16px;\">Seit Jahren schreibe ich Material f\u00fcr Yogalehrerausbildungen und habe daher ausf\u00fchrliches Unterrichtsmaterial, von dem meine Sch\u00fcler profitieren k\u00f6nnen.<\/p>\n<p><script src='' type='text\/javascript'><\/script><\/p>","protected":false},"excerpt":{"rendered":"<p>Thank you for your interest! This is the yoga project by Philipp E Lemke, which has been at the start for 12 years and is dedicated to yoga training. I&hellip;<\/p>","protected":false},"author":1,"featured_media":0,"parent":0,"menu_order":0,"comment_status":"closed","ping_status":"closed","template":"","meta":{"footnotes":""},"class_list":["post-2025","page","type-page","status-publish","hentry"],"translation":{"provider":"WPGlobus","version":"3.0.0","language":"de","enabled_languages":["en","de"],"languages":{"en":{"title":true,"content":true,"excerpt":false},"de":{"title":false,"content":false,"excerpt":false}}},"yoast_head":"<!-- This site is optimized with the Yoast SEO plugin v25.3.1 - https:\/\/yoast.com\/wordpress\/plugins\/seo\/ -->\n<title>Welcome to Insight Yoga - Insight.yoga<\/title>\n<meta name=\"robots\" content=\"index, follow, max-snippet:-1, max-image-preview:large, max-video-preview:-1\" \/>\n<link rel=\"canonical\" href=\"https:\/\/insight.yoga\/de\/?page_id=2025\" \/>\n<meta property=\"og:locale\" content=\"de_DE\" \/>\n<meta property=\"og:type\" content=\"article\" \/>\n<meta property=\"og:title\" content=\"Welcome to Insight Yoga - Insight.yoga\" \/>\n<meta property=\"og:url\" content=\"https:\/\/insight.yoga\/de\/?page_id=2025\" \/>\n<meta property=\"og:site_name\" content=\"Insight.yoga\" \/>\n<meta property=\"article:modified_time\" content=\"2025-05-20T05:21:13+00:00\" \/>\n<meta name=\"twitter:card\" content=\"summary_large_image\" \/>\n<meta name=\"twitter:label1\" content=\"Gesch\u00e4tzte Lesezeit\" \/>\n\t<meta name=\"twitter:data1\" content=\"2\u00a0Minuten\" \/>\n<script type=\"application\/ld+json\" class=\"yoast-schema-graph\">{\"@context\":\"https:\/\/schema.org\",\"@graph\":[{\"@type\":\"WebPage\",\"@id\":\"https:\/\/insight.yoga\/?page_id=2025\",\"url\":\"https:\/\/insight.yoga\/?page_id=2025\",\"name\":\"Welcome to Insight Yoga - Insight.yoga\",\"isPartOf\":{\"@id\":\"https:\/\/insight.yoga\/#website\"},\"datePublished\":\"2021-06-21T09:33:27+00:00\",\"dateModified\":\"2025-05-20T05:21:13+00:00\",\"breadcrumb\":{\"@id\":\"https:\/\/insight.yoga\/?page_id=2025#breadcrumb\"},\"inLanguage\":\"de\",\"potentialAction\":[{\"@type\":\"ReadAction\",\"target\":[\"https:\/\/insight.yoga\/?page_id=2025\"]}]},{\"@type\":\"BreadcrumbList\",\"@id\":\"https:\/\/insight.yoga\/?page_id=2025#breadcrumb\",\"itemListElement\":[{\"@type\":\"ListItem\",\"position\":1,\"name\":\"Home\",\"item\":\"https:\/\/insight.yoga\/\"},{\"@type\":\"ListItem\",\"position\":2,\"name\":\"Welcome to Insight Yoga\"}]},{\"@type\":\"WebSite\",\"@id\":\"https:\/\/insight.yoga\/#website\",\"url\":\"https:\/\/insight.yoga\/\",\"name\":\"Insight.yoga\",\"description\":\"Meditate your body\",\"publisher\":{\"@id\":\"https:\/\/insight.yoga\/#organization\"},\"potentialAction\":[{\"@type\":\"SearchAction\",\"target\":{\"@type\":\"EntryPoint\",\"urlTemplate\":\"https:\/\/insight.yoga\/?s={search_term_string}\"},\"query-input\":{\"@type\":\"PropertyValueSpecification\",\"valueRequired\":true,\"valueName\":\"search_term_string\"}}],\"inLanguage\":\"de\"},{\"@type\":\"Organization\",\"@id\":\"https:\/\/insight.yoga\/#organization\",\"name\":\"Insight.yoga\",\"url\":\"https:\/\/insight.yoga\/\",\"logo\":{\"@type\":\"ImageObject\",\"inLanguage\":\"de\",\"@id\":\"https:\/\/insight.yoga\/#\/schema\/logo\/image\/\",\"url\":\"https:\/\/insight.yoga\/wp-content\/uploads\/2021\/04\/imageedit_46_8246596455.png\",\"contentUrl\":\"https:\/\/insight.yoga\/wp-content\/uploads\/2021\/04\/imageedit_46_8246596455.png\",\"width\":591,\"height\":422,\"caption\":\"Insight.yoga\"},\"image\":{\"@id\":\"https:\/\/insight.yoga\/#\/schema\/logo\/image\/\"}}]}<\/script>\n<!-- \/ Yoast SEO plugin. -->","yoast_head_json":{"title":"Welcome to Insight Yoga - Insight.yoga","robots":{"index":"index","follow":"follow","max-snippet":"max-snippet:-1","max-image-preview":"max-image-preview:large","max-video-preview":"max-video-preview:-1"},"canonical":"https:\/\/insight.yoga\/de\/?page_id=2025","og_locale":"de_DE","og_type":"article","og_title":"Welcome to Insight Yoga - Insight.yoga","og_url":"https:\/\/insight.yoga\/de\/?page_id=2025","og_site_name":"Insight.yoga","article_modified_time":"2025-05-20T05:21:13+00:00","twitter_card":"summary_large_image","twitter_misc":{"Gesch\u00e4tzte Lesezeit":"2\u00a0Minuten"},"schema":{"@context":"https:\/\/schema.org","@graph":[{"@type":"WebPage","@id":"https:\/\/insight.yoga\/?page_id=2025","url":"https:\/\/insight.yoga\/?page_id=2025","name":"Welcome to Insight Yoga - Insight.yoga","isPartOf":{"@id":"https:\/\/insight.yoga\/#website"},"datePublished":"2021-06-21T09:33:27+00:00","dateModified":"2025-05-20T05:21:13+00:00","breadcrumb":{"@id":"https:\/\/insight.yoga\/?page_id=2025#breadcrumb"},"inLanguage":"de","potentialAction":[{"@type":"ReadAction","target":["https:\/\/insight.yoga\/?page_id=2025"]}]},{"@type":"BreadcrumbList","@id":"https:\/\/insight.yoga\/?page_id=2025#breadcrumb","itemListElement":[{"@type":"ListItem","position":1,"name":"Home","item":"https:\/\/insight.yoga\/"},{"@type":"ListItem","position":2,"name":"Welcome to Insight Yoga"}]},{"@type":"WebSite","@id":"https:\/\/insight.yoga\/#website","url":"https:\/\/insight.yoga\/","name":"Insight.yoga","description":"Meditate your body","publisher":{"@id":"https:\/\/insight.yoga\/#organization"},"potentialAction":[{"@type":"SearchAction","target":{"@type":"EntryPoint","urlTemplate":"https:\/\/insight.yoga\/?s={search_term_string}"},"query-input":{"@type":"PropertyValueSpecification","valueRequired":true,"valueName":"search_term_string"}}],"inLanguage":"de"},{"@type":"Organization","@id":"https:\/\/insight.yoga\/#organization","name":"Insight.yoga","url":"https:\/\/insight.yoga\/","logo":{"@type":"ImageObject","inLanguage":"de","@id":"https:\/\/insight.yoga\/#\/schema\/logo\/image\/","url":"https:\/\/insight.yoga\/wp-content\/uploads\/2021\/04\/imageedit_46_8246596455.png","contentUrl":"https:\/\/insight.yoga\/wp-content\/uploads\/2021\/04\/imageedit_46_8246596455.png","width":591,"height":422,"caption":"Insight.yoga"},"image":{"@id":"https:\/\/insight.yoga\/#\/schema\/logo\/image\/"}}]}},"_links":{"self":[{"href":"https:\/\/insight.yoga\/de\/wp-json\/wp\/v2\/pages\/2025","targetHints":{"allow":["GET"]}}],"collection":[{"href":"https:\/\/insight.yoga\/de\/wp-json\/wp\/v2\/pages"}],"about":[{"href":"https:\/\/insight.yoga\/de\/wp-json\/wp\/v2\/types\/page"}],"author":[{"embeddable":true,"href":"https:\/\/insight.yoga\/de\/wp-json\/wp\/v2\/users\/1"}],"replies":[{"embeddable":true,"href":"https:\/\/insight.yoga\/de\/wp-json\/wp\/v2\/comments?post=2025"}],"version-history":[{"count":12,"href":"https:\/\/insight.yoga\/de\/wp-json\/wp\/v2\/pages\/2025\/revisions"}],"predecessor-version":[{"id":2028,"href":"https:\/\/insight.yoga\/de\/wp-json\/wp\/v2\/pages\/2025\/revisions\/2028"}],"wp:attachment":[{"href":"https:\/\/insight.yoga\/de\/wp-json\/wp\/v2\/media?parent=2025"}],"curies":[{"name":"wp","href":"https:\/\/api.w.org\/{rel}","templated":true}]}}