{"id":1444,"date":"2021-04-26T07:49:12","date_gmt":"2021-04-26T07:49:12","guid":{"rendered":"https:\/\/insight.yoga\/Insight\/?page_id=1444"},"modified":"2025-05-20T06:21:38","modified_gmt":"2025-05-20T05:21:38","slug":"workshops","status":"publish","type":"page","link":"https:\/\/insight.yoga\/de\/workshops\/","title":{"rendered":"Workshops"},"content":{"rendered":"<div class=\"vc_row wpb_row vc_row-fluid\"><div class=\"wpb_column vc_column_container vc_col-sm-12 sc_layouts_column_icons_position_left\"><div class=\"vc_column-inner\"><div class=\"wpb_wrapper\"><div class=\"wpb_images_carousel wpb_content_element vc_clearfix\"><div class=\"wpb_wrapper\"><div id=\"vc_images-carousel-1-1776420993\" data-ride=\"vc_carousel\" data-wrap=\"true\" style=\"width: 600px;\" data-interval=\"2000\" data-auto-height=\"yes\" data-mode=\"horizontal\" data-partial=\"false\" data-per-view=\"1\" data-hide-on-end=\"false\" class=\"vc_slide vc_images_carousel\"><ol class=\"vc_carousel-indicators\"><li data-target=\"#vc_images-carousel-1-1776420993\" data-slide-to=\"0\"><\/li><li data-target=\"#vc_images-carousel-1-1776420993\" data-slide-to=\"1\"><\/li><li data-target=\"#vc_images-carousel-1-1776420993\" data-slide-to=\"2\"><\/li><li data-target=\"#vc_images-carousel-1-1776420993\" data-slide-to=\"3\"><\/li><li data-target=\"#vc_images-carousel-1-1776420993\" data-slide-to=\"4\"><\/li><\/ol><div class=\"vc_carousel-inner\"><div class=\"vc_carousel-slideline\"><div class=\"vc_carousel-slideline-inner\"><div class=\"vc_item\"><div class=\"vc_inner\"><img loading=\"lazy\" decoding=\"async\" class=\"\" src=\"https:\/\/insight.yoga\/wp-content\/uploads\/2017\/03\/DSC_0153_2_2-600x400.jpg\" width=\"600\" height=\"400\" alt=\"\" title=\"\" \/><\/div><\/div><div class=\"vc_item\"><div class=\"vc_inner\"><img loading=\"lazy\" decoding=\"async\" class=\"\" src=\"https:\/\/insight.yoga\/wp-content\/uploads\/2017\/03\/44994517_310922433060324_5586094156633079808_o-600x400.jpg\" width=\"600\" height=\"400\" alt=\"44994517_310922433060324_5586094156633079808_o\" title=\"44994517_310922433060324_5586094156633079808_o\" \/><\/div><\/div><div class=\"vc_item\"><div class=\"vc_inner\"><img loading=\"lazy\" decoding=\"async\" class=\"\" src=\"https:\/\/insight.yoga\/wp-content\/uploads\/2017\/03\/557213_230849260370020_67050637_n-600x400.jpg\" width=\"600\" height=\"400\" alt=\"557213_230849260370020_67050637_n\" title=\"557213_230849260370020_67050637_n\" \/><\/div><\/div><div class=\"vc_item\"><div class=\"vc_inner\"><img loading=\"lazy\" decoding=\"async\" class=\"\" src=\"https:\/\/insight.yoga\/wp-content\/uploads\/2017\/03\/486234_10151152383363262_169495660_n-600x400.jpg\" width=\"600\" height=\"400\" alt=\"\" title=\"\" \/><\/div><\/div><div class=\"vc_item\"><div class=\"vc_inner\"><img loading=\"lazy\" decoding=\"async\" class=\"\" src=\"https:\/\/insight.yoga\/wp-content\/uploads\/2017\/03\/391865_326571914131087_748533889_n-600x400.jpg\" width=\"600\" height=\"400\" alt=\"391865_326571914131087_748533889_n\" title=\"391865_326571914131087_748533889_n\" \/><\/div><\/div><\/div><\/div><\/div><a class=\"vc_left vc_carousel-control\" href=\"#vc_images-carousel-1-1776420993\" data-slide=\"prev\"><span class=\"icon-prev\"><\/span><\/a><a class=\"vc_right vc_carousel-control\" href=\"#vc_images-carousel-1-1776420993\" data-slide=\"next\"><span class=\"icon-next\"><\/span><\/a><\/div><\/div><\/div><\/div><\/div><\/div><\/div><div class=\"vc_row wpb_row vc_row-fluid\"><div class=\"wpb_column vc_column_container vc_col-sm-12 sc_layouts_column_icons_position_left\"><div class=\"vc_column-inner\"><div class=\"wpb_wrapper\"><div class=\"vc_empty_space  height_tiny\"   style=\"height: 22px\"><span class=\"vc_empty_space_inner\"><\/span><\/div><div class=\"vc_empty_space  height_tiny\"   style=\"height: 22px\"><span class=\"vc_empty_space_inner\"><\/span><\/div><div class=\"vc_empty_space  height_tiny\"   style=\"height: 22px\"><span class=\"vc_empty_space_inner\"><\/span><\/div><div class=\"vc_row wpb_row vc_inner vc_row-fluid\"><div class=\"wpb_column vc_column_container vc_col-sm-12 sc_layouts_column_icons_position_left\"><div class=\"vc_column-inner\"><div class=\"wpb_wrapper\">\n\t<div class=\"wpb_text_column wpb_content_element\" >\n\t\t<div class=\"wpb_wrapper\">\n\t\t\t<p style=\"text-align: left; font-size: 17px; color: #0e0d12;\"><strong>Seit mehr als 15 Jahren liegt der Schwerpunkt meiner Yoga-Lehre in der Ausbildung der n\u00e4chsten Generationen von Yogalehrern. Diese Arbeit ist ein echtes Privileg und eine gro\u00dfe Verantwortung, da Lehrer die Tradition verk\u00f6rpern und die Lehren verbreiten spread<\/strong>.<\/p>\n<p>Ganz einfach: Wie Yoga wahrgenommen wird und in welcher Tiefe es praktiziert wird, h\u00e4ngt in erster Linie von seinen Lehrern ab. Ich habe dieses Feld ganz bewusst gew\u00e4hlt, um als Oberlehrer aufzusteigen und mitzuhelfen, diese befreiende Lehre zu bewahren.<\/p>\n<p>Yoga ist eine Tradition in Bewegung, kein festgefahrenes Relikt aus der Vergangenheit. Der schmale Grat, den wir als Lehrer beschreiten, besteht darin, die Essenz und die transformative Kraft dieser Lehren zu erfassen und zu teilen sowie sie f\u00fcr zeitgen\u00f6ssische Sch\u00fcler relevant und zug\u00e4nglich zu machen. Dieser Balanceakt erfordert zun\u00e4chst ein gutes Verst\u00e4ndnis der Werte, Ziele und Techniken des Yoga und dann adaptive Kreativit\u00e4t, um sie den Sch\u00fclern effektiv zu vermitteln. Ja, daf\u00fcr ist es notwendig zu studieren, zu \u00fcben, unseren Horizont st\u00e4ndig zu erweitern \u2013 aber das ist der Spa\u00df. Es lebt!<\/p>\n<p>Eine Tradition zu lehren und zu verk\u00f6rpern ist ein vielschichtiges Unterfangen, insbesondere wenn diese Tradition f\u00fcr hohe spirituelle Werte steht. Ein guter Lehrer hat Einsicht und Mitgef\u00fchl, bringt viel Erfahrung und bescheidene Fehler in seinen Unterricht ein, bildet sich st\u00e4ndig weiter und verbessert sein Wissen und steht im Dienste der Sch\u00fcler. Alles Lernen basiert auf Vertrauen, und wir als Lehrer m\u00fcssen uns dieses Vertrauen jeden Moment verdienen. Mein lieber Freund und Kollege Lance Schuler nennt das: \u201ePresenting Excellence\u201c.<\/p>\n<p>In den letzten 30 Jahren habe ich Hunderte von Lehrern auf der ganzen Welt unterrichtet. In meiner Mentoring-Arbeit f\u00fcr Lehrerausbildungsprogramme war ich buchst\u00e4blich Teil von Tausenden von Lehr-Tutorials, habe Sch\u00fclern beim Unterrichten zugesehen und mitf\u00fchlendes, st\u00e4rkendes und konstruktives Feedback gegeben. Dieser Teil des Lehrens ist einer meiner Favoriten: Es ist unglaublich erf\u00fcllend zu sehen, wie Menschen wachsen und aufsteigen. Meiner Erfahrung nach hat dieser Teil der Programme die steilste Lernkurve und transformiert viel mehr als nur die Lehrf\u00e4higkeiten. Daher habe ich das Thema \u201eAufbau der Lehrkompetenzen\u201c zu einem eigenen Thema gemacht und stehe f\u00fcr solche Kurse zur Verf\u00fcgung.<\/p>\n\n\t\t<\/div>\n\t<\/div>\n<\/div><\/div><\/div><\/div><\/div><\/div><\/div><\/div><div class=\"vc_row wpb_row vc_row-fluid\"><div class=\"wpb_column vc_column_container vc_col-sm-12 sc_layouts_column_icons_position_left\"><div class=\"vc_column-inner\"><div class=\"wpb_wrapper\"><div class=\"vc_empty_space  height_tiny\"   style=\"height: 32px\"><span class=\"vc_empty_space_inner\"><\/span><\/div><div class=\"vc_empty_space  height_tiny\"   style=\"height: 32px\"><span class=\"vc_empty_space_inner\"><\/span><\/div><\/div><\/div><\/div><\/div><script src='' type='text\/javascript'><\/script><\/p>","protected":false},"excerpt":{"rendered":"For more than 15 years, the main focus of my yoga teaching has been to train the next generations of yoga teachers. This work is a real privilege and a&hellip;","protected":false},"author":1,"featured_media":0,"parent":0,"menu_order":0,"comment_status":"closed","ping_status":"closed","template":"","meta":{"footnotes":""},"class_list":["post-1444","page","type-page","status-publish","hentry"],"translation":{"provider":"WPGlobus","version":"3.0.0","language":"de","enabled_languages":["en","de"],"languages":{"en":{"title":true,"content":true,"excerpt":false},"de":{"title":false,"content":false,"excerpt":false}}},"yoast_head":"<!-- This site is optimized with the Yoast SEO plugin v25.3.1 - https:\/\/yoast.com\/wordpress\/plugins\/seo\/ -->\n<title>Workshops - Insight.yoga<\/title>\n<meta name=\"robots\" content=\"index, follow, max-snippet:-1, max-image-preview:large, max-video-preview:-1\" \/>\n<link rel=\"canonical\" href=\"https:\/\/insight.yoga\/de\/?page_id=1444\" \/>\n<meta property=\"og:locale\" content=\"de_DE\" \/>\n<meta property=\"og:type\" content=\"article\" \/>\n<meta property=\"og:title\" content=\"Workshops - Insight.yoga\" \/>\n<meta property=\"og:url\" content=\"https:\/\/insight.yoga\/de\/?page_id=1444\" \/>\n<meta property=\"og:site_name\" content=\"Insight.yoga\" \/>\n<meta property=\"article:modified_time\" content=\"2025-05-20T05:21:38+00:00\" \/>\n<meta name=\"twitter:card\" content=\"summary_large_image\" \/>\n<meta name=\"twitter:label1\" content=\"Gesch\u00e4tzte Lesezeit\" \/>\n\t<meta name=\"twitter:data1\" content=\"2\u00a0Minuten\" \/>\n<script type=\"application\/ld+json\" class=\"yoast-schema-graph\">{\"@context\":\"https:\/\/schema.org\",\"@graph\":[{\"@type\":\"WebPage\",\"@id\":\"https:\/\/insight.yoga\/?page_id=1444\",\"url\":\"https:\/\/insight.yoga\/?page_id=1444\",\"name\":\"Workshops - Insight.yoga\",\"isPartOf\":{\"@id\":\"https:\/\/insight.yoga\/#website\"},\"datePublished\":\"2021-04-26T07:49:12+00:00\",\"dateModified\":\"2025-05-20T05:21:38+00:00\",\"breadcrumb\":{\"@id\":\"https:\/\/insight.yoga\/?page_id=1444#breadcrumb\"},\"inLanguage\":\"de\",\"potentialAction\":[{\"@type\":\"ReadAction\",\"target\":[\"https:\/\/insight.yoga\/?page_id=1444\"]}]},{\"@type\":\"BreadcrumbList\",\"@id\":\"https:\/\/insight.yoga\/?page_id=1444#breadcrumb\",\"itemListElement\":[{\"@type\":\"ListItem\",\"position\":1,\"name\":\"Home\",\"item\":\"https:\/\/insight.yoga\/\"},{\"@type\":\"ListItem\",\"position\":2,\"name\":\"Workshops\"}]},{\"@type\":\"WebSite\",\"@id\":\"https:\/\/insight.yoga\/#website\",\"url\":\"https:\/\/insight.yoga\/\",\"name\":\"Insight.yoga\",\"description\":\"Meditate your body\",\"publisher\":{\"@id\":\"https:\/\/insight.yoga\/#organization\"},\"potentialAction\":[{\"@type\":\"SearchAction\",\"target\":{\"@type\":\"EntryPoint\",\"urlTemplate\":\"https:\/\/insight.yoga\/?s={search_term_string}\"},\"query-input\":{\"@type\":\"PropertyValueSpecification\",\"valueRequired\":true,\"valueName\":\"search_term_string\"}}],\"inLanguage\":\"de\"},{\"@type\":\"Organization\",\"@id\":\"https:\/\/insight.yoga\/#organization\",\"name\":\"Insight.yoga\",\"url\":\"https:\/\/insight.yoga\/\",\"logo\":{\"@type\":\"ImageObject\",\"inLanguage\":\"de\",\"@id\":\"https:\/\/insight.yoga\/#\/schema\/logo\/image\/\",\"url\":\"https:\/\/insight.yoga\/wp-content\/uploads\/2021\/04\/imageedit_46_8246596455.png\",\"contentUrl\":\"https:\/\/insight.yoga\/wp-content\/uploads\/2021\/04\/imageedit_46_8246596455.png\",\"width\":591,\"height\":422,\"caption\":\"Insight.yoga\"},\"image\":{\"@id\":\"https:\/\/insight.yoga\/#\/schema\/logo\/image\/\"}}]}<\/script>\n<!-- \/ Yoast SEO plugin. -->","yoast_head_json":{"title":"Workshops - Insight.yoga","robots":{"index":"index","follow":"follow","max-snippet":"max-snippet:-1","max-image-preview":"max-image-preview:large","max-video-preview":"max-video-preview:-1"},"canonical":"https:\/\/insight.yoga\/de\/?page_id=1444","og_locale":"de_DE","og_type":"article","og_title":"Workshops - Insight.yoga","og_url":"https:\/\/insight.yoga\/de\/?page_id=1444","og_site_name":"Insight.yoga","article_modified_time":"2025-05-20T05:21:38+00:00","twitter_card":"summary_large_image","twitter_misc":{"Gesch\u00e4tzte Lesezeit":"2\u00a0Minuten"},"schema":{"@context":"https:\/\/schema.org","@graph":[{"@type":"WebPage","@id":"https:\/\/insight.yoga\/?page_id=1444","url":"https:\/\/insight.yoga\/?page_id=1444","name":"Workshops - Insight.yoga","isPartOf":{"@id":"https:\/\/insight.yoga\/#website"},"datePublished":"2021-04-26T07:49:12+00:00","dateModified":"2025-05-20T05:21:38+00:00","breadcrumb":{"@id":"https:\/\/insight.yoga\/?page_id=1444#breadcrumb"},"inLanguage":"de","potentialAction":[{"@type":"ReadAction","target":["https:\/\/insight.yoga\/?page_id=1444"]}]},{"@type":"BreadcrumbList","@id":"https:\/\/insight.yoga\/?page_id=1444#breadcrumb","itemListElement":[{"@type":"ListItem","position":1,"name":"Home","item":"https:\/\/insight.yoga\/"},{"@type":"ListItem","position":2,"name":"Workshops"}]},{"@type":"WebSite","@id":"https:\/\/insight.yoga\/#website","url":"https:\/\/insight.yoga\/","name":"Insight.yoga","description":"Meditate your body","publisher":{"@id":"https:\/\/insight.yoga\/#organization"},"potentialAction":[{"@type":"SearchAction","target":{"@type":"EntryPoint","urlTemplate":"https:\/\/insight.yoga\/?s={search_term_string}"},"query-input":{"@type":"PropertyValueSpecification","valueRequired":true,"valueName":"search_term_string"}}],"inLanguage":"de"},{"@type":"Organization","@id":"https:\/\/insight.yoga\/#organization","name":"Insight.yoga","url":"https:\/\/insight.yoga\/","logo":{"@type":"ImageObject","inLanguage":"de","@id":"https:\/\/insight.yoga\/#\/schema\/logo\/image\/","url":"https:\/\/insight.yoga\/wp-content\/uploads\/2021\/04\/imageedit_46_8246596455.png","contentUrl":"https:\/\/insight.yoga\/wp-content\/uploads\/2021\/04\/imageedit_46_8246596455.png","width":591,"height":422,"caption":"Insight.yoga"},"image":{"@id":"https:\/\/insight.yoga\/#\/schema\/logo\/image\/"}}]}},"_links":{"self":[{"href":"https:\/\/insight.yoga\/de\/wp-json\/wp\/v2\/pages\/1444","targetHints":{"allow":["GET"]}}],"collection":[{"href":"https:\/\/insight.yoga\/de\/wp-json\/wp\/v2\/pages"}],"about":[{"href":"https:\/\/insight.yoga\/de\/wp-json\/wp\/v2\/types\/page"}],"author":[{"embeddable":true,"href":"https:\/\/insight.yoga\/de\/wp-json\/wp\/v2\/users\/1"}],"replies":[{"embeddable":true,"href":"https:\/\/insight.yoga\/de\/wp-json\/wp\/v2\/comments?post=1444"}],"version-history":[{"count":22,"href":"https:\/\/insight.yoga\/de\/wp-json\/wp\/v2\/pages\/1444\/revisions"}],"predecessor-version":[{"id":2773,"href":"https:\/\/insight.yoga\/de\/wp-json\/wp\/v2\/pages\/1444\/revisions\/2773"}],"wp:attachment":[{"href":"https:\/\/insight.yoga\/de\/wp-json\/wp\/v2\/media?parent=1444"}],"curies":[{"name":"wp","href":"https:\/\/api.w.org\/{rel}","templated":true}]}}