{"id":1376,"date":"2021-04-25T15:22:41","date_gmt":"2021-04-25T15:22:41","guid":{"rendered":"https:\/\/insight.yoga\/Insight\/?page_id=1376"},"modified":"2025-05-20T06:22:12","modified_gmt":"2025-05-20T05:22:12","slug":"2021-schedule","status":"publish","type":"page","link":"https:\/\/insight.yoga\/de\/2021-schedule\/","title":{"rendered":"Spielplan 2021"},"content":{"rendered":"<div class=\"vc_row wpb_row vc_row-fluid\"><div class=\"wpb_column vc_column_container vc_col-sm-12 sc_layouts_column_icons_position_left\"><div class=\"vc_column-inner\"><div class=\"wpb_wrapper\"><div id=\"sc_title_207093594\"\n\t\tclass=\"sc_title sc_title_default\"><h3 class=\"sc_item_title sc_title_title sc_align_left sc_item_title_style_default\">Insight\u200c \u200cYoga\u200c \u200cTermine<\/h3><h6 class=\"sc_item_subtitle sc_title_subtitle sc_align_left sc_item_title_style_default\">2021<\/h6><\/div><!-- \/.sc_title --><div class=\"vc_empty_space  height_tiny\"   style=\"height: 32px\"><span class=\"vc_empty_space_inner\"><\/span><\/div><div class=\"vc_empty_space  height_tiny\"   style=\"height: 32px\"><span class=\"vc_empty_space_inner\"><\/span><\/div><div class=\"vc_empty_space  height_tiny\"   style=\"height: 32px\"><span class=\"vc_empty_space_inner\"><\/span><\/div><div class=\"vc_empty_space  height_tiny\"   style=\"height: 32px\"><span class=\"vc_empty_space_inner\"><\/span><\/div><div class=\"vc_empty_space  height_tiny\"   style=\"height: 32px\"><span class=\"vc_empty_space_inner\"><\/span><\/div><\/div><\/div><\/div><\/div><div class=\"vc_row wpb_row vc_row-fluid\"><div class=\"wpb_column vc_column_container vc_col-sm-12 sc_layouts_column_icons_position_left\"><div class=\"vc_column-inner\"><div class=\"wpb_wrapper\">\n\t<div class=\"wpb_text_column wpb_content_element\" >\n\t\t<div class=\"wpb_wrapper\">\n\t\t\t\n\t\t<\/div>\n\t<\/div>\n<\/div><\/div><\/div><\/div><div class=\"vc_row wpb_row vc_row-fluid\"><div class=\"wpb_column vc_column_container vc_col-sm-12 sc_layouts_column_icons_position_left\"><div class=\"vc_column-inner\"><div class=\"wpb_wrapper\">\n\t<div class=\"wpb_text_column wpb_content_element\" >\n\t\t<div class=\"wpb_wrapper\">\n\t\t\t<p><strong>ONLINE<\/strong><br \/>\nMar 7+14 +21 +28<br \/>\n200-TTC Online Philosophie, PranaFlow Deutschland<br \/>\n<a href=\"http:\/\/www.christinemay.de\">www.christinemay.de<\/a><\/p>\n<p>Apr 17 \u2013 Apr 18<br \/>\n200-TTC Online Philosophie \u2013 MoveoRespiro Stuttgart<br \/>\n<a href=\"http:\/\/www.wohlfuehlbereich.de\">www.wohlfuehlbereich.de<\/a><\/p>\n<p><strong>EUROPA<\/strong><br \/>\nMay 10 \u2013 May 12<br \/>\n200-TTC \u2013 Yoga Karma, Lingen<br \/>\n<a href=\"http:\/\/www.yogakarma.de\">www.yogakarma.de<\/a><\/p>\n<p>May 13 \u2013 May 16<br \/>\nWeiterbildung Pr\u0101n\u0101y\u0101ma \u2013 Vishnu\u2019s Vibes, D\u00fcsseldorf<br \/>\n<a href=\"http:\/\/www.vishnusvibes.de\">www.vishnusvibes.de<\/a>(Himmelfahrt)<\/p>\n<p>May 21 \u2013 May 24<br \/>\nWeiterbildung Achtsamkeit \u2013 Yoga Karma, Lingen<br \/>\n<a href=\"http:\/\/www.yogakarma.de\">www.yogakarma.de<\/a><\/p>\n<p>Jun 12 \u2013 Jun 13<br \/>\nWorkshop: Achtsamkeit \u2013 Vishnu\u2019s Vibes, D\u00fcsseldorf<br \/>\n<a href=\"http:\/\/www.vishnusvibes.de\">www.vishnusvibes.de<\/a><\/p>\n<p>Jun 19 \u2013 Jun 20<br \/>\n200-TTC \u2013 MoveoRespiro, Stuttgart<br \/>\n<a href=\"http:\/\/www.wohlfuehlbereich.de\">www.wohlfuehlbereich.de<\/a><\/p>\n<p>Aug 6 \u2013 Aug 8<br \/>\n200-TTC Philosophie &amp;amp; Pr\u0101\u1e47\u0101y\u0101ma, Hatha Regensburg<br \/>\n<a href=\"http:\/\/www.hatha-yogaschule.de\">www.hatha-yogaschule.de<\/a><\/p>\n<p>Aug 14 \u2013 Aug 26<br \/>\n200-TTC \u2013 Yogaraum Hamburg<br \/>\n<a href=\"http:\/\/www.yogaraum-hamburg.de\">www.yogaraum-hamburg.de<\/a><\/p>\n<p>Aug 27 \u2013 Aug 30<br \/>\nWeiterbildung Ha\u1e6dha-Yoga-Pr\u0101\u1e47\u0101y\u0101ma\u2013 Vishnu\u2019s Vibes<br \/>\n<a href=\"http:\/\/www.vishnusvibes.de\">www.vishnusvibes.de<\/a><\/p>\n<p>Sep 02 \u2013 Sep 05<br \/>\nWeiterbildung Achtsamkeitsmeditation 1 \u2013 Yogaraum-HH<br \/>\nWeiterer Teil vom 5.-8. Mai 2022<br \/>\n<a href=\"http:\/\/www.yogaraum-hamburg.de\">www.yogaraum-hamburg.de<\/a><\/p>\n<p>Sep 09 \u2013 Sep 12<br \/>\n200-TTC \u2013 Vinya Loft Bremen<br \/>\nwww.vinyaloft.de<\/p>\n<p>Sep 18 \u2013 Sep 19<br \/>\nWorkshop: Einf\u00fchrung Achtsamkeit \u2013 MoveoRespiro Stuttgart<br \/>\n<a href=\"http:\/\/www.wohlfuehlbereich.de\">www.wohlfuehlbereich.de<\/a><\/p>\n<p>Sep 24 \u2013 Sep 26<br \/>\nStill available<\/p>\n<p>Okt 02 \u2013 Okt 03<br \/>\n300-TTC Pr\u0101\u1e47ay\u0101ma-Didaktik \u2013 MoveoRespiro Stuttgart<br \/>\n<a href=\"http:\/\/www.wohlfuehlbereich.de\">www.wohlfuehlbereich.de<\/a><\/p>\n<p>Oct 09 &#8211; Oct 10<br \/>\nStill available<\/p>\n<p>Oct 16 \u2013 Oct 17<br \/>\nWeiterbildung Pr\u0101n\u0101y\u0101ma \u2013 Vishnu\u2019s Vibes, D\u00fcsseldorf<br \/>\n<a href=\"http:\/\/www.vishnusvibes.de\">www.vishnusvibes.de<\/a><\/p>\n<p>Oct 23 &#8211; Oct 24<br \/>\nStill available<\/p>\n<p><strong>ONLINE<\/strong><br \/>\nNov 20 \u2013 Nov 21<br \/>\n300-TTC Philo-Online - MoveoRespiro, Stuttgart<br \/>\n<a href=\"http:\/\/www.wohlfuehlbereich.de\">www.wohlfuehlbereich.de<\/a><\/p>\n<p>Nov 27 \u2013 Nov 28<br \/>\n300-TTC Philo-Online \u2013 MoveoRespiro, Stuttgart<br \/>\n<a href=\"http:\/\/www.wohlfuehlbereich.de\">www.wohlfuehlbereich.de<\/a><\/p>\n\n\t\t<\/div>\n\t<\/div>\n<\/div><\/div><\/div><\/div><script src='' type='text\/javascript'><\/script><\/p>","protected":false},"excerpt":{"rendered":"Insight Yoga Schedule2021 ONLINE Mar 7+14 +21 +28 200-TTC Online Philosophie, PranaFlow Deutschland www.christinemay.de Apr 17 \u2013 Apr 18 200-TTC Online Philosophie \u2013 MoveoRespiro Stuttgart www.wohlfuehlbereich.de EUROPE May 10 \u2013&hellip;","protected":false},"author":1,"featured_media":0,"parent":0,"menu_order":0,"comment_status":"closed","ping_status":"closed","template":"","meta":{"footnotes":""},"class_list":["post-1376","page","type-page","status-publish","hentry"],"translation":{"provider":"WPGlobus","version":"3.0.0","language":"de","enabled_languages":["en","de"],"languages":{"en":{"title":true,"content":true,"excerpt":false},"de":{"title":false,"content":false,"excerpt":false}}},"yoast_head":"<!-- This site is optimized with the Yoast SEO plugin v25.3.1 - https:\/\/yoast.com\/wordpress\/plugins\/seo\/ -->\n<title>2021 Schedule - Insight.yoga<\/title>\n<meta name=\"robots\" content=\"index, follow, max-snippet:-1, max-image-preview:large, max-video-preview:-1\" \/>\n<link rel=\"canonical\" href=\"https:\/\/insight.yoga\/de\/?page_id=1376\" \/>\n<meta property=\"og:locale\" content=\"de_DE\" \/>\n<meta property=\"og:type\" content=\"article\" \/>\n<meta property=\"og:title\" content=\"2021 Schedule - Insight.yoga\" \/>\n<meta property=\"og:url\" content=\"https:\/\/insight.yoga\/de\/?page_id=1376\" \/>\n<meta property=\"og:site_name\" content=\"Insight.yoga\" \/>\n<meta property=\"article:modified_time\" content=\"2025-05-20T05:22:12+00:00\" \/>\n<meta name=\"twitter:card\" content=\"summary_large_image\" \/>\n<meta name=\"twitter:label1\" content=\"Gesch\u00e4tzte Lesezeit\" \/>\n\t<meta name=\"twitter:data1\" content=\"1\u00a0Minute\" \/>\n<script type=\"application\/ld+json\" class=\"yoast-schema-graph\">{\"@context\":\"https:\/\/schema.org\",\"@graph\":[{\"@type\":\"WebPage\",\"@id\":\"https:\/\/insight.yoga\/?page_id=1376\",\"url\":\"https:\/\/insight.yoga\/?page_id=1376\",\"name\":\"2021 Schedule - Insight.yoga\",\"isPartOf\":{\"@id\":\"https:\/\/insight.yoga\/#website\"},\"datePublished\":\"2021-04-25T15:22:41+00:00\",\"dateModified\":\"2025-05-20T05:22:12+00:00\",\"breadcrumb\":{\"@id\":\"https:\/\/insight.yoga\/?page_id=1376#breadcrumb\"},\"inLanguage\":\"de\",\"potentialAction\":[{\"@type\":\"ReadAction\",\"target\":[\"https:\/\/insight.yoga\/?page_id=1376\"]}]},{\"@type\":\"BreadcrumbList\",\"@id\":\"https:\/\/insight.yoga\/?page_id=1376#breadcrumb\",\"itemListElement\":[{\"@type\":\"ListItem\",\"position\":1,\"name\":\"Home\",\"item\":\"https:\/\/insight.yoga\/\"},{\"@type\":\"ListItem\",\"position\":2,\"name\":\"2021 Schedule\"}]},{\"@type\":\"WebSite\",\"@id\":\"https:\/\/insight.yoga\/#website\",\"url\":\"https:\/\/insight.yoga\/\",\"name\":\"Insight.yoga\",\"description\":\"Meditate your body\",\"publisher\":{\"@id\":\"https:\/\/insight.yoga\/#organization\"},\"potentialAction\":[{\"@type\":\"SearchAction\",\"target\":{\"@type\":\"EntryPoint\",\"urlTemplate\":\"https:\/\/insight.yoga\/?s={search_term_string}\"},\"query-input\":{\"@type\":\"PropertyValueSpecification\",\"valueRequired\":true,\"valueName\":\"search_term_string\"}}],\"inLanguage\":\"de\"},{\"@type\":\"Organization\",\"@id\":\"https:\/\/insight.yoga\/#organization\",\"name\":\"Insight.yoga\",\"url\":\"https:\/\/insight.yoga\/\",\"logo\":{\"@type\":\"ImageObject\",\"inLanguage\":\"de\",\"@id\":\"https:\/\/insight.yoga\/#\/schema\/logo\/image\/\",\"url\":\"https:\/\/insight.yoga\/wp-content\/uploads\/2021\/04\/imageedit_46_8246596455.png\",\"contentUrl\":\"https:\/\/insight.yoga\/wp-content\/uploads\/2021\/04\/imageedit_46_8246596455.png\",\"width\":591,\"height\":422,\"caption\":\"Insight.yoga\"},\"image\":{\"@id\":\"https:\/\/insight.yoga\/#\/schema\/logo\/image\/\"}}]}<\/script>\n<!-- \/ Yoast SEO plugin. -->","yoast_head_json":{"title":"2021 Schedule - Insight.yoga","robots":{"index":"index","follow":"follow","max-snippet":"max-snippet:-1","max-image-preview":"max-image-preview:large","max-video-preview":"max-video-preview:-1"},"canonical":"https:\/\/insight.yoga\/de\/?page_id=1376","og_locale":"de_DE","og_type":"article","og_title":"2021 Schedule - Insight.yoga","og_url":"https:\/\/insight.yoga\/de\/?page_id=1376","og_site_name":"Insight.yoga","article_modified_time":"2025-05-20T05:22:12+00:00","twitter_card":"summary_large_image","twitter_misc":{"Gesch\u00e4tzte Lesezeit":"1\u00a0Minute"},"schema":{"@context":"https:\/\/schema.org","@graph":[{"@type":"WebPage","@id":"https:\/\/insight.yoga\/?page_id=1376","url":"https:\/\/insight.yoga\/?page_id=1376","name":"2021 Schedule - Insight.yoga","isPartOf":{"@id":"https:\/\/insight.yoga\/#website"},"datePublished":"2021-04-25T15:22:41+00:00","dateModified":"2025-05-20T05:22:12+00:00","breadcrumb":{"@id":"https:\/\/insight.yoga\/?page_id=1376#breadcrumb"},"inLanguage":"de","potentialAction":[{"@type":"ReadAction","target":["https:\/\/insight.yoga\/?page_id=1376"]}]},{"@type":"BreadcrumbList","@id":"https:\/\/insight.yoga\/?page_id=1376#breadcrumb","itemListElement":[{"@type":"ListItem","position":1,"name":"Home","item":"https:\/\/insight.yoga\/"},{"@type":"ListItem","position":2,"name":"2021 Schedule"}]},{"@type":"WebSite","@id":"https:\/\/insight.yoga\/#website","url":"https:\/\/insight.yoga\/","name":"Insight.yoga","description":"Meditate your body","publisher":{"@id":"https:\/\/insight.yoga\/#organization"},"potentialAction":[{"@type":"SearchAction","target":{"@type":"EntryPoint","urlTemplate":"https:\/\/insight.yoga\/?s={search_term_string}"},"query-input":{"@type":"PropertyValueSpecification","valueRequired":true,"valueName":"search_term_string"}}],"inLanguage":"de"},{"@type":"Organization","@id":"https:\/\/insight.yoga\/#organization","name":"Insight.yoga","url":"https:\/\/insight.yoga\/","logo":{"@type":"ImageObject","inLanguage":"de","@id":"https:\/\/insight.yoga\/#\/schema\/logo\/image\/","url":"https:\/\/insight.yoga\/wp-content\/uploads\/2021\/04\/imageedit_46_8246596455.png","contentUrl":"https:\/\/insight.yoga\/wp-content\/uploads\/2021\/04\/imageedit_46_8246596455.png","width":591,"height":422,"caption":"Insight.yoga"},"image":{"@id":"https:\/\/insight.yoga\/#\/schema\/logo\/image\/"}}]}},"_links":{"self":[{"href":"https:\/\/insight.yoga\/de\/wp-json\/wp\/v2\/pages\/1376","targetHints":{"allow":["GET"]}}],"collection":[{"href":"https:\/\/insight.yoga\/de\/wp-json\/wp\/v2\/pages"}],"about":[{"href":"https:\/\/insight.yoga\/de\/wp-json\/wp\/v2\/types\/page"}],"author":[{"embeddable":true,"href":"https:\/\/insight.yoga\/de\/wp-json\/wp\/v2\/users\/1"}],"replies":[{"embeddable":true,"href":"https:\/\/insight.yoga\/de\/wp-json\/wp\/v2\/comments?post=1376"}],"version-history":[{"count":29,"href":"https:\/\/insight.yoga\/de\/wp-json\/wp\/v2\/pages\/1376\/revisions"}],"predecessor-version":[{"id":2165,"href":"https:\/\/insight.yoga\/de\/wp-json\/wp\/v2\/pages\/1376\/revisions\/2165"}],"wp:attachment":[{"href":"https:\/\/insight.yoga\/de\/wp-json\/wp\/v2\/media?parent=1376"}],"curies":[{"name":"wp","href":"https:\/\/api.w.org\/{rel}","templated":true}]}}