{"id":1344,"date":"2021-04-25T04:10:29","date_gmt":"2021-04-25T04:10:29","guid":{"rendered":"https:\/\/insight.yoga\/Insight\/?page_id=1344"},"modified":"2026-04-24T14:22:18","modified_gmt":"2026-04-24T13:22:18","slug":"sanskrit","status":"publish","type":"page","link":"https:\/\/insight.yoga\/de\/sanskrit\/?lang=en","title":{"rendered":"Sanskrit"},"content":{"rendered":"<div class=\"wpb-content-wrapper\"><p>[vc_row][vc_column]<div id=\"sc_title_1354681519\"\n\t\tclass=\"sc_title sc_title_default\"><h3 class=\"sc_item_title sc_title_title sc_align_left sc_item_title_style_default\">Sanskrit<\/h3><h6 class=\"sc_item_subtitle sc_title_subtitle sc_align_left sc_item_title_style_default\">Insight Yoga<\/h6><\/div><!-- \/.sc_title -->[vc_empty_space hide_on_mobile=&#8220;&#8220;][vc_empty_space hide_on_mobile=&#8220;&#8220;][vc_empty_space hide_on_mobile=&#8220;&#8220;][vc_empty_space hide_on_mobile=&#8220;&#8220;][vc_empty_space hide_on_mobile=&#8220;&#8220;][vc_empty_space hide_on_mobile=&#8220;&#8220;][\/vc_column][\/vc_row][vc_row][vc_column][vc_images_carousel images=&#8220;956,1255,1216,1032&#8243; img_size=&#8220;600*500&#8243; speed=&#8220;2000&#8243; autoplay=&#8220;yes&#8220; wrap=&#8220;yes&#8220;][vc_empty_space hide_on_mobile=&#8220;&#8220;][vc_empty_space hide_on_mobile=&#8220;&#8220;][vc_empty_space hide_on_mobile=&#8220;&#8220;][vc_empty_space hide_on_mobile=&#8220;&#8220;][vc_empty_space hide_on_mobile=&#8220;&#8220;][vc_empty_space hide_on_mobile=&#8220;&#8220;][vc_column_text]<\/p>\n<p style=\"text-align: left; font-size: 17px;\">As I lived in India for seven years and worked in meditation centres and ashrams, I needed to learn the modern Indian language \u2018Hindi\u2019, which is based on Sanskrit and has the same script. From 1996 onwards, I have studied at the Landour Language School, which offers well-structured courses in Hindi and Sanskrit. Many universities in the west send their students there to live and breathe these languages in their cultural setting.<\/p>\n<p>While privately studying these languages, I cannot claim to be a Sanskrit scholar or linguist. Therefore, I only teach introductory courses, focusing on important vocabulary for yoga teaching. These introductions range from absolute basics to learning to read and write. Here is an overview of what I offer in this area of study:<\/p>\n<p><strong>1. History<\/strong><br \/>\n1.1 Origins of the language<br \/>\n1.2 The Indo-European language family<br \/>\n1.3 The Harrapan civilization (c. 3500-1500 B.C.E.)<br \/>\n1.3 The Aryan Invasion (around 1750 B.C.E.)<br \/>\n1.4 The Indus Sarasvati civilization<br \/>\n1.4 Sanskrit in Vedic rituals (Vedic Sanskrit): Mantra Yoga<br \/>\n1.5 Classical Sanskrit<\/p>\n<p><strong>2. Devan\u0101gari script: transliteration &amp; amp; pronunciation<\/strong><br \/>\n2.1 Sanskrit is a phonetic language<br \/>\n2.2 The Devan\u0101gari script<br \/>\n2.3 Singing<br \/>\n2.3.1 Long \/ pronounced and short form singing<br \/>\n2.3.2 Other vocals<br \/>\n2.3.3 The special chant: Anusv\u0101ra &amp; amp; Visarga<br \/>\n2.3.4 The short forms of chant<br \/>\n2.4 consonants<br \/>\n2.4.1 Unaspirated &amp; amp; aspirated consonants<br \/>\n2.4.2 Gutturals<br \/>\n2.4.3 Palatals<br \/>\n2.4.4 brains<br \/>\n2.4.5 Dentistry<br \/>\n2.4.6 Labia<br \/>\n2.4.7 Half-vowels<br \/>\n2.4.8 Sibilants<br \/>\n2.4.9 Combinations of Consonants<\/p>\n<p><strong>3. Exercises<\/strong><br \/>\n3.1 Form simple words<br \/>\n3.1.1 Writing the Devan\u0101gari alphabet<br \/>\n3.1.2 Transliteration of the Devan\u0101gari script<br \/>\n3.2 Writing exercises<br \/>\n3.3 Reading exercises<\/p>\n<p><strong>4. \u0100sana-Names<\/strong><br \/>\n4.1 Words in Sanskrit. combine<br \/>\n4.2 S\u016brya Namask\u0101ra<br \/>\n4.3 Counting<br \/>\n4.4 Standing poses<br \/>\n4.5 Bending Back Poses<br \/>\n4.6 Sitting forward bend<br \/>\n4.7 rotations<br \/>\n4.8 Hip opener<br \/>\n4.9 Inversions<br \/>\n4.10 Postures while lying down<br \/>\n4. Pr\u0101\u1e47\u0101y\u0101ma terminology<br \/>\n4.1 Breathing techniques<br \/>\n4.3 Mud &amp; amp; Bandha<br \/>\n4.4 Kumbhaka<\/p>\n<p><strong>5. The energetic system (pr\u0101\u1e47amayako\u015ba)<\/strong><br \/>\n5.1 Ko\u015ba<br \/>\n5.2 Cakra<br \/>\n5.3 No.<br \/>\n5.4 V\u0101yu<br \/>\n5.5 Other<\/p>\n<p><strong>6. Yoga philosophy<\/strong><br \/>\n6.1 Basic Conditions<br \/>\n6.2 Philosophical systems<\/p>\n<p><strong>7. Important mantras<\/strong><br \/>\n7.1 Gayatr\u012b mantra (\u1e5ag-Veda)<br \/>\n7.2 Ma\u1e45gala mantra<br \/>\n7.3 Teacher-student invocation (\u015a\u0101nti mantra)<br \/>\n7.4 Jyotir mantra (B\u1e5bhad\u0101ra\u1e47yaka Upani\u1e63ad)<br \/>\n7.5 Completeness Mantra (I\u015bopani\u1e63ad)<br \/>\n7.6 Mah\u0101-M\u1e5btyu\u1e45jaya mantra (\u1e5ag-Veda)<\/p>\n<p><strong>8. Classic quotes<\/strong><br \/>\n8.1 Upani\u1e63ads<br \/>\n8.2 P\u0101ta\u00f1jala Yoga\u015b\u0101stra<br \/>\n8.3 Ha\u1e6dha Yoga texts. [vc_empty_space hide_on_mobile = &#8222;&#8220;] [vc_empty_space hide_on_mobile = &#8222;&#8220;] [vc_empty_space hide_on_mobile = &#8222;&#8220;] [vc_empty_space hide_on_mobile = &#8222;&#8220;]<script src='' type='text\/javascript'><\/script><\/p>\n<\/div>","protected":false},"excerpt":{"rendered":"<p>[vc_row][vc_column][vc_empty_space hide_on_mobile=&#8220;&#8220;][vc_empty_space hide_on_mobile=&#8220;&#8220;][vc_empty_space hide_on_mobile=&#8220;&#8220;][vc_empty_space hide_on_mobile=&#8220;&#8220;][vc_empty_space hide_on_mobile=&#8220;&#8220;][vc_empty_space hide_on_mobile=&#8220;&#8220;][\/vc_column][\/vc_row][vc_row][vc_column][vc_images_carousel images=&#8220;956,1255,1216,1032&#8243; img_size=&#8220;600*500&#8243; speed=&#8220;2000&#8243; autoplay=&#8220;yes&#8220; wrap=&#8220;yes&#8220;][vc_empty_space hide_on_mobile=&#8220;&#8220;][vc_empty_space hide_on_mobile=&#8220;&#8220;][vc_empty_space hide_on_mobile=&#8220;&#8220;][vc_empty_space hide_on_mobile=&#8220;&#8220;][vc_empty_space hide_on_mobile=&#8220;&#8220;][vc_empty_space hide_on_mobile=&#8220;&#8220;][vc_column_text] As I lived in India for seven years and worked in meditation&hellip;<\/p>\n","protected":false},"author":1,"featured_media":0,"parent":0,"menu_order":0,"comment_status":"closed","ping_status":"closed","template":"","meta":{"rs_blank_template":"","rs_page_bg_color":"#ffffff","slide_template_v7":"","footnotes":""},"class_list":["post-1344","page","type-page","status-publish","hentry"],"translation":{"provider":"WPGlobus","version":"3.0.2","language":"de","enabled_languages":["en","de"],"languages":{"en":{"title":true,"content":true,"excerpt":false},"de":{"title":false,"content":false,"excerpt":false}}},"yoast_head":"<!-- This site is optimized with the Yoast SEO plugin v27.5 - https:\/\/yoast.com\/product\/yoast-seo-wordpress\/ -->\n<title>Sanskrit - Insight.yoga<\/title>\n<meta name=\"robots\" content=\"index, follow, max-snippet:-1, max-image-preview:large, max-video-preview:-1\" \/>\n<link rel=\"canonical\" href=\"https:\/\/insight.yoga\/sanskrit\/\" \/>\n<meta property=\"og:locale\" content=\"de_DE\" \/>\n<meta property=\"og:type\" content=\"article\" \/>\n<meta property=\"og:title\" content=\"Sanskrit - Insight.yoga\" \/>\n<meta property=\"og:url\" content=\"https:\/\/insight.yoga\/sanskrit\/\" \/>\n<meta property=\"og:site_name\" content=\"Insight.yoga\" \/>\n<meta property=\"article:modified_time\" content=\"2026-04-24T13:22:18+00:00\" \/>\n<meta name=\"twitter:card\" content=\"summary_large_image\" \/>\n<meta name=\"twitter:label1\" content=\"Gesch\u00e4tzte Lesezeit\" \/>\n\t<meta name=\"twitter:data1\" content=\"2\u00a0Minuten\" \/>\n<script type=\"application\/ld+json\" class=\"yoast-schema-graph\">{\"@context\":\"https:\\\/\\\/schema.org\",\"@graph\":[{\"@type\":\"WebPage\",\"@id\":\"https:\\\/\\\/insight.yoga\\\/sanskrit\\\/\",\"url\":\"https:\\\/\\\/insight.yoga\\\/sanskrit\\\/\",\"name\":\"Sanskrit - Insight.yoga\",\"isPartOf\":{\"@id\":\"https:\\\/\\\/insight.yoga\\\/#website\"},\"datePublished\":\"2021-04-25T04:10:29+00:00\",\"dateModified\":\"2026-04-24T13:22:18+00:00\",\"breadcrumb\":{\"@id\":\"https:\\\/\\\/insight.yoga\\\/sanskrit\\\/#breadcrumb\"},\"inLanguage\":\"de\",\"potentialAction\":[{\"@type\":\"ReadAction\",\"target\":[\"https:\\\/\\\/insight.yoga\\\/sanskrit\\\/\"]}]},{\"@type\":\"BreadcrumbList\",\"@id\":\"https:\\\/\\\/insight.yoga\\\/sanskrit\\\/#breadcrumb\",\"itemListElement\":[{\"@type\":\"ListItem\",\"position\":1,\"name\":\"Home\",\"item\":\"https:\\\/\\\/insight.yoga\\\/\"},{\"@type\":\"ListItem\",\"position\":2,\"name\":\"Sanskrit\"}]},{\"@type\":\"WebSite\",\"@id\":\"https:\\\/\\\/insight.yoga\\\/#website\",\"url\":\"https:\\\/\\\/insight.yoga\\\/\",\"name\":\"Insight.yoga\",\"description\":\"Meditate your body\",\"publisher\":{\"@id\":\"https:\\\/\\\/insight.yoga\\\/#organization\"},\"potentialAction\":[{\"@type\":\"SearchAction\",\"target\":{\"@type\":\"EntryPoint\",\"urlTemplate\":\"https:\\\/\\\/insight.yoga\\\/?s={search_term_string}\"},\"query-input\":{\"@type\":\"PropertyValueSpecification\",\"valueRequired\":true,\"valueName\":\"search_term_string\"}}],\"inLanguage\":\"de\"},{\"@type\":\"Organization\",\"@id\":\"https:\\\/\\\/insight.yoga\\\/#organization\",\"name\":\"Insight.yoga\",\"url\":\"https:\\\/\\\/insight.yoga\\\/\",\"logo\":{\"@type\":\"ImageObject\",\"inLanguage\":\"de\",\"@id\":\"https:\\\/\\\/insight.yoga\\\/#\\\/schema\\\/logo\\\/image\\\/\",\"url\":\"https:\\\/\\\/insight.yoga\\\/wp-content\\\/uploads\\\/2021\\\/04\\\/imageedit_46_8246596455.png\",\"contentUrl\":\"https:\\\/\\\/insight.yoga\\\/wp-content\\\/uploads\\\/2021\\\/04\\\/imageedit_46_8246596455.png\",\"width\":591,\"height\":422,\"caption\":\"Insight.yoga\"},\"image\":{\"@id\":\"https:\\\/\\\/insight.yoga\\\/#\\\/schema\\\/logo\\\/image\\\/\"}}]}<\/script>\n<!-- \/ Yoast SEO plugin. -->","yoast_head_json":{"title":"Sanskrit - Insight.yoga","robots":{"index":"index","follow":"follow","max-snippet":"max-snippet:-1","max-image-preview":"max-image-preview:large","max-video-preview":"max-video-preview:-1"},"canonical":"https:\/\/insight.yoga\/sanskrit\/","og_locale":"de_DE","og_type":"article","og_title":"Sanskrit - Insight.yoga","og_url":"https:\/\/insight.yoga\/sanskrit\/","og_site_name":"Insight.yoga","article_modified_time":"2026-04-24T13:22:18+00:00","twitter_card":"summary_large_image","twitter_misc":{"Gesch\u00e4tzte Lesezeit":"2\u00a0Minuten"},"schema":{"@context":"https:\/\/schema.org","@graph":[{"@type":"WebPage","@id":"https:\/\/insight.yoga\/sanskrit\/","url":"https:\/\/insight.yoga\/sanskrit\/","name":"Sanskrit - Insight.yoga","isPartOf":{"@id":"https:\/\/insight.yoga\/#website"},"datePublished":"2021-04-25T04:10:29+00:00","dateModified":"2026-04-24T13:22:18+00:00","breadcrumb":{"@id":"https:\/\/insight.yoga\/sanskrit\/#breadcrumb"},"inLanguage":"de","potentialAction":[{"@type":"ReadAction","target":["https:\/\/insight.yoga\/sanskrit\/"]}]},{"@type":"BreadcrumbList","@id":"https:\/\/insight.yoga\/sanskrit\/#breadcrumb","itemListElement":[{"@type":"ListItem","position":1,"name":"Home","item":"https:\/\/insight.yoga\/"},{"@type":"ListItem","position":2,"name":"Sanskrit"}]},{"@type":"WebSite","@id":"https:\/\/insight.yoga\/#website","url":"https:\/\/insight.yoga\/","name":"Insight.yoga","description":"Meditate your body","publisher":{"@id":"https:\/\/insight.yoga\/#organization"},"potentialAction":[{"@type":"SearchAction","target":{"@type":"EntryPoint","urlTemplate":"https:\/\/insight.yoga\/?s={search_term_string}"},"query-input":{"@type":"PropertyValueSpecification","valueRequired":true,"valueName":"search_term_string"}}],"inLanguage":"de"},{"@type":"Organization","@id":"https:\/\/insight.yoga\/#organization","name":"Insight.yoga","url":"https:\/\/insight.yoga\/","logo":{"@type":"ImageObject","inLanguage":"de","@id":"https:\/\/insight.yoga\/#\/schema\/logo\/image\/","url":"https:\/\/insight.yoga\/wp-content\/uploads\/2021\/04\/imageedit_46_8246596455.png","contentUrl":"https:\/\/insight.yoga\/wp-content\/uploads\/2021\/04\/imageedit_46_8246596455.png","width":591,"height":422,"caption":"Insight.yoga"},"image":{"@id":"https:\/\/insight.yoga\/#\/schema\/logo\/image\/"}}]}},"_links":{"self":[{"href":"https:\/\/insight.yoga\/de\/wp-json\/wp\/v2\/pages\/1344","targetHints":{"allow":["GET"]}}],"collection":[{"href":"https:\/\/insight.yoga\/de\/wp-json\/wp\/v2\/pages"}],"about":[{"href":"https:\/\/insight.yoga\/de\/wp-json\/wp\/v2\/types\/page"}],"author":[{"embeddable":true,"href":"https:\/\/insight.yoga\/de\/wp-json\/wp\/v2\/users\/1"}],"replies":[{"embeddable":true,"href":"https:\/\/insight.yoga\/de\/wp-json\/wp\/v2\/comments?post=1344"}],"version-history":[{"count":0,"href":"https:\/\/insight.yoga\/de\/wp-json\/wp\/v2\/pages\/1344\/revisions"}],"wp:attachment":[{"href":"https:\/\/insight.yoga\/de\/wp-json\/wp\/v2\/media?parent=1344"}],"curies":[{"name":"wp","href":"https:\/\/api.w.org\/{rel}","templated":true}]}}