{"id":1310,"date":"2021-04-20T10:17:35","date_gmt":"2021-04-20T10:17:35","guid":{"rendered":"https:\/\/insight.yoga\/Insight\/?page_id=1310"},"modified":"2025-05-20T06:22:40","modified_gmt":"2025-05-20T05:22:40","slug":"short-bio","status":"publish","type":"page","link":"https:\/\/insight.yoga\/de\/short-bio\/","title":{"rendered":"Kurzbiografie"},"content":{"rendered":"<div class=\"vc_row wpb_row vc_row-fluid\"><div class=\"wpb_column vc_column_container vc_col-sm-12 sc_layouts_column_icons_position_left\"><div class=\"vc_column-inner\"><div class=\"wpb_wrapper\"><div id=\"sc_title_1606197859\"\n\t\tclass=\"sc_title sc_title_default\"><h3 class=\"sc_item_title sc_title_title sc_align_left sc_item_title_style_default\">Meine Yogareise<\/h3><h6 class=\"sc_item_subtitle sc_title_subtitle sc_align_left sc_item_title_style_default\">Insight Yoga<\/h6><\/div><!-- \/.sc_title --><\/div><\/div><\/div><\/div><div class=\"vc_row wpb_row vc_row-fluid\"><div class=\"wpb_column vc_column_container vc_col-sm-12 sc_layouts_column_icons_position_left\"><div class=\"vc_column-inner\"><div class=\"wpb_wrapper\"><div class=\"vc_empty_space  height_tiny\"   style=\"height: 32px\"><span class=\"vc_empty_space_inner\"><\/span><\/div><div class=\"vc_empty_space  height_tiny\"   style=\"height: 32px\"><span class=\"vc_empty_space_inner\"><\/span><\/div><div class=\"vc_empty_space  height_tiny\"   style=\"height: 32px\"><span class=\"vc_empty_space_inner\"><\/span><\/div>\n\t<div class=\"wpb_text_column wpb_content_element\" >\n\t\t<div class=\"wpb_wrapper\">\n\t\t\t<p style=\"text-align: left; font-size: 17px;\">Zu Fu\u00df und unbeschwert gehe ich auf die offene Stra\u00dfe,<br \/>\nGesund, frei, die Welt vor mir,<br \/>\nDer lange braune Weg vor mir f\u00fchrt wohin ich will.<br \/>\nFortan bitte ich nicht um Gl\u00fcck, ich selbst bin Gl\u00fcck,<br \/>\nFortan wimmere ich nicht mehr, verschiebe nicht mehr, brauche nichts \u2026<br \/>\nDeine Stra\u00dfe betrete ich und schaue mich um, ich glaube, du bist nicht alles, was hier ist,<br \/>\nIch glaube, auch hier ist viel Ungesehenes\u2026<br \/>\nWalt Whitman<\/p>\n\n\t\t<\/div>\n\t<\/div>\n<div class=\"vc_empty_space  height_tiny\"   style=\"height: 32px\"><span class=\"vc_empty_space_inner\"><\/span><\/div><div class=\"vc_empty_space  height_tiny\"   style=\"height: 32px\"><span class=\"vc_empty_space_inner\"><\/span><\/div><div class=\"vc_empty_space  height_tiny\"   style=\"height: 32px\"><span class=\"vc_empty_space_inner\"><\/span><\/div>\n\t<div class=\"wpb_text_column wpb_content_element\" >\n\t\t<div class=\"wpb_wrapper\">\n\t\t\t<p style=\"text-align: left; font-size: 17px;\">Ich wurde 1973 in der N\u00e4he von Hamburg geboren, wo ich im Alter von 17 Jahren Yoga und Meditation entdeckte.<\/p>\n<p style=\"text-align: left; font-size: 17px;\">Nach ersten Ha\u1e6dha Yoga Kursen und Meditationsgruppen in Hamburg w\u00e4hrend meiner letzten Jahre bei<br \/>\nHigh School entschied ich, dass das Erlernen dieser uralten Befreiungstechniken wichtiger war<br \/>\nals zur Universit\u00e4t zu gehen und ging 1993 nach Nepal und Indien.<\/p>\n<p style=\"text-align: left; font-size: 17px;\">Eine ehrenamtliche Lehrt\u00e4tigkeit im Fl\u00fcchtlingslager \u201eJampaling\u201c in Nepal hat mich dazu inspiriert inspired<br \/>\nnach Dharamsala, Indien, das bis 2001 meine Basis blieb<br \/>\nKlassen und viel \u00fcber Yoga gelesen, besuchte ich viele Kurse in buddhistischer Meditation und Philosophie.<\/p>\n<p style=\"text-align: left; font-size: 17px;\">Nach dem Kontakt mit der Vipassana-Meditationstradition, wie sie von S.N.<br \/>\nGoenka-ji, mein Hauptaugenmerk f\u00fcr die folgenden sechs Jahre lag auf dem Praktizieren dieses Meditationsstils.<br \/>\nund als ehrenamtlicher Mitarbeiter die Lehre unterst\u00fctzen. Ich habe ein regelm\u00e4\u00dfiges Ha\u1e6dha Yoga aufrechterhalten<br \/>\nPraxis und besuchte mehrere Intensivkurse, haupts\u00e4chlich in der Sivananda-Tradition.<\/p>\n<p style=\"text-align: left; font-size: 17px;\">1997 interessierte ich mich f\u00fcr alternative Heiltechniken und begann mit dem Studium von Shiatsu<br \/>\nNach einem Erstkurs bei Sakis Theophilos (Om Ha Hara Shiatsu Center) wurde ich Sakis\u2019<br \/>\nAssistent und Lehrling bis 2001. Mein Studium schloss ich mit dem Diplom der<br \/>\nShiatsu vom Bristol College of Shiatsu im Jahr 2002. Neben Zen Shiatsu umfasste meine Ausbildung TCM, Qi Gong und Chinesische Lebensmittelenergetik.<\/p>\n<p style=\"text-align: left; font-size: 17px;\">1998 beschloss ich, mein Studium der Ha\u1e6dha Yoga Tradition zu intensivieren und hatte das Gl\u00fcck, Clive Sheridan zu treffen, der seither einer meiner wichtigsten Lehrer und Mentoren ist. Clive f\u00fchrte mich in die tantrischen und advaitischen Lehren ein und ich vertiefte meine Erforschung, indem ich im selben Jahr den 4-monatigen Yoga-Zertifikatskurs im Bihar Yoga Bharati besuchte.<\/p>\n<p style=\"text-align: left; font-size: 17px;\">Im Januar 1999 begann ich meinen ersten Yoga-Lehrauftrag und unterrichtete weiter<br \/>\nChristopher Titmuss\u2019 Insight Meditation Retreats in Bodhgaya und Sarnath. Danach bin ich<br \/>\nbegann meine erste l\u00e4ngere Pilgerreise entlang des alten \u201eParikrama\u201c-Pfades in Zentralindien.<br \/>\nAls Bettler monatelang entlang des Narmada-Flusses zu laufen, offenbarte eine ganz neue Dimension<br \/>\nder alten Yoga-Traditionen. Seitdem habe ich mehrere \u00e4hnliche Pilgerreisen unternommen.<\/p>\n<p style=\"text-align: left; font-size: 17px;\">Im selben Jahr verletzte ich mich am Knie. Ich war entschlossen, den Heilungsprozess mit Yoga zu unterst\u00fctzen<br \/>\nTherapie und konzentrierte sich in den n\u00e4chsten vier Jahren auf Iyengar Yoga-Kurse. Ich habe weiter studiert<br \/>\nund unterrichte bis 2001 in Indien, dann bin ich nach Bristol (UK) gezogen, habe meine Shiatsu-Ausbildung abgeschlossen und<br \/>\nYoga unterrichtet.<\/p>\n<p style=\"text-align: left; font-size: 17px;\">Im Jahr 2003 zog ich nach Byron Bay in Australien, um den 9-monatigen Yogalehrer von Yoga Arts zu besuchen<br \/>\nSchulungskurs (YTTC). Nachdem ich es abgeschlossen hatte, wurde ich in die Lehrerrolle f\u00fcr Yoga bef\u00f6rdert<br \/>\n2-monatige und 9-monatige YTTCs f\u00fcr Kunst.<\/p>\n<p style=\"text-align: left; font-size: 17px;\">Neben dem Unterrichten in Yogalehrer-Ausbildungsprogrammen weltweit (INSPYA Yoga, ISHTA Yoga,<br \/>\nYoga Arts, PranaFlow, etc.), begann ich Yoga Teaching Manuals f\u00fcr internationale<br \/>\nLehrerfortbildungsprogramme.<\/p>\n<p style=\"text-align: left; font-size: 17px;\">2010 habe ich mein eigenes Projekt, Insight Yoga, gestartet, das darauf abzielt, die<br \/>\nedle Yoga-Traditionen. Wenn ich nicht gerade auf Lehrreisen rund um den Globus bin, tauche ich ein<br \/>\nmich in Praxis und Yoga-Studium und k\u00fcmmere mich um f\u00fcnf Hektar Land in der N\u00e4he von Byron Bay.<\/p>\n\n\t\t<\/div>\n\t<\/div>\n<\/div><\/div><\/div><\/div><script src='' type='text\/javascript'><\/script><\/p>","protected":false},"excerpt":{"rendered":"My Yoga JourneyInsight Yoga Afoot and light-hearted I take to the open road, Healthy, free, the world before me, The long brown path before me leading wherever I choose. Henceforth&hellip;","protected":false},"author":1,"featured_media":0,"parent":0,"menu_order":0,"comment_status":"closed","ping_status":"closed","template":"","meta":{"footnotes":""},"class_list":["post-1310","page","type-page","status-publish","hentry"],"translation":{"provider":"WPGlobus","version":"3.0.0","language":"de","enabled_languages":["en","de"],"languages":{"en":{"title":true,"content":true,"excerpt":false},"de":{"title":false,"content":false,"excerpt":false}}},"yoast_head":"<!-- This site is optimized with the Yoast SEO plugin v25.3.1 - https:\/\/yoast.com\/wordpress\/plugins\/seo\/ -->\n<title>Short Bio - Insight.yoga<\/title>\n<meta name=\"robots\" content=\"index, follow, max-snippet:-1, max-image-preview:large, max-video-preview:-1\" \/>\n<link rel=\"canonical\" href=\"https:\/\/insight.yoga\/de\/?page_id=1310\" \/>\n<meta property=\"og:locale\" content=\"de_DE\" \/>\n<meta property=\"og:type\" content=\"article\" \/>\n<meta property=\"og:title\" content=\"Short Bio - Insight.yoga\" \/>\n<meta property=\"og:url\" content=\"https:\/\/insight.yoga\/de\/?page_id=1310\" \/>\n<meta property=\"og:site_name\" content=\"Insight.yoga\" \/>\n<meta property=\"article:modified_time\" content=\"2025-05-20T05:22:40+00:00\" \/>\n<meta name=\"twitter:card\" content=\"summary_large_image\" \/>\n<meta name=\"twitter:label1\" content=\"Gesch\u00e4tzte Lesezeit\" \/>\n\t<meta name=\"twitter:data1\" content=\"3\u00a0Minuten\" \/>\n<script type=\"application\/ld+json\" class=\"yoast-schema-graph\">{\"@context\":\"https:\/\/schema.org\",\"@graph\":[{\"@type\":\"WebPage\",\"@id\":\"https:\/\/insight.yoga\/?page_id=1310\",\"url\":\"https:\/\/insight.yoga\/?page_id=1310\",\"name\":\"Short Bio - Insight.yoga\",\"isPartOf\":{\"@id\":\"https:\/\/insight.yoga\/#website\"},\"datePublished\":\"2021-04-20T10:17:35+00:00\",\"dateModified\":\"2025-05-20T05:22:40+00:00\",\"breadcrumb\":{\"@id\":\"https:\/\/insight.yoga\/?page_id=1310#breadcrumb\"},\"inLanguage\":\"de\",\"potentialAction\":[{\"@type\":\"ReadAction\",\"target\":[\"https:\/\/insight.yoga\/?page_id=1310\"]}]},{\"@type\":\"BreadcrumbList\",\"@id\":\"https:\/\/insight.yoga\/?page_id=1310#breadcrumb\",\"itemListElement\":[{\"@type\":\"ListItem\",\"position\":1,\"name\":\"Home\",\"item\":\"https:\/\/insight.yoga\/\"},{\"@type\":\"ListItem\",\"position\":2,\"name\":\"Short Bio\"}]},{\"@type\":\"WebSite\",\"@id\":\"https:\/\/insight.yoga\/#website\",\"url\":\"https:\/\/insight.yoga\/\",\"name\":\"Insight.yoga\",\"description\":\"Meditate your body\",\"publisher\":{\"@id\":\"https:\/\/insight.yoga\/#organization\"},\"potentialAction\":[{\"@type\":\"SearchAction\",\"target\":{\"@type\":\"EntryPoint\",\"urlTemplate\":\"https:\/\/insight.yoga\/?s={search_term_string}\"},\"query-input\":{\"@type\":\"PropertyValueSpecification\",\"valueRequired\":true,\"valueName\":\"search_term_string\"}}],\"inLanguage\":\"de\"},{\"@type\":\"Organization\",\"@id\":\"https:\/\/insight.yoga\/#organization\",\"name\":\"Insight.yoga\",\"url\":\"https:\/\/insight.yoga\/\",\"logo\":{\"@type\":\"ImageObject\",\"inLanguage\":\"de\",\"@id\":\"https:\/\/insight.yoga\/#\/schema\/logo\/image\/\",\"url\":\"https:\/\/insight.yoga\/wp-content\/uploads\/2021\/04\/imageedit_46_8246596455.png\",\"contentUrl\":\"https:\/\/insight.yoga\/wp-content\/uploads\/2021\/04\/imageedit_46_8246596455.png\",\"width\":591,\"height\":422,\"caption\":\"Insight.yoga\"},\"image\":{\"@id\":\"https:\/\/insight.yoga\/#\/schema\/logo\/image\/\"}}]}<\/script>\n<!-- \/ Yoast SEO plugin. -->","yoast_head_json":{"title":"Short Bio - Insight.yoga","robots":{"index":"index","follow":"follow","max-snippet":"max-snippet:-1","max-image-preview":"max-image-preview:large","max-video-preview":"max-video-preview:-1"},"canonical":"https:\/\/insight.yoga\/de\/?page_id=1310","og_locale":"de_DE","og_type":"article","og_title":"Short Bio - Insight.yoga","og_url":"https:\/\/insight.yoga\/de\/?page_id=1310","og_site_name":"Insight.yoga","article_modified_time":"2025-05-20T05:22:40+00:00","twitter_card":"summary_large_image","twitter_misc":{"Gesch\u00e4tzte Lesezeit":"3\u00a0Minuten"},"schema":{"@context":"https:\/\/schema.org","@graph":[{"@type":"WebPage","@id":"https:\/\/insight.yoga\/?page_id=1310","url":"https:\/\/insight.yoga\/?page_id=1310","name":"Short Bio - Insight.yoga","isPartOf":{"@id":"https:\/\/insight.yoga\/#website"},"datePublished":"2021-04-20T10:17:35+00:00","dateModified":"2025-05-20T05:22:40+00:00","breadcrumb":{"@id":"https:\/\/insight.yoga\/?page_id=1310#breadcrumb"},"inLanguage":"de","potentialAction":[{"@type":"ReadAction","target":["https:\/\/insight.yoga\/?page_id=1310"]}]},{"@type":"BreadcrumbList","@id":"https:\/\/insight.yoga\/?page_id=1310#breadcrumb","itemListElement":[{"@type":"ListItem","position":1,"name":"Home","item":"https:\/\/insight.yoga\/"},{"@type":"ListItem","position":2,"name":"Short Bio"}]},{"@type":"WebSite","@id":"https:\/\/insight.yoga\/#website","url":"https:\/\/insight.yoga\/","name":"Insight.yoga","description":"Meditate your body","publisher":{"@id":"https:\/\/insight.yoga\/#organization"},"potentialAction":[{"@type":"SearchAction","target":{"@type":"EntryPoint","urlTemplate":"https:\/\/insight.yoga\/?s={search_term_string}"},"query-input":{"@type":"PropertyValueSpecification","valueRequired":true,"valueName":"search_term_string"}}],"inLanguage":"de"},{"@type":"Organization","@id":"https:\/\/insight.yoga\/#organization","name":"Insight.yoga","url":"https:\/\/insight.yoga\/","logo":{"@type":"ImageObject","inLanguage":"de","@id":"https:\/\/insight.yoga\/#\/schema\/logo\/image\/","url":"https:\/\/insight.yoga\/wp-content\/uploads\/2021\/04\/imageedit_46_8246596455.png","contentUrl":"https:\/\/insight.yoga\/wp-content\/uploads\/2021\/04\/imageedit_46_8246596455.png","width":591,"height":422,"caption":"Insight.yoga"},"image":{"@id":"https:\/\/insight.yoga\/#\/schema\/logo\/image\/"}}]}},"_links":{"self":[{"href":"https:\/\/insight.yoga\/de\/wp-json\/wp\/v2\/pages\/1310","targetHints":{"allow":["GET"]}}],"collection":[{"href":"https:\/\/insight.yoga\/de\/wp-json\/wp\/v2\/pages"}],"about":[{"href":"https:\/\/insight.yoga\/de\/wp-json\/wp\/v2\/types\/page"}],"author":[{"embeddable":true,"href":"https:\/\/insight.yoga\/de\/wp-json\/wp\/v2\/users\/1"}],"replies":[{"embeddable":true,"href":"https:\/\/insight.yoga\/de\/wp-json\/wp\/v2\/comments?post=1310"}],"version-history":[{"count":14,"href":"https:\/\/insight.yoga\/de\/wp-json\/wp\/v2\/pages\/1310\/revisions"}],"predecessor-version":[{"id":3022,"href":"https:\/\/insight.yoga\/de\/wp-json\/wp\/v2\/pages\/1310\/revisions\/3022"}],"wp:attachment":[{"href":"https:\/\/insight.yoga\/de\/wp-json\/wp\/v2\/media?parent=1310"}],"curies":[{"name":"wp","href":"https:\/\/api.w.org\/{rel}","templated":true}]}}