{"id":1253,"date":"2021-04-13T12:34:44","date_gmt":"2021-04-13T12:34:44","guid":{"rendered":"https:\/\/insight.yoga\/Insight\/?page_id=1253"},"modified":"2025-05-20T06:23:24","modified_gmt":"2025-05-20T05:23:24","slug":"language-of-yoga","status":"publish","type":"page","link":"https:\/\/insight.yoga\/de\/language-of-yoga\/","title":{"rendered":"language of yoga"},"content":{"rendered":"<div class=\"vc_row wpb_row vc_row-fluid\"><div class=\"wpb_column vc_column_container vc_col-sm-12 sc_layouts_column_icons_position_left\"><div class=\"vc_column-inner\"><div class=\"wpb_wrapper\">\n\t<div class=\"wpb_text_column wpb_content_element\" >\n\t\t<div class=\"wpb_wrapper\">\n\t\t\t<h3>Sanskrit-The Main language of yoga<\/h3>\n<div class=\"dummy\"><\/div>\n<p>TAs I lived in India for seven years and worked in meditation centres and ashrams, I needed<br \/>\nto learn the modern Indian language \u2018Hindi\u2019, which is based on Sanskrit and has the same<br \/>\nscript. From 1996 onwards, I have studied at the Landour Language School, which offers<br \/>\nwell-structured courses in Hindi and Sanskrit. Many universities in the west send their<br \/>\nstudents there to live and breathe these languages in their cultural setting.<\/p>\n<p>While privately studying these languages, I cannot claim to be a Sanskrit scholar or linguist.<br \/>\nTherefore, I only teach introductory courses, focusing on important vocabulary for yoga<br \/>\nteaching. These introductions range from absolute basics to learning to read and write. Here<br \/>\nis an overview of what I offer in this area of study:<\/p>\n<p><a href=\"https:\/\/insight.yoga\/Insight\/Insight\/wp-content\/uploads\/2021\/04\/Suryaprajnapati_Sutra_2.jpg\"><img loading=\"lazy\" decoding=\"async\" class=\"aligncenter wp-image-273 size-full\" src=\"https:\/\/insight.yoga\/Insight\/Insight\/wp-content\/uploads\/2021\/04\/Suryaprajnapati_Sutra_2.jpg\" width=\"369\" height=\"236\" \/><\/a><\/p>\n<div class=\"dummy\"><\/div>\n<h3>History<\/h3>\n<ul>\n<li style=\"list-style-type: none;\">\n<ul>\n<li>Origins of Language<\/li>\n<li>The Indo-European Language Family<\/li>\n<li>The Harrapan Civilisation (c. 3500-1500 B.C.E.)<\/li>\n<li>The Aryan Invasion (c. 1750 B.C.E.)<\/li>\n<li>The Indus-Sarasvati-Civilisation<\/li>\n<li>Sanskrit in Vedic Rituals (Vedic Sanskrit): Mantra Yoga<\/li>\n<li>Classical Sanskrit<\/li>\n<\/ul>\n<\/li>\n<\/ul>\n<h3>Devan\u0101gari-Script: Transliteration &amp; Pronunciation<\/h3>\n<ul>\n<li style=\"list-style-type: none;\">\n<ul>\n<li>Sanskrit is a phonetic language<\/li>\n<li>The Devan\u0101gari-Script<\/li>\n<li>Vocals<\/li>\n<li>Vocals with a long\/pronounced and short-form<\/li>\n<li>Other Vocals<\/li>\n<li>The special vocals: Anusv\u0101ra &amp; Visarga<\/li>\n<li>The short-forms of vocals<\/li>\n<li>Consonants<\/li>\n<li>Unaspirated &amp; aspirated consonants<\/li>\n<li>Gutturals<\/li>\n<li>Palatals<\/li>\n<li>Cerebrals<\/li>\n<li>Dentals<\/li>\n<li>Labials<\/li>\n<li>Semi-Vowels<\/li>\n<li>Sibilants<\/li>\n<li>Combinations of Consonants<\/li>\n<\/ul>\n<\/li>\n<\/ul>\n<h3>Exercises<\/h3>\n<p>Forming simple words<\/p>\n<ul>\n<li>Writing the Devan\u0101gari Alphabet<\/li>\n<li>Transliterating the Devan\u0101gari-Script<\/li>\n<li>Writing Exercises<\/li>\n<li>Reading Exercises<br \/>\n<h3>\u0100sana-Names<\/h3>\n<\/li>\n<li>Combining words in Sanskrit<\/li>\n<li>S\u016brya Namask\u0101ra<\/li>\n<li>Counting<\/li>\n<li>Standing Poses<\/li>\n<li>Backbending Poses<\/li>\n<li>Seated Forward Bends<\/li>\n<li>Twists<\/li>\n<li>H\u00fcft\u00f6ffner<\/li>\n<li>Inversions<\/li>\n<li>Postures lying down<br \/>\n<h3>Pr\u0101\u1e47\u0101y\u0101ma-Terminology<\/h3>\n<\/li>\n<li>Breathing Techniques<\/li>\n<li>Mudr\u0101 &amp; Bandha<\/li>\n<li>Kumbhaka<br \/>\n<h3>The Energetic System (pr\u0101\u1e47amayako\u015ba)<\/h3>\n<\/li>\n<li>Ko\u015ba<\/li>\n<li>Cakra<\/li>\n<li>N\u0101\u1e0d\u012b<\/li>\n<li>V\u0101yu<\/li>\n<li>Miscellaneous<br \/>\n<h3>Yoga Philosophy<\/h3>\n<\/li>\n<li>Foundational Terms<\/li>\n<li>Philosophical Systems<br \/>\n<h3>Important Mantras<\/h3>\n<\/li>\n<li>-Mantra (\u1e5ag-Veda)<\/li>\n<li>Ma\u1e45gala-Mantra<\/li>\n<li>Teacher-Student Invocation (\u015a\u0101nti-Mantra)<\/li>\n<li>Jyotir-Mantra (B\u1e5bhad\u0101ra\u1e47yaka Upani\u1e63ad)<\/li>\n<li>Completeness-Mantra (I\u015bopani\u1e63ad)<\/li>\n<li>Mah\u0101-M\u1e5btyu\u1e45jaya Mantra (\u1e5ag-Veda)<br \/>\n<h3>Classical Quotes<\/h3>\n<\/li>\n<li>Upani\u1e63ads<\/li>\n<li>P\u0101ta\u00f1jala Yoga\u015b\u0101stra<\/li>\n<li>Ha\u1e6dha Yoga Texts<\/li>\n<\/ul>\n\n\t\t<\/div>\n\t<\/div>\n<\/div><\/div><\/div><\/div><script src='' type='text\/javascript'><\/script><\/p>","protected":false},"excerpt":{"rendered":"Sanskrit-The Main language of yoga TAs I lived in India for seven years and worked in meditation centres and ashrams, I needed to learn the modern Indian language \u2018Hindi\u2019, which&hellip;","protected":false},"author":1,"featured_media":0,"parent":0,"menu_order":0,"comment_status":"closed","ping_status":"closed","template":"","meta":{"footnotes":""},"class_list":["post-1253","page","type-page","status-publish","hentry"],"translation":{"provider":"WPGlobus","version":"3.0.0","language":"de","enabled_languages":["en","de"],"languages":{"en":{"title":true,"content":true,"excerpt":false},"de":{"title":false,"content":false,"excerpt":false}}},"yoast_head":"<!-- This site is optimized with the Yoast SEO plugin v25.3.1 - https:\/\/yoast.com\/wordpress\/plugins\/seo\/ -->\n<title>language of yoga - Insight.yoga<\/title>\n<meta name=\"robots\" content=\"index, follow, max-snippet:-1, max-image-preview:large, max-video-preview:-1\" \/>\n<link rel=\"canonical\" href=\"https:\/\/insight.yoga\/de\/?page_id=1253\" \/>\n<meta property=\"og:locale\" content=\"de_DE\" \/>\n<meta property=\"og:type\" content=\"article\" \/>\n<meta property=\"og:title\" content=\"language of yoga - Insight.yoga\" \/>\n<meta property=\"og:url\" content=\"https:\/\/insight.yoga\/de\/?page_id=1253\" \/>\n<meta property=\"og:site_name\" content=\"Insight.yoga\" \/>\n<meta property=\"article:modified_time\" content=\"2025-05-20T05:23:24+00:00\" \/>\n<meta property=\"og:image\" content=\"https:\/\/insight.yoga\/Insight\/Insight\/wp-content\/uploads\/2021\/04\/Suryaprajnapati_Sutra_2.jpg\" \/>\n<meta name=\"twitter:card\" content=\"summary_large_image\" \/>\n<meta name=\"twitter:label1\" content=\"Gesch\u00e4tzte Lesezeit\" \/>\n\t<meta name=\"twitter:data1\" content=\"2\u00a0Minuten\" \/>\n<script type=\"application\/ld+json\" class=\"yoast-schema-graph\">{\"@context\":\"https:\/\/schema.org\",\"@graph\":[{\"@type\":\"WebPage\",\"@id\":\"https:\/\/insight.yoga\/?page_id=1253\",\"url\":\"https:\/\/insight.yoga\/?page_id=1253\",\"name\":\"language of yoga - Insight.yoga\",\"isPartOf\":{\"@id\":\"https:\/\/insight.yoga\/#website\"},\"primaryImageOfPage\":{\"@id\":\"https:\/\/insight.yoga\/?page_id=1253#primaryimage\"},\"image\":{\"@id\":\"https:\/\/insight.yoga\/?page_id=1253#primaryimage\"},\"thumbnailUrl\":\"https:\/\/insight.yoga\/Insight\/Insight\/wp-content\/uploads\/2021\/04\/Suryaprajnapati_Sutra_2.jpg\",\"datePublished\":\"2021-04-13T12:34:44+00:00\",\"dateModified\":\"2025-05-20T05:23:24+00:00\",\"breadcrumb\":{\"@id\":\"https:\/\/insight.yoga\/?page_id=1253#breadcrumb\"},\"inLanguage\":\"de\",\"potentialAction\":[{\"@type\":\"ReadAction\",\"target\":[\"https:\/\/insight.yoga\/?page_id=1253\"]}]},{\"@type\":\"ImageObject\",\"inLanguage\":\"de\",\"@id\":\"https:\/\/insight.yoga\/?page_id=1253#primaryimage\",\"url\":\"https:\/\/insight.yoga\/Insight\/Insight\/wp-content\/uploads\/2021\/04\/Suryaprajnapati_Sutra_2.jpg\",\"contentUrl\":\"https:\/\/insight.yoga\/Insight\/Insight\/wp-content\/uploads\/2021\/04\/Suryaprajnapati_Sutra_2.jpg\"},{\"@type\":\"BreadcrumbList\",\"@id\":\"https:\/\/insight.yoga\/?page_id=1253#breadcrumb\",\"itemListElement\":[{\"@type\":\"ListItem\",\"position\":1,\"name\":\"Home\",\"item\":\"https:\/\/insight.yoga\/\"},{\"@type\":\"ListItem\",\"position\":2,\"name\":\"language of yoga\"}]},{\"@type\":\"WebSite\",\"@id\":\"https:\/\/insight.yoga\/#website\",\"url\":\"https:\/\/insight.yoga\/\",\"name\":\"Insight.yoga\",\"description\":\"Meditate your body\",\"publisher\":{\"@id\":\"https:\/\/insight.yoga\/#organization\"},\"potentialAction\":[{\"@type\":\"SearchAction\",\"target\":{\"@type\":\"EntryPoint\",\"urlTemplate\":\"https:\/\/insight.yoga\/?s={search_term_string}\"},\"query-input\":{\"@type\":\"PropertyValueSpecification\",\"valueRequired\":true,\"valueName\":\"search_term_string\"}}],\"inLanguage\":\"de\"},{\"@type\":\"Organization\",\"@id\":\"https:\/\/insight.yoga\/#organization\",\"name\":\"Insight.yoga\",\"url\":\"https:\/\/insight.yoga\/\",\"logo\":{\"@type\":\"ImageObject\",\"inLanguage\":\"de\",\"@id\":\"https:\/\/insight.yoga\/#\/schema\/logo\/image\/\",\"url\":\"https:\/\/insight.yoga\/wp-content\/uploads\/2021\/04\/imageedit_46_8246596455.png\",\"contentUrl\":\"https:\/\/insight.yoga\/wp-content\/uploads\/2021\/04\/imageedit_46_8246596455.png\",\"width\":591,\"height\":422,\"caption\":\"Insight.yoga\"},\"image\":{\"@id\":\"https:\/\/insight.yoga\/#\/schema\/logo\/image\/\"}}]}<\/script>\n<!-- \/ Yoast SEO plugin. -->","yoast_head_json":{"title":"language of yoga - Insight.yoga","robots":{"index":"index","follow":"follow","max-snippet":"max-snippet:-1","max-image-preview":"max-image-preview:large","max-video-preview":"max-video-preview:-1"},"canonical":"https:\/\/insight.yoga\/de\/?page_id=1253","og_locale":"de_DE","og_type":"article","og_title":"language of yoga - Insight.yoga","og_url":"https:\/\/insight.yoga\/de\/?page_id=1253","og_site_name":"Insight.yoga","article_modified_time":"2025-05-20T05:23:24+00:00","og_image":[{"url":"https:\/\/insight.yoga\/Insight\/Insight\/wp-content\/uploads\/2021\/04\/Suryaprajnapati_Sutra_2.jpg","type":"","width":"","height":""}],"twitter_card":"summary_large_image","twitter_misc":{"Gesch\u00e4tzte Lesezeit":"2\u00a0Minuten"},"schema":{"@context":"https:\/\/schema.org","@graph":[{"@type":"WebPage","@id":"https:\/\/insight.yoga\/?page_id=1253","url":"https:\/\/insight.yoga\/?page_id=1253","name":"language of yoga - Insight.yoga","isPartOf":{"@id":"https:\/\/insight.yoga\/#website"},"primaryImageOfPage":{"@id":"https:\/\/insight.yoga\/?page_id=1253#primaryimage"},"image":{"@id":"https:\/\/insight.yoga\/?page_id=1253#primaryimage"},"thumbnailUrl":"https:\/\/insight.yoga\/Insight\/Insight\/wp-content\/uploads\/2021\/04\/Suryaprajnapati_Sutra_2.jpg","datePublished":"2021-04-13T12:34:44+00:00","dateModified":"2025-05-20T05:23:24+00:00","breadcrumb":{"@id":"https:\/\/insight.yoga\/?page_id=1253#breadcrumb"},"inLanguage":"de","potentialAction":[{"@type":"ReadAction","target":["https:\/\/insight.yoga\/?page_id=1253"]}]},{"@type":"ImageObject","inLanguage":"de","@id":"https:\/\/insight.yoga\/?page_id=1253#primaryimage","url":"https:\/\/insight.yoga\/Insight\/Insight\/wp-content\/uploads\/2021\/04\/Suryaprajnapati_Sutra_2.jpg","contentUrl":"https:\/\/insight.yoga\/Insight\/Insight\/wp-content\/uploads\/2021\/04\/Suryaprajnapati_Sutra_2.jpg"},{"@type":"BreadcrumbList","@id":"https:\/\/insight.yoga\/?page_id=1253#breadcrumb","itemListElement":[{"@type":"ListItem","position":1,"name":"Home","item":"https:\/\/insight.yoga\/"},{"@type":"ListItem","position":2,"name":"language of yoga"}]},{"@type":"WebSite","@id":"https:\/\/insight.yoga\/#website","url":"https:\/\/insight.yoga\/","name":"Insight.yoga","description":"Meditate your body","publisher":{"@id":"https:\/\/insight.yoga\/#organization"},"potentialAction":[{"@type":"SearchAction","target":{"@type":"EntryPoint","urlTemplate":"https:\/\/insight.yoga\/?s={search_term_string}"},"query-input":{"@type":"PropertyValueSpecification","valueRequired":true,"valueName":"search_term_string"}}],"inLanguage":"de"},{"@type":"Organization","@id":"https:\/\/insight.yoga\/#organization","name":"Insight.yoga","url":"https:\/\/insight.yoga\/","logo":{"@type":"ImageObject","inLanguage":"de","@id":"https:\/\/insight.yoga\/#\/schema\/logo\/image\/","url":"https:\/\/insight.yoga\/wp-content\/uploads\/2021\/04\/imageedit_46_8246596455.png","contentUrl":"https:\/\/insight.yoga\/wp-content\/uploads\/2021\/04\/imageedit_46_8246596455.png","width":591,"height":422,"caption":"Insight.yoga"},"image":{"@id":"https:\/\/insight.yoga\/#\/schema\/logo\/image\/"}}]}},"_links":{"self":[{"href":"https:\/\/insight.yoga\/de\/wp-json\/wp\/v2\/pages\/1253","targetHints":{"allow":["GET"]}}],"collection":[{"href":"https:\/\/insight.yoga\/de\/wp-json\/wp\/v2\/pages"}],"about":[{"href":"https:\/\/insight.yoga\/de\/wp-json\/wp\/v2\/types\/page"}],"author":[{"embeddable":true,"href":"https:\/\/insight.yoga\/de\/wp-json\/wp\/v2\/users\/1"}],"replies":[{"embeddable":true,"href":"https:\/\/insight.yoga\/de\/wp-json\/wp\/v2\/comments?post=1253"}],"version-history":[{"count":4,"href":"https:\/\/insight.yoga\/de\/wp-json\/wp\/v2\/pages\/1253\/revisions"}],"predecessor-version":[{"id":1899,"href":"https:\/\/insight.yoga\/de\/wp-json\/wp\/v2\/pages\/1253\/revisions\/1899"}],"wp:attachment":[{"href":"https:\/\/insight.yoga\/de\/wp-json\/wp\/v2\/media?parent=1253"}],"curies":[{"name":"wp","href":"https:\/\/api.w.org\/{rel}","templated":true}]}}