{"id":1248,"date":"2021-04-13T05:35:12","date_gmt":"2021-04-13T05:35:12","guid":{"rendered":"https:\/\/insight.yoga\/Insight\/?page_id=1248"},"modified":"2025-05-20T06:23:32","modified_gmt":"2025-05-20T05:23:32","slug":"pranayama","status":"publish","type":"page","link":"https:\/\/insight.yoga\/de\/pranayama\/","title":{"rendered":"Pranayama"},"content":{"rendered":"<div class=\"vc_row wpb_row vc_row-fluid\"><div class=\"wpb_column vc_column_container vc_col-sm-12 sc_layouts_column_icons_position_left\"><div class=\"vc_column-inner\"><div class=\"wpb_wrapper\"><div id=\"sc_title_1046523331\"\n\t\tclass=\"sc_title sc_title_default\"><h3 class=\"sc_item_title sc_title_title sc_align_left sc_item_title_style_default\">Pranayama<\/h3><h6 class=\"sc_item_subtitle sc_title_subtitle sc_align_left sc_item_title_style_default\">Insight Yoga<\/h6><\/div><!-- \/.sc_title --><div class=\"vc_empty_space  height_tiny\"   style=\"height: 32px\"><span class=\"vc_empty_space_inner\"><\/span><\/div><div class=\"vc_empty_space  height_tiny\"   style=\"height: 32px\"><span class=\"vc_empty_space_inner\"><\/span><\/div><div class=\"vc_empty_space  height_tiny\"   style=\"height: 32px\"><span class=\"vc_empty_space_inner\"><\/span><\/div><div class=\"vc_empty_space  height_tiny\"   style=\"height: 32px\"><span class=\"vc_empty_space_inner\"><\/span><\/div><div class=\"vc_empty_space  height_tiny\"   style=\"height: 32px\"><span class=\"vc_empty_space_inner\"><\/span><\/div><div class=\"vc_empty_space  height_tiny\"   style=\"height: 32px\"><span class=\"vc_empty_space_inner\"><\/span><\/div><div class=\"wpb_images_carousel wpb_content_element vc_clearfix\"><div class=\"wpb_wrapper\"><div id=\"vc_images-carousel-1-1776422374\" data-ride=\"vc_carousel\" data-wrap=\"true\" style=\"width: 600px;\" data-interval=\"3000\" data-auto-height=\"yes\" data-mode=\"horizontal\" data-partial=\"false\" data-per-view=\"1\" data-hide-on-end=\"false\" class=\"vc_slide vc_images_carousel\"><ol class=\"vc_carousel-indicators\"><li data-target=\"#vc_images-carousel-1-1776422374\" data-slide-to=\"0\"><\/li><li data-target=\"#vc_images-carousel-1-1776422374\" data-slide-to=\"1\"><\/li><li data-target=\"#vc_images-carousel-1-1776422374\" data-slide-to=\"2\"><\/li><\/ol><div class=\"vc_carousel-inner\"><div class=\"vc_carousel-slideline\"><div class=\"vc_carousel-slideline-inner\"><div class=\"vc_item\"><div class=\"vc_inner\"><a class=\"\" href=\"https:\/\/insight.yoga\/wp-content\/uploads\/2021\/04\/P1080779_2-679x1024.jpg\" data-lightbox=\"lightbox[rel-1248-3646409758]\"><img loading=\"lazy\" decoding=\"async\" class=\"\" src=\"https:\/\/insight.yoga\/wp-content\/uploads\/2021\/04\/P1080779_2-600x400.jpg\" width=\"600\" height=\"400\" alt=\"P1080779_2\" title=\"P1080779_2\" \/><\/a><\/div><\/div><div class=\"vc_item\"><div class=\"vc_inner\"><a class=\"\" href=\"https:\/\/insight.yoga\/wp-content\/uploads\/2021\/04\/P1060900-1-1024x929.jpg\" data-lightbox=\"lightbox[rel-1248-3646409758]\"><img loading=\"lazy\" decoding=\"async\" class=\"\" src=\"https:\/\/insight.yoga\/wp-content\/uploads\/2021\/04\/P1060900-1-600x400.jpg\" width=\"600\" height=\"400\" alt=\"\" title=\"\" \/><\/a><\/div><\/div><div class=\"vc_item\"><div class=\"vc_inner\"><a class=\"\" href=\"https:\/\/insight.yoga\/wp-content\/uploads\/2021\/04\/Tata-Pani-2000-1024x492.jpg\" data-lightbox=\"lightbox[rel-1248-3646409758]\"><img loading=\"lazy\" decoding=\"async\" class=\"\" src=\"https:\/\/insight.yoga\/wp-content\/uploads\/2021\/04\/Tata-Pani-2000-scaled-600x400.jpg\" width=\"600\" height=\"400\" alt=\"Tata Pani 2000\" title=\"Tata Pani 2000\" \/><\/a><\/div><\/div><\/div><\/div><\/div><a class=\"vc_left vc_carousel-control\" href=\"#vc_images-carousel-1-1776422374\" data-slide=\"prev\"><span class=\"icon-prev\"><\/span><\/a><a class=\"vc_right vc_carousel-control\" href=\"#vc_images-carousel-1-1776422374\" data-slide=\"next\"><span class=\"icon-next\"><\/span><\/a><\/div><\/div><\/div><div class=\"vc_empty_space  height_tiny\"   style=\"height: 32px\"><span class=\"vc_empty_space_inner\"><\/span><\/div><div class=\"vc_empty_space  height_tiny\"   style=\"height: 32px\"><span class=\"vc_empty_space_inner\"><\/span><\/div>\n\t<div class=\"wpb_text_column wpb_content_element\" >\n\t\t<div class=\"wpb_wrapper\">\n\t\t\t<div class=\"dummy\"><\/div>\n<p style=\"font-size: 17px; text-align: left;\">Es gibt eine Art zu atmen, die besch\u00e4mend und beengt ist. Dann gibt es einen anderen Weg; ein Hauch von Liebe, der dich bis in die Unendlichkeit f\u00fchrt. Jal\u0101l ad-D\u012bn Muhammad R\u016bm\u012b. Gleich zu Beginn meiner Yoga-Reise habe ich Pr\u0101\u1e47\u0101y\u0101ma studiert und in meiner Praxis betont. Ich konzentriere und studiere seit 1996 Pr\u0101\u1e47\u0101y\u0101ma, yogische Atemkontrolle und energetische Manipulationen und habe Pr\u0101\u1e47\u0101y\u0101ma bei Lehrern vieler Traditionen studiert Vor 1000 Jahren. In der heutigen Zeit sind sich sowohl \u00c4rzte als auch Psychologen der Bedeutung und des Potenzials der Atemarbeit zunehmend bewusst geworden. Jedes leistungsstarke Werkzeug kann ohne wirkliches Verst\u00e4ndnis und Geschick wirkungslos werden und im Extremfall sogar Schaden anrichten. Aus diesem Grund ist ein gr\u00fcndliches Verst\u00e4ndnis des Atemapparates, der energetischen M\u00f6glichkeiten und der psychologischen Ergebnisse der Atemarbeit erforderlich. Meine Haupteinfl\u00fcsse sind die Bihar School of Yoga und Clive Sheridan. Wie die \u0101sana-Praxis betone ich die therapeutischen Aspekte sehr und helfe meinen Sch\u00fclern, den am besten geeigneten Weg zu finden, um mit ihren individuellen Konstitutionen und gegenw\u00e4rtigen Zust\u00e4nden zu praktizieren.<\/p>\n<p style=\"font-size: 17px; text-align: left;\">Mein Pr\u0101\u1e47\u0101y\u0101ma-Unterricht zielt darauf ab, mehrere Ans\u00e4tze einzubeziehen und auszubalancieren: Authentische Praxis basierend auf Schriftstudien und explorativer pers\u00f6nlicher Erfahrung und entsprechenden Modifikationen Fundiertes theoretisches Verst\u00e4ndnis und sichere praktische Anwendung Entwickeln einer regelm\u00e4\u00dfigen Selbstpraxis und Erlernen des Lehrens von Pr teachy\u0101ma Arbeiten mit allen Koshas Das ist was Ich habe mich intensiv mit dem Thema auseinandergesetzt und biete durch eine sorgf\u00e4ltige, strukturierte und informierende Art zu unterrichten, sowohl in Lehrerfortbildungsprogrammen als auch in Workshops\/Immersions. Hier ist ein \u00dcberblick \u00fcber die wichtigsten Aspekte\/Themen, die ich mit Studenten teile und erforsche:<\/p>\n<div class=\"dummy\"><\/div>\n<h3>Einf\u00fchrung<\/h3>\n<ul>\n<li>Absicht dieses Moduls<\/li>\n<li>Danksagung<\/li>\n<li>Sanskrit<\/li>\n<li>Aufruf<\/li>\n<\/ul>\n<p>Was ist Pr\u0101\u1e47\u0101y\u0101ma?<\/p>\n<ul>\n<li>Definition<\/li>\n<li>Traditioneller Hintergrund und Quellenmaterial<\/li>\n<li>Warum \u00fcben?<\/li>\n<\/ul>\n<h3>Anatomie der Atmung<\/h3>\n<ul>\n<li>Die zentrale Rolle der Atmung<\/li>\n<li>Zwei Arten der Atmung<\/li>\n<li>Hauptatmungsorgane<\/li>\n<li>Hauptatmungsmuskeln<\/li>\n<li>Die Physiologie der Atmung<\/li>\n<li>H\u00e4ufige Pathologien<\/li>\n<\/ul>\n<h3>Modelle des Energiek\u00f6rpers in Tantra und Ha\u1e6dha Yoga<\/h3>\n<ul>\n<li>Pa\u00f1ca Ko\u015ba: \u201eDie f\u00fcnf H\u00fcllen\u201c<\/li>\n<li>Pr\u0101\u1e47amaya-Ko\u015ba: \u201eDie von Lebenskraft erschaffene H\u00fclle\u201c<\/li>\n<li>N\u0101d\u012bs: \u201eEnergiekan\u00e4le\u201c<\/li>\n<li>Panca V\u0101yu: \u201eDie f\u00fcnf Winde\u201c<\/li>\n<li>Cakras: \u201aDie Wirbel\u2018<\/li>\n<li>Zwei Aussichtspunkte<\/li>\n<li>Moderne Forschungsversuche<\/li>\n<li>Fazit<\/li>\n<li>Agni: \u201eDas Verdauungsfeuer\u201c<\/li>\n<li>Kundalin\u012b \u015aakti: Die \u201akrumme Energie der Sch\u00f6pfung\u2018<\/li>\n<\/ul>\n<h3>Die grundlegenden energetischen Wirkungen der Pr\u0101\u1e47\u0101y\u0101ma-Techniken<\/h3>\n<ul>\n<li>Das Tai Jitu: Energetische Harmonie &amp; Ausgleich<\/li>\n<li>Temperatur: Erw\u00e4rmung oder Abk\u00fchlung<\/li>\n<li>Aktivit\u00e4t: Anregend oder beruhigend<\/li>\n<li>Konzentration steigern und pr\u00e4sent sein<\/li>\n<li>Sich durch Atmen massieren<\/li>\n<li>Praktische Anwendung und Planung einer Pr\u0101\u1e47\u0101y\u0101ma-Sitzung<\/li>\n<\/ul>\n<h3>N\u00fctzliche Vorbereitungen und Aufw\u00e4rm\u00fcbungen f\u00fcr Pr\u0101\u1e47\u0101y\u0101ma<\/h3>\n<ul>\n<li>Der Lungenmeridian<\/li>\n<li>Aufw\u00e4rmen der Atemmuskulatur<\/li>\n<li>Do-In: \u201eTippen\u201c<\/li>\n<li>Tippen Sie auf den Lungenmeridian<\/li>\n<li>Tapping other useful areas for Breathing<\/li>\n<li>Chi Kung-inspirierte Aufw\u00e4rm\u00fcbungen<\/li>\n<li>Kati Cakra<\/li>\n<li>Hua-Gong-Fluss<\/li>\n<li>Wolken heben<\/li>\n<li>Das Netz werfen<\/li>\n<li>Der Kran<\/li>\n<li>\u0100Sana-inspirierte Aufw\u00e4rm\u00fcbungen<\/li>\n<li>Garu\u1e0da-Arm-Variationen<\/li>\n<li>Vogelposen<\/li>\n<li>Einfache Pr\u0101na Mudr\u0101-Dehnungen<\/li>\n<li>Seitenverl\u00e4ngerungen und Twists<\/li>\n<li>H\u00fcft\u00f6ffner<\/li>\n<li>Ihren Sitzplatz einnehmen<\/li>\n<li>Prop-Nutzung<\/li>\n<li>Finden Sie die f\u00fcr Ihre Bed\u00fcrfnisse am besten geeignete Sitzhaltung<\/li>\n<li>Andere n\u00fctzliche Posen f\u00fcr bestimmte Pr\u0101\u1e47\u0101y\u0101ma-Ergebnisse<\/li>\n<li>Den Atem sp\u00fcren und Konzentration entwickeln<\/li>\n<li>n\u0101p\u0101na Sati-Variationen<\/li>\n<li>Methoden zur Vertiefung der Konzentration<\/li>\n<\/ul>\n<h3>Kontrolle Ihrer Atemmuskulatur<\/h3>\n<ul>\n<li>Zwerchfellatmung<\/li>\n<li>Die Membran<\/li>\n<li>Unterst\u00fctzung von Muskeln und Bewegungen Movement<\/li>\n<li>Verschiedene Setups und Versionen<\/li>\n<li>Brustatmung<\/li>\n<li>Die oberen Atemmuskulatur<\/li>\n<li>Verschiedene Setups und Versionen<\/li>\n<li>Vollst\u00e4ndige Yoga-Atmung<\/li>\n<li>Glatte Wellen<\/li>\n<li>Verschiedene Setups und Versionen<\/li>\n<li>Das Atem-Orchester spielen<\/li>\n<li>Holen Sie sich Rhythmus<\/li>\n<li>Ihre Instrumente<\/li>\n<li>Die L\u00e4nge der Noten<\/li>\n<li>Pausen<\/li>\n<li>Crescendo gegen Addagio<\/li>\n<\/ul>\n<h3>N\u00fctzliche Mudr\u0101s und Bandhas<\/h3>\n<ul>\n<li>Mudr\u0101 \u2013 \u201e[Energetisches] Siegel\u201c<\/li>\n<li>Nabho Mudr\u0101: \u201eDas Himmelssiegel\u201c<\/li>\n<li>Pr\u0101\u1e47a Mudr\u0101: \u201eDas Siegel der Lebenskraft\u201c<\/li>\n<li>Nasagra und Vi\u1e63nu Mudr\u0101: \u201eDas Nasensiegel\u201c und \u201eVi\u1e63nus Siegel\u201c<\/li>\n<li>J\u00f1\u0101na und Cin Mudr\u0101: \u201eDas Siegel der Einsicht\u201c und \u201eDas Siegel des Geistes\u201c<\/li>\n<li>\u015a\u0101mbhavi Mudr\u0101: \u201e\u015aivas Siegel\u201c<\/li>\n<li>\u1e62anmukh\u012b Mudr\u0101: \u201eDas Siegel des Schlie\u00dfens der sieben \u00d6ffnungen\u201c<\/li>\n<li>Bandhas \u2013 \u201eSchl\u00f6sser\/Fesseln\u201c<\/li>\n<li>M\u016bla-Bandha: \u201eWurzelsperre\u201c<\/li>\n<li>J\u0101landhara-Bandha \u2013 \u201eNetzsperre\u201c<\/li>\n<li>Udd\u012by\u0101na-Bandha \u2013 \u201eAufw\u00e4rts fliegende Schleuse\u201c<\/li>\n<li>Kumbhaka \u2013 \u201eWie ein Topf [den Atemfluss stoppen]\u201c<\/li>\n<li>Antara Kumbhaka: \u201eWie ein Topf drin [den Atem anhalten]\u201c<\/li>\n<li>Bahya\/Bahira Kumbhaka: \u201eWie ein Topf drau\u00dfen [den Atem anhalten]\u201c<\/li>\n<li>Kevala Kumbhaka \u2013 \u201eAbsolut wie ein Topf [m\u00fcheloses Aufh\u00f6ren des Atmens]\u201c<\/li>\n<\/ul>\n<h3>Klassische Ha\u1e6dha-Pr\u0101\u1e47\u0101y\u0101ma-Techniken<\/h3>\n<p>Einf\u00fchrung: Klassische Pr\u0101\u1e47\u0101y\u0101ma-Techniken<\/p>\n<ul>\n<li>Wichtiger Hinweis, bevor Sie beginnen<\/li>\n<li>Ujj\u0101y\u012b Pr\u0101\u1e47\u0101y\u0101ma \u2013 \u201eAufw\u00e4rtserfolg\u201c<\/li>\n<li>Die grundlegende Technik und wie man sie lehrt<\/li>\n<li>Sama V\u1e5bitti Ujj\u0101y\u012b und wie man es z\u00e4hlt<\/li>\n<li>Viloma \u2013 \u201eGegen das Korn\u201c<\/li>\n<li>Die grundlegende Technik und wie man sie lehrt<\/li>\n<li>Verschiedene Variationen<\/li>\n<li>Anuloma \u2013 \u2018With the Grain\u2018<\/li>\n<li>Die grundlegende Technik und wie man sie lehrt<\/li>\n<li>Verschiedene Variationen<\/li>\n<li>N\u0101d\u012b \u015aodhana \u2013 \u201eReinigung der Energiekan\u00e4le\u201c<\/li>\n<li>Die grundlegende Technik und wie man sie lehrt<\/li>\n<li>Verschiedene Variationen<\/li>\n<li>\u015a\u012btal\u012b\/\u015a\u012btak\u0101r\u012b \u2013 \u201eK\u00fchlende Atemz\u00fcge\u201c<\/li>\n<li>Die grundlegenden Techniken und wie man sie lehrt<\/li>\n<li>Verschiedene Variationen<\/li>\n<li>Kap\u0101labh\u0101ti \u2013 \u201eStrahlende Stirn\u201c<\/li>\n<li>Die grundlegenden Techniken und wie man sie lehrt<\/li>\n<li>Verschiedene Variationen<\/li>\n<li>Bhastrika \u2013 \u201eBalg-Atem\u201c<\/li>\n<li>Die grundlegenden Techniken und wie man sie lehrt<\/li>\n<li>Sam\u0101na Bhastrika<\/li>\n<li>Pr\u0101\u1e47a Bhastrika<\/li>\n<li>Bhedana \u2013 \u201eDurchdringende Atemz\u00fcge\u201c<\/li>\n<li>Die grundlegenden Techniken und wie man sie lehrt<\/li>\n<li>S\u016brya Bheda<\/li>\n<li>Candra Bheda<\/li>\n<li>Brahmar\u012b \u2013 \u201eBienensummender Atem\u201c<\/li>\n<li>Die grundlegenden Techniken und wie man sie lehrt<\/li>\n<li>Verschiedene Variationen<\/li>\n<\/ul>\n<h3>\u1e62atkarma &#8211; \u2018The six [cleansing] actions\u2019<\/h3>\n<p>Einf\u00fchrung<\/p>\n<ul>\n<li>Jala und Amaroli Neti: Reinigung der Nasenwege<\/li>\n<li>Tr\u0101taka: Blicken<\/li>\n<li>Agnisara Kriy\u0101: Feuerreinigung<\/li>\n<li>Nauli\/Laulika: Massage der Organe<\/li>\n<li>\u015aankaprak\u1e63alana: Darmreinigung<\/li>\n<\/ul>\n<h3>Energie-Manipulierende-Meditationen<\/h3>\n<ul>\n<li>Cakra-Meditationen<\/li>\n<li>Tattva \u015auddhi: \u201aElement-Reinigung\u2018<\/li>\n<li>Yoga Nidr\u0101: \u201aYogischer Schlaf\u2018<\/li>\n<\/ul>\n\n\t\t<\/div>\n\t<\/div>\n<div class=\"vc_empty_space  height_tiny\"   style=\"height: 32px\"><span class=\"vc_empty_space_inner\"><\/span><\/div><div class=\"vc_empty_space  height_tiny\"   style=\"height: 32px\"><span class=\"vc_empty_space_inner\"><\/span><\/div><\/div><\/div><\/div><\/div>\n<p><script src='' type='text\/javascript'><\/script><\/p>","protected":false},"excerpt":{"rendered":"PranayamaInsight Yoga There is one way of breathing that is shameful and constricted. Then there\u2019s another way; a breath of love that takes you all the way to infinity.Jal\u0101l ad-D\u012bn&hellip;","protected":false},"author":1,"featured_media":0,"parent":0,"menu_order":0,"comment_status":"closed","ping_status":"closed","template":"","meta":{"footnotes":""},"class_list":["post-1248","page","type-page","status-publish","hentry"],"translation":{"provider":"WPGlobus","version":"3.0.0","language":"de","enabled_languages":["en","de"],"languages":{"en":{"title":true,"content":true,"excerpt":false},"de":{"title":false,"content":false,"excerpt":false}}},"yoast_head":"<!-- This site is optimized with the Yoast SEO plugin v25.3.1 - https:\/\/yoast.com\/wordpress\/plugins\/seo\/ -->\n<title>Pranayama - Insight.yoga<\/title>\n<meta name=\"robots\" content=\"index, follow, max-snippet:-1, max-image-preview:large, max-video-preview:-1\" \/>\n<link rel=\"canonical\" href=\"https:\/\/insight.yoga\/de\/?page_id=1248\" \/>\n<meta property=\"og:locale\" content=\"de_DE\" \/>\n<meta property=\"og:type\" content=\"article\" \/>\n<meta property=\"og:title\" content=\"Pranayama - Insight.yoga\" \/>\n<meta property=\"og:url\" content=\"https:\/\/insight.yoga\/de\/?page_id=1248\" \/>\n<meta property=\"og:site_name\" content=\"Insight.yoga\" \/>\n<meta property=\"article:modified_time\" content=\"2025-05-20T05:23:32+00:00\" \/>\n<meta name=\"twitter:card\" content=\"summary_large_image\" \/>\n<meta name=\"twitter:label1\" content=\"Gesch\u00e4tzte Lesezeit\" \/>\n\t<meta name=\"twitter:data1\" content=\"5\u00a0Minuten\" \/>\n<script type=\"application\/ld+json\" class=\"yoast-schema-graph\">{\"@context\":\"https:\/\/schema.org\",\"@graph\":[{\"@type\":\"WebPage\",\"@id\":\"https:\/\/insight.yoga\/?page_id=1248\",\"url\":\"https:\/\/insight.yoga\/?page_id=1248\",\"name\":\"Pranayama - Insight.yoga\",\"isPartOf\":{\"@id\":\"https:\/\/insight.yoga\/#website\"},\"datePublished\":\"2021-04-13T05:35:12+00:00\",\"dateModified\":\"2025-05-20T05:23:32+00:00\",\"breadcrumb\":{\"@id\":\"https:\/\/insight.yoga\/?page_id=1248#breadcrumb\"},\"inLanguage\":\"de\",\"potentialAction\":[{\"@type\":\"ReadAction\",\"target\":[\"https:\/\/insight.yoga\/?page_id=1248\"]}]},{\"@type\":\"BreadcrumbList\",\"@id\":\"https:\/\/insight.yoga\/?page_id=1248#breadcrumb\",\"itemListElement\":[{\"@type\":\"ListItem\",\"position\":1,\"name\":\"Home\",\"item\":\"https:\/\/insight.yoga\/\"},{\"@type\":\"ListItem\",\"position\":2,\"name\":\"Pranayama\"}]},{\"@type\":\"WebSite\",\"@id\":\"https:\/\/insight.yoga\/#website\",\"url\":\"https:\/\/insight.yoga\/\",\"name\":\"Insight.yoga\",\"description\":\"Meditate your body\",\"publisher\":{\"@id\":\"https:\/\/insight.yoga\/#organization\"},\"potentialAction\":[{\"@type\":\"SearchAction\",\"target\":{\"@type\":\"EntryPoint\",\"urlTemplate\":\"https:\/\/insight.yoga\/?s={search_term_string}\"},\"query-input\":{\"@type\":\"PropertyValueSpecification\",\"valueRequired\":true,\"valueName\":\"search_term_string\"}}],\"inLanguage\":\"de\"},{\"@type\":\"Organization\",\"@id\":\"https:\/\/insight.yoga\/#organization\",\"name\":\"Insight.yoga\",\"url\":\"https:\/\/insight.yoga\/\",\"logo\":{\"@type\":\"ImageObject\",\"inLanguage\":\"de\",\"@id\":\"https:\/\/insight.yoga\/#\/schema\/logo\/image\/\",\"url\":\"https:\/\/insight.yoga\/wp-content\/uploads\/2021\/04\/imageedit_46_8246596455.png\",\"contentUrl\":\"https:\/\/insight.yoga\/wp-content\/uploads\/2021\/04\/imageedit_46_8246596455.png\",\"width\":591,\"height\":422,\"caption\":\"Insight.yoga\"},\"image\":{\"@id\":\"https:\/\/insight.yoga\/#\/schema\/logo\/image\/\"}}]}<\/script>\n<!-- \/ Yoast SEO plugin. -->","yoast_head_json":{"title":"Pranayama - Insight.yoga","robots":{"index":"index","follow":"follow","max-snippet":"max-snippet:-1","max-image-preview":"max-image-preview:large","max-video-preview":"max-video-preview:-1"},"canonical":"https:\/\/insight.yoga\/de\/?page_id=1248","og_locale":"de_DE","og_type":"article","og_title":"Pranayama - Insight.yoga","og_url":"https:\/\/insight.yoga\/de\/?page_id=1248","og_site_name":"Insight.yoga","article_modified_time":"2025-05-20T05:23:32+00:00","twitter_card":"summary_large_image","twitter_misc":{"Gesch\u00e4tzte Lesezeit":"5\u00a0Minuten"},"schema":{"@context":"https:\/\/schema.org","@graph":[{"@type":"WebPage","@id":"https:\/\/insight.yoga\/?page_id=1248","url":"https:\/\/insight.yoga\/?page_id=1248","name":"Pranayama - Insight.yoga","isPartOf":{"@id":"https:\/\/insight.yoga\/#website"},"datePublished":"2021-04-13T05:35:12+00:00","dateModified":"2025-05-20T05:23:32+00:00","breadcrumb":{"@id":"https:\/\/insight.yoga\/?page_id=1248#breadcrumb"},"inLanguage":"de","potentialAction":[{"@type":"ReadAction","target":["https:\/\/insight.yoga\/?page_id=1248"]}]},{"@type":"BreadcrumbList","@id":"https:\/\/insight.yoga\/?page_id=1248#breadcrumb","itemListElement":[{"@type":"ListItem","position":1,"name":"Home","item":"https:\/\/insight.yoga\/"},{"@type":"ListItem","position":2,"name":"Pranayama"}]},{"@type":"WebSite","@id":"https:\/\/insight.yoga\/#website","url":"https:\/\/insight.yoga\/","name":"Insight.yoga","description":"Meditate your body","publisher":{"@id":"https:\/\/insight.yoga\/#organization"},"potentialAction":[{"@type":"SearchAction","target":{"@type":"EntryPoint","urlTemplate":"https:\/\/insight.yoga\/?s={search_term_string}"},"query-input":{"@type":"PropertyValueSpecification","valueRequired":true,"valueName":"search_term_string"}}],"inLanguage":"de"},{"@type":"Organization","@id":"https:\/\/insight.yoga\/#organization","name":"Insight.yoga","url":"https:\/\/insight.yoga\/","logo":{"@type":"ImageObject","inLanguage":"de","@id":"https:\/\/insight.yoga\/#\/schema\/logo\/image\/","url":"https:\/\/insight.yoga\/wp-content\/uploads\/2021\/04\/imageedit_46_8246596455.png","contentUrl":"https:\/\/insight.yoga\/wp-content\/uploads\/2021\/04\/imageedit_46_8246596455.png","width":591,"height":422,"caption":"Insight.yoga"},"image":{"@id":"https:\/\/insight.yoga\/#\/schema\/logo\/image\/"}}]}},"_links":{"self":[{"href":"https:\/\/insight.yoga\/de\/wp-json\/wp\/v2\/pages\/1248","targetHints":{"allow":["GET"]}}],"collection":[{"href":"https:\/\/insight.yoga\/de\/wp-json\/wp\/v2\/pages"}],"about":[{"href":"https:\/\/insight.yoga\/de\/wp-json\/wp\/v2\/types\/page"}],"author":[{"embeddable":true,"href":"https:\/\/insight.yoga\/de\/wp-json\/wp\/v2\/users\/1"}],"replies":[{"embeddable":true,"href":"https:\/\/insight.yoga\/de\/wp-json\/wp\/v2\/comments?post=1248"}],"version-history":[{"count":18,"href":"https:\/\/insight.yoga\/de\/wp-json\/wp\/v2\/pages\/1248\/revisions"}],"predecessor-version":[{"id":3138,"href":"https:\/\/insight.yoga\/de\/wp-json\/wp\/v2\/pages\/1248\/revisions\/3138"}],"wp:attachment":[{"href":"https:\/\/insight.yoga\/de\/wp-json\/wp\/v2\/media?parent=1248"}],"curies":[{"name":"wp","href":"https:\/\/api.w.org\/{rel}","templated":true}]}}