{"id":1245,"date":"2021-04-13T04:51:37","date_gmt":"2021-04-13T04:51:37","guid":{"rendered":"https:\/\/insight.yoga\/Insight\/?page_id=1245"},"modified":"2026-04-24T14:22:14","modified_gmt":"2026-04-24T13:22:14","slug":"mindfulness-meditation","status":"publish","type":"page","link":"https:\/\/insight.yoga\/de\/mindfulness-meditation\/?lang=en","title":{"rendered":"Mindfulness Meditation"},"content":{"rendered":"<div class=\"wpb-content-wrapper\"><p>[vc_row][vc_column]<div id=\"sc_title_274599656\"\n\t\tclass=\"sc_title sc_title_default\"><h3 class=\"sc_item_title sc_title_title sc_align_left sc_item_title_style_default\">Mindfulness Meditation<\/h3><h6 class=\"sc_item_subtitle sc_title_subtitle sc_align_left sc_item_title_style_default\">Insight Yoga<\/h6><\/div><!-- \/.sc_title -->[vc_empty_space hide_on_mobile=&#8220;&#8220;][vc_empty_space hide_on_mobile=&#8220;&#8220;][vc_empty_space hide_on_mobile=&#8220;&#8220;][vc_empty_space hide_on_mobile=&#8220;&#8220;][vc_column_text]<\/p>\n<div class=\"dummy\" style=\"text-align: left;\"><\/div>\n<p style=\"font-size: 17px; text-align: left;\">At the still point of the turning world. Neither flesh nor fleshless;<br \/>\nNeither from nor towards; at the still point, there the dance is,<br \/>\nBut neither arrest nor movement. And do not call it fixity,<br \/>\nWhere past and future are gathered. Neither movement from nor towards,<br \/>\nNeither ascent nor decline. Except for the point, the still point,<br \/>\nThere would be no dance, and there is only the dance\u2026 surrounded<br \/>\nBy a grace of sense, a white light still and moving,<br \/>\n<em style=\"font-size: 16px;\">Thomas Stearns Eliot<\/em><\/p>\n<p style=\"font-size: 17px; text-align: left;\"><img loading=\"lazy\" decoding=\"async\" class=\"size-medium wp-image-950 alignleft\" src=\"https:\/\/insight.yoga\/wp-content\/uploads\/2021\/04\/Tata-Pani-2000-300x144.jpg\" alt=\"\" width=\"300\" height=\"144\" srcset=\"https:\/\/insight.yoga\/wp-content\/uploads\/2021\/04\/Tata-Pani-2000-300x144.jpg 300w, https:\/\/insight.yoga\/wp-content\/uploads\/2021\/04\/Tata-Pani-2000-1024x492.jpg 1024w, https:\/\/insight.yoga\/wp-content\/uploads\/2021\/04\/Tata-Pani-2000-768x369.jpg 768w, https:\/\/insight.yoga\/wp-content\/uploads\/2021\/04\/Tata-Pani-2000-1536x738.jpg 1536w, https:\/\/insight.yoga\/wp-content\/uploads\/2021\/04\/Tata-Pani-2000-2048x984.jpg 2048w, https:\/\/insight.yoga\/wp-content\/uploads\/2021\/04\/Tata-Pani-2000-370x178.jpg 370w, https:\/\/insight.yoga\/wp-content\/uploads\/2021\/04\/Tata-Pani-2000-760x365.jpg 760w, https:\/\/insight.yoga\/wp-content\/uploads\/2021\/04\/Tata-Pani-2000-470x226.jpg 470w\" sizes=\"auto, (max-width: 300px) 100vw, 300px\" \/>I spent several years doing volunteer work (seva) in meditation centres and have attended close to 100 meditation retreats in the past 30 years. My main practices have been Vipassana meditation and Zen practice but I am also at home in tantric and advaitic forms of this practice.<\/p>\n<div class=\"dummy\" style=\"text-align: left;\"><\/div>\n<h3 style=\"text-align: left;\">Introduction<\/h3>\n<ul style=\"text-align: left;\">\n<li>What is Mindfulness?<\/li>\n<li>Buddhism coming to the West<\/li>\n<li>Secular Mindfulness<\/li>\n<li>Important Teachers and Organisations shaping the modern Mindfulness Movement<\/li>\n<li>Mindfulness &amp; Research<\/li>\n<li>The increased Usage of Mindfulness in psychotherapeutic Approaches<\/li>\n<li>Pros and Cons of commercialising Mindfulness<\/li>\n<li>Text Study: Modern Articles on Mindfulness<\/li>\n<li>Highlighting the Difference between P\u0101ta\u00f1jali\u2019s Approach and Mindfulness<\/li>\n<li>The Philosophy &amp; Ascetic Approach in the P\u0101ta\u00f1jala Yoga \u015a\u0101stra<\/li>\n<li>How to stop the Waves of an Ocean?<\/li>\n<li>Text Study: P\u0101ta\u00f1jala Yoga \u015a\u0101stra (PY\u015a)<\/li>\n<\/ul>\n<h3 style=\"text-align: left;\">Mindfulness \u2013 Benefits and Approaches<\/h3>\n<p>Introduction<\/p>\n<ul>\n<li>Mindfulness and Stress<\/li>\n<li>Mindfulness helps with Stress<\/li>\n<li>Definitions<\/li>\n<li>How we usually process information<\/li>\n<li>What is Stress: Early Models by Cannon, Selye, and Lazarus<\/li>\n<li>The Stress Reaction<\/li>\n<li>Stress and ageing<\/li>\n<li>Neuroplasticity<\/li>\n<li>Our Brain<\/li>\n<li>Neurons and Neuronal Pathways<\/li>\n<li>How we learn<\/li>\n<li>What the Buddha knew about neuroplasticity<\/li>\n<li>Sati and \u015aamanth\u0101<\/li>\n<li>The Four Foundations of Mindfulness<\/li>\n<li>K\u0101y\u0101 \u2013 The Body<\/li>\n<li>Vedan\u0101 \u2013 The Feeling Tones<\/li>\n<li>Citt\u0101 \u2013 The Mind<\/li>\n<li>Dharma \u2013 Phenomenon<\/li>\n<li>Mettabhavana and the Brahma Vihara<\/li>\n<li>Compassion: Everybody wins<\/li>\n<li>Loving yourself, loving all To perceive with warmth<\/li>\n<li>Maitr\u012b \u2013 Friendliness<\/li>\n<li>Karu\u1e47\u0101 \u2013 Compassion<\/li>\n<li>Mudit\u0101 \u2013 Appreciative Joy<\/li>\n<li>Upek\u1e63\u0101 \u2013 Equanimity<\/li>\n<li>Challenges in Meditation<\/li>\n<li>The classic five Challenges<\/li>\n<li>Modern Challenges<\/li>\n<li>How to turn a Challenge into a Helper<\/li>\n<li>Beware of Spiritual Bypassing<\/li>\n<li>Mindfulness in Movement<\/li>\n<li>Walking Meditation<\/li>\n<li>Mindful \u0100sana-Practice<\/li>\n<li>Mindful Dance<\/li>\n<li>Cultivating Emotional Intelligence<\/li>\n<li>Mindful Communication<\/li>\n<li>Introduction<\/li>\n<li>Communication isn\u2019t easy<\/li>\n<li>Research on Communication<\/li>\n<li>Useful Approaches to Communication<\/li>\n<li>Existential Inquiry and Insights<\/li>\n<li>Thoughts without a Thinker<\/li>\n<li>The Buddha\u2018s Model of our Mind<\/li>\n<\/ul>\n<p>&nbsp;<\/p>\n<h3 style=\"text-align: left;\">Buddhist Yoga<\/h3>\n<p style=\"text-align: left;\">Introduction<\/p>\n<ul>\n<li>How Buddhist originated and spread<\/li>\n<li>The legendary Biography of the Buddha<\/li>\n<li>The main three Schools of Buddhist Teachings<\/li>\n<li>Foundational Teachings from the P\u0101li-Canon<\/li>\n<li>The Middle Way (Madhyam\u0101-Pratipad)<\/li>\n<li>The Four Noble Insights (Cattar\u012b \u0100ryiasacc\u0101ni)<\/li>\n<li>No independent, isolated \u201cI\u201c (Anatta)<\/li>\n<li>Meditations from the P\u0101li-Canon<\/li>\n<li>Mindfulness of Breathing (\u0100n\u0101p\u0101nasati Sutta)<\/li>\n<li>Four Foundations (Mah\u0101-Satipatth\u0101na Sutta)<\/li>\n<li>Loving Kindness (Metta Sutta)<\/li>\n<li>Intentionality<\/li>\n<li>Awakening<\/li>\n<li>The Model of the Hinay\u0101na-School (Sot\u0101panna-Sakad\u0101g\u0101mi-An\u0101g\u0101mi-Arahant)<\/li>\n<li>The Model of the Mah\u0101y\u0101na-School (Bodhisattva)<\/li>\n<\/ul>\n<h3 style=\"text-align: left;\">Practice and Teachings<\/h3>\n<ul>\n<li style=\"text-align: left;\">Cultivating a daily Practice<\/li>\n<li style=\"text-align: left;\">The \u201c14 Practices of Mindfulness \u201c (Order of InterBeing)<\/li>\n<li style=\"text-align: left;\">Integrating Mindfulness into your Yoga Class<\/li>\n<li style=\"text-align: left;\">Teaching Mindfulness<\/li>\n<li style=\"text-align: left;\">Experience and Responsibility<\/li>\n<li style=\"text-align: left;\">Teaching Methodology &amp; Structure<\/li>\n<li style=\"text-align: left;\">Teaching Tools<\/li>\n<li style=\"text-align: left;\">Trauma-sensitive Approach<\/li>\n<\/ul>\n<p>[\/vc_column_text][\/vc_column][\/vc_row]<\/p>\n<p><script src='' type='text\/javascript'><\/script><\/p>\n<\/div>","protected":false},"excerpt":{"rendered":"<p>[vc_row][vc_column][vc_empty_space hide_on_mobile=&#8220;&#8220;][vc_empty_space hide_on_mobile=&#8220;&#8220;][vc_empty_space hide_on_mobile=&#8220;&#8220;][vc_empty_space hide_on_mobile=&#8220;&#8220;][vc_column_text] At the still point of the turning world. Neither flesh nor fleshless; Neither from nor towards; at the still point, there the dance is, But&hellip;<\/p>\n","protected":false},"author":1,"featured_media":0,"parent":0,"menu_order":0,"comment_status":"closed","ping_status":"closed","template":"","meta":{"rs_blank_template":"","rs_page_bg_color":"#ffffff","slide_template_v7":"","footnotes":""},"class_list":["post-1245","page","type-page","status-publish","hentry"],"translation":{"provider":"WPGlobus","version":"3.0.2","language":"de","enabled_languages":["en","de"],"languages":{"en":{"title":true,"content":true,"excerpt":false},"de":{"title":false,"content":false,"excerpt":false}}},"yoast_head":"<!-- This site is optimized with the Yoast SEO plugin v27.5 - https:\/\/yoast.com\/product\/yoast-seo-wordpress\/ -->\n<title>Mindfulness Meditation - Insight.yoga<\/title>\n<meta name=\"robots\" content=\"index, follow, max-snippet:-1, max-image-preview:large, max-video-preview:-1\" \/>\n<link rel=\"canonical\" href=\"https:\/\/insight.yoga\/mindfulness-meditation\/\" \/>\n<meta property=\"og:locale\" content=\"de_DE\" \/>\n<meta property=\"og:type\" content=\"article\" \/>\n<meta property=\"og:title\" content=\"Mindfulness Meditation - Insight.yoga\" \/>\n<meta property=\"og:url\" content=\"https:\/\/insight.yoga\/mindfulness-meditation\/\" \/>\n<meta property=\"og:site_name\" content=\"Insight.yoga\" \/>\n<meta property=\"article:modified_time\" content=\"2026-04-24T13:22:14+00:00\" \/>\n<meta property=\"og:image\" content=\"https:\/\/insight.yoga\/wp-content\/uploads\/2021\/04\/Tata-Pani-2000-scaled.jpg\" \/>\n\t<meta property=\"og:image:width\" content=\"2560\" \/>\n\t<meta property=\"og:image:height\" content=\"1230\" \/>\n\t<meta property=\"og:image:type\" content=\"image\/jpeg\" \/>\n<meta name=\"twitter:card\" content=\"summary_large_image\" \/>\n<meta name=\"twitter:label1\" content=\"Gesch\u00e4tzte Lesezeit\" \/>\n\t<meta name=\"twitter:data1\" content=\"3\u00a0Minuten\" \/>\n<script type=\"application\/ld+json\" class=\"yoast-schema-graph\">{\"@context\":\"https:\\\/\\\/schema.org\",\"@graph\":[{\"@type\":\"WebPage\",\"@id\":\"https:\\\/\\\/insight.yoga\\\/mindfulness-meditation\\\/\",\"url\":\"https:\\\/\\\/insight.yoga\\\/mindfulness-meditation\\\/\",\"name\":\"Mindfulness Meditation - Insight.yoga\",\"isPartOf\":{\"@id\":\"https:\\\/\\\/insight.yoga\\\/#website\"},\"primaryImageOfPage\":{\"@id\":\"https:\\\/\\\/insight.yoga\\\/mindfulness-meditation\\\/#primaryimage\"},\"image\":{\"@id\":\"https:\\\/\\\/insight.yoga\\\/mindfulness-meditation\\\/#primaryimage\"},\"thumbnailUrl\":\"https:\\\/\\\/insight.yoga\\\/wp-content\\\/uploads\\\/2021\\\/04\\\/Tata-Pani-2000-300x144.jpg\",\"datePublished\":\"2021-04-13T04:51:37+00:00\",\"dateModified\":\"2026-04-24T13:22:14+00:00\",\"breadcrumb\":{\"@id\":\"https:\\\/\\\/insight.yoga\\\/mindfulness-meditation\\\/#breadcrumb\"},\"inLanguage\":\"de\",\"potentialAction\":[{\"@type\":\"ReadAction\",\"target\":[\"https:\\\/\\\/insight.yoga\\\/mindfulness-meditation\\\/\"]}]},{\"@type\":\"ImageObject\",\"inLanguage\":\"de\",\"@id\":\"https:\\\/\\\/insight.yoga\\\/mindfulness-meditation\\\/#primaryimage\",\"url\":\"https:\\\/\\\/insight.yoga\\\/wp-content\\\/uploads\\\/2021\\\/04\\\/Tata-Pani-2000-300x144.jpg\",\"contentUrl\":\"https:\\\/\\\/insight.yoga\\\/wp-content\\\/uploads\\\/2021\\\/04\\\/Tata-Pani-2000-300x144.jpg\"},{\"@type\":\"BreadcrumbList\",\"@id\":\"https:\\\/\\\/insight.yoga\\\/mindfulness-meditation\\\/#breadcrumb\",\"itemListElement\":[{\"@type\":\"ListItem\",\"position\":1,\"name\":\"Home\",\"item\":\"https:\\\/\\\/insight.yoga\\\/\"},{\"@type\":\"ListItem\",\"position\":2,\"name\":\"Mindfulness Meditation\"}]},{\"@type\":\"WebSite\",\"@id\":\"https:\\\/\\\/insight.yoga\\\/#website\",\"url\":\"https:\\\/\\\/insight.yoga\\\/\",\"name\":\"Insight.yoga\",\"description\":\"Meditate your body\",\"publisher\":{\"@id\":\"https:\\\/\\\/insight.yoga\\\/#organization\"},\"potentialAction\":[{\"@type\":\"SearchAction\",\"target\":{\"@type\":\"EntryPoint\",\"urlTemplate\":\"https:\\\/\\\/insight.yoga\\\/?s={search_term_string}\"},\"query-input\":{\"@type\":\"PropertyValueSpecification\",\"valueRequired\":true,\"valueName\":\"search_term_string\"}}],\"inLanguage\":\"de\"},{\"@type\":\"Organization\",\"@id\":\"https:\\\/\\\/insight.yoga\\\/#organization\",\"name\":\"Insight.yoga\",\"url\":\"https:\\\/\\\/insight.yoga\\\/\",\"logo\":{\"@type\":\"ImageObject\",\"inLanguage\":\"de\",\"@id\":\"https:\\\/\\\/insight.yoga\\\/#\\\/schema\\\/logo\\\/image\\\/\",\"url\":\"https:\\\/\\\/insight.yoga\\\/wp-content\\\/uploads\\\/2021\\\/04\\\/imageedit_46_8246596455.png\",\"contentUrl\":\"https:\\\/\\\/insight.yoga\\\/wp-content\\\/uploads\\\/2021\\\/04\\\/imageedit_46_8246596455.png\",\"width\":591,\"height\":422,\"caption\":\"Insight.yoga\"},\"image\":{\"@id\":\"https:\\\/\\\/insight.yoga\\\/#\\\/schema\\\/logo\\\/image\\\/\"}}]}<\/script>\n<!-- \/ Yoast SEO plugin. -->","yoast_head_json":{"title":"Mindfulness Meditation - Insight.yoga","robots":{"index":"index","follow":"follow","max-snippet":"max-snippet:-1","max-image-preview":"max-image-preview:large","max-video-preview":"max-video-preview:-1"},"canonical":"https:\/\/insight.yoga\/mindfulness-meditation\/","og_locale":"de_DE","og_type":"article","og_title":"Mindfulness Meditation - Insight.yoga","og_url":"https:\/\/insight.yoga\/mindfulness-meditation\/","og_site_name":"Insight.yoga","article_modified_time":"2026-04-24T13:22:14+00:00","og_image":[{"width":2560,"height":1230,"url":"https:\/\/insight.yoga\/wp-content\/uploads\/2021\/04\/Tata-Pani-2000-scaled.jpg","type":"image\/jpeg"}],"twitter_card":"summary_large_image","twitter_misc":{"Gesch\u00e4tzte Lesezeit":"3\u00a0Minuten"},"schema":{"@context":"https:\/\/schema.org","@graph":[{"@type":"WebPage","@id":"https:\/\/insight.yoga\/mindfulness-meditation\/","url":"https:\/\/insight.yoga\/mindfulness-meditation\/","name":"Mindfulness Meditation - Insight.yoga","isPartOf":{"@id":"https:\/\/insight.yoga\/#website"},"primaryImageOfPage":{"@id":"https:\/\/insight.yoga\/mindfulness-meditation\/#primaryimage"},"image":{"@id":"https:\/\/insight.yoga\/mindfulness-meditation\/#primaryimage"},"thumbnailUrl":"https:\/\/insight.yoga\/wp-content\/uploads\/2021\/04\/Tata-Pani-2000-300x144.jpg","datePublished":"2021-04-13T04:51:37+00:00","dateModified":"2026-04-24T13:22:14+00:00","breadcrumb":{"@id":"https:\/\/insight.yoga\/mindfulness-meditation\/#breadcrumb"},"inLanguage":"de","potentialAction":[{"@type":"ReadAction","target":["https:\/\/insight.yoga\/mindfulness-meditation\/"]}]},{"@type":"ImageObject","inLanguage":"de","@id":"https:\/\/insight.yoga\/mindfulness-meditation\/#primaryimage","url":"https:\/\/insight.yoga\/wp-content\/uploads\/2021\/04\/Tata-Pani-2000-300x144.jpg","contentUrl":"https:\/\/insight.yoga\/wp-content\/uploads\/2021\/04\/Tata-Pani-2000-300x144.jpg"},{"@type":"BreadcrumbList","@id":"https:\/\/insight.yoga\/mindfulness-meditation\/#breadcrumb","itemListElement":[{"@type":"ListItem","position":1,"name":"Home","item":"https:\/\/insight.yoga\/"},{"@type":"ListItem","position":2,"name":"Mindfulness Meditation"}]},{"@type":"WebSite","@id":"https:\/\/insight.yoga\/#website","url":"https:\/\/insight.yoga\/","name":"Insight.yoga","description":"Meditate your body","publisher":{"@id":"https:\/\/insight.yoga\/#organization"},"potentialAction":[{"@type":"SearchAction","target":{"@type":"EntryPoint","urlTemplate":"https:\/\/insight.yoga\/?s={search_term_string}"},"query-input":{"@type":"PropertyValueSpecification","valueRequired":true,"valueName":"search_term_string"}}],"inLanguage":"de"},{"@type":"Organization","@id":"https:\/\/insight.yoga\/#organization","name":"Insight.yoga","url":"https:\/\/insight.yoga\/","logo":{"@type":"ImageObject","inLanguage":"de","@id":"https:\/\/insight.yoga\/#\/schema\/logo\/image\/","url":"https:\/\/insight.yoga\/wp-content\/uploads\/2021\/04\/imageedit_46_8246596455.png","contentUrl":"https:\/\/insight.yoga\/wp-content\/uploads\/2021\/04\/imageedit_46_8246596455.png","width":591,"height":422,"caption":"Insight.yoga"},"image":{"@id":"https:\/\/insight.yoga\/#\/schema\/logo\/image\/"}}]}},"_links":{"self":[{"href":"https:\/\/insight.yoga\/de\/wp-json\/wp\/v2\/pages\/1245","targetHints":{"allow":["GET"]}}],"collection":[{"href":"https:\/\/insight.yoga\/de\/wp-json\/wp\/v2\/pages"}],"about":[{"href":"https:\/\/insight.yoga\/de\/wp-json\/wp\/v2\/types\/page"}],"author":[{"embeddable":true,"href":"https:\/\/insight.yoga\/de\/wp-json\/wp\/v2\/users\/1"}],"replies":[{"embeddable":true,"href":"https:\/\/insight.yoga\/de\/wp-json\/wp\/v2\/comments?post=1245"}],"version-history":[{"count":0,"href":"https:\/\/insight.yoga\/de\/wp-json\/wp\/v2\/pages\/1245\/revisions"}],"wp:attachment":[{"href":"https:\/\/insight.yoga\/de\/wp-json\/wp\/v2\/media?parent=1245"}],"curies":[{"name":"wp","href":"https:\/\/api.w.org\/{rel}","templated":true}]}}