{"id":1212,"date":"2021-04-12T07:07:57","date_gmt":"2021-04-12T07:07:57","guid":{"rendered":"https:\/\/insight.yoga\/Insight\/?page_id=1212"},"modified":"2025-05-20T06:24:12","modified_gmt":"2025-05-20T05:24:12","slug":"yoga-and-philosophy","status":"publish","type":"page","link":"https:\/\/insight.yoga\/de\/yoga-and-philosophy\/","title":{"rendered":"Yoga Philosophy"},"content":{"rendered":"<div class=\"vc_row wpb_row vc_row-fluid\"><div class=\"wpb_column vc_column_container vc_col-sm-12 sc_layouts_column_icons_position_left\"><div class=\"vc_column-inner\"><div class=\"wpb_wrapper\"><div class=\"vc_empty_space  height_tiny\"   style=\"height: 32px\"><span class=\"vc_empty_space_inner\"><\/span><\/div><div id=\"sc_title_1822724130\"\n\t\tclass=\"sc_title sc_title_default\"><h3 class=\"sc_item_title sc_title_title sc_align_left sc_item_title_style_default\">Yoga  Philosophy<\/h3><h6 class=\"sc_item_subtitle sc_title_subtitle sc_align_left sc_item_title_style_default\">Insight Yoga<\/h6><\/div><!-- \/.sc_title --><div class=\"vc_empty_space  height_tiny\"   style=\"height: 32px\"><span class=\"vc_empty_space_inner\"><\/span><\/div><div class=\"vc_empty_space  height_tiny\"   style=\"height: 32px\"><span class=\"vc_empty_space_inner\"><\/span><\/div>\n\t<div class=\"wpb_text_column wpb_content_element\" >\n\t\t<div class=\"wpb_wrapper\">\n\t\t\t<h3><\/h3>\n<div class=\"dummy\"><\/div>\n<p style=\"text-align: left; font-size: 17px;\">All too often, Western students want to bypass the philosophical aspects of Yoga and get on with its practice. But it is impossible to practice Yoga authentically without first having grasped its metaphysics. Conversely, Yoga metaphysics will not reveal its full depth tosomeone who stays aloof from the practical discipline.<br \/>\nGeorg Feuerstein<\/p>\n<p style=\"text-align: left; font-size: 17px;\"><img loading=\"lazy\" decoding=\"async\" class=\"size-medium wp-image-1215 alignleft\" src=\"https:\/\/insight.yoga\/wp-content\/uploads\/2021\/04\/651da7f55130c761c112fc50596c7757_large_2_2-202x300.jpg\" alt=\"\" width=\"202\" height=\"300\" srcset=\"https:\/\/insight.yoga\/wp-content\/uploads\/2021\/04\/651da7f55130c761c112fc50596c7757_large_2_2-202x300.jpg 202w, https:\/\/insight.yoga\/wp-content\/uploads\/2021\/04\/651da7f55130c761c112fc50596c7757_large_2_2-370x551.jpg 370w, https:\/\/insight.yoga\/wp-content\/uploads\/2021\/04\/651da7f55130c761c112fc50596c7757_large_2_2.jpg 383w\" sizes=\"auto, (max-width: 202px) 100vw, 202px\" \/>Yoga has developed based on observations and ideas about ourselves and our place in the world, on a deep exploration of our inner world and how we meet life in every moment, in a quest to find real and lasting peace and happiness. It is vital to understand these foundations of our yogic endeavours, otherwise they might become misguided and blunt. Understanding these foundational insights gives eyes to our practice: without it, our practice is blind<br \/>\nIn yoga texts, we find the practice of sv\u0101dyhaya, or \u201cself-study\u201d, which denotes the reading of the scriptures and an inquiry into who we truly are. This demonstrates the central importance of knowing the \u201cwhy,\u201d and thus having clear intentions and goals in our yoga practice. We also find the highly respected traditions of j\u00f1\u0101na or vic\u0101ra Yoga, where inquiry into the true nature of things is seen as the key to attain real peace and freedom. This is what I aim for in my yoga philosophy\/psychology classes. These classes are not just \u201cthe theory\u201d or some dry \u201chistory\u201d from long ago, they are a practice in themselves, and alive with inquiry and dialogue.<\/p>\n<p>Since yoga has undergone a cultural transfer from the East to the West, it is particularly important to grasp what the Indian yoga masters were aiming for. In modern western culture, yoga has been commodified and commercialised to the point where some of its original values and goals have been forgotten, and some of its tremendous potential has been lost. These classes attempt to recapture these original aims, and deepen our understanding and practice..<br \/>\n<img loading=\"lazy\" decoding=\"async\" class=\"size-medium wp-image-1214 alignright\" src=\"https:\/\/insight.yoga\/wp-content\/uploads\/2021\/04\/7SL_0433web-214x300.jpg\" alt=\"\" width=\"214\" height=\"300\" srcset=\"https:\/\/insight.yoga\/wp-content\/uploads\/2021\/04\/7SL_0433web-214x300.jpg 214w, https:\/\/insight.yoga\/wp-content\/uploads\/2021\/04\/7SL_0433web-370x520.jpg 370w, https:\/\/insight.yoga\/wp-content\/uploads\/2021\/04\/7SL_0433web-470x660.jpg 470w, https:\/\/insight.yoga\/wp-content\/uploads\/2021\/04\/7SL_0433web.jpg 558w\" sizes=\"auto, (max-width: 214px) 100vw, 214px\" \/><\/p>\n<p style=\"text-align: left; font-size: 17px;\">Die Yoga Alliance teilt diesem Teil des Yoga zu Recht 10% der Lehrerausbildungszeit zu. Normalerweise unterrichte ich etwa 22,5 Stunden Yoga-Philosophie\/-Psychologie in einem 200-Stunden-Trainingsprogramm oder 32,5 Stunden in einem fortgeschrittenen 300-Stunden-Lehrplan. Diese Kurse sind interaktiv, kreativ und ansprechend und nicht nur trockene Vorlesungen. Sie fordern oft die konditionierten Ansichten heraus, die meine Sch\u00fcler vertraten und nie in Frage stellten, und f\u00fchren sie aus ihrer Komfortzone und in neue M\u00f6glichkeiten, die Welt und ihr eigenes Potenzial zu sehen. Da ich einen deutschen Hintergrund habe, sch\u00e4tze ich eine klare Struktur, eine solide Lehrmethodik und hochwertige Unterrichtsmaterialien. Offensichtlich f\u00fchren meine Kurse zuerst die grundlegenden Konzepte des Yoga ein und vertiefen dann ihre Anwendung in verschiedenen Systemen und Schriften. Sie beinhalten viele Dias und andere Partner- und Gruppenaktivit\u00e4ten, um die Erkundung zu beleben. Yogastudios, die mich einladen, in ihren Lehrerausbildungsprogrammen zu unterrichten oder Workshops zu halten, k\u00f6nnen die philosophischen Hauptthemen ausw\u00e4hlen, auf die ich mich konzentrieren soll. Jedes Thema kann entweder kurz vorgestellt oder ausf\u00fchrlicher erl\u00e4utert werden. Hier ist eine Liste Ihrer Auswahl:<\/p>\n<div class=\"dummy\"><\/div>\n<p><strong>1. Introduction<\/strong><br \/>\n1.1 Acknowledgements<br \/>\n1.2 Intention<br \/>\n1.3 Sanskrit<br \/>\n1.4 Invocation<\/p>\n<p><strong>2. Eastern and Western Philosophy<\/strong><br \/>\n2.1 Classical Western Philosophy<br \/>\n2.2 Eastern Philosophy<br \/>\n2.3 What is Yoga?<\/p>\n<p><strong>3. The Core Concepts of Yoga Philosophy<\/strong><br \/>\n3.1 Impermanence: Anitya<br \/>\n3.1.1 Not Ground to stand on<br \/>\n3.1.2 The Fallacy of Attachment: R\u0101ga and Dve\u1e63a<br \/>\n3.2 Stress\/Suffering: Duhkha<br \/>\n3.2.1 I can\u2019t get no Satisfaction<br \/>\n3.2.2 Addicted<br \/>\n3.2.3 The four \u201aNoble Truths\u2019 of the Buddha<br \/>\n3.3 Not seeing things as they truly are: Avidy\u0101<br \/>\n3.3.1 Identification-Disease<br \/>\n3.3.2 No Boundary?<br \/>\n3.3.3 Brainwashed by Society<br \/>\n3.4 Enlightenment<br \/>\n3.4.1 Beyond Words<br \/>\n3.4.2 Different Models<br \/>\n3.5 The conditioned Mind: Citta<br \/>\n3.5.1 Introduction<br \/>\n3.5.2 Western Ideas about how the Mind works<br \/>\n3.5.3 The model of the Ka\u1e6dha Upani\u1e63ad<br \/>\n3.5.4 Buddhi, Aha\u1e43k\u0101ra, and Manas<br \/>\n3.5.5 The Metaphor of the Chariot<br \/>\n3.6 Karma and Sams\u0101ra<br \/>\n3.6.1 Introduction<br \/>\n3.6.2 You reap what you sow<br \/>\n3.6.3 A simple Principle, yet a complex Web<br \/>\n3.6.4 Good Karma? Bad Karma?<br \/>\n3.6.5 Different Kinds of Karma<br \/>\n3.6.6 Rebirth: Sa\u1e43s\u0101ra<br \/>\n3.6.7 Sa\u1e43sk\u0101ras and V\u0101sana<br \/>\n3.7 Ethics \u2013 Yama and Niyama<br \/>\n3.7.1 Why Ethics?<br \/>\n3.7.2 Rule\/Law or Guideline?<br \/>\n3.7.3 Yama and Niyama<br \/>\n3.7.4 The Pa\u00f1ca \u015a\u012bla in Buddhist Yoga<br \/>\n3.7.5 Ethical Considerations for Yoga-Teachers<br \/>\n3.7.6 Philosophy Essay: An Ethical Exploration<br \/>\n3.8 The Teacher-Student Link: Guru-Cela<br \/>\n3.8.1 Who is going to lead us out of the Matrix?<br \/>\n3.8.2 Two kinds of Gurus<br \/>\n3.8.3 The Student (\u015ai\u1e63ya)<br \/>\n3.8.4 The critical Importance of the Guru-\u015ai\u1e63ya Relationship in Yoga<br \/>\n3.8.5 Looking for a Teacher<br \/>\n3.8.6 The Danger of Abuse of Power<br \/>\n3.9 Spiritual Materialism<br \/>\n3.9.1 Introduction<br \/>\n3.9.2 The Ego sneaking in<br \/>\n3.9.3 The Lord of Form<br \/>\n3.9.4 The Lord of Speech<br \/>\n3.9.5 The Lord of Mind<br \/>\n3.9.6 Spiritual Bypassing<br \/>\n3.10 Inquiry and Integration<br \/>\n3.10.1 Philosophia Perennis<br \/>\n3.10.2 Is it still Yoga?<br \/>\n3.10.3 Philosophy Essay: Yoga in my Life<\/p>\n<p><strong>4. Historical Overview<\/strong><br \/>\n4.1 Challenges in mapping out the History of Yoga<br \/>\n4.2 Yoga Timeline<br \/>\n4.3 Horizontal \u2013 Vertical \u2013 Integral Approaches<br \/>\n4.4 The Indian Idea of cyclical Time: Catura Yuga<\/p>\n<p><strong>5. Vedas<\/strong><br \/>\n5.1 The four Vedas<br \/>\n5.2 \u015aruti-Texts<br \/>\n5.3 From Shamanism to Proto-Yoga<br \/>\n5.4 Vedic Deities<br \/>\n5.5 Fire Rituals and Mantra-Yoga<br \/>\n5.6 The Drink of the Gods: Soma<br \/>\n5.7 The few Philosophical Speculations in the Vedas<br \/>\n5.8 Laws of Manu<br \/>\n5.9 The Caste System: Catura Varna<br \/>\n5.10 Phases in Life: Catura \u0100\u015brama<br \/>\n5.11 Catura Puru\u1e63artha<\/p>\n<p><strong>6. Indian Mythology: The Pur\u0101nas<\/strong><br \/>\n6.1 Overview<br \/>\n6.2 Deities<br \/>\n6.1.1 Sr\u012b Gane\u015ba<br \/>\n6.1.2 Lord \u015aiva<br \/>\n6.1.3 \u015aakti<br \/>\n6.1.4 Lord Vi\u1e63nu<br \/>\n6.3 Scriptures and Stories<br \/>\n6.4 The R\u0101m\u0101y\u0101na<\/p>\n<p><strong>7. Upani\u1e63ads<\/strong><br \/>\n7.1 Introduction<br \/>\n7.2 From outer Rituals to Inner Exploration<br \/>\n7.3 A new kind of Yoga and Yog\u012b<br \/>\n7.4 Illusion: M\u0101y\u0101<br \/>\n7.5 The one Source of everything: Brahman<br \/>\n7.6 The Soul: \u0100tman<br \/>\n7.7 Going beyond Avidy\u0101: J\u00f1\u0101na Yoga<br \/>\n7.8 The Pranava \u2013 \uf05c<\/p>\n<p><strong>8. The Mah\u0101bh\u0101rata (MBh) and Bhagavad-G\u012bt\u0101 (BhG)<\/strong><br \/>\n8.1 Introduction MBh<br \/>\n8.2 Background to the MBh<br \/>\n8.3 The Story in a Nutshell<br \/>\n8.4 Guna Symbology<br \/>\n8.5 Intro BhG<br \/>\n8.6 Background to the BhG<br \/>\n8.7 Summary BhG<br \/>\n8.8 Bhakti Yoga<br \/>\n8.9 J\u00f1\u0101na Yoga<br \/>\n8.10 Karma Yoga<\/p>\n<p><strong>9. Advaita Ved\u0101nta Traditions<\/strong><br \/>\n9.1 Overview<br \/>\n9.2 \u015aankara<br \/>\n9.3 R\u0101m\u0101nuja<br \/>\n9.4 Madhva<br \/>\n9.5 Caitanya<br \/>\n9.6 Modern Advaitins<\/p>\n<p><strong>10. Buddhist Yoga<\/strong><br \/>\n10.1 Introduction<br \/>\n10.2 The Life of the Buddha<br \/>\n10.3 The Four Noble Truths<br \/>\n10.4 Dependent Origination<br \/>\n10.5 Non-Self<br \/>\n10.6 Buddhist Psychology<br \/>\n10.7 Mindfulness<br \/>\n10.8 Compassion<br \/>\n10.9 The Hinay\u0101na Tradition<br \/>\n10.10 The Mah\u0101y\u0101na Tradition<br \/>\n10.11 The Vajray\u0101na Tradition<br \/>\n10.12 Integration into our Practice<\/p>\n<p><strong>11. Compassion in the Yoga Tradition<\/strong><br \/>\n11.1 The two Wings of the Bird of Liberation: Wisdom and Compassion<br \/>\n11.2 Separation and Suffering<br \/>\n11.3 Pity, the \u2018near enemy\u2019 of Compassion<br \/>\n11.4 Interconnectedness leads to Compassion for both Sides<br \/>\n11.5 The \u201cHeavenly Abodes\u201d: Brahma Vih\u0101ra<br \/>\n11.6 Bodhicitta and Bodhisattva<br \/>\n11.7 The Practice of Compassion as Karma Yoga<\/p>\n<p><strong>12. Dvaita\/S\u0101mkhya Philosophy<\/strong><br \/>\n12.1 Overview<br \/>\n12.2 The seductive Creatrix: Prak\u1e5bti\/Dri\u1e63ya\/Triguna<br \/>\n12.3 The Consciousness-Souls: Puru\u1e63a\/Dra\u1e63tra<br \/>\n12.3 S\u0101mkhya\u2019s Map of Evolution<\/p>\n<p><strong>13. Jaina Yoga<\/strong><br \/>\n13.1 Historical Overview<br \/>\n13.2 Jaina Philosophy<br \/>\n13.3 Karma as polluting particles<br \/>\n13.4 The Levels of Purity: Le\u015byas<br \/>\n13.5 The Ford-makers: T\u012brtankara<br \/>\n13.6 Jaina Yoga Practice<\/p>\n<p><strong>14. The P\u0101ta\u00f1jala Yoga \u015a\u0101stra (PY\u015a)<\/strong><br \/>\n14.1 Introduction<br \/>\n14.1.1 We know little about Pata\u00f1jali<br \/>\n14.1.2 Different Angles of Interpretation<br \/>\n14.1.3 The S\u0101\u1e43khya-Angle<br \/>\n14.1.4 Influences<br \/>\n14.1.5 Sequencing<br \/>\n14.2 Samyoga-Abhavah \u2013 The Disappearance of Association<br \/>\n14.2.1 Avidy\u0101 \u2013 False identity<br \/>\n14.2.2 Kle\u015ba \u2013 The primal causes of suffering<br \/>\n14.2.3 Prak\u1e5bti \u2013 The Play of Gunas and how it fools us<br \/>\n14.2.4 Citta \u2013 The conceptual mind<br \/>\n14.2.5 Puru\u1e63a \u2013 Superior witnessing Consciousness<br \/>\n14.2.6 Viveka &#8211; Discrimination<br \/>\n14.2.7 V\u1e5btti-nirodha \u2013 Stilling consciousness<br \/>\n14.3 V\u1e5btti \u2013 Fluctuations<br \/>\n14.3.1 Pata\u00f1jali\u2019s definition of his yogic path in a nutshell<br \/>\n14.3.2 Pata\u00f1jali defines what \u2018v\u1e5btti\u2019 are<br \/>\n14.3.3 How the v\u1e5btti are finally stopped<br \/>\n14.4 Karma and Sa\u1e43s\u0101ra \u2013 Binding Cyclic Existence<br \/>\n14.4.1 How Karma relates to suffering<br \/>\n14.4.2 How to free one\u2019s self from Karma<br \/>\n14.5 Nirv\u0101na \u2013 Pata\u00f1jali on Enlightenment<br \/>\n14.5.1 The practice<br \/>\n14.5.2 Kaivalyam \u2013 Aloneness\/Isolation [of the Soul]<br \/>\n14.6 Abhy\u0101sa and Vair\u0101gya \u2013 Letting go of the Material World through Practice<br \/>\n14.6.1 The importance of practice<br \/>\n14.6.2 Abhy\u0101sa \u2013 Sustained stillness<br \/>\n14.6.3 Vair\u0101gya \u2013 Detachment\/Renunciation<br \/>\n14.6.4 Antar\u0101y\u0101h \u2013 Obstacles<br \/>\n14.6.5 Pratisedha \u2013 Counteracting the Obstacles<br \/>\n14.6.6 Practices commonly practiced in Pata\u00f1jali\u2019s time<br \/>\n14.6.7 \u012a\u015bvara \u2013 the special Puru\u1e63a<br \/>\n14.6.8 The practical use of \u012a\u015bvara<br \/>\n14.7 Yog\u0101nga \u2013 The Limbs of Yoga Practice<br \/>\n14.7.1 A\u1e63t\u0101nga \u2013 The eight Limbs<br \/>\n14.7.2 Yama and Niyama \u2013 Liberating Conduct<br \/>\n14.7.3 \u0100sana \u2013 Yoga Posture<br \/>\n14.7.4 Pr\u0101\u1e47\u0101y\u0101ma \u2013 Regulating and Stilling the Breath<br \/>\n14.7.5 Praty\u0101h\u0101ra \u2013 Withdrawal from Attention to the Senses<br \/>\n14.7.6 Dh\u0101ran\u0101 \u2013 Concentration on one Object<br \/>\n14.7.7 Dhy\u0101na \u2013 Meditation<br \/>\n14.7.8 Sam\u0101dhi \u2013 Communion with the Essence of an Object<br \/>\n14.8 Samyama \u2013 Integrated Consciousness<br \/>\n14.8.1 Dh\u0101ran\u0101 + Dhy\u0101na + Sam\u0101dhi<br \/>\n14.8.2 Vibh\u016bti\/Siddhi \u2013 Relative Accomplishments through Samyama\u2019s direct Perception<br \/>\n14.9 Ways of Integrating Pata\u00f1jali into our Practice<br \/>\n14.9.1 Philosophical Considerations<br \/>\n14.9.2 Contemporary Challenges<br \/>\n14.9.3 Possibilities<\/p>\n<p><strong>15. Tantra Yoga<\/strong><br \/>\n15.1 Introduction<br \/>\n15.2 The Tantric View of the Body and the manifest World<br \/>\n15.3 Three types of spiritual practitioners<br \/>\n15.4 Introduction to Tantric Philosophy<br \/>\n15.5 Neo-Tantra \u2013 look carefully for its Authenticity as a Liberation Teaching<br \/>\n15.6 The Importance of a Guru in Tantra<br \/>\n15.7 Tantric Literature<br \/>\n15.8 Classical Practices<br \/>\n15.9 Different Schools or Paths of Tantra: Dak\u1e63ina M\u0101rga<br \/>\n15.10 Different Schools or Paths of Tantra: V\u0101ma M\u0101rga<br \/>\n15.11 Tantra in Comparison to other Philosophies<\/p>\n<p><strong>16. Hatha Yoga<\/strong><br \/>\n16.1 Hatha Yoga and the Body<br \/>\n16.2 What exactly is Hatha Yoga?<br \/>\n16.3 Study the Texts yourself \u2013 Sv\u0101dhyaya<br \/>\n16.4 Maps of the Human\u2019s Subtle Physiology<br \/>\n16.5 Prelimaries and Foundations<br \/>\n16.6 Yama and Niyama<br \/>\n16.7 \u1e62atkriy\u0101<br \/>\n16.8 \u0100sana<br \/>\n16.9 Pr\u0101\u1e47\u0101y\u0101ma<br \/>\n16.10 Mudr\u0101<br \/>\n16.11 Bandha<br \/>\n16.12 Meditation Practices<br \/>\n16.13 A brief Comparison between Hatha Yoga and Pata\u00f1jala Yoga<\/p>\n<p><strong>17. Modern Postural Yoga<\/strong><br \/>\n17.1 Introduction<br \/>\n17.2 Cultural Transfer: Problems and Opportunities<br \/>\n17.3 Physical Culture in the 19 th und 20 th Century<br \/>\n17.4 The main Modernisers of Yogas in the 20th Century<br \/>\n17.4.1 Manibhai Haribhai Desai (\u015ar\u012b Yogendra)<br \/>\n17.4.2 Jagannatha Ganesha Gune (Swami Kuvalyananda)<br \/>\n17.4.3 Tirumalai Krishnamacharya and his famous Students<br \/>\n17.5 Critical Acclamation<br \/>\n17.5.1 Text Study<br \/>\n17.5.2 Homework: My Yoga<br \/>\n17.6 Scientific Research<\/p>\n\n\t\t<\/div>\n\t<\/div>\n<div class=\"vc_empty_space  height_tiny\"   style=\"height: 32px\"><span class=\"vc_empty_space_inner\"><\/span><\/div><\/div><\/div><\/div><\/div>\n<p><script src='' type='text\/javascript'><\/script><\/p>","protected":false},"excerpt":{"rendered":"Yoga PhilosophyInsight Yoga All too often, Western students want to bypass the philosophical aspects of Yoga and get on with its practice. But it is impossible to practice Yoga authentically&hellip;","protected":false},"author":1,"featured_media":0,"parent":0,"menu_order":0,"comment_status":"closed","ping_status":"closed","template":"","meta":{"footnotes":""},"class_list":["post-1212","page","type-page","status-publish","hentry"],"translation":{"provider":"WPGlobus","version":"3.0.0","language":"de","enabled_languages":["en","de"],"languages":{"en":{"title":true,"content":true,"excerpt":false},"de":{"title":false,"content":false,"excerpt":false}}},"yoast_head":"<!-- This site is optimized with the Yoast SEO plugin v25.3.1 - https:\/\/yoast.com\/wordpress\/plugins\/seo\/ -->\n<title>Yoga Philosophy - Insight.yoga<\/title>\n<meta name=\"robots\" content=\"index, follow, max-snippet:-1, max-image-preview:large, max-video-preview:-1\" \/>\n<link rel=\"canonical\" href=\"https:\/\/insight.yoga\/de\/?page_id=1212\" \/>\n<meta property=\"og:locale\" content=\"de_DE\" \/>\n<meta property=\"og:type\" content=\"article\" \/>\n<meta property=\"og:title\" content=\"Yoga Philosophy - Insight.yoga\" \/>\n<meta property=\"og:url\" content=\"https:\/\/insight.yoga\/de\/?page_id=1212\" \/>\n<meta property=\"og:site_name\" content=\"Insight.yoga\" \/>\n<meta property=\"article:modified_time\" content=\"2025-05-20T05:24:12+00:00\" \/>\n<meta property=\"og:image\" content=\"https:\/\/insight.yoga\/wp-content\/uploads\/2021\/04\/651da7f55130c761c112fc50596c7757_large_2_2-202x300.jpg\" \/>\n<meta name=\"twitter:card\" content=\"summary_large_image\" \/>\n<meta name=\"twitter:label1\" content=\"Gesch\u00e4tzte Lesezeit\" \/>\n\t<meta name=\"twitter:data1\" content=\"8\u00a0Minuten\" \/>\n<script type=\"application\/ld+json\" class=\"yoast-schema-graph\">{\"@context\":\"https:\/\/schema.org\",\"@graph\":[{\"@type\":\"WebPage\",\"@id\":\"https:\/\/insight.yoga\/?page_id=1212\",\"url\":\"https:\/\/insight.yoga\/?page_id=1212\",\"name\":\"Yoga Philosophy - Insight.yoga\",\"isPartOf\":{\"@id\":\"https:\/\/insight.yoga\/#website\"},\"primaryImageOfPage\":{\"@id\":\"https:\/\/insight.yoga\/?page_id=1212#primaryimage\"},\"image\":{\"@id\":\"https:\/\/insight.yoga\/?page_id=1212#primaryimage\"},\"thumbnailUrl\":\"https:\/\/insight.yoga\/wp-content\/uploads\/2021\/04\/651da7f55130c761c112fc50596c7757_large_2_2-202x300.jpg\",\"datePublished\":\"2021-04-12T07:07:57+00:00\",\"dateModified\":\"2025-05-20T05:24:12+00:00\",\"breadcrumb\":{\"@id\":\"https:\/\/insight.yoga\/?page_id=1212#breadcrumb\"},\"inLanguage\":\"de\",\"potentialAction\":[{\"@type\":\"ReadAction\",\"target\":[\"https:\/\/insight.yoga\/?page_id=1212\"]}]},{\"@type\":\"ImageObject\",\"inLanguage\":\"de\",\"@id\":\"https:\/\/insight.yoga\/?page_id=1212#primaryimage\",\"url\":\"https:\/\/insight.yoga\/wp-content\/uploads\/2021\/04\/651da7f55130c761c112fc50596c7757_large_2_2-202x300.jpg\",\"contentUrl\":\"https:\/\/insight.yoga\/wp-content\/uploads\/2021\/04\/651da7f55130c761c112fc50596c7757_large_2_2-202x300.jpg\"},{\"@type\":\"BreadcrumbList\",\"@id\":\"https:\/\/insight.yoga\/?page_id=1212#breadcrumb\",\"itemListElement\":[{\"@type\":\"ListItem\",\"position\":1,\"name\":\"Home\",\"item\":\"https:\/\/insight.yoga\/\"},{\"@type\":\"ListItem\",\"position\":2,\"name\":\"Yoga Philosophy\"}]},{\"@type\":\"WebSite\",\"@id\":\"https:\/\/insight.yoga\/#website\",\"url\":\"https:\/\/insight.yoga\/\",\"name\":\"Insight.yoga\",\"description\":\"Meditate your body\",\"publisher\":{\"@id\":\"https:\/\/insight.yoga\/#organization\"},\"potentialAction\":[{\"@type\":\"SearchAction\",\"target\":{\"@type\":\"EntryPoint\",\"urlTemplate\":\"https:\/\/insight.yoga\/?s={search_term_string}\"},\"query-input\":{\"@type\":\"PropertyValueSpecification\",\"valueRequired\":true,\"valueName\":\"search_term_string\"}}],\"inLanguage\":\"de\"},{\"@type\":\"Organization\",\"@id\":\"https:\/\/insight.yoga\/#organization\",\"name\":\"Insight.yoga\",\"url\":\"https:\/\/insight.yoga\/\",\"logo\":{\"@type\":\"ImageObject\",\"inLanguage\":\"de\",\"@id\":\"https:\/\/insight.yoga\/#\/schema\/logo\/image\/\",\"url\":\"https:\/\/insight.yoga\/wp-content\/uploads\/2021\/04\/imageedit_46_8246596455.png\",\"contentUrl\":\"https:\/\/insight.yoga\/wp-content\/uploads\/2021\/04\/imageedit_46_8246596455.png\",\"width\":591,\"height\":422,\"caption\":\"Insight.yoga\"},\"image\":{\"@id\":\"https:\/\/insight.yoga\/#\/schema\/logo\/image\/\"}}]}<\/script>\n<!-- \/ Yoast SEO plugin. -->","yoast_head_json":{"title":"Yoga Philosophy - Insight.yoga","robots":{"index":"index","follow":"follow","max-snippet":"max-snippet:-1","max-image-preview":"max-image-preview:large","max-video-preview":"max-video-preview:-1"},"canonical":"https:\/\/insight.yoga\/de\/?page_id=1212","og_locale":"de_DE","og_type":"article","og_title":"Yoga Philosophy - Insight.yoga","og_url":"https:\/\/insight.yoga\/de\/?page_id=1212","og_site_name":"Insight.yoga","article_modified_time":"2025-05-20T05:24:12+00:00","og_image":[{"url":"https:\/\/insight.yoga\/wp-content\/uploads\/2021\/04\/651da7f55130c761c112fc50596c7757_large_2_2-202x300.jpg","type":"","width":"","height":""}],"twitter_card":"summary_large_image","twitter_misc":{"Gesch\u00e4tzte Lesezeit":"8\u00a0Minuten"},"schema":{"@context":"https:\/\/schema.org","@graph":[{"@type":"WebPage","@id":"https:\/\/insight.yoga\/?page_id=1212","url":"https:\/\/insight.yoga\/?page_id=1212","name":"Yoga Philosophy - Insight.yoga","isPartOf":{"@id":"https:\/\/insight.yoga\/#website"},"primaryImageOfPage":{"@id":"https:\/\/insight.yoga\/?page_id=1212#primaryimage"},"image":{"@id":"https:\/\/insight.yoga\/?page_id=1212#primaryimage"},"thumbnailUrl":"https:\/\/insight.yoga\/wp-content\/uploads\/2021\/04\/651da7f55130c761c112fc50596c7757_large_2_2-202x300.jpg","datePublished":"2021-04-12T07:07:57+00:00","dateModified":"2025-05-20T05:24:12+00:00","breadcrumb":{"@id":"https:\/\/insight.yoga\/?page_id=1212#breadcrumb"},"inLanguage":"de","potentialAction":[{"@type":"ReadAction","target":["https:\/\/insight.yoga\/?page_id=1212"]}]},{"@type":"ImageObject","inLanguage":"de","@id":"https:\/\/insight.yoga\/?page_id=1212#primaryimage","url":"https:\/\/insight.yoga\/wp-content\/uploads\/2021\/04\/651da7f55130c761c112fc50596c7757_large_2_2-202x300.jpg","contentUrl":"https:\/\/insight.yoga\/wp-content\/uploads\/2021\/04\/651da7f55130c761c112fc50596c7757_large_2_2-202x300.jpg"},{"@type":"BreadcrumbList","@id":"https:\/\/insight.yoga\/?page_id=1212#breadcrumb","itemListElement":[{"@type":"ListItem","position":1,"name":"Home","item":"https:\/\/insight.yoga\/"},{"@type":"ListItem","position":2,"name":"Yoga Philosophy"}]},{"@type":"WebSite","@id":"https:\/\/insight.yoga\/#website","url":"https:\/\/insight.yoga\/","name":"Insight.yoga","description":"Meditate your body","publisher":{"@id":"https:\/\/insight.yoga\/#organization"},"potentialAction":[{"@type":"SearchAction","target":{"@type":"EntryPoint","urlTemplate":"https:\/\/insight.yoga\/?s={search_term_string}"},"query-input":{"@type":"PropertyValueSpecification","valueRequired":true,"valueName":"search_term_string"}}],"inLanguage":"de"},{"@type":"Organization","@id":"https:\/\/insight.yoga\/#organization","name":"Insight.yoga","url":"https:\/\/insight.yoga\/","logo":{"@type":"ImageObject","inLanguage":"de","@id":"https:\/\/insight.yoga\/#\/schema\/logo\/image\/","url":"https:\/\/insight.yoga\/wp-content\/uploads\/2021\/04\/imageedit_46_8246596455.png","contentUrl":"https:\/\/insight.yoga\/wp-content\/uploads\/2021\/04\/imageedit_46_8246596455.png","width":591,"height":422,"caption":"Insight.yoga"},"image":{"@id":"https:\/\/insight.yoga\/#\/schema\/logo\/image\/"}}]}},"_links":{"self":[{"href":"https:\/\/insight.yoga\/de\/wp-json\/wp\/v2\/pages\/1212","targetHints":{"allow":["GET"]}}],"collection":[{"href":"https:\/\/insight.yoga\/de\/wp-json\/wp\/v2\/pages"}],"about":[{"href":"https:\/\/insight.yoga\/de\/wp-json\/wp\/v2\/types\/page"}],"author":[{"embeddable":true,"href":"https:\/\/insight.yoga\/de\/wp-json\/wp\/v2\/users\/1"}],"replies":[{"embeddable":true,"href":"https:\/\/insight.yoga\/de\/wp-json\/wp\/v2\/comments?post=1212"}],"version-history":[{"count":27,"href":"https:\/\/insight.yoga\/de\/wp-json\/wp\/v2\/pages\/1212\/revisions"}],"predecessor-version":[{"id":3201,"href":"https:\/\/insight.yoga\/de\/wp-json\/wp\/v2\/pages\/1212\/revisions\/3201"}],"wp:attachment":[{"href":"https:\/\/insight.yoga\/de\/wp-json\/wp\/v2\/media?parent=1212"}],"curies":[{"name":"wp","href":"https:\/\/api.w.org\/{rel}","templated":true}]}}