{"id":1196,"date":"2021-04-12T06:23:05","date_gmt":"2021-04-12T06:23:05","guid":{"rendered":"https:\/\/insight.yoga\/Insight\/?page_id=1196"},"modified":"2025-05-20T06:24:32","modified_gmt":"2025-05-20T05:24:32","slug":"my-mission","status":"publish","type":"page","link":"https:\/\/insight.yoga\/de\/my-mission\/","title":{"rendered":"Vision &amp; Mission"},"content":{"rendered":"<div class=\"vc_row wpb_row vc_row-fluid\"><div class=\"wpb_column vc_column_container vc_col-sm-12 sc_layouts_column_icons_position_left\"><div class=\"vc_column-inner\"><div class=\"wpb_wrapper\"><div id=\"sc_title_267212494\"\n\t\tclass=\"sc_title sc_title_default\"><h3 class=\"sc_item_title sc_title_title sc_align_left sc_item_title_style_default\">Vision & Mission<\/h3><h6 class=\"sc_item_subtitle sc_title_subtitle sc_align_left sc_item_title_style_default\">Insight Yoga<\/h6><\/div><!-- \/.sc_title --><div class=\"vc_empty_space  height_tiny\"   style=\"height: 32px\"><span class=\"vc_empty_space_inner\"><\/span><\/div><div class=\"vc_empty_space  height_tiny\"   style=\"height: 32px\"><span class=\"vc_empty_space_inner\"><\/span><\/div><div class=\"vc_empty_space  height_tiny\"   style=\"height: 32px\"><span class=\"vc_empty_space_inner\"><\/span><\/div><div class=\"vc_empty_space  height_tiny\"   style=\"height: 32px\"><span class=\"vc_empty_space_inner\"><\/span><\/div><div class=\"vc_empty_space  height_tiny\"   style=\"height: 32px\"><span class=\"vc_empty_space_inner\"><\/span><\/div>\n\t<div class=\"wpb_text_column wpb_content_element\" >\n\t\t<div class=\"wpb_wrapper\">\n\t\t\t<h6 style=\"text-align: left; font-size: 17px; color: #0e0d12;\">M\u00f6ge ich immer wieder geboren werden,<br \/>\nUnd erleide Tausende von Elend,<br \/>\nDamit ich den einzigen Gott anbeten kann, der existiert<br \/>\nDer einzige Gott, an den ich glaube, die Summe aller Seelen \u2013<br \/>\nUnd vor allem mein Gott der B\u00f6se, mein Gott der Elende,<br \/>\nMein Gott, der Arme aller Rassen, aller Arten,<br \/>\nIst das besondere Objekt meiner Anbetung.<br \/>\n<em style=\"font-size: 16px; color: #00c4ff;\">Swami Vivekananda<\/em><\/h6>\n<p>&nbsp;<\/p>\n\n\t\t<\/div>\n\t<\/div>\n\n\t<div class=\"wpb_text_column wpb_content_element\" >\n\t\t<div class=\"wpb_wrapper\">\n\t\t\t<h6 style=\"text-align: left;\"><\/h6>\n<p style=\"text-align: left; font-size: 17px;\">Ich habe den Namen Insight Yoga gew\u00e4hlt, um hervorzuheben, was in meinem Verst\u00e4ndnis das Befreiende ist<br \/>\nEssenz aller Yoga-Traditionen: Einsicht in unsere wahre Natur zu gewinnen. Die Yoga-Traditionen sind<br \/>\nklar, dass Einsicht unweigerlich zu Mitgef\u00fchl f\u00fchrt, denn was offenbart wird, ist die<br \/>\nVerbundenheit aller Wesen.<\/p>\n<p style=\"text-align: left; font-size: 17px;\">Die Einsicht, die durch eine forschende Praxis entstehen kann, ist einer der Kernpunkte<br \/>\nbefreiende Eigenschaften in vielen Yoga-Traditionen. Daher hebt Insight Yoga dies hervor<br \/>\ninvestigativer Ansatz in seinen Klassen und verwandelt sie in interaktive Erkundungen, egal ob in<br \/>\nYogsana, Pr\u0101y\u0101ma, Meditation oder Yoga-Philosophie.<\/p>\n<p style=\"text-align: left; font-size: 17px;\">Im weiteren Sinne zielt meine Lehre auch auf einen tieferen Einblick in unsere Yogapraxis und<br \/>\nwie wir diese Praxis in unser Leben integrieren. Es ist sehr einfach, in eine Komfortzone zu kommen und<br \/>\nvon alten Gewohnheitsmustern beherrscht werden, die Frische und Bereitschaft zur st\u00e4ndigen Herausforderung verlieren<br \/>\nman selbst. Diese st\u00e4ndige aufrichtige und furchtlose Neubewertung liegt einem authentischen Yoga zugrunde<br \/>\nExistenz.<\/p>\n<p style=\"text-align: left; font-size: 17px;\">Viele verschiedene Kr\u00e4fte und Einfl\u00fcsse haben das zeitgen\u00f6ssische Yoga beeinflusst, und w\u00e4hrend es ist<br \/>\nUm Yoga in unsere moderne Welt zu integrieren, besteht die Gefahr, den<br \/>\nEssenz dieser alten Befreiungslehre w\u00e4hrend dieses Prozesses.<\/p>\n<p style=\"text-align: left; font-size: 17px;\">Es ist wichtig, unsere gegenw\u00e4rtigen Definitionen und unsere Beziehung zu unserem Spirituellen zu untersuchen<br \/>\ntrainieren. Drei Dinge, die uns helfen k\u00f6nnen, diese Authentizit\u00e4t und Klarheit zu bewahren, sind:<br \/>\n1. Ein besseres Verst\u00e4ndnis der Geschichte und Philosophie der Yoga-Traditionen<br \/>\n2. Aufrichtige Selbsterforschung<br \/>\n3. Informierte und achtsame Praxis<\/p>\n<p style=\"text-align: left; font-size: 17px;\">Meiner Meinung nach sind all dies ein wesentlicher Bestandteil der Yogapraxis und kein separater Intellektueller<br \/>\nProzess. Tats\u00e4chlich besteht die Gefahr, zwei zentrale Bestandteile des Yoga zu vergessen: eine klare Absicht und ein klares Verst\u00e4ndnis, ohne die unsere Praxis nicht die Kraft zum Erwachen hat eine Routine' zu a<br \/>\nversierte, aufschlussreiche und daher wahrhaft transformierende Disziplin.<\/p>\n<p style=\"text-align: left; font-size: 17px;\">Das Ziel von Insight Yoga ist es, Achtsamkeit zu erm\u00f6glichen und zu dieser ehrlichen Erkundung der eigenen Yogapraxis und des Yogalebens zu ermutigen, sowohl intellektuell als auch praktisch \u2013 und so die Herzen eines jeden zu \u00f6ffnen.<\/p>\n\n\t\t<\/div>\n\t<\/div>\n<\/div><\/div><\/div><\/div><div class=\"vc_row wpb_row vc_row-fluid\"><div class=\"wpb_column vc_column_container vc_col-sm-12 sc_layouts_column_icons_position_left\"><div class=\"vc_column-inner\"><div class=\"wpb_wrapper\"><\/div><\/div><\/div><\/div><script src='' type='text\/javascript'><\/script><\/p>","protected":false},"excerpt":{"rendered":"Vision & MissionInsight Yoga May I be born again and again, And suffer thousands of miseries, So that I may worship the only God that exists, The only God I&hellip;","protected":false},"author":1,"featured_media":0,"parent":0,"menu_order":0,"comment_status":"closed","ping_status":"closed","template":"","meta":{"footnotes":""},"class_list":["post-1196","page","type-page","status-publish","hentry"],"translation":{"provider":"WPGlobus","version":"3.0.0","language":"de","enabled_languages":["en","de"],"languages":{"en":{"title":true,"content":true,"excerpt":false},"de":{"title":false,"content":false,"excerpt":false}}},"yoast_head":"<!-- This site is optimized with the Yoast SEO plugin v25.3.1 - https:\/\/yoast.com\/wordpress\/plugins\/seo\/ -->\n<title>Vision &amp; Mission - Insight.yoga<\/title>\n<meta name=\"robots\" content=\"index, follow, max-snippet:-1, max-image-preview:large, max-video-preview:-1\" \/>\n<link rel=\"canonical\" href=\"https:\/\/insight.yoga\/de\/?page_id=1196\" \/>\n<meta property=\"og:locale\" content=\"de_DE\" \/>\n<meta property=\"og:type\" content=\"article\" \/>\n<meta property=\"og:title\" content=\"Vision &amp; Mission - Insight.yoga\" \/>\n<meta property=\"og:url\" content=\"https:\/\/insight.yoga\/de\/?page_id=1196\" \/>\n<meta property=\"og:site_name\" content=\"Insight.yoga\" \/>\n<meta property=\"article:modified_time\" content=\"2025-05-20T05:24:32+00:00\" \/>\n<meta name=\"twitter:card\" content=\"summary_large_image\" \/>\n<meta name=\"twitter:label1\" content=\"Gesch\u00e4tzte Lesezeit\" \/>\n\t<meta name=\"twitter:data1\" content=\"2\u00a0Minuten\" \/>\n<script type=\"application\/ld+json\" class=\"yoast-schema-graph\">{\"@context\":\"https:\/\/schema.org\",\"@graph\":[{\"@type\":\"WebPage\",\"@id\":\"https:\/\/insight.yoga\/?page_id=1196\",\"url\":\"https:\/\/insight.yoga\/?page_id=1196\",\"name\":\"Vision & Mission - Insight.yoga\",\"isPartOf\":{\"@id\":\"https:\/\/insight.yoga\/#website\"},\"datePublished\":\"2021-04-12T06:23:05+00:00\",\"dateModified\":\"2025-05-20T05:24:32+00:00\",\"breadcrumb\":{\"@id\":\"https:\/\/insight.yoga\/?page_id=1196#breadcrumb\"},\"inLanguage\":\"de\",\"potentialAction\":[{\"@type\":\"ReadAction\",\"target\":[\"https:\/\/insight.yoga\/?page_id=1196\"]}]},{\"@type\":\"BreadcrumbList\",\"@id\":\"https:\/\/insight.yoga\/?page_id=1196#breadcrumb\",\"itemListElement\":[{\"@type\":\"ListItem\",\"position\":1,\"name\":\"Home\",\"item\":\"https:\/\/insight.yoga\/\"},{\"@type\":\"ListItem\",\"position\":2,\"name\":\"Vision &#038; Mission\"}]},{\"@type\":\"WebSite\",\"@id\":\"https:\/\/insight.yoga\/#website\",\"url\":\"https:\/\/insight.yoga\/\",\"name\":\"Insight.yoga\",\"description\":\"Meditate your body\",\"publisher\":{\"@id\":\"https:\/\/insight.yoga\/#organization\"},\"potentialAction\":[{\"@type\":\"SearchAction\",\"target\":{\"@type\":\"EntryPoint\",\"urlTemplate\":\"https:\/\/insight.yoga\/?s={search_term_string}\"},\"query-input\":{\"@type\":\"PropertyValueSpecification\",\"valueRequired\":true,\"valueName\":\"search_term_string\"}}],\"inLanguage\":\"de\"},{\"@type\":\"Organization\",\"@id\":\"https:\/\/insight.yoga\/#organization\",\"name\":\"Insight.yoga\",\"url\":\"https:\/\/insight.yoga\/\",\"logo\":{\"@type\":\"ImageObject\",\"inLanguage\":\"de\",\"@id\":\"https:\/\/insight.yoga\/#\/schema\/logo\/image\/\",\"url\":\"https:\/\/insight.yoga\/wp-content\/uploads\/2021\/04\/imageedit_46_8246596455.png\",\"contentUrl\":\"https:\/\/insight.yoga\/wp-content\/uploads\/2021\/04\/imageedit_46_8246596455.png\",\"width\":591,\"height\":422,\"caption\":\"Insight.yoga\"},\"image\":{\"@id\":\"https:\/\/insight.yoga\/#\/schema\/logo\/image\/\"}}]}<\/script>\n<!-- \/ Yoast SEO plugin. -->","yoast_head_json":{"title":"Vision & Mission - Insight.yoga","robots":{"index":"index","follow":"follow","max-snippet":"max-snippet:-1","max-image-preview":"max-image-preview:large","max-video-preview":"max-video-preview:-1"},"canonical":"https:\/\/insight.yoga\/de\/?page_id=1196","og_locale":"de_DE","og_type":"article","og_title":"Vision & Mission - Insight.yoga","og_url":"https:\/\/insight.yoga\/de\/?page_id=1196","og_site_name":"Insight.yoga","article_modified_time":"2025-05-20T05:24:32+00:00","twitter_card":"summary_large_image","twitter_misc":{"Gesch\u00e4tzte Lesezeit":"2\u00a0Minuten"},"schema":{"@context":"https:\/\/schema.org","@graph":[{"@type":"WebPage","@id":"https:\/\/insight.yoga\/?page_id=1196","url":"https:\/\/insight.yoga\/?page_id=1196","name":"Vision & Mission - Insight.yoga","isPartOf":{"@id":"https:\/\/insight.yoga\/#website"},"datePublished":"2021-04-12T06:23:05+00:00","dateModified":"2025-05-20T05:24:32+00:00","breadcrumb":{"@id":"https:\/\/insight.yoga\/?page_id=1196#breadcrumb"},"inLanguage":"de","potentialAction":[{"@type":"ReadAction","target":["https:\/\/insight.yoga\/?page_id=1196"]}]},{"@type":"BreadcrumbList","@id":"https:\/\/insight.yoga\/?page_id=1196#breadcrumb","itemListElement":[{"@type":"ListItem","position":1,"name":"Home","item":"https:\/\/insight.yoga\/"},{"@type":"ListItem","position":2,"name":"Vision &#038; Mission"}]},{"@type":"WebSite","@id":"https:\/\/insight.yoga\/#website","url":"https:\/\/insight.yoga\/","name":"Insight.yoga","description":"Meditate your body","publisher":{"@id":"https:\/\/insight.yoga\/#organization"},"potentialAction":[{"@type":"SearchAction","target":{"@type":"EntryPoint","urlTemplate":"https:\/\/insight.yoga\/?s={search_term_string}"},"query-input":{"@type":"PropertyValueSpecification","valueRequired":true,"valueName":"search_term_string"}}],"inLanguage":"de"},{"@type":"Organization","@id":"https:\/\/insight.yoga\/#organization","name":"Insight.yoga","url":"https:\/\/insight.yoga\/","logo":{"@type":"ImageObject","inLanguage":"de","@id":"https:\/\/insight.yoga\/#\/schema\/logo\/image\/","url":"https:\/\/insight.yoga\/wp-content\/uploads\/2021\/04\/imageedit_46_8246596455.png","contentUrl":"https:\/\/insight.yoga\/wp-content\/uploads\/2021\/04\/imageedit_46_8246596455.png","width":591,"height":422,"caption":"Insight.yoga"},"image":{"@id":"https:\/\/insight.yoga\/#\/schema\/logo\/image\/"}}]}},"_links":{"self":[{"href":"https:\/\/insight.yoga\/de\/wp-json\/wp\/v2\/pages\/1196","targetHints":{"allow":["GET"]}}],"collection":[{"href":"https:\/\/insight.yoga\/de\/wp-json\/wp\/v2\/pages"}],"about":[{"href":"https:\/\/insight.yoga\/de\/wp-json\/wp\/v2\/types\/page"}],"author":[{"embeddable":true,"href":"https:\/\/insight.yoga\/de\/wp-json\/wp\/v2\/users\/1"}],"replies":[{"embeddable":true,"href":"https:\/\/insight.yoga\/de\/wp-json\/wp\/v2\/comments?post=1196"}],"version-history":[{"count":28,"href":"https:\/\/insight.yoga\/de\/wp-json\/wp\/v2\/pages\/1196\/revisions"}],"predecessor-version":[{"id":2175,"href":"https:\/\/insight.yoga\/de\/wp-json\/wp\/v2\/pages\/1196\/revisions\/2175"}],"wp:attachment":[{"href":"https:\/\/insight.yoga\/de\/wp-json\/wp\/v2\/media?parent=1196"}],"curies":[{"name":"wp","href":"https:\/\/api.w.org\/{rel}","templated":true}]}}